{"id":170,"date":"2022-08-30T13:54:35","date_gmt":"2022-08-30T12:54:35","guid":{"rendered":"http:\/\/blowflyofficial.com\/swapfinder-vs-easysex\/"},"modified":"2022-08-30T13:54:35","modified_gmt":"2022-08-30T12:54:35","slug":"swapfinder-vs-easysex","status":"publish","type":"page","link":"https:\/\/blowflyofficial.com\/fi\/swapfinder-vs-easysex\/","title":{"rendered":"SwapFinder Vs. EasySex"},"content":{"rendered":"<p>Online-treffit ovat yksi niist\u00e4 asioista, jotka n\u00e4ytt\u00e4v\u00e4t melko suoraviivaisilta: Rekister\u00f6idyt, t\u00e4yt\u00e4t joitain kysymyksi\u00e4 itsest\u00e4si ja odotat, ett\u00e4 ottelut tulevat rullaamaan sis\u00e4\u00e4n. Mutta mukana on itse asiassa paljon muutakin.<\/p>\n<p>Yksinkertaisin tapa l\u00f6yt\u00e4\u00e4 joku yhteensopiva on vain kirjautua sovellukseen tai sivustoon ja selata profiileja. Jos etsit jotain vakavaa, se voi kest\u00e4\u00e4 jonkin aikaa. Ja vaikka onnistuisit l\u00f6yt\u00e4m\u00e4\u00e4n jonkun, et silti tied\u00e4, haluaako h\u00e4n seurustella kanssasi, ellet l\u00e4het\u00e4 h\u00e4nelle viesti\u00e4.<\/p>\n<p>Sivustoille, kuten eHarmony, Match, PlentyOfFish, Zoosk, OkCupid ja Tinder, voit teknisesti k\u00e4ytt\u00e4\u00e4 niiden ilmaisia versioita katsomaan ymp\u00e4rillesi ja katsomaan, mit\u00e4 on saatavilla. Mutta on my\u00f6s paljon maksullisia vaihtoehtoja &#8211; sellaisia, joiden avulla voit l\u00e4hett\u00e4\u00e4 viestej\u00e4 mahdollisille p\u00e4iv\u00e4m\u00e4\u00e4rille ja n\u00e4hd\u00e4, kuka pit\u00e4\u00e4 sinusta.<\/p>\n<h2>Vaihda etsin<\/h2>\n<p>Jos etsit paikkaa <a href=\"http:\/\/blowflyofficial.com\/fi\/etsi-paikallinen-rento-yhteys\/\">tavata ihmisi\u00e4 verkossa<\/a>, SwapFinder.com voi olla juuri sit\u00e4, mit\u00e4 olet etsinyt. T\u00e4m\u00e4 ei nimitt\u00e4in ole aivan treffisivusto. Sen sijaan se on ilmainen sosiaalisen verkostoitumisen sivusto, jossa samanmieliset ihmiset kokoontuvat vaihtamaan kumppaneita hauskanpitoon. Ja vaikka siell\u00e4 on paljon sivustoja, jotka palvelevat erityisesti heiluvia pariskuntia, t\u00e4m\u00e4 seisoo p\u00e4\u00e4 ja hartiat muiden yl\u00e4puolella.<\/p>\n<p>Syyn\u00e4 t\u00e4h\u00e4n on se, ett\u00e4 SwapFinder.com omistaa sama yritys kuin Adult Friend Finder, yksi maailman suosituimmista aikuisten treffisivustoista. Joten jos haluat l\u00f6yt\u00e4\u00e4 jonkun, jonka kanssa voit olla yhteydess\u00e4 t\u00e4n\u00e4 iltana, sinulla on todenn\u00e4k\u00f6isesti paljon suurempi menestys l\u00f6yt\u00e4\u00e4 joku t\u00e4\u00e4lt\u00e4 kuin miss\u00e4\u00e4n muualla.<\/p>\n<h2>Helppo seksi<\/h2>\n<p>En tied\u00e4 sinusta, mutta pid\u00e4n seksist\u00e4. No, rakastan seksi\u00e4. Itse asiassa luulen, ett\u00e4 se on melkein hauskin osa el\u00e4m\u00e4\u00e4. Ja vaikka siell\u00e4 on paljon sivustoja, joista voit l\u00f6yt\u00e4\u00e4 yhteyksi\u00e4, halusin jotain erilaista. Jotain parempaa. Joten ilmoittauduin EasySex.com.<\/p>\n<p>EasySexin idea on yksinkertainen. Rekister\u00f6idyt ilmaiseksi, lataat profiilikuvan, t\u00e4yt\u00e4t muutaman kysymyksen ja puskelet \u2013 olet valmis aloittamaan ihmisten tapaamisen. Ei ole maksuja, ei temppuja eik\u00e4 paskaa. Vain oikeat ihmiset, jotka haluavat k\u00e4yd\u00e4 todellisia keskusteluja.<\/p>\n<p>Kaikki hyvin toistaiseksi. Mutta mik\u00e4 todella erottaa EasySexin, on se, kuinka helppoa on tavata ihmisi\u00e4. Toisin kuin muut sivustot, EasySex ei vaadi sinua maksamaan ylim\u00e4\u00e4r\u00e4ist\u00e4 n\u00e4hd\u00e4ksesi, kuka muu on verkossa. Sen sijaan voit selata profiileja t\u00e4ysin nimett\u00f6m\u00e4sti. Jos haluat keskustella jonkun kanssa, kirjoitat vain &#8221;Hei!&#8221; h\u00e4nen valokuvansa vieress\u00e4 olevaan tekstiruutuun, painat L\u00e4het\u00e4 ja voil\u00e0! Pikaviestit alkavat.<\/p>\n<p>Ja parasta on, ett\u00e4 kun p\u00e4\u00e4t\u00e4t menn\u00e4 treffeille, piilotettuja kustannuksia ei ole. Sinun tarvitsee vain ilmesty\u00e4 paikalle. Useimmat ihmiset n\u00e4ytt\u00e4v\u00e4t nauttivan siit\u00e4.<\/p>\n<h1>Vaihtoehto &#8211; Zoosk<\/h1>\n<p>Zoosk on ollut olemassa vuodesta 2004 ja vaatii yli 25 miljoonaa j\u00e4sent\u00e4 maailmanlaajuisesti. Se lanseerasi \u00e4skett\u00e4in uudistetun sovelluksen, jonka avulla k\u00e4ytt\u00e4j\u00e4t voivat tarkastella mahdollisia vastaavuuksia yht\u00e4l\u00e4isyyksien, kuten sijainnin, i\u00e4n, koulutustason, ty\u00f6tyypin jne., Perusteella.<\/p>\n<p>Sovellus vaatii edelleen k\u00e4ytt\u00e4ji\u00e4 t\u00e4ytt\u00e4m\u00e4\u00e4n kyselylomakkeen itsest\u00e4\u00e4n ennen kuin he n\u00e4kev\u00e4t muiden tiedot. T\u00e4m\u00e4 kyselylomake sis\u00e4lt\u00e4\u00e4 kahdeksan kysymyst\u00e4, jotka auttavat Zooskia m\u00e4\u00e4ritt\u00e4m\u00e4\u00e4n, millainen henkil\u00f6 olet. N\u00e4it\u00e4 kysymyksi\u00e4 ovat &#8221;Mit\u00e4 nautit tekemisest\u00e4?&#8221; ja &#8221;Viet\u00e4tk\u00f6 mieluummin aikaa yksin vai yst\u00e4vien kanssa?&#8221;.<\/p>\n<p>Voit ohittaa joitain kysymyksi\u00e4, mutta et voi ohittaa persoonallisuuskysymyst\u00e4. Sinun on vastattava jokaiseen kysymykseen kokonaisuudessaan, ennen kuin voit siirty\u00e4 seuraavaan vaiheeseen.<\/p>\n","protected":false},"excerpt":{"rendered":"<p>Online-treffit ovat yksi niist\u00e4 asioista, jotka n\u00e4ytt\u00e4v\u00e4t melko suoraviivaisilta: Rekister\u00f6idyt, t\u00e4yt\u00e4t joitain kysymyksi\u00e4 itsest\u00e4si ja odotat, ett\u00e4 ottelut tulevat rullaamaan sis\u00e4\u00e4n. Mutta mukana on itse asiassa paljon muutakin. Yksinkertaisin tapa l\u00f6yt\u00e4\u00e4 joku yhteensopiva on vain kirjautua sovellukseen tai sivustoon ja selata profiileja. Jos etsit jotain vakavaa, se voi kest\u00e4\u00e4 jonkin aikaa. Ja vaikka onnistuisit l\u00f6yt\u00e4m\u00e4\u00e4n &#8230; <a title=\"SwapFinder Vs. EasySex\" class=\"read-more\" href=\"https:\/\/blowflyofficial.com\/fi\/swapfinder-vs-easysex\/\" aria-label=\"Lis\u00e4\u00e4 SwapFinder Vs. EasySex\">Lue lis\u00e4\u00e4<\/a><\/p>\n","protected":false},"author":1,"featured_media":0,"parent":0,"menu_order":0,"comment_status":"closed","ping_status":"closed","template":"","meta":[],"yoast_head":"<!-- This site is optimized with the Yoast SEO plugin v17.7.1 - https:\/\/yoast.com\/wordpress\/plugins\/seo\/ -->\n<title>SwapFinder Vs. EasySex - Hookup-sijoitukset<\/title>\n<meta name=\"robots\" content=\"index, follow, max-snippet:-1, max-image-preview:large, max-video-preview:-1\" \/>\n<link rel=\"canonical\" href=\"https:\/\/blowflyofficial.com\/fi\/swapfinder-vs-easysex\/\" \/>\n<meta property=\"og:locale\" content=\"fi_FI\" \/>\n<meta property=\"og:type\" content=\"article\" \/>\n<meta property=\"og:title\" content=\"SwapFinder Vs. EasySex - Hookup-sijoitukset\" \/>\n<meta property=\"og:description\" content=\"Online-treffit ovat yksi niist\u00e4 asioista, jotka n\u00e4ytt\u00e4v\u00e4t melko suoraviivaisilta: Rekister\u00f6idyt, t\u00e4yt\u00e4t joitain kysymyksi\u00e4 itsest\u00e4si ja odotat, ett\u00e4 ottelut tulevat rullaamaan sis\u00e4\u00e4n. Mutta mukana on itse asiassa paljon muutakin. Yksinkertaisin tapa l\u00f6yt\u00e4\u00e4 joku yhteensopiva on vain kirjautua sovellukseen tai sivustoon ja selata profiileja. Jos etsit jotain vakavaa, se voi kest\u00e4\u00e4 jonkin aikaa. Ja vaikka onnistuisit l\u00f6yt\u00e4m\u00e4\u00e4n ... Lue lis\u00e4\u00e4\" \/>\n<meta property=\"og:url\" content=\"https:\/\/blowflyofficial.com\/fi\/swapfinder-vs-easysex\/\" \/>\n<meta property=\"og:site_name\" content=\"Hookup-sijoitukset\" \/>\n<meta name=\"twitter:card\" content=\"summary_large_image\" \/>\n<meta name=\"twitter:label1\" content=\"Arvioitu lukuaika\" \/>\n\t<meta name=\"twitter:data1\" content=\"3 minuuttia\" \/>\n<script type=\"application\/ld+json\" class=\"yoast-schema-graph\">{\"@context\":\"https:\/\/schema.org\",\"@graph\":[{\"@type\":\"WebSite\",\"@id\":\"http:\/\/blowflyofficial.com\/da\/#website\",\"url\":\"http:\/\/blowflyofficial.com\/da\/\",\"name\":\"Hookup-sijoitukset\",\"description\":\"Rento treffineuvonta\",\"potentialAction\":[{\"@type\":\"SearchAction\",\"target\":{\"@type\":\"EntryPoint\",\"urlTemplate\":\"http:\/\/blowflyofficial.com\/da\/?s={search_term_string}\"},\"query-input\":\"required name=search_term_string\"}],\"inLanguage\":\"fi\"},{\"@type\":\"WebPage\",\"@id\":\"https:\/\/blowflyofficial.com\/fi\/swapfinder-vs-easysex\/#webpage\",\"url\":\"https:\/\/blowflyofficial.com\/fi\/swapfinder-vs-easysex\/\",\"name\":\"SwapFinder Vs. EasySex - Hookup-sijoitukset\",\"isPartOf\":{\"@id\":\"http:\/\/blowflyofficial.com\/da\/#website\"},\"datePublished\":\"2022-08-30T12:54:35+00:00\",\"dateModified\":\"2022-08-30T12:54:35+00:00\",\"breadcrumb\":{\"@id\":\"https:\/\/blowflyofficial.com\/fi\/swapfinder-vs-easysex\/#breadcrumb\"},\"inLanguage\":\"fi\",\"potentialAction\":[{\"@type\":\"ReadAction\",\"target\":[\"https:\/\/blowflyofficial.com\/fi\/swapfinder-vs-easysex\/\"]}]},{\"@type\":\"BreadcrumbList\",\"@id\":\"https:\/\/blowflyofficial.com\/fi\/swapfinder-vs-easysex\/#breadcrumb\",\"itemListElement\":[{\"@type\":\"ListItem\",\"position\":1,\"name\":\"Home\",\"item\":\"https:\/\/blowflyofficial.com\/fi\/\"},{\"@type\":\"ListItem\",\"position\":2,\"name\":\"SwapFinder Vs. EasySex\"}]}]}<\/script>\n<!-- \/ Yoast SEO plugin. -->","yoast_head_json":{"title":"SwapFinder Vs. EasySex - Hookup-sijoitukset","robots":{"index":"index","follow":"follow","max-snippet":"max-snippet:-1","max-image-preview":"max-image-preview:large","max-video-preview":"max-video-preview:-1"},"canonical":"https:\/\/blowflyofficial.com\/fi\/swapfinder-vs-easysex\/","og_locale":"fi_FI","og_type":"article","og_title":"SwapFinder Vs. EasySex - Hookup-sijoitukset","og_description":"Online-treffit ovat yksi niist\u00e4 asioista, jotka n\u00e4ytt\u00e4v\u00e4t melko suoraviivaisilta: Rekister\u00f6idyt, t\u00e4yt\u00e4t joitain kysymyksi\u00e4 itsest\u00e4si ja odotat, ett\u00e4 ottelut tulevat rullaamaan sis\u00e4\u00e4n. Mutta mukana on itse asiassa paljon muutakin. Yksinkertaisin tapa l\u00f6yt\u00e4\u00e4 joku yhteensopiva on vain kirjautua sovellukseen tai sivustoon ja selata profiileja. Jos etsit jotain vakavaa, se voi kest\u00e4\u00e4 jonkin aikaa. Ja vaikka onnistuisit l\u00f6yt\u00e4m\u00e4\u00e4n ... Lue lis\u00e4\u00e4","og_url":"https:\/\/blowflyofficial.com\/fi\/swapfinder-vs-easysex\/","og_site_name":"Hookup-sijoitukset","twitter_card":"summary_large_image","twitter_misc":{"Arvioitu lukuaika":"3 minuuttia"},"schema":{"@context":"https:\/\/schema.org","@graph":[{"@type":"WebSite","@id":"http:\/\/blowflyofficial.com\/da\/#website","url":"http:\/\/blowflyofficial.com\/da\/","name":"Hookup-sijoitukset","description":"Rento treffineuvonta","potentialAction":[{"@type":"SearchAction","target":{"@type":"EntryPoint","urlTemplate":"http:\/\/blowflyofficial.com\/da\/?s={search_term_string}"},"query-input":"required name=search_term_string"}],"inLanguage":"fi"},{"@type":"WebPage","@id":"https:\/\/blowflyofficial.com\/fi\/swapfinder-vs-easysex\/#webpage","url":"https:\/\/blowflyofficial.com\/fi\/swapfinder-vs-easysex\/","name":"SwapFinder Vs. EasySex - Hookup-sijoitukset","isPartOf":{"@id":"http:\/\/blowflyofficial.com\/da\/#website"},"datePublished":"2022-08-30T12:54:35+00:00","dateModified":"2022-08-30T12:54:35+00:00","breadcrumb":{"@id":"https:\/\/blowflyofficial.com\/fi\/swapfinder-vs-easysex\/#breadcrumb"},"inLanguage":"fi","potentialAction":[{"@type":"ReadAction","target":["https:\/\/blowflyofficial.com\/fi\/swapfinder-vs-easysex\/"]}]},{"@type":"BreadcrumbList","@id":"https:\/\/blowflyofficial.com\/fi\/swapfinder-vs-easysex\/#breadcrumb","itemListElement":[{"@type":"ListItem","position":1,"name":"Home","item":"https:\/\/blowflyofficial.com\/fi\/"},{"@type":"ListItem","position":2,"name":"SwapFinder Vs. EasySex"}]}]}},"_links":{"self":[{"href":"https:\/\/blowflyofficial.com\/fi\/wp-json\/wp\/v2\/pages\/170"}],"collection":[{"href":"https:\/\/blowflyofficial.com\/fi\/wp-json\/wp\/v2\/pages"}],"about":[{"href":"https:\/\/blowflyofficial.com\/fi\/wp-json\/wp\/v2\/types\/page"}],"author":[{"embeddable":true,"href":"https:\/\/blowflyofficial.com\/fi\/wp-json\/wp\/v2\/users\/1"}],"replies":[{"embeddable":true,"href":"https:\/\/blowflyofficial.com\/fi\/wp-json\/wp\/v2\/comments?post=170"}],"version-history":[{"count":0,"href":"https:\/\/blowflyofficial.com\/fi\/wp-json\/wp\/v2\/pages\/170\/revisions"}],"wp:attachment":[{"href":"https:\/\/blowflyofficial.com\/fi\/wp-json\/wp\/v2\/media?parent=170"}],"curies":[{"name":"wp","href":"https:\/\/api.w.org\/{rel}","templated":true}]}}