{"id":161,"date":"2022-08-30T13:59:12","date_gmt":"2022-08-30T12:59:12","guid":{"rendered":"http:\/\/blowflyofficial.com\/parhaat-treffisovellukset-vakavan-loytamiseen\/"},"modified":"2022-08-30T13:59:12","modified_gmt":"2022-08-30T12:59:12","slug":"parhaat-treffisovellukset-vakavan-loytamiseen","status":"publish","type":"page","link":"https:\/\/blowflyofficial.com\/fi\/parhaat-treffisovellukset-vakavan-loytamiseen\/","title":{"rendered":"Parhaat treffisovellukset vakavan l\u00f6yt\u00e4miseen"},"content":{"rendered":"<p>Online-treffisivustot ovat hienoja, koska ne ovat ilmaisia, anonyymej\u00e4 ja k\u00e4tevi\u00e4. Niiden avulla voit tavata sinkkuja, joilla on samanlaiset kiinnostuksen kohteet, arvot ja el\u00e4m\u00e4ntavat. Mutta on my\u00f6s joitain haittapuolia. Online-treffisivustot eiv\u00e4t ole t\u00e4ydellisi\u00e4. Jotkut sivustot ovat t\u00e4ynn\u00e4 v\u00e4\u00e4rennettyj\u00e4 profiileja, roskapostiviestej\u00e4 ja huijareita. Toiset vaativat k\u00e4ytt\u00e4ji\u00e4 maksamaan j\u00e4senyyden p\u00e4ivitt\u00e4misest\u00e4 tai premium-palveluiden k\u00e4yt\u00f6st\u00e4.<\/p>\n<p>Online-treffisivustot ovat kuitenkin edelleen tutustumisen arvoisia. On olemassa monia erilaisia online-treffisivustoja, mukaan lukien matchmaking-sivustot, sosiaalisen verkostoitumisen sivustot ja erikoistuneet treffisivustot. Jokainen tyyppi tarjoaa omat ainutlaatuiset etunsa.<\/p>\n<h2>Match.com<\/h2>\n<p>Match.com on yksi suosituimmista online-treffisivustoista, eik\u00e4 ole ihme, miksi. Kun <a href=\"http:\/\/blowflyofficial.com\/fi\/swapfinder-vs-easysex\/\">miljoonat ihmiset etsiv\u00e4t rakkautta joka p\u00e4iv\u00e4<\/a>, on j\u00e4rkev\u00e4\u00e4, ett\u00e4 siell\u00e4 on paljon vaihtoehtoja niille, jotka haluavat l\u00f6yt\u00e4\u00e4 rakkauden. Mutta vaikka se on ollut olemassa jo yli 20 vuotta, Match.com ei ole aivan ilmainen. Rekister\u00f6itymiseen liittyy joitain maksullisia ominaisuuksia, kuten s\u00e4hk\u00f6postien l\u00e4hett\u00e4minen ja valokuvien selaaminen, mutta oikea raha tulee, kun p\u00e4\u00e4t\u00e4t aloittaa viestien l\u00e4hett\u00e4misen j\u00e4senille.<\/p>\n<p>Perusj\u00e4senyyssuunnitelma maksaa 29 dollaria kuukaudessa, kun taas Premium-paketti alkaa 49 dollarista kuukaudessa. Molemmat suunnitelmat sis\u00e4lt\u00e4v\u00e4t p\u00e4\u00e4syn koko sivustoon, mukaan lukien mahdollisuuden selata j\u00e4senprofiileja, l\u00e4hett\u00e4\u00e4 viestej\u00e4, katsella valokuvia ja paljon muuta. Jos kuitenkin haluat todella kommunikoida mahdollisten otteluiden kanssa, sinun on p\u00e4ivitett\u00e4v\u00e4 joko Gold-pakettiin (79 dollaria kuukaudessa) tai Platinum-pakettiin (199 dollaria kuukaudessa). N\u00e4m\u00e4 paketit tarjoavat lis\u00e4ominaisuuksia, kuten rajoittamattomat chat-rivit, videokeskustelut ja ryhm\u00e4keskustelut. Jos todella haluat tehd\u00e4 kaikkesi, voit k\u00e4ytt\u00e4\u00e4 vain 99 dollaria kuukaudessa Diamond-pakettiin, joka sis\u00e4lt\u00e4\u00e4 kaiken Platinum-pakettiin sis\u00e4ltyv\u00e4n sek\u00e4 mahdollisuuden n\u00e4hd\u00e4, kuka katseli profiiliasi.<\/p>\n<h2>OKCupid<\/h2>\n<p>Online-treffimaailma muuttuu nopeasti. Ja OkCupid haluaa auttaa pysym\u00e4\u00e4n ajan tasalla. Torstaina suosittu treffisivusto ilmoitti lanseeranneensa koko tuotevalikoimansa uudelleen yhden OKCupid-nimisen sateenvarjon alla.<\/p>\n<p>Nyt sivusto tarjoaa kolme erilaista tilausvaihtoehtoa: Basic (19 dollaria kuukaudessa), Plus (39 dollaria kuukaudessa) ja Premium (59 dollaria kuukaudessa). 19 dollarilla kuukaudessa voit k\u00e4ytt\u00e4\u00e4 sivuston perusominaisuuksia, kuten j\u00e4senten valokuvien selaamista, viestien l\u00e4hett\u00e4mist\u00e4 ja vastausten lukemista. Lis\u00e4ksi saat ilmoituksia, kun joku vastaa sinulle, l\u00e4hett\u00e4\u00e4 sinulle viestin tai lis\u00e4\u00e4 sinut verkostoonsa. Jos p\u00e4\u00e4t\u00e4t p\u00e4ivitt\u00e4\u00e4 Plus-suunnitelmaan, saat k\u00e4ytt\u00f6\u00f6si lis\u00e4ominaisuuksia, kuten mahdollisuuden l\u00e4hett\u00e4\u00e4 useita viestej\u00e4 kerralla, tarkastella koko j\u00e4senen profiileja ja lukea viestej\u00e4 ilman, ett\u00e4 sinun tarvitsee vieritt\u00e4\u00e4 alasp\u00e4in. Lopuksi Premium-paketin avulla voit vastata suoraan sinulle l\u00e4hetettyihin viesteihin sek\u00e4 kirjoittaa mukautettuja muistiinpanoja otteluihisi.<\/p>\n<h2>Meid\u00e4n Aikamme<\/h2>\n<p>Idea OurTimen takana on yksinkertainen. Haluamme auttaa ihmisi\u00e4 l\u00f6yt\u00e4m\u00e4\u00e4n rakkauden, yst\u00e4vyyden, toveruuden ja ehk\u00e4 jopa avioliiton. Ja haluamme tehd\u00e4 sen ilman, ett\u00e4 meid\u00e4n tarvitsee tuhlata tuntikausia tylsien verkkolomakkeiden t\u00e4ytt\u00e4miseen. Joten rakensimme sivuston, jossa kuka tahansa yli 50-vuotias voi l\u00e4hett\u00e4\u00e4 profiilin, ladata valokuvia, lis\u00e4t\u00e4 videoita, kirjoittaa itsest\u00e4\u00e4n, vastata kysymyksiin ja olla yhteydess\u00e4 muihin.<\/p>\n<p>Tied\u00e4mme, ett\u00e4 jonkun erityisen l\u00f6yt\u00e4minen vaatii ty\u00f6t\u00e4, olipa kyse sitten yst\u00e4vist\u00e4, perheest\u00e4 tai online-treffisivustoista. Mutta mielest\u00e4mme jokainen ansaitsee mahdollisuuden tavata jonkun suuren \u2013 riippumatta siit\u00e4, kuinka kiireinen el\u00e4m\u00e4 on. Ja tied\u00e4mme, ett\u00e4 joskus vanheneminen ei tarkoita sit\u00e4, ett\u00e4 menet\u00e4t kykysi l\u00f6yt\u00e4\u00e4 todellinen onnellisuus. Itse asiassa jotkut tutkimukset osoittavat, ett\u00e4 40- ja 50-vuotiaat ihmiset ovat itse asiassa onnellisempia kuin 20- ja 30-vuotiaat.<\/p>\n<p>Mutta vaikka miljoonat amerikkalaiset nauttivat jo &#8221;hopeasukupolveen&#8221; kuulumisen eduista, tarpeeksi monet ihmiset eiv\u00e4t ymm\u00e4rr\u00e4, kuinka paljon paremmassa asemassa he voisivat olla. Pew Research Centerin mukaan l\u00e4hes puolet amerikkalaisista aikuisista ei ole koskaan ollut naimisissa, ja naimisissa olevista alle puolet pariskunnista sanoo keskustelleensa koskaan siit\u00e4, mit\u00e4 kuoleman j\u00e4lkeen tapahtuu.<\/p>\n<p>Joten miksi useammat ihmiset eiv\u00e4t k\u00e4yt\u00e4 OurTimea kest\u00e4vien suhteiden l\u00f6yt\u00e4miseen? No, k\u00e4y ilmi, ett\u00e4 monet ihmiset eiv\u00e4t ole kiinnostuneita tapaamaan jotakuta muuta, koska he olettavat p\u00e4\u00e4tyv\u00e4ns\u00e4 yksin. He ovat huolissaan siit\u00e4, ett\u00e4 he eiv\u00e4t pysty houkuttelemaan kumppania tai ett\u00e4 he p\u00e4\u00e4tyv\u00e4t asettumaan jonkun kanssa, joka on v\u00e4hemm\u00e4n houkutteleva kuin he ovat.<\/p>\n<h1>Neuvomme sinulle<\/h1>\n<p>Matchmaking-sivustot on suunniteltu auttamaan sinua l\u00f6yt\u00e4m\u00e4\u00e4n yhteensopivia kumppaneita yhteisten kiinnostuksen kohteiden ja persoonallisuuden piirteiden perusteella. Sosiaalisen verkostoitumisen sivustot ovat ihanteellisia yst\u00e4vien tapaamiseen ja yhteyksien luomiseen. Erikoistuneet treffisivustot palvelevat tiettyj\u00e4 ryhmi\u00e4, kuten niit\u00e4, jotka ovat kiinnostuneita l\u00f6yt\u00e4m\u00e4\u00e4n rakkautta eronneiden vanhempien, homomiesten tai yksinhuoltaja\u00e4itien joukosta.<\/p>\n<p>Jokaisella sivustotyypill\u00e4 on hyvi\u00e4 ja huonoja puolia. Matchmaking-sivustot ovat yleens\u00e4 kalliita, mutta ne tarjoavat paremman yksityisyyden kuin useimmat muut vaihtoehdot. Sosiaalisen verkostoitumisen sivustot ovat ilmaisia, mutta niist\u00e4 puuttuu matchmaking-sivustojen henkil\u00f6kohtainen kosketus. Ja erikoistuneet treffisivustot ovat yleens\u00e4 halvempia kuin matchmaking-sivustot, mutta ne eiv\u00e4t v\u00e4ltt\u00e4m\u00e4tt\u00e4 sis\u00e4ll\u00e4 muilta sivustoilta l\u00f6ytyvi\u00e4 ominaisuuksia.<\/p>\n<p>Riippumatta siit\u00e4, mik\u00e4 vaihtoehto toimii sinulle parhaiten, muista, ett\u00e4 online-treffisivustot eiv\u00e4t ole t\u00e4ydellisi\u00e4. Joten hy\u00f6dynn\u00e4 niit\u00e4, mutta pid\u00e4 mieli avoimena, kun etsit rakkautta.<\/p>\n","protected":false},"excerpt":{"rendered":"<p>Online-treffisivustot ovat hienoja, koska ne ovat ilmaisia, anonyymej\u00e4 ja k\u00e4tevi\u00e4. Niiden avulla voit tavata sinkkuja, joilla on samanlaiset kiinnostuksen kohteet, arvot ja el\u00e4m\u00e4ntavat. Mutta on my\u00f6s joitain haittapuolia. Online-treffisivustot eiv\u00e4t ole t\u00e4ydellisi\u00e4. Jotkut sivustot ovat t\u00e4ynn\u00e4 v\u00e4\u00e4rennettyj\u00e4 profiileja, roskapostiviestej\u00e4 ja huijareita. Toiset vaativat k\u00e4ytt\u00e4ji\u00e4 maksamaan j\u00e4senyyden p\u00e4ivitt\u00e4misest\u00e4 tai premium-palveluiden k\u00e4yt\u00f6st\u00e4. Online-treffisivustot ovat kuitenkin edelleen tutustumisen &#8230; <a title=\"Parhaat treffisovellukset vakavan l\u00f6yt\u00e4miseen\" class=\"read-more\" href=\"https:\/\/blowflyofficial.com\/fi\/parhaat-treffisovellukset-vakavan-loytamiseen\/\" aria-label=\"Lis\u00e4\u00e4 Parhaat treffisovellukset vakavan l\u00f6yt\u00e4miseen\">Lue lis\u00e4\u00e4<\/a><\/p>\n","protected":false},"author":1,"featured_media":0,"parent":0,"menu_order":0,"comment_status":"closed","ping_status":"closed","template":"","meta":[],"yoast_head":"<!-- This site is optimized with the Yoast SEO plugin v17.7.1 - https:\/\/yoast.com\/wordpress\/plugins\/seo\/ -->\n<title>Parhaat treffisovellukset vakavan l\u00f6yt\u00e4miseen - Hookup-sijoitukset<\/title>\n<meta name=\"robots\" content=\"index, follow, max-snippet:-1, max-image-preview:large, max-video-preview:-1\" \/>\n<link rel=\"canonical\" href=\"https:\/\/blowflyofficial.com\/fi\/parhaat-treffisovellukset-vakavan-loytamiseen\/\" \/>\n<meta property=\"og:locale\" content=\"fi_FI\" \/>\n<meta property=\"og:type\" content=\"article\" \/>\n<meta property=\"og:title\" content=\"Parhaat treffisovellukset vakavan l\u00f6yt\u00e4miseen - Hookup-sijoitukset\" \/>\n<meta property=\"og:description\" content=\"Online-treffisivustot ovat hienoja, koska ne ovat ilmaisia, anonyymej\u00e4 ja k\u00e4tevi\u00e4. Niiden avulla voit tavata sinkkuja, joilla on samanlaiset kiinnostuksen kohteet, arvot ja el\u00e4m\u00e4ntavat. Mutta on my\u00f6s joitain haittapuolia. Online-treffisivustot eiv\u00e4t ole t\u00e4ydellisi\u00e4. Jotkut sivustot ovat t\u00e4ynn\u00e4 v\u00e4\u00e4rennettyj\u00e4 profiileja, roskapostiviestej\u00e4 ja huijareita. Toiset vaativat k\u00e4ytt\u00e4ji\u00e4 maksamaan j\u00e4senyyden p\u00e4ivitt\u00e4misest\u00e4 tai premium-palveluiden k\u00e4yt\u00f6st\u00e4. Online-treffisivustot ovat kuitenkin edelleen tutustumisen ... Lue lis\u00e4\u00e4\" \/>\n<meta property=\"og:url\" content=\"https:\/\/blowflyofficial.com\/fi\/parhaat-treffisovellukset-vakavan-loytamiseen\/\" \/>\n<meta property=\"og:site_name\" content=\"Hookup-sijoitukset\" \/>\n<meta name=\"twitter:card\" content=\"summary_large_image\" \/>\n<meta name=\"twitter:label1\" content=\"Arvioitu lukuaika\" \/>\n\t<meta name=\"twitter:data1\" content=\"4 minuuttia\" \/>\n<script type=\"application\/ld+json\" class=\"yoast-schema-graph\">{\"@context\":\"https:\/\/schema.org\",\"@graph\":[{\"@type\":\"WebSite\",\"@id\":\"http:\/\/blowflyofficial.com\/da\/#website\",\"url\":\"http:\/\/blowflyofficial.com\/da\/\",\"name\":\"Hookup-sijoitukset\",\"description\":\"Rento treffineuvonta\",\"potentialAction\":[{\"@type\":\"SearchAction\",\"target\":{\"@type\":\"EntryPoint\",\"urlTemplate\":\"http:\/\/blowflyofficial.com\/da\/?s={search_term_string}\"},\"query-input\":\"required name=search_term_string\"}],\"inLanguage\":\"fi\"},{\"@type\":\"WebPage\",\"@id\":\"https:\/\/blowflyofficial.com\/fi\/parhaat-treffisovellukset-vakavan-loytamiseen\/#webpage\",\"url\":\"https:\/\/blowflyofficial.com\/fi\/parhaat-treffisovellukset-vakavan-loytamiseen\/\",\"name\":\"Parhaat treffisovellukset vakavan l\\u00f6yt\\u00e4miseen - Hookup-sijoitukset\",\"isPartOf\":{\"@id\":\"http:\/\/blowflyofficial.com\/da\/#website\"},\"datePublished\":\"2022-08-30T12:59:12+00:00\",\"dateModified\":\"2022-08-30T12:59:12+00:00\",\"breadcrumb\":{\"@id\":\"https:\/\/blowflyofficial.com\/fi\/parhaat-treffisovellukset-vakavan-loytamiseen\/#breadcrumb\"},\"inLanguage\":\"fi\",\"potentialAction\":[{\"@type\":\"ReadAction\",\"target\":[\"https:\/\/blowflyofficial.com\/fi\/parhaat-treffisovellukset-vakavan-loytamiseen\/\"]}]},{\"@type\":\"BreadcrumbList\",\"@id\":\"https:\/\/blowflyofficial.com\/fi\/parhaat-treffisovellukset-vakavan-loytamiseen\/#breadcrumb\",\"itemListElement\":[{\"@type\":\"ListItem\",\"position\":1,\"name\":\"Home\",\"item\":\"https:\/\/blowflyofficial.com\/fi\/\"},{\"@type\":\"ListItem\",\"position\":2,\"name\":\"Parhaat treffisovellukset vakavan l\\u00f6yt\\u00e4miseen\"}]}]}<\/script>\n<!-- \/ Yoast SEO plugin. -->","yoast_head_json":{"title":"Parhaat treffisovellukset vakavan l\u00f6yt\u00e4miseen - Hookup-sijoitukset","robots":{"index":"index","follow":"follow","max-snippet":"max-snippet:-1","max-image-preview":"max-image-preview:large","max-video-preview":"max-video-preview:-1"},"canonical":"https:\/\/blowflyofficial.com\/fi\/parhaat-treffisovellukset-vakavan-loytamiseen\/","og_locale":"fi_FI","og_type":"article","og_title":"Parhaat treffisovellukset vakavan l\u00f6yt\u00e4miseen - Hookup-sijoitukset","og_description":"Online-treffisivustot ovat hienoja, koska ne ovat ilmaisia, anonyymej\u00e4 ja k\u00e4tevi\u00e4. Niiden avulla voit tavata sinkkuja, joilla on samanlaiset kiinnostuksen kohteet, arvot ja el\u00e4m\u00e4ntavat. Mutta on my\u00f6s joitain haittapuolia. Online-treffisivustot eiv\u00e4t ole t\u00e4ydellisi\u00e4. Jotkut sivustot ovat t\u00e4ynn\u00e4 v\u00e4\u00e4rennettyj\u00e4 profiileja, roskapostiviestej\u00e4 ja huijareita. Toiset vaativat k\u00e4ytt\u00e4ji\u00e4 maksamaan j\u00e4senyyden p\u00e4ivitt\u00e4misest\u00e4 tai premium-palveluiden k\u00e4yt\u00f6st\u00e4. Online-treffisivustot ovat kuitenkin edelleen tutustumisen ... Lue lis\u00e4\u00e4","og_url":"https:\/\/blowflyofficial.com\/fi\/parhaat-treffisovellukset-vakavan-loytamiseen\/","og_site_name":"Hookup-sijoitukset","twitter_card":"summary_large_image","twitter_misc":{"Arvioitu lukuaika":"4 minuuttia"},"schema":{"@context":"https:\/\/schema.org","@graph":[{"@type":"WebSite","@id":"http:\/\/blowflyofficial.com\/da\/#website","url":"http:\/\/blowflyofficial.com\/da\/","name":"Hookup-sijoitukset","description":"Rento treffineuvonta","potentialAction":[{"@type":"SearchAction","target":{"@type":"EntryPoint","urlTemplate":"http:\/\/blowflyofficial.com\/da\/?s={search_term_string}"},"query-input":"required name=search_term_string"}],"inLanguage":"fi"},{"@type":"WebPage","@id":"https:\/\/blowflyofficial.com\/fi\/parhaat-treffisovellukset-vakavan-loytamiseen\/#webpage","url":"https:\/\/blowflyofficial.com\/fi\/parhaat-treffisovellukset-vakavan-loytamiseen\/","name":"Parhaat treffisovellukset vakavan l\u00f6yt\u00e4miseen - Hookup-sijoitukset","isPartOf":{"@id":"http:\/\/blowflyofficial.com\/da\/#website"},"datePublished":"2022-08-30T12:59:12+00:00","dateModified":"2022-08-30T12:59:12+00:00","breadcrumb":{"@id":"https:\/\/blowflyofficial.com\/fi\/parhaat-treffisovellukset-vakavan-loytamiseen\/#breadcrumb"},"inLanguage":"fi","potentialAction":[{"@type":"ReadAction","target":["https:\/\/blowflyofficial.com\/fi\/parhaat-treffisovellukset-vakavan-loytamiseen\/"]}]},{"@type":"BreadcrumbList","@id":"https:\/\/blowflyofficial.com\/fi\/parhaat-treffisovellukset-vakavan-loytamiseen\/#breadcrumb","itemListElement":[{"@type":"ListItem","position":1,"name":"Home","item":"https:\/\/blowflyofficial.com\/fi\/"},{"@type":"ListItem","position":2,"name":"Parhaat treffisovellukset vakavan l\u00f6yt\u00e4miseen"}]}]}},"_links":{"self":[{"href":"https:\/\/blowflyofficial.com\/fi\/wp-json\/wp\/v2\/pages\/161"}],"collection":[{"href":"https:\/\/blowflyofficial.com\/fi\/wp-json\/wp\/v2\/pages"}],"about":[{"href":"https:\/\/blowflyofficial.com\/fi\/wp-json\/wp\/v2\/types\/page"}],"author":[{"embeddable":true,"href":"https:\/\/blowflyofficial.com\/fi\/wp-json\/wp\/v2\/users\/1"}],"replies":[{"embeddable":true,"href":"https:\/\/blowflyofficial.com\/fi\/wp-json\/wp\/v2\/comments?post=161"}],"version-history":[{"count":0,"href":"https:\/\/blowflyofficial.com\/fi\/wp-json\/wp\/v2\/pages\/161\/revisions"}],"wp:attachment":[{"href":"https:\/\/blowflyofficial.com\/fi\/wp-json\/wp\/v2\/media?parent=161"}],"curies":[{"name":"wp","href":"https:\/\/api.w.org\/{rel}","templated":true}]}}