{"id":134,"date":"2022-08-30T14:15:19","date_gmt":"2022-08-30T13:15:19","guid":{"rendered":"http:\/\/blowflyofficial.com\/casual-swinger-treffisivustot\/"},"modified":"2022-08-30T14:15:19","modified_gmt":"2022-08-30T13:15:19","slug":"casual-swinger-treffisivustot","status":"publish","type":"page","link":"https:\/\/blowflyofficial.com\/fi\/casual-swinger-treffisivustot\/","title":{"rendered":"Casual Swinger -treffisivustot"},"content":{"rendered":"<p>Paras tapa tavata ihmisi\u00e4, jotka ovat kiinnostuneita swingingist\u00e4, on liitty\u00e4 swinger-treffisivustoon. Siell\u00e4 on monia vaihtoehtoja, mukaan lukien jotkut maksetut, mutta huomasimme, ett\u00e4 suurin osa parhaista sivustoista on ilmaisia. N\u00e4m\u00e4 sivustot palvelevat erityisesti niit\u00e4, jotka etsiv\u00e4t pariskuntia, kolmikkoa ja nelikkoa. Heill\u00e4 on my\u00f6s taipumus olla hyvin huomaamattomia siit\u00e4, mit\u00e4 he tekev\u00e4t, jolloin j\u00e4senet voivat kommunikoida pelk\u00e4\u00e4m\u00e4tt\u00e4 j\u00e4\u00e4v\u00e4ns\u00e4 kiinni.<\/p>\n<p>Testasimme eri sivustoja sen perusteella, kuinka hyvin ne <a href=\"http:\/\/blowflyofficial.com\/fi\/loyda-milf-alueeltasi\/\">vastasivat<\/a> kriteereit\u00e4mme paikallisten swingereiden l\u00f6yt\u00e4miseksi. Tarkastelimme esimerkiksi katettujen kaupunkien m\u00e4\u00e4r\u00e4\u00e4, saatavilla olevan tiedon m\u00e4\u00e4r\u00e4\u00e4 ja sit\u00e4, oliko profiileja mahdollista lajitella sijainnin mukaan. Otimme my\u00f6s huomioon, oliko sivustolla mobiilisovellus sek\u00e4 oliko siin\u00e4 helppo navigoida ja ymm\u00e4rt\u00e4\u00e4.<\/p>\n<p>Keinumisen maailma ei ole helppo. On olemassa s\u00e4\u00e4nt\u00f6j\u00e4, m\u00e4\u00e4r\u00e4yksi\u00e4 ja odotuksia, joita on noudatettava. Mutta \u00e4l\u00e4 huoli &#8211; sinun ei tarvitse menn\u00e4 yksin. Olemme koonneet luettelon parhaista swinger-sivustoista, mukaan lukien arvostelut ja arviot. Lis\u00e4ksi n\u00e4yt\u00e4mme sinulle, kuinka voit k\u00e4ytt\u00e4\u00e4 sivustoa l\u00f6yt\u00e4\u00e4ksesi l\u00e4hell\u00e4si olevia paikallisia swingereit\u00e4.<\/p>\n<p>Halusimme l\u00f6yt\u00e4\u00e4 parhaat swinger-treffisivustot, koska siell\u00e4 on niin paljon vaihtoehtoja. Tavoitteenamme oli, ett\u00e4 kaikkien, jotka haluavat liitty\u00e4 swinger-sivustoon, oli helppo valita sellainen yll\u00e4 olevien kriteerien perusteella. Joten menimme suoraan l\u00e4hteeseen ja kysyimme oikeilta ihmisilt\u00e4: &#8221;Mit\u00e4 swinger-sivustoa k\u00e4yt\u00e4t useimmiten? Miksi? Mik\u00e4 toimii sinulle parhaiten?&#8221;<\/p>\n<h2>Mist\u00e4 aloittaa?<\/h2>\n<p>Kysely tehtiin puolentoista kuukauden aikana. L\u00e4hetimme s\u00e4hk\u00f6postia tuhansille aktiivisille swingereille ja pyysimme heit\u00e4 osallistumaan tutkimukseemme. Saatuaan satoja vastauksia kavensimme listan 10 parhaan sivuston joukkoon ja valitsimme voittajat ker\u00e4ttyjen tietojen perusteella.<\/p>\n<h3>Aff<\/h3>\n<p>Adult Friend Finder on edelleen suurin swinger-sivusto. Sivustolla on yli 10 miljoonaa rekister\u00f6itynytt\u00e4 j\u00e4sent\u00e4, ja on helppo ymm\u00e4rt\u00e4\u00e4 miksi. Koska j\u00e4seni\u00e4 on niin paljon, on paljon mahdollisuuksia olla yhteydess\u00e4 muihin, jotka etsiv\u00e4t svengaavia kokemuksia.<\/p>\n<p>Parasta AFFCommunity.com on, ett\u00e4 se on eritt\u00e4in aktiivinen. On monia tapoja olla vuorovaikutuksessa muiden j\u00e4senten kanssa. Voit liitty\u00e4 ryhmiin tiettyjen kiinnostuksen kohteiden, kuten BDSM: n, polyamorian ja jopa fetissien, perusteella. N\u00e4iden ryhmien avulla voit puhua siit\u00e4, mit\u00e4 haluat tehd\u00e4 ja kuinka paljon haluat tehd\u00e4 sen. Foorumien avulla voit my\u00f6s esitt\u00e4\u00e4 kysymyksi\u00e4 ja saada neuvoja muilta j\u00e4senilt\u00e4.<\/p>\n<h3>Swap<\/h3>\n<p>Swaps on toinen loistava vaihtoehto kumppanin l\u00f6yt\u00e4miseen. T\u00e4m\u00e4n sivuston avulla voit selata niiden ihmisten profiileja, jotka haluavat vaihtaa. Voit suodattaa hakujasi i\u00e4n, sukupuolen, sijainnin ja seksuaalisen suuntautumisen mukaan. Kun olet l\u00f6yt\u00e4nyt henkil\u00f6n, jonka kanssa haluat tavata, voit l\u00e4hett\u00e4\u00e4 viestej\u00e4 suoraan profiilista. Jos et kuule takaisin 24 tunnin kuluessa, voit l\u00e4hett\u00e4\u00e4 viestisi uudelleen.<\/p>\n<h3>Kasidie<\/h3>\n<p>Kasidie.com on yksi suosituimmista vaihtoehdoista niille, jotka haluavat tutkia keinumista. Ne tarjoavat paljon erilaisia aktiviteetteja, kuten juhlia, ryhm\u00e4seksi\u00e4 ja roolipelej\u00e4. T\u00e4m\u00e4 sivusto tarjoaa my\u00f6s live-verkkokameraistuntoja, joissa voit katsella ihmisten tekev\u00e4n tekoja yhdess\u00e4.<\/p>\n<h3>Alt<\/h3>\n<p>Jos etsit ylim\u00e4\u00e4r\u00e4ist\u00e4 j\u00e4nnityst\u00e4, tutustu Alt.com. T\u00e4ll\u00e4 sivustolla on seksikk\u00e4it\u00e4 valokuvia malleista, jotka ovat valmiita suorittamaan tiettyj\u00e4 tekoja. Tyt\u00f6t riisuutuvat t\u00e4ysin alastomiksi ja esittelev\u00e4t vartaloaan. Joissakin kuvissa on itsetyydytyst\u00e4, kun taas toisissa on nimenomaista hardcore-seksi\u00e4.<\/p>\n<p>Swinger-sivustoon liittymisest\u00e4 on paljon etuja. Ensinn\u00e4kin se antaa sinulle p\u00e4\u00e4syn valtavaan joukkoon potentiaalisia kumppaneita. Toiseksi se antaa sinulle mahdollisuuden kokeilla jotain, jota et muuten ehk\u00e4 koskaan kokisi. Kolmanneksi se tarjoaa turvallisen ymp\u00e4rist\u00f6n fantasioiden tutkimiseen. Lopuksi se auttaa sinua v\u00e4ltt\u00e4m\u00e4\u00e4n j\u00e4\u00e4m\u00e4st\u00e4 kiinni likaisesta puhumisesta verkossa.<\/p>\n","protected":false},"excerpt":{"rendered":"<p>Paras tapa tavata ihmisi\u00e4, jotka ovat kiinnostuneita swingingist\u00e4, on liitty\u00e4 swinger-treffisivustoon. Siell\u00e4 on monia vaihtoehtoja, mukaan lukien jotkut maksetut, mutta huomasimme, ett\u00e4 suurin osa parhaista sivustoista on ilmaisia. N\u00e4m\u00e4 sivustot palvelevat erityisesti niit\u00e4, jotka etsiv\u00e4t pariskuntia, kolmikkoa ja nelikkoa. Heill\u00e4 on my\u00f6s taipumus olla hyvin huomaamattomia siit\u00e4, mit\u00e4 he tekev\u00e4t, jolloin j\u00e4senet voivat kommunikoida pelk\u00e4\u00e4m\u00e4tt\u00e4 &#8230; <a title=\"Casual Swinger -treffisivustot\" class=\"read-more\" href=\"https:\/\/blowflyofficial.com\/fi\/casual-swinger-treffisivustot\/\" aria-label=\"Lis\u00e4\u00e4 Casual Swinger -treffisivustot\">Lue lis\u00e4\u00e4<\/a><\/p>\n","protected":false},"author":1,"featured_media":0,"parent":0,"menu_order":0,"comment_status":"closed","ping_status":"closed","template":"","meta":[],"yoast_head":"<!-- This site is optimized with the Yoast SEO plugin v17.7.1 - https:\/\/yoast.com\/wordpress\/plugins\/seo\/ -->\n<title>Casual Swinger -treffisivustot - Hookup-sijoitukset<\/title>\n<meta name=\"robots\" content=\"index, follow, max-snippet:-1, max-image-preview:large, max-video-preview:-1\" \/>\n<link rel=\"canonical\" href=\"https:\/\/blowflyofficial.com\/fi\/casual-swinger-treffisivustot\/\" \/>\n<meta property=\"og:locale\" content=\"fi_FI\" \/>\n<meta property=\"og:type\" content=\"article\" \/>\n<meta property=\"og:title\" content=\"Casual Swinger -treffisivustot - Hookup-sijoitukset\" \/>\n<meta property=\"og:description\" content=\"Paras tapa tavata ihmisi\u00e4, jotka ovat kiinnostuneita swingingist\u00e4, on liitty\u00e4 swinger-treffisivustoon. Siell\u00e4 on monia vaihtoehtoja, mukaan lukien jotkut maksetut, mutta huomasimme, ett\u00e4 suurin osa parhaista sivustoista on ilmaisia. N\u00e4m\u00e4 sivustot palvelevat erityisesti niit\u00e4, jotka etsiv\u00e4t pariskuntia, kolmikkoa ja nelikkoa. Heill\u00e4 on my\u00f6s taipumus olla hyvin huomaamattomia siit\u00e4, mit\u00e4 he tekev\u00e4t, jolloin j\u00e4senet voivat kommunikoida pelk\u00e4\u00e4m\u00e4tt\u00e4 ... Lue lis\u00e4\u00e4\" \/>\n<meta property=\"og:url\" content=\"https:\/\/blowflyofficial.com\/fi\/casual-swinger-treffisivustot\/\" \/>\n<meta property=\"og:site_name\" content=\"Hookup-sijoitukset\" \/>\n<meta name=\"twitter:card\" content=\"summary_large_image\" \/>\n<meta name=\"twitter:label1\" content=\"Arvioitu lukuaika\" \/>\n\t<meta name=\"twitter:data1\" content=\"3 minuuttia\" \/>\n<script type=\"application\/ld+json\" class=\"yoast-schema-graph\">{\"@context\":\"https:\/\/schema.org\",\"@graph\":[{\"@type\":\"WebSite\",\"@id\":\"http:\/\/blowflyofficial.com\/da\/#website\",\"url\":\"http:\/\/blowflyofficial.com\/da\/\",\"name\":\"Hookup-sijoitukset\",\"description\":\"Rento treffineuvonta\",\"potentialAction\":[{\"@type\":\"SearchAction\",\"target\":{\"@type\":\"EntryPoint\",\"urlTemplate\":\"http:\/\/blowflyofficial.com\/da\/?s={search_term_string}\"},\"query-input\":\"required name=search_term_string\"}],\"inLanguage\":\"fi\"},{\"@type\":\"WebPage\",\"@id\":\"https:\/\/blowflyofficial.com\/fi\/casual-swinger-treffisivustot\/#webpage\",\"url\":\"https:\/\/blowflyofficial.com\/fi\/casual-swinger-treffisivustot\/\",\"name\":\"Casual Swinger -treffisivustot - Hookup-sijoitukset\",\"isPartOf\":{\"@id\":\"http:\/\/blowflyofficial.com\/da\/#website\"},\"datePublished\":\"2022-08-30T13:15:19+00:00\",\"dateModified\":\"2022-08-30T13:15:19+00:00\",\"breadcrumb\":{\"@id\":\"https:\/\/blowflyofficial.com\/fi\/casual-swinger-treffisivustot\/#breadcrumb\"},\"inLanguage\":\"fi\",\"potentialAction\":[{\"@type\":\"ReadAction\",\"target\":[\"https:\/\/blowflyofficial.com\/fi\/casual-swinger-treffisivustot\/\"]}]},{\"@type\":\"BreadcrumbList\",\"@id\":\"https:\/\/blowflyofficial.com\/fi\/casual-swinger-treffisivustot\/#breadcrumb\",\"itemListElement\":[{\"@type\":\"ListItem\",\"position\":1,\"name\":\"Home\",\"item\":\"https:\/\/blowflyofficial.com\/fi\/\"},{\"@type\":\"ListItem\",\"position\":2,\"name\":\"Casual Swinger -treffisivustot\"}]}]}<\/script>\n<!-- \/ Yoast SEO plugin. -->","yoast_head_json":{"title":"Casual Swinger -treffisivustot - Hookup-sijoitukset","robots":{"index":"index","follow":"follow","max-snippet":"max-snippet:-1","max-image-preview":"max-image-preview:large","max-video-preview":"max-video-preview:-1"},"canonical":"https:\/\/blowflyofficial.com\/fi\/casual-swinger-treffisivustot\/","og_locale":"fi_FI","og_type":"article","og_title":"Casual Swinger -treffisivustot - Hookup-sijoitukset","og_description":"Paras tapa tavata ihmisi\u00e4, jotka ovat kiinnostuneita swingingist\u00e4, on liitty\u00e4 swinger-treffisivustoon. Siell\u00e4 on monia vaihtoehtoja, mukaan lukien jotkut maksetut, mutta huomasimme, ett\u00e4 suurin osa parhaista sivustoista on ilmaisia. N\u00e4m\u00e4 sivustot palvelevat erityisesti niit\u00e4, jotka etsiv\u00e4t pariskuntia, kolmikkoa ja nelikkoa. Heill\u00e4 on my\u00f6s taipumus olla hyvin huomaamattomia siit\u00e4, mit\u00e4 he tekev\u00e4t, jolloin j\u00e4senet voivat kommunikoida pelk\u00e4\u00e4m\u00e4tt\u00e4 ... Lue lis\u00e4\u00e4","og_url":"https:\/\/blowflyofficial.com\/fi\/casual-swinger-treffisivustot\/","og_site_name":"Hookup-sijoitukset","twitter_card":"summary_large_image","twitter_misc":{"Arvioitu lukuaika":"3 minuuttia"},"schema":{"@context":"https:\/\/schema.org","@graph":[{"@type":"WebSite","@id":"http:\/\/blowflyofficial.com\/da\/#website","url":"http:\/\/blowflyofficial.com\/da\/","name":"Hookup-sijoitukset","description":"Rento treffineuvonta","potentialAction":[{"@type":"SearchAction","target":{"@type":"EntryPoint","urlTemplate":"http:\/\/blowflyofficial.com\/da\/?s={search_term_string}"},"query-input":"required name=search_term_string"}],"inLanguage":"fi"},{"@type":"WebPage","@id":"https:\/\/blowflyofficial.com\/fi\/casual-swinger-treffisivustot\/#webpage","url":"https:\/\/blowflyofficial.com\/fi\/casual-swinger-treffisivustot\/","name":"Casual Swinger -treffisivustot - Hookup-sijoitukset","isPartOf":{"@id":"http:\/\/blowflyofficial.com\/da\/#website"},"datePublished":"2022-08-30T13:15:19+00:00","dateModified":"2022-08-30T13:15:19+00:00","breadcrumb":{"@id":"https:\/\/blowflyofficial.com\/fi\/casual-swinger-treffisivustot\/#breadcrumb"},"inLanguage":"fi","potentialAction":[{"@type":"ReadAction","target":["https:\/\/blowflyofficial.com\/fi\/casual-swinger-treffisivustot\/"]}]},{"@type":"BreadcrumbList","@id":"https:\/\/blowflyofficial.com\/fi\/casual-swinger-treffisivustot\/#breadcrumb","itemListElement":[{"@type":"ListItem","position":1,"name":"Home","item":"https:\/\/blowflyofficial.com\/fi\/"},{"@type":"ListItem","position":2,"name":"Casual Swinger -treffisivustot"}]}]}},"_links":{"self":[{"href":"https:\/\/blowflyofficial.com\/fi\/wp-json\/wp\/v2\/pages\/134"}],"collection":[{"href":"https:\/\/blowflyofficial.com\/fi\/wp-json\/wp\/v2\/pages"}],"about":[{"href":"https:\/\/blowflyofficial.com\/fi\/wp-json\/wp\/v2\/types\/page"}],"author":[{"embeddable":true,"href":"https:\/\/blowflyofficial.com\/fi\/wp-json\/wp\/v2\/users\/1"}],"replies":[{"embeddable":true,"href":"https:\/\/blowflyofficial.com\/fi\/wp-json\/wp\/v2\/comments?post=134"}],"version-history":[{"count":0,"href":"https:\/\/blowflyofficial.com\/fi\/wp-json\/wp\/v2\/pages\/134\/revisions"}],"wp:attachment":[{"href":"https:\/\/blowflyofficial.com\/fi\/wp-json\/wp\/v2\/media?parent=134"}],"curies":[{"name":"wp","href":"https:\/\/api.w.org\/{rel}","templated":true}]}}