{"id":127,"date":"2022-08-30T14:17:26","date_gmt":"2022-08-30T13:17:26","guid":{"rendered":"http:\/\/blowflyofficial.com\/yhden-yopisteen-etsija\/"},"modified":"2022-08-30T14:17:26","modified_gmt":"2022-08-30T13:17:26","slug":"yhden-yopisteen-etsija","status":"publish","type":"page","link":"https:\/\/blowflyofficial.com\/fi\/yhden-yopisteen-etsija\/","title":{"rendered":"Yhden y\u00f6pisteen etsij\u00e4"},"content":{"rendered":"<p>Jos haluat vet\u00e4\u00e4 yhden y\u00f6n juttua naisten kanssa, se vaatii jonkin verran valmistelua ja strategiaa. Et vain k\u00e4vele naisen luo ja kysy h\u00e4nelt\u00e4, mit\u00e4 h\u00e4n haluaa. Jos teet niin, p\u00e4\u00e4dyt todenn\u00e4k\u00f6isesti hyl\u00e4tyksi. On tiettyj\u00e4 asioita, jotka sinun on tiedett\u00e4v\u00e4 naisista, ennen kuin l\u00e4hestyt heit\u00e4. T\u00e4ss\u00e4 on vaiheet, jotka sinun on suoritettava vet\u00e4\u00e4ksesi yhden y\u00f6n juttuja naisten kanssa.<\/p>\n<h2>Vinkkimme rennon l\u00f6yt\u00e4miseen<\/h2>\n<p>Monet ihmiset ajattelevat, ett\u00e4 rento seksi on vain makaamista huolehtimatta mist\u00e4\u00e4n muusta. Mutta on paljon asioita, jotka on otettava huomioon itse fyysisen teon lis\u00e4ksi. Mukana on riskej\u00e4, jotka voivat vaikuttaa molempiin osapuoliin. Ja vaikka kumpikaan ei tunne, ett\u00e4 h\u00e4nt\u00e4 painostetaan tekem\u00e4\u00e4n jotain, mit\u00e4 he eiv\u00e4t halua, on silti tapoja varmistaa, ett\u00e4 kaikki ovat mukavia.<\/p>\n<h3>Tunne itsesi ensin<\/h3>\n<p>T\u00e4rkein asia, joka sinun on teht\u00e4v\u00e4 ennen yhden y\u00f6p\u00f6yd\u00e4n vet\u00e4mist\u00e4 naisen kanssa, on ymm\u00e4rt\u00e4\u00e4 itse\u00e4si. Mik\u00e4 saa sinut tikitt\u00e4m\u00e4\u00e4n? Miksi reagoit niin kuin reagoit? Miten aivosi toimivat? N\u00e4m\u00e4 kysymykset auttavat sinua selvitt\u00e4m\u00e4\u00e4n, miksi toimit niin kuin toimit. Kun olet vastannut n\u00e4ihin kysymyksiin, olet valmis siirtym\u00e4\u00e4n eteenp\u00e4in.<\/p>\n<h3>Ole rehellinen aikomuksistasi<\/h3>\n<p>Seuraavaksi sinun on varmistettava, ett\u00e4 kerrot totuuden aikomuksistasi. \u00c4l\u00e4 valehtele itsellesi tai muille. Kerro totuus siit\u00e4, milt\u00e4 sinusta tuntuu ja mit\u00e4 haluat. Jos sanot jotain &#8221;Etsin jotakuta erityist\u00e4&#8221;, saatat l\u00f6yt\u00e4\u00e4 itsesi yksin seuraavana aamuna. Jos olet rehellinen, sinun ei tarvitse huolehtia hylk\u00e4\u00e4misest\u00e4.<\/p>\n<h3>Esit\u00e4 kysymyksi\u00e4<\/h3>\n<p>Kun tapaat ihmisi\u00e4, puhut yleens\u00e4 heid\u00e4n kanssaan. Kun tapaat naisia, alat yleens\u00e4 puhua heid\u00e4n kanssaan. Mutta ei ole mit\u00e4\u00e4n syyt\u00e4 menn\u00e4 suoraan keskusteluun. K\u00e4yt\u00e4 sen sijaan small talkia oppiaksesi henkil\u00f6st\u00e4. Esit\u00e4 avoimia kysymyksi\u00e4. Esimerkiksi &#8221;Mit\u00e4 sin\u00e4 teet?&#8221; &#8221;Miss\u00e4 kasvoit?&#8221; &#8221;Asutko t\u00e4\u00e4ll\u00e4?&#8221;<\/p>\n<h3>Tunne pelisi<\/h3>\n<p>Ensimm\u00e4inen askel tyt\u00f6n poimimiseen on itsesi tunteminen. Sinun on ymm\u00e4rrett\u00e4v\u00e4, mik\u00e4 tekee sinusta houkuttelevan naisille. Haluatko puhua ihmisten kanssa? Oletko ulosp\u00e4insuuntautunut? Oletko hauska? N\u00e4ill\u00e4 asioilla on merkityst\u00e4. Jos olet ujo, \u00e4l\u00e4 huoli; l\u00f6yd\u00e4t jonkun toisen. Mutta jos olet vain hankala, sinulla voi olla vaikeuksia p\u00e4\u00e4st\u00e4 makaamaan.<\/p>\n<p>\u00c4l\u00e4 aliarvioi huumoria. Naiset rakastavat kavereita, jotka murtavat vitsej\u00e4. Heid\u00e4n mielest\u00e4\u00e4n se osoittaa itseluottamusta. Ja vaikka sinun ei pit\u00e4isi pilkata ihmisi\u00e4, sinun on p\u00e4\u00e4stett\u00e4v\u00e4 irti silloin t\u00e4ll\u00f6in. Kun teet niin, se auttaa l\u00f6ys\u00e4\u00e4m\u00e4\u00e4n h\u00e4nt\u00e4.<\/p>\n<h2>Kytkenn\u00e4n tulevaisuus?<\/h2>\n<p>Tinderi\u00e4 kritisoidaan usein siit\u00e4, ett\u00e4 se on ylistetty seksisovellus, mutta se tekee itse asiassa jotain aivan muuta. Itse asiassa se auttaa ihmisi\u00e4 navigoimaan treffimaailmassa aivan uudella tavalla.<\/p>\n<p>Ennen vanhaan jonkun tapaaminen tarkoitti sit\u00e4, ett\u00e4 piti istua juomien ja illallisen \u00e4\u00e4reen, kuunnella tylsi\u00e4 tarinoita itsest\u00e4si ja toivoa, ett\u00e4 osuit siihen. Sitten tuli online-treffit, joissa voimme ohittaa kaiken t\u00e4m\u00e4n ja tavata mahdollisia kumppaneita virtuaalisissa chat-huoneissa. Mutta mit\u00e4 tapahtuu, kun haluat tavata viett\u00e4m\u00e4tt\u00e4 tuntikausia puhumalla tietokoneella? No, menet baariin tai klubiin ja toivot t\u00f6rm\u00e4\u00e4v\u00e4si johonkin viile\u00e4\u00e4n. Tai soitat yst\u00e4v\u00e4llesi ja pyyd\u00e4t h\u00e4nt\u00e4 asettamaan sinut. Kumpikin vaihtoehto vaatii kuitenkin jonkin verran vaivaa, ja sen tapahtuminen voi kest\u00e4\u00e4 viikkoja.<\/p>\n","protected":false},"excerpt":{"rendered":"<p>Jos haluat vet\u00e4\u00e4 yhden y\u00f6n juttua naisten kanssa, se vaatii jonkin verran valmistelua ja strategiaa. Et vain k\u00e4vele naisen luo ja kysy h\u00e4nelt\u00e4, mit\u00e4 h\u00e4n haluaa. Jos teet niin, p\u00e4\u00e4dyt todenn\u00e4k\u00f6isesti hyl\u00e4tyksi. On tiettyj\u00e4 asioita, jotka sinun on tiedett\u00e4v\u00e4 naisista, ennen kuin l\u00e4hestyt heit\u00e4. T\u00e4ss\u00e4 on vaiheet, jotka sinun on suoritettava vet\u00e4\u00e4ksesi yhden y\u00f6n juttuja &#8230; <a title=\"Yhden y\u00f6pisteen etsij\u00e4\" class=\"read-more\" href=\"https:\/\/blowflyofficial.com\/fi\/yhden-yopisteen-etsija\/\" aria-label=\"Lis\u00e4\u00e4 Yhden y\u00f6pisteen etsij\u00e4\">Lue lis\u00e4\u00e4<\/a><\/p>\n","protected":false},"author":1,"featured_media":0,"parent":0,"menu_order":0,"comment_status":"closed","ping_status":"closed","template":"","meta":[],"yoast_head":"<!-- This site is optimized with the Yoast SEO plugin v17.7.1 - https:\/\/yoast.com\/wordpress\/plugins\/seo\/ -->\n<title>Yhden y\u00f6pisteen etsij\u00e4 - Hookup-sijoitukset<\/title>\n<meta name=\"robots\" content=\"index, follow, max-snippet:-1, max-image-preview:large, max-video-preview:-1\" \/>\n<link rel=\"canonical\" href=\"https:\/\/blowflyofficial.com\/fi\/yhden-yopisteen-etsija\/\" \/>\n<meta property=\"og:locale\" content=\"fi_FI\" \/>\n<meta property=\"og:type\" content=\"article\" \/>\n<meta property=\"og:title\" content=\"Yhden y\u00f6pisteen etsij\u00e4 - Hookup-sijoitukset\" \/>\n<meta property=\"og:description\" content=\"Jos haluat vet\u00e4\u00e4 yhden y\u00f6n juttua naisten kanssa, se vaatii jonkin verran valmistelua ja strategiaa. Et vain k\u00e4vele naisen luo ja kysy h\u00e4nelt\u00e4, mit\u00e4 h\u00e4n haluaa. Jos teet niin, p\u00e4\u00e4dyt todenn\u00e4k\u00f6isesti hyl\u00e4tyksi. On tiettyj\u00e4 asioita, jotka sinun on tiedett\u00e4v\u00e4 naisista, ennen kuin l\u00e4hestyt heit\u00e4. T\u00e4ss\u00e4 on vaiheet, jotka sinun on suoritettava vet\u00e4\u00e4ksesi yhden y\u00f6n juttuja ... Lue lis\u00e4\u00e4\" \/>\n<meta property=\"og:url\" content=\"https:\/\/blowflyofficial.com\/fi\/yhden-yopisteen-etsija\/\" \/>\n<meta property=\"og:site_name\" content=\"Hookup-sijoitukset\" \/>\n<meta name=\"twitter:card\" content=\"summary_large_image\" \/>\n<meta name=\"twitter:label1\" content=\"Arvioitu lukuaika\" \/>\n\t<meta name=\"twitter:data1\" content=\"3 minuuttia\" \/>\n<script type=\"application\/ld+json\" class=\"yoast-schema-graph\">{\"@context\":\"https:\/\/schema.org\",\"@graph\":[{\"@type\":\"WebSite\",\"@id\":\"http:\/\/blowflyofficial.com\/da\/#website\",\"url\":\"http:\/\/blowflyofficial.com\/da\/\",\"name\":\"Hookup-sijoitukset\",\"description\":\"Rento treffineuvonta\",\"potentialAction\":[{\"@type\":\"SearchAction\",\"target\":{\"@type\":\"EntryPoint\",\"urlTemplate\":\"http:\/\/blowflyofficial.com\/da\/?s={search_term_string}\"},\"query-input\":\"required name=search_term_string\"}],\"inLanguage\":\"fi\"},{\"@type\":\"WebPage\",\"@id\":\"https:\/\/blowflyofficial.com\/fi\/yhden-yopisteen-etsija\/#webpage\",\"url\":\"https:\/\/blowflyofficial.com\/fi\/yhden-yopisteen-etsija\/\",\"name\":\"Yhden y\\u00f6pisteen etsij\\u00e4 - Hookup-sijoitukset\",\"isPartOf\":{\"@id\":\"http:\/\/blowflyofficial.com\/da\/#website\"},\"datePublished\":\"2022-08-30T13:17:26+00:00\",\"dateModified\":\"2022-08-30T13:17:26+00:00\",\"breadcrumb\":{\"@id\":\"https:\/\/blowflyofficial.com\/fi\/yhden-yopisteen-etsija\/#breadcrumb\"},\"inLanguage\":\"fi\",\"potentialAction\":[{\"@type\":\"ReadAction\",\"target\":[\"https:\/\/blowflyofficial.com\/fi\/yhden-yopisteen-etsija\/\"]}]},{\"@type\":\"BreadcrumbList\",\"@id\":\"https:\/\/blowflyofficial.com\/fi\/yhden-yopisteen-etsija\/#breadcrumb\",\"itemListElement\":[{\"@type\":\"ListItem\",\"position\":1,\"name\":\"Home\",\"item\":\"https:\/\/blowflyofficial.com\/fi\/\"},{\"@type\":\"ListItem\",\"position\":2,\"name\":\"Yhden y\\u00f6pisteen etsij\\u00e4\"}]}]}<\/script>\n<!-- \/ Yoast SEO plugin. -->","yoast_head_json":{"title":"Yhden y\u00f6pisteen etsij\u00e4 - Hookup-sijoitukset","robots":{"index":"index","follow":"follow","max-snippet":"max-snippet:-1","max-image-preview":"max-image-preview:large","max-video-preview":"max-video-preview:-1"},"canonical":"https:\/\/blowflyofficial.com\/fi\/yhden-yopisteen-etsija\/","og_locale":"fi_FI","og_type":"article","og_title":"Yhden y\u00f6pisteen etsij\u00e4 - Hookup-sijoitukset","og_description":"Jos haluat vet\u00e4\u00e4 yhden y\u00f6n juttua naisten kanssa, se vaatii jonkin verran valmistelua ja strategiaa. Et vain k\u00e4vele naisen luo ja kysy h\u00e4nelt\u00e4, mit\u00e4 h\u00e4n haluaa. Jos teet niin, p\u00e4\u00e4dyt todenn\u00e4k\u00f6isesti hyl\u00e4tyksi. On tiettyj\u00e4 asioita, jotka sinun on tiedett\u00e4v\u00e4 naisista, ennen kuin l\u00e4hestyt heit\u00e4. T\u00e4ss\u00e4 on vaiheet, jotka sinun on suoritettava vet\u00e4\u00e4ksesi yhden y\u00f6n juttuja ... Lue lis\u00e4\u00e4","og_url":"https:\/\/blowflyofficial.com\/fi\/yhden-yopisteen-etsija\/","og_site_name":"Hookup-sijoitukset","twitter_card":"summary_large_image","twitter_misc":{"Arvioitu lukuaika":"3 minuuttia"},"schema":{"@context":"https:\/\/schema.org","@graph":[{"@type":"WebSite","@id":"http:\/\/blowflyofficial.com\/da\/#website","url":"http:\/\/blowflyofficial.com\/da\/","name":"Hookup-sijoitukset","description":"Rento treffineuvonta","potentialAction":[{"@type":"SearchAction","target":{"@type":"EntryPoint","urlTemplate":"http:\/\/blowflyofficial.com\/da\/?s={search_term_string}"},"query-input":"required name=search_term_string"}],"inLanguage":"fi"},{"@type":"WebPage","@id":"https:\/\/blowflyofficial.com\/fi\/yhden-yopisteen-etsija\/#webpage","url":"https:\/\/blowflyofficial.com\/fi\/yhden-yopisteen-etsija\/","name":"Yhden y\u00f6pisteen etsij\u00e4 - Hookup-sijoitukset","isPartOf":{"@id":"http:\/\/blowflyofficial.com\/da\/#website"},"datePublished":"2022-08-30T13:17:26+00:00","dateModified":"2022-08-30T13:17:26+00:00","breadcrumb":{"@id":"https:\/\/blowflyofficial.com\/fi\/yhden-yopisteen-etsija\/#breadcrumb"},"inLanguage":"fi","potentialAction":[{"@type":"ReadAction","target":["https:\/\/blowflyofficial.com\/fi\/yhden-yopisteen-etsija\/"]}]},{"@type":"BreadcrumbList","@id":"https:\/\/blowflyofficial.com\/fi\/yhden-yopisteen-etsija\/#breadcrumb","itemListElement":[{"@type":"ListItem","position":1,"name":"Home","item":"https:\/\/blowflyofficial.com\/fi\/"},{"@type":"ListItem","position":2,"name":"Yhden y\u00f6pisteen etsij\u00e4"}]}]}},"_links":{"self":[{"href":"https:\/\/blowflyofficial.com\/fi\/wp-json\/wp\/v2\/pages\/127"}],"collection":[{"href":"https:\/\/blowflyofficial.com\/fi\/wp-json\/wp\/v2\/pages"}],"about":[{"href":"https:\/\/blowflyofficial.com\/fi\/wp-json\/wp\/v2\/types\/page"}],"author":[{"embeddable":true,"href":"https:\/\/blowflyofficial.com\/fi\/wp-json\/wp\/v2\/users\/1"}],"replies":[{"embeddable":true,"href":"https:\/\/blowflyofficial.com\/fi\/wp-json\/wp\/v2\/comments?post=127"}],"version-history":[{"count":0,"href":"https:\/\/blowflyofficial.com\/fi\/wp-json\/wp\/v2\/pages\/127\/revisions"}],"wp:attachment":[{"href":"https:\/\/blowflyofficial.com\/fi\/wp-json\/wp\/v2\/media?parent=127"}],"curies":[{"name":"wp","href":"https:\/\/api.w.org\/{rel}","templated":true}]}}