{"id":115,"date":"2022-08-30T14:12:58","date_gmt":"2022-08-30T13:12:58","guid":{"rendered":"http:\/\/blowflyofficial.com\/loyda-milf-alueeltasi\/"},"modified":"2022-08-30T14:12:58","modified_gmt":"2022-08-30T13:12:58","slug":"loyda-milf-alueeltasi","status":"publish","type":"page","link":"https:\/\/blowflyofficial.com\/fi\/loyda-milf-alueeltasi\/","title":{"rendered":"L\u00f6yd\u00e4 MILF alueeltasi"},"content":{"rendered":"<p>MILF: t ovat kuumia. He ovat kiimaisia, kokeneita ja tiet\u00e4v\u00e4t mit\u00e4 haluavat. Sinun ei tarvitse huolehtia loukkaantumisesta, koska pystyt tyydytt\u00e4m\u00e4\u00e4n h\u00e4nen tarpeensa. Jos haluat liitty\u00e4 milfiin, l\u00e4hell\u00e4 on paljon sivustoja, joista l\u00f6yd\u00e4t sellaisen. T\u00e4m\u00e4n sivuston avulla on helppo tavata paikallisia milfej\u00e4 ja nauttia seksuaalisesta hauskanpidosta. Etsitp\u00e4 sitten rentoa kohtaamista tai jotain vakavampaa, sinulla on p\u00e4\u00e4sy tuhansiin todellisiin ihmisiin, jotka ovat aivan kuten sin\u00e4.<\/p>\n<h2>Luettelo paikallisista MILF-tiedostoista verkossa<\/h2>\n<p>Tied\u00e4t kuinka se menee &#8230; n\u00e4et yhden kuuman tyt\u00f6n verkossa, ajattelet viestej\u00e4 h\u00e4nelle, ja sitten p\u00e4\u00e4dyt viett\u00e4m\u00e4\u00e4n tuntikausia selaamalla profiileja etsim\u00e4ll\u00e4 jotain h\u00e4nen kaltaistaan. Sitten p\u00e4\u00e4t\u00e4t vihdoin kokeilla sit\u00e4 ja l\u00e4hett\u00e4\u00e4 h\u00e4nelle viestin toivoen, ett\u00e4 ehk\u00e4 h\u00e4nen profiilissaan on jotain erityist\u00e4, joka saa h\u00e4net erottumaan kaikesta muusta. Mutta totuus on, ett\u00e4 suurimman osan ajasta et edes tied\u00e4, miksi sinut hyl\u00e4t\u00e4\u00e4n yh\u00e4 uudelleen ja uudelleen. Ja vaikka en sano, ett\u00e4 jokainen sivustomme henkil\u00f6 tulee olemaan t\u00e4ydellinen sinulle, sanon, ett\u00e4 aiomme varmistaa, ett\u00e4 l\u00f6yd\u00e4t juuri etsim\u00e4si milf-tyypin. Autamme sinua l\u00f6yt\u00e4m\u00e4\u00e4n vanhemman naisen, joka ymm\u00e4rt\u00e4\u00e4, mit\u00e4 haluat ja tarvitsee ja tiet\u00e4\u00e4, mit\u00e4 tehd\u00e4 tyydytt\u00e4\u00e4ksesi sinut. Joten lopeta noiden seksikk\u00e4iden nuorten tytt\u00f6jen etsiminen ja ala l\u00f6yt\u00e4\u00e4 todellinen juttu t\u00e4n\u00e4\u00e4n!<\/p>\n<h2>Kuinka l\u00f6yt\u00e4\u00e4 seksi\u00e4 l\u00e4hell\u00e4si olevien kiimaisten \u00e4itien kanssa<\/h2>\n<p>MILF: t ovat kuumimpia naisia. He osaavat kohdella miest\u00e4 ja he rakastavat seksi\u00e4. Siit\u00e4 ei ole ep\u00e4ilyst\u00e4k\u00e4\u00e4n, he ovat yksi parhaista treffityypeist\u00e4 siell\u00e4. Mutta useimmat kaverit eiv\u00e4t ole varmoja mist\u00e4 aloittaa, kun yrit\u00e4t seurustella MILF: n kanssa. Joten olemme koonneet joitain vinkkej\u00e4, joiden avulla voit l\u00f6yt\u00e4\u00e4 menestyst\u00e4 milf-treffailussa. Internet on t\u00e4ynn\u00e4 MILF:n kytkent\u00e4sivustoja, joissa vanhemmat naiset tapaavat nuorempia miehi\u00e4. N\u00e4m\u00e4 sivustot tarjoavat ilmaisen j\u00e4senyyden kaikille, jotka ovat valmiita maksamaan rahaa. Sinun tarvitsee vain rekister\u00f6ity\u00e4 ja aloittaa profiilien selaaminen. Tuhannet j\u00e4senet odottavat l\u00f6yt\u00e4v\u00e4ns\u00e4 kaltaisesi henkil\u00f6n. Sinun ei tarvitse edes l\u00e4hett\u00e4\u00e4 viestej\u00e4 toisillesi. Selaa vain profiileja ja valitse yksi, joka n\u00e4ytt\u00e4\u00e4 mielenkiintoiselta. Sen j\u00e4lkeen yhteystietojen vaihtaminen on helppoa. Kun olet l\u00f6yt\u00e4nyt jonkun, jonka kanssa haluat puhua, voit pyyt\u00e4\u00e4 h\u00e4nt\u00e4 kahville tai illalliselle. Jos h\u00e4n hyv\u00e4ksyy, tied\u00e4t mit\u00e4 tehd\u00e4 seuraavaksi.<\/p>\n<h3>Zoosk<\/h3>\n<p>Zoosk on loistava paikka tavata milfs, jotka etsiv\u00e4t hauskaa. T\u00e4m\u00e4n sivuston avulla voit ladata valokuvia ja videoita itsest\u00e4si, ja voit jopa k\u00e4ytt\u00e4\u00e4 sovellusta keskustellaksesi mahdollisten otteluiden kanssa. Voit selata profiileja esimerkiksi sijainnin, ik\u00e4ryhm\u00e4n, sukupuolen, kiinnostuksen kohteiden perusteella. Kun olet l\u00f6yt\u00e4nyt jonkun, josta pid\u00e4t, voit l\u00e4hett\u00e4\u00e4 viestej\u00e4, esitt\u00e4\u00e4 kysymyksi\u00e4 ja j\u00e4rjest\u00e4\u00e4 p\u00e4iv\u00e4m\u00e4\u00e4ri\u00e4.<\/p>\n<h3>AdultFriendFinder<\/h3>\n<p>Adult Friend Finder on yksi vanhimmista ja suurimmista aikuisten treffisivustoista verkossa. Yli 20 miljoonalla j\u00e4senell\u00e4 AF l\u00f6yt\u00e4\u00e4 ihmisi\u00e4, jotka ovat kiinnostuneita kaikesta perversseist\u00e4 fetisseist\u00e4 heiluviin pariskuntiin. Se tarjoaa eritt\u00e4in aktiivisen sosiaalisen verkoston, jossa j\u00e4senet voivat olla yhteydess\u00e4 toisiinsa. Voit katsella j\u00e4senkuvia, keskustella, s\u00e4hk\u00f6postia ja paljon muuta.<\/p>\n<h3>MommyFinders<\/h3>\n<p>Mommyfinders on toinen hyv\u00e4 valinta milfsille, jotka etsiv\u00e4t hauskaa verkosta. T\u00e4m\u00e4 sivusto toimii aivan kuten Tinder, paitsi ett\u00e4 et pyyhk\u00e4ise vasemmalle tai oikealle. Sen sijaan vastaat ihmisten kanssa mieltymystesi mukaan. Voit esimerkiksi suodattaa j\u00e4seni\u00e4 etnisen alkuper\u00e4n, i\u00e4n, kehon tyypin, el\u00e4m\u00e4ntavan ja muun mukaan. Kun olet tavannut muutaman henkil\u00f6n, voit aloittaa keskustelun heid\u00e4n kanssaan tekstiviestill\u00e4 tai videopuhelulla.<\/p>\n","protected":false},"excerpt":{"rendered":"<p>MILF: t ovat kuumia. He ovat kiimaisia, kokeneita ja tiet\u00e4v\u00e4t mit\u00e4 haluavat. Sinun ei tarvitse huolehtia loukkaantumisesta, koska pystyt tyydytt\u00e4m\u00e4\u00e4n h\u00e4nen tarpeensa. Jos haluat liitty\u00e4 milfiin, l\u00e4hell\u00e4 on paljon sivustoja, joista l\u00f6yd\u00e4t sellaisen. T\u00e4m\u00e4n sivuston avulla on helppo tavata paikallisia milfej\u00e4 ja nauttia seksuaalisesta hauskanpidosta. Etsitp\u00e4 sitten rentoa kohtaamista tai jotain vakavampaa, sinulla on p\u00e4\u00e4sy &#8230; <a title=\"L\u00f6yd\u00e4 MILF alueeltasi\" class=\"read-more\" href=\"https:\/\/blowflyofficial.com\/fi\/loyda-milf-alueeltasi\/\" aria-label=\"Lis\u00e4\u00e4 L\u00f6yd\u00e4 MILF alueeltasi\">Lue lis\u00e4\u00e4<\/a><\/p>\n","protected":false},"author":1,"featured_media":0,"parent":0,"menu_order":0,"comment_status":"closed","ping_status":"closed","template":"","meta":[],"yoast_head":"<!-- This site is optimized with the Yoast SEO plugin v17.7.1 - https:\/\/yoast.com\/wordpress\/plugins\/seo\/ -->\n<title>L\u00f6yd\u00e4 MILF alueeltasi - Hookup-sijoitukset<\/title>\n<meta name=\"robots\" content=\"index, follow, max-snippet:-1, max-image-preview:large, max-video-preview:-1\" \/>\n<link rel=\"canonical\" href=\"https:\/\/blowflyofficial.com\/fi\/loyda-milf-alueeltasi\/\" \/>\n<meta property=\"og:locale\" content=\"fi_FI\" \/>\n<meta property=\"og:type\" content=\"article\" \/>\n<meta property=\"og:title\" content=\"L\u00f6yd\u00e4 MILF alueeltasi - Hookup-sijoitukset\" \/>\n<meta property=\"og:description\" content=\"MILF: t ovat kuumia. He ovat kiimaisia, kokeneita ja tiet\u00e4v\u00e4t mit\u00e4 haluavat. Sinun ei tarvitse huolehtia loukkaantumisesta, koska pystyt tyydytt\u00e4m\u00e4\u00e4n h\u00e4nen tarpeensa. Jos haluat liitty\u00e4 milfiin, l\u00e4hell\u00e4 on paljon sivustoja, joista l\u00f6yd\u00e4t sellaisen. T\u00e4m\u00e4n sivuston avulla on helppo tavata paikallisia milfej\u00e4 ja nauttia seksuaalisesta hauskanpidosta. Etsitp\u00e4 sitten rentoa kohtaamista tai jotain vakavampaa, sinulla on p\u00e4\u00e4sy ... Lue lis\u00e4\u00e4\" \/>\n<meta property=\"og:url\" content=\"https:\/\/blowflyofficial.com\/fi\/loyda-milf-alueeltasi\/\" \/>\n<meta property=\"og:site_name\" content=\"Hookup-sijoitukset\" \/>\n<meta name=\"twitter:card\" content=\"summary_large_image\" \/>\n<meta name=\"twitter:label1\" content=\"Arvioitu lukuaika\" \/>\n\t<meta name=\"twitter:data1\" content=\"3 minuuttia\" \/>\n<script type=\"application\/ld+json\" class=\"yoast-schema-graph\">{\"@context\":\"https:\/\/schema.org\",\"@graph\":[{\"@type\":\"WebSite\",\"@id\":\"http:\/\/blowflyofficial.com\/da\/#website\",\"url\":\"http:\/\/blowflyofficial.com\/da\/\",\"name\":\"Hookup-sijoitukset\",\"description\":\"Rento treffineuvonta\",\"potentialAction\":[{\"@type\":\"SearchAction\",\"target\":{\"@type\":\"EntryPoint\",\"urlTemplate\":\"http:\/\/blowflyofficial.com\/da\/?s={search_term_string}\"},\"query-input\":\"required name=search_term_string\"}],\"inLanguage\":\"fi\"},{\"@type\":\"WebPage\",\"@id\":\"https:\/\/blowflyofficial.com\/fi\/loyda-milf-alueeltasi\/#webpage\",\"url\":\"https:\/\/blowflyofficial.com\/fi\/loyda-milf-alueeltasi\/\",\"name\":\"L\\u00f6yd\\u00e4 MILF alueeltasi - Hookup-sijoitukset\",\"isPartOf\":{\"@id\":\"http:\/\/blowflyofficial.com\/da\/#website\"},\"datePublished\":\"2022-08-30T13:12:58+00:00\",\"dateModified\":\"2022-08-30T13:12:58+00:00\",\"breadcrumb\":{\"@id\":\"https:\/\/blowflyofficial.com\/fi\/loyda-milf-alueeltasi\/#breadcrumb\"},\"inLanguage\":\"fi\",\"potentialAction\":[{\"@type\":\"ReadAction\",\"target\":[\"https:\/\/blowflyofficial.com\/fi\/loyda-milf-alueeltasi\/\"]}]},{\"@type\":\"BreadcrumbList\",\"@id\":\"https:\/\/blowflyofficial.com\/fi\/loyda-milf-alueeltasi\/#breadcrumb\",\"itemListElement\":[{\"@type\":\"ListItem\",\"position\":1,\"name\":\"Home\",\"item\":\"https:\/\/blowflyofficial.com\/fi\/\"},{\"@type\":\"ListItem\",\"position\":2,\"name\":\"L\\u00f6yd\\u00e4 MILF alueeltasi\"}]}]}<\/script>\n<!-- \/ Yoast SEO plugin. -->","yoast_head_json":{"title":"L\u00f6yd\u00e4 MILF alueeltasi - Hookup-sijoitukset","robots":{"index":"index","follow":"follow","max-snippet":"max-snippet:-1","max-image-preview":"max-image-preview:large","max-video-preview":"max-video-preview:-1"},"canonical":"https:\/\/blowflyofficial.com\/fi\/loyda-milf-alueeltasi\/","og_locale":"fi_FI","og_type":"article","og_title":"L\u00f6yd\u00e4 MILF alueeltasi - Hookup-sijoitukset","og_description":"MILF: t ovat kuumia. He ovat kiimaisia, kokeneita ja tiet\u00e4v\u00e4t mit\u00e4 haluavat. Sinun ei tarvitse huolehtia loukkaantumisesta, koska pystyt tyydytt\u00e4m\u00e4\u00e4n h\u00e4nen tarpeensa. Jos haluat liitty\u00e4 milfiin, l\u00e4hell\u00e4 on paljon sivustoja, joista l\u00f6yd\u00e4t sellaisen. T\u00e4m\u00e4n sivuston avulla on helppo tavata paikallisia milfej\u00e4 ja nauttia seksuaalisesta hauskanpidosta. Etsitp\u00e4 sitten rentoa kohtaamista tai jotain vakavampaa, sinulla on p\u00e4\u00e4sy ... Lue lis\u00e4\u00e4","og_url":"https:\/\/blowflyofficial.com\/fi\/loyda-milf-alueeltasi\/","og_site_name":"Hookup-sijoitukset","twitter_card":"summary_large_image","twitter_misc":{"Arvioitu lukuaika":"3 minuuttia"},"schema":{"@context":"https:\/\/schema.org","@graph":[{"@type":"WebSite","@id":"http:\/\/blowflyofficial.com\/da\/#website","url":"http:\/\/blowflyofficial.com\/da\/","name":"Hookup-sijoitukset","description":"Rento treffineuvonta","potentialAction":[{"@type":"SearchAction","target":{"@type":"EntryPoint","urlTemplate":"http:\/\/blowflyofficial.com\/da\/?s={search_term_string}"},"query-input":"required name=search_term_string"}],"inLanguage":"fi"},{"@type":"WebPage","@id":"https:\/\/blowflyofficial.com\/fi\/loyda-milf-alueeltasi\/#webpage","url":"https:\/\/blowflyofficial.com\/fi\/loyda-milf-alueeltasi\/","name":"L\u00f6yd\u00e4 MILF alueeltasi - Hookup-sijoitukset","isPartOf":{"@id":"http:\/\/blowflyofficial.com\/da\/#website"},"datePublished":"2022-08-30T13:12:58+00:00","dateModified":"2022-08-30T13:12:58+00:00","breadcrumb":{"@id":"https:\/\/blowflyofficial.com\/fi\/loyda-milf-alueeltasi\/#breadcrumb"},"inLanguage":"fi","potentialAction":[{"@type":"ReadAction","target":["https:\/\/blowflyofficial.com\/fi\/loyda-milf-alueeltasi\/"]}]},{"@type":"BreadcrumbList","@id":"https:\/\/blowflyofficial.com\/fi\/loyda-milf-alueeltasi\/#breadcrumb","itemListElement":[{"@type":"ListItem","position":1,"name":"Home","item":"https:\/\/blowflyofficial.com\/fi\/"},{"@type":"ListItem","position":2,"name":"L\u00f6yd\u00e4 MILF alueeltasi"}]}]}},"_links":{"self":[{"href":"https:\/\/blowflyofficial.com\/fi\/wp-json\/wp\/v2\/pages\/115"}],"collection":[{"href":"https:\/\/blowflyofficial.com\/fi\/wp-json\/wp\/v2\/pages"}],"about":[{"href":"https:\/\/blowflyofficial.com\/fi\/wp-json\/wp\/v2\/types\/page"}],"author":[{"embeddable":true,"href":"https:\/\/blowflyofficial.com\/fi\/wp-json\/wp\/v2\/users\/1"}],"replies":[{"embeddable":true,"href":"https:\/\/blowflyofficial.com\/fi\/wp-json\/wp\/v2\/comments?post=115"}],"version-history":[{"count":0,"href":"https:\/\/blowflyofficial.com\/fi\/wp-json\/wp\/v2\/pages\/115\/revisions"}],"wp:attachment":[{"href":"https:\/\/blowflyofficial.com\/fi\/wp-json\/wp\/v2\/media?parent=115"}],"curies":[{"name":"wp","href":"https:\/\/api.w.org\/{rel}","templated":true}]}}