{"id":211,"date":"2022-08-30T13:02:05","date_gmt":"2022-08-30T12:02:05","guid":{"rendered":"http:\/\/blowflyofficial.com\/nuestros-mejores-sitios-de-conexion-revisados\/"},"modified":"2022-08-30T13:02:05","modified_gmt":"2022-08-30T12:02:05","slug":"nuestros-mejores-sitios-de-conexion-revisados","status":"publish","type":"page","link":"https:\/\/blowflyofficial.com\/es\/","title":{"rendered":"Nuestros mejores sitios de conexi\u00f3n revisados"},"content":{"rendered":"<p>Hay muchas aplicaciones de citas en l\u00ednea por ah\u00ed, como Tinder, Bumble, OkCupid, PlentyOfFish, Match, etc. Pero algunas personas prefieren encontrar el amor sin registrarse en un sitio. Si eres una de esas personas, te recomendamos que consultes nuestra lista de los mejores sitios de conexi\u00f3n de forma gratuita. Estos sitios no requieren registro con tarjeta de cr\u00e9dito, lo que significa que ni siquiera necesita proporcionar informaci\u00f3n personal. Tampoco pagar\u00e1s nada por usar estos sitios. Simplemente reg\u00edstrese, navegue por los perfiles, env\u00ede mensajes y comience a conocer gente hoy.<\/p>\n<h2>Ashley Madison<\/h2>\n<p>AshleyMadison.com es un soplo de aire fresco para aquellos que buscan amor en l\u00ednea. Ya sea que est\u00e9 buscando una aventura r\u00e1pida, alguien especial con quien establecerse o simplemente una compa\u00f1\u00eda divertida, Ashley Madison ofrece algo para todos. Con m\u00e1s de 54 millones de miembros en todo el mundo, estamos seguros de que hay alguien esper\u00e1ndote.<\/p>\n<p>Si has estado sintiendo que necesitas un descanso de tu relaci\u00f3n, o tal vez solo quieres probar algo diferente, \u00bfpor qu\u00e9 no nos echas un vistazo? Prometemos discreci\u00f3n y confidencialidad, y nuestros miembros disfrutan de muchos beneficios que incluyen acceso a eventos exclusivos, descuentos en viajes e incluso premios en efectivo. Aqu\u00ed encontrar\u00e1 todo lo que necesita, sin condiciones.<\/p>\n<h2>Aff<\/h2>\n<p>Adult Friend Finder (AFF), uno de los sitios para adultos m\u00e1s populares en la web, cuenta con 3 millones de visitantes mensuales activos y m\u00e1s de 10 millones de miembros registrados. Adem\u00e1s de ser un gran lugar para encuentros casuales, tambi\u00e9n es el hogar de algunas de las personas m\u00e1s calientes y cachondas de Internet. Si desea averiguar qu\u00e9 hace que AFF funcione, lo tenemos cubierto.<\/p>\n<h2>Yesca<\/h2>\n<p>Tinder es una de las aplicaciones m\u00e1s populares para encontrar el amor en l\u00ednea. Con m\u00e1s de 50 millones de personas que lo han descargado desde 2012, la aplicaci\u00f3n de citas le permite deslizar hacia la izquierda o hacia la derecha para ver si a alguien le gusta en funci\u00f3n de su foto de perfil y biograf\u00eda. Si les gustas, puedes enviarte mensajes y organizar citas en persona. No hay cuestionarios largos o cuestionarios invasivos; solo preguntas r\u00e1pidas sobre d\u00f3nde est\u00e1 buscando reunirse a continuaci\u00f3n.<\/p>\n<p>La aplicaci\u00f3n se puede descargar y usar de forma gratuita, pero hay algunos costos asociados con su uso. Usted paga $ 9.99 por mes para acceder a funciones premium como coincidencias ilimitadas y uso compartido de ubicaci\u00f3n.<\/p>\n<p><img loading=\"lazy\" class=\"aligncenter size-large wp-image-35\" src=\"http:\/\/blowflyofficial.com\/wp-content\/uploads\/2022\/08\/guide-for-love-1024x681.jpeg\" alt=\"\" width=\"640\" height=\"426\" srcset=\"https:\/\/blowflyofficial.com\/wp-content\/uploads\/2022\/08\/guide-for-love-1024x681.jpeg 1024w, https:\/\/blowflyofficial.com\/wp-content\/uploads\/2022\/08\/guide-for-love-300x199.jpeg 300w, https:\/\/blowflyofficial.com\/wp-content\/uploads\/2022\/08\/guide-for-love-768x510.jpeg 768w, https:\/\/blowflyofficial.com\/wp-content\/uploads\/2022\/08\/guide-for-love-1536x1021.jpeg 1536w, https:\/\/blowflyofficial.com\/wp-content\/uploads\/2022\/08\/guide-for-love-2048x1361.jpeg 2048w\" sizes=\"(max-width: 640px) 100vw, 640px\" \/><\/p>\n<h1>Encontrar una conexi\u00f3n local en su \u00e1rea<\/h1>\n<p>Las conexiones locales son uno de los tipos m\u00e1s populares de citas en l\u00ednea. Hay muchas razones por las que las personas usan estas aplicaciones para encontrar a su alma gemela, como estar aburrido, solo o buscando sexo casual. Adem\u00e1s de eso, hay algunos beneficios que puede disfrutar mientras usa estas plataformas. Por ejemplo, no tiene que gastar dinero en bebidas, comida o d\u00e1tiles caros. Ni siquiera tendr\u00e1s que viajar lejos porque ya est\u00e1s cerca de donde vives. Y lo mejor de todo, es completamente an\u00f3nimo. Entonces, \u00bfa qu\u00e9 est\u00e1s esperando? Echa un vistazo a nuestra lista de las ocho mejores aplicaciones de conexi\u00f3n locales.<\/p>\n<h2>OneNightFriend<\/h2>\n<p>One Night Friend es una aplicaci\u00f3n gratuita que te permite reunirte con alguien dentro de tu ciudad. Si desea comenzar una relaci\u00f3n con alguien, esta es una excelente manera de hacerlo sin gastar demasiado dinero. Adem\u00e1s, es f\u00e1cil de usar. Todo lo que tiene que hacer es ingresar su ubicaci\u00f3n, establecer el radio a su alrededor y elegir si desea ver hombres o mujeres. Despu\u00e9s de eso, recibir\u00e1 coincidencias basadas en sus preferencias. Una vez que haya encontrado a alguien interesante, puede chatear con ellos o pedirles que salgan directamente. Esta aplicaci\u00f3n funciona como Tinder, excepto que no tienes que pagar nada.<\/p>\n<h2>S\u00e9 travieso<\/h2>\n<p>Benaughty es otra buena opci\u00f3n para aquellos que buscan encuentros casuales. Puede explorar perfiles de forma an\u00f3nima, enviar mensajes y organizar reuniones. Sin embargo, a diferencia de One Night Friend, debe pagar para usar esta aplicaci\u00f3n. Pero si est\u00e1 dispuesto a desprenderse de algo de efectivo, esta es una muy buena opci\u00f3n. Benaughty no solo ofrece muchas funciones, sino que tambi\u00e9n ofrece una membres\u00eda VIP. Con este paquete, puede acceder a membres\u00edas adicionales, como mensajer\u00eda premium y videollamadas.<\/p>\n<h2>Conexi\u00f3n69<\/h2>\n<p>Hookup69 es una aplicaci\u00f3n m\u00f3vil que te ayuda a conectarte con personas cercanas. A diferencia de las aplicaciones anteriores, esta no requiere que pagues nada. Para empezar, solo tienes que registrarte, agregar tu foto de perfil y escribir sobre ti. Desde all\u00ed, puede ver fotos de otras personas que est\u00e9n interesadas en reunirse con usted. Tambi\u00e9n puede consultar sus actividades e intereses favoritos. Cuando creas que podr\u00edas estar listo para salir, puedes comunicarte con ellos. Te responder\u00e1n una vez que est\u00e9n libres.<\/p>\n<p><img loading=\"lazy\" class=\"aligncenter size-large wp-image-36\" src=\"http:\/\/blowflyofficial.com\/wp-content\/uploads\/2022\/08\/love-match-making-1024x683.jpeg\" alt=\"\" width=\"640\" height=\"427\" srcset=\"https:\/\/blowflyofficial.com\/wp-content\/uploads\/2022\/08\/love-match-making-1024x683.jpeg 1024w, https:\/\/blowflyofficial.com\/wp-content\/uploads\/2022\/08\/love-match-making-300x200.jpeg 300w, https:\/\/blowflyofficial.com\/wp-content\/uploads\/2022\/08\/love-match-making-768x512.jpeg 768w, https:\/\/blowflyofficial.com\/wp-content\/uploads\/2022\/08\/love-match-making-1536x1024.jpeg 1536w, https:\/\/blowflyofficial.com\/wp-content\/uploads\/2022\/08\/love-match-making-2048x1365.jpeg 2048w\" sizes=\"(max-width: 640px) 100vw, 640px\" \/><\/p>\n<h1>Nuestros Consejos<\/h1>\n<p>Los sitios de conexi\u00f3n son muy comunes hoy en d\u00eda. A menudo ofrecen muchas caracter\u00edsticas interesantes como chat de video, c\u00e1mara web, chat en vivo, etc., lo que las convierte en una de las aplicaciones m\u00e1s utilizadas entre las personas. Sin embargo, tambi\u00e9n hay algunos inconvenientes. Por ejemplo, no puede encontrar una aplicaci\u00f3n de conexi\u00f3n confiable sin gastar dinero. Pero ahora, tenemos algo mejor: benaughty.com. Este es un sitio de conexi\u00f3n en l\u00ednea gratuito donde puedes conocer y salir con chicas de todo el mundo. Ni siquiera necesita gastar nada para usar esta incre\u00edble funci\u00f3n. Todo lo que necesitas hacer es registrarte y comenzar a buscar mujeres calientes. Lo mejor de Be Naughty es que puedes encontrar f\u00e1cilmente a alguien cerca. Entonces, \u00bfa qu\u00e9 est\u00e1s esperando? Simplemente sigue adelante y prueba este incre\u00edble sitio de conexi\u00f3n.<\/p>\n<p>El mercado de citas en l\u00ednea est\u00e1 inundado de diferentes plataformas, cada una de las cuales afirma ser mejor que otras. Sin embargo, todav\u00eda hay algunas empresas que no se han olvidado, a pesar de que no ofrecen nada especial. Un ejemplo de ello es Hookup69, un sitio de citas local que ofrece a sus usuarios muchas ventajas sobre las aplicaciones de citas tradicionales.<\/p>\n<p>Debe tomar la decisi\u00f3n correcta y usar una empresa real para encontrar la aplicaci\u00f3n adecuada para usted.<\/p>\n","protected":false},"excerpt":{"rendered":"<p>Hay muchas aplicaciones de citas en l\u00ednea por ah\u00ed, como Tinder, Bumble, OkCupid, PlentyOfFish, Match, etc. Pero algunas personas prefieren encontrar el amor sin registrarse en un sitio. Si eres una de esas personas, te recomendamos que consultes nuestra lista de los mejores sitios de conexi\u00f3n de forma gratuita. Estos sitios no requieren registro con &#8230; <a title=\"Nuestros mejores sitios de conexi\u00f3n revisados\" class=\"read-more\" href=\"https:\/\/blowflyofficial.com\/es\/\" aria-label=\"M\u00e1s en Nuestros mejores sitios de conexi\u00f3n revisados\">Leer m\u00e1s<\/a><\/p>\n","protected":false},"author":1,"featured_media":0,"parent":0,"menu_order":0,"comment_status":"closed","ping_status":"closed","template":"","meta":[],"yoast_head":"<!-- This site is optimized with the Yoast SEO plugin v17.7.1 - https:\/\/yoast.com\/wordpress\/plugins\/seo\/ -->\n<title>Nuestros mejores sitios de conexi\u00f3n revisados - Clasificaciones de conexi\u00f3n<\/title>\n<meta name=\"robots\" content=\"index, follow, max-snippet:-1, max-image-preview:large, max-video-preview:-1\" \/>\n<link rel=\"canonical\" href=\"https:\/\/blowflyofficial.com\/es\/\" \/>\n<meta property=\"og:locale\" content=\"es_ES\" \/>\n<meta property=\"og:type\" content=\"article\" \/>\n<meta property=\"og:title\" content=\"Nuestros mejores sitios de conexi\u00f3n revisados - Clasificaciones de conexi\u00f3n\" \/>\n<meta property=\"og:description\" content=\"Hay muchas aplicaciones de citas en l\u00ednea por ah\u00ed, como Tinder, Bumble, OkCupid, PlentyOfFish, Match, etc. Pero algunas personas prefieren encontrar el amor sin registrarse en un sitio. Si eres una de esas personas, te recomendamos que consultes nuestra lista de los mejores sitios de conexi\u00f3n de forma gratuita. Estos sitios no requieren registro con ... Leer m\u00e1s\" \/>\n<meta property=\"og:url\" content=\"https:\/\/blowflyofficial.com\/es\/\" \/>\n<meta property=\"og:site_name\" content=\"Clasificaciones de conexi\u00f3n\" \/>\n<meta property=\"og:image\" content=\"http:\/\/blowflyofficial.com\/wp-content\/uploads\/2022\/08\/guide-for-love-1024x681.jpeg\" \/>\n<meta name=\"twitter:card\" content=\"summary_large_image\" \/>\n<meta name=\"twitter:label1\" content=\"Tiempo de lectura\" \/>\n\t<meta name=\"twitter:data1\" content=\"5 minutos\" \/>\n<script type=\"application\/ld+json\" class=\"yoast-schema-graph\">{\"@context\":\"https:\/\/schema.org\",\"@graph\":[{\"@type\":\"WebSite\",\"@id\":\"http:\/\/blowflyofficial.com\/da\/#website\",\"url\":\"http:\/\/blowflyofficial.com\/da\/\",\"name\":\"Clasificaciones de conexi\\u00f3n\",\"description\":\"Consejos de citas casuales\",\"potentialAction\":[{\"@type\":\"SearchAction\",\"target\":{\"@type\":\"EntryPoint\",\"urlTemplate\":\"http:\/\/blowflyofficial.com\/da\/?s={search_term_string}\"},\"query-input\":\"required name=search_term_string\"}],\"inLanguage\":\"es\"},{\"@type\":\"ImageObject\",\"@id\":\"https:\/\/blowflyofficial.com\/es\/#primaryimage\",\"inLanguage\":\"es\",\"url\":\"http:\/\/blowflyofficial.com\/wp-content\/uploads\/2022\/08\/guide-for-love-1024x681.jpeg\",\"contentUrl\":\"http:\/\/blowflyofficial.com\/wp-content\/uploads\/2022\/08\/guide-for-love-1024x681.jpeg\"},{\"@type\":\"WebPage\",\"@id\":\"https:\/\/blowflyofficial.com\/es\/#webpage\",\"url\":\"https:\/\/blowflyofficial.com\/es\/\",\"name\":\"Nuestros mejores sitios de conexi\\u00f3n revisados - Clasificaciones de conexi\\u00f3n\",\"isPartOf\":{\"@id\":\"http:\/\/blowflyofficial.com\/da\/#website\"},\"primaryImageOfPage\":{\"@id\":\"https:\/\/blowflyofficial.com\/es\/#primaryimage\"},\"datePublished\":\"2022-08-30T12:02:05+00:00\",\"dateModified\":\"2022-08-30T12:02:05+00:00\",\"breadcrumb\":{\"@id\":\"https:\/\/blowflyofficial.com\/es\/#breadcrumb\"},\"inLanguage\":\"es\",\"potentialAction\":[{\"@type\":\"ReadAction\",\"target\":[\"https:\/\/blowflyofficial.com\/es\/\"]}]},{\"@type\":\"BreadcrumbList\",\"@id\":\"https:\/\/blowflyofficial.com\/es\/#breadcrumb\",\"itemListElement\":[{\"@type\":\"ListItem\",\"position\":1,\"name\":\"Home\",\"item\":\"https:\/\/blowflyofficial.com\/es\/\"},{\"@type\":\"ListItem\",\"position\":2,\"name\":\"Nuestros mejores sitios de conexi\\u00f3n revisados\"}]}]}<\/script>\n<!-- \/ Yoast SEO plugin. -->","yoast_head_json":{"title":"Nuestros mejores sitios de conexi\u00f3n revisados - Clasificaciones de conexi\u00f3n","robots":{"index":"index","follow":"follow","max-snippet":"max-snippet:-1","max-image-preview":"max-image-preview:large","max-video-preview":"max-video-preview:-1"},"canonical":"https:\/\/blowflyofficial.com\/es\/","og_locale":"es_ES","og_type":"article","og_title":"Nuestros mejores sitios de conexi\u00f3n revisados - Clasificaciones de conexi\u00f3n","og_description":"Hay muchas aplicaciones de citas en l\u00ednea por ah\u00ed, como Tinder, Bumble, OkCupid, PlentyOfFish, Match, etc. Pero algunas personas prefieren encontrar el amor sin registrarse en un sitio. Si eres una de esas personas, te recomendamos que consultes nuestra lista de los mejores sitios de conexi\u00f3n de forma gratuita. Estos sitios no requieren registro con ... Leer m\u00e1s","og_url":"https:\/\/blowflyofficial.com\/es\/","og_site_name":"Clasificaciones de conexi\u00f3n","og_image":[{"url":"http:\/\/blowflyofficial.com\/wp-content\/uploads\/2022\/08\/guide-for-love-1024x681.jpeg"}],"twitter_card":"summary_large_image","twitter_misc":{"Tiempo de lectura":"5 minutos"},"schema":{"@context":"https:\/\/schema.org","@graph":[{"@type":"WebSite","@id":"http:\/\/blowflyofficial.com\/da\/#website","url":"http:\/\/blowflyofficial.com\/da\/","name":"Clasificaciones de conexi\u00f3n","description":"Consejos de citas casuales","potentialAction":[{"@type":"SearchAction","target":{"@type":"EntryPoint","urlTemplate":"http:\/\/blowflyofficial.com\/da\/?s={search_term_string}"},"query-input":"required name=search_term_string"}],"inLanguage":"es"},{"@type":"ImageObject","@id":"https:\/\/blowflyofficial.com\/es\/#primaryimage","inLanguage":"es","url":"http:\/\/blowflyofficial.com\/wp-content\/uploads\/2022\/08\/guide-for-love-1024x681.jpeg","contentUrl":"http:\/\/blowflyofficial.com\/wp-content\/uploads\/2022\/08\/guide-for-love-1024x681.jpeg"},{"@type":"WebPage","@id":"https:\/\/blowflyofficial.com\/es\/#webpage","url":"https:\/\/blowflyofficial.com\/es\/","name":"Nuestros mejores sitios de conexi\u00f3n revisados - Clasificaciones de conexi\u00f3n","isPartOf":{"@id":"http:\/\/blowflyofficial.com\/da\/#website"},"primaryImageOfPage":{"@id":"https:\/\/blowflyofficial.com\/es\/#primaryimage"},"datePublished":"2022-08-30T12:02:05+00:00","dateModified":"2022-08-30T12:02:05+00:00","breadcrumb":{"@id":"https:\/\/blowflyofficial.com\/es\/#breadcrumb"},"inLanguage":"es","potentialAction":[{"@type":"ReadAction","target":["https:\/\/blowflyofficial.com\/es\/"]}]},{"@type":"BreadcrumbList","@id":"https:\/\/blowflyofficial.com\/es\/#breadcrumb","itemListElement":[{"@type":"ListItem","position":1,"name":"Home","item":"https:\/\/blowflyofficial.com\/es\/"},{"@type":"ListItem","position":2,"name":"Nuestros mejores sitios de conexi\u00f3n revisados"}]}]}},"_links":{"self":[{"href":"https:\/\/blowflyofficial.com\/es\/wp-json\/wp\/v2\/pages\/211"}],"collection":[{"href":"https:\/\/blowflyofficial.com\/es\/wp-json\/wp\/v2\/pages"}],"about":[{"href":"https:\/\/blowflyofficial.com\/es\/wp-json\/wp\/v2\/types\/page"}],"author":[{"embeddable":true,"href":"https:\/\/blowflyofficial.com\/es\/wp-json\/wp\/v2\/users\/1"}],"replies":[{"embeddable":true,"href":"https:\/\/blowflyofficial.com\/es\/wp-json\/wp\/v2\/comments?post=211"}],"version-history":[{"count":0,"href":"https:\/\/blowflyofficial.com\/es\/wp-json\/wp\/v2\/pages\/211\/revisions"}],"wp:attachment":[{"href":"https:\/\/blowflyofficial.com\/es\/wp-json\/wp\/v2\/media?parent=211"}],"curies":[{"name":"wp","href":"https:\/\/api.w.org\/{rel}","templated":true}]}}