{"id":203,"date":"2022-08-30T13:45:52","date_gmt":"2022-08-30T12:45:52","guid":{"rendered":"http:\/\/blowflyofficial.com\/encuentre-una-conexion-casual-local\/"},"modified":"2022-08-30T13:45:52","modified_gmt":"2022-08-30T12:45:52","slug":"encuentre-una-conexion-casual-local","status":"publish","type":"page","link":"https:\/\/blowflyofficial.com\/es\/encuentre-una-conexion-casual-local\/","title":{"rendered":"Encuentre una conexi\u00f3n casual local"},"content":{"rendered":"<p>Sabemos lo dif\u00edcil que es encontrar a alguien que te guste, especialmente cuando vives en diferentes ciudades. Entendemos que a veces te sientes solo y aburrido, y no te culpamos porque hay muchas cosas que tambi\u00e9n nos entristecen. Pero, \u00bfpor qu\u00e9 deber\u00edas esperar a que alguien m\u00e1s venga y te d\u00e9 lo que realmente quieres? \u00bfPor qu\u00e9 deber\u00edas pasar horas buscando algo que podr\u00eda tomar minutos?<\/p>\n<h2>\u00bfQuieres encontrar una conexi\u00f3n?<\/h2>\n<p>Ni siquiera tiene que preocuparse por <a href=\"http:\/\/blowflyofficial.com\/es\/encuentra-sexo-con-mujeres-cerca-de-ti\/\">ser estafado<\/a>, ya que todo aqu\u00ed es completamente gratuito. Si decide seguir adelante y pagar la membres\u00eda, tiene acceso a toda la red, incluidas todas las funciones para membres\u00edas premium. Sin embargo, si est\u00e1 buscando una conexi\u00f3n r\u00e1pida, siempre puede probar la versi\u00f3n de prueba y ver si le conviene.<\/p>\n<p>La gente siempre est\u00e1 buscando formas de conocer a otros en l\u00ednea, especialmente aquellos que quieren encuentros casuales. Pero, \u00bfa d\u00f3nde acudes cuando no hay muchas opciones por ah\u00ed? Bueno, \u00a1te tenemos cubierto! A continuaci\u00f3n se presentan cinco sitios de conexi\u00f3n local gratuitos que realmente funcionan. No te arrepentir\u00e1s de probarlos.<\/p>\n<p>La primera aplicaci\u00f3n de conexi\u00f3n gratuita que te voy a sugerir que pruebes es una llamada Fling, y es quiz\u00e1s la mejor aplicaci\u00f3n de citas que he usado a lo largo de los a\u00f1os. Si bien hay muchas aplicaciones de pago que ofrecen caracter\u00edsticas similares, Fling es gratis para registrarse y usar.<\/p>\n<p>Claro, tienen opciones de actualizaci\u00f3n, como poder encontrar socios locales seg\u00fan el lugar donde viva, que hacen que sea mucho m\u00e1s f\u00e1cil para las personas conectarse, pero sin embargo, la versi\u00f3n gratuita funciona bien. De hecho, cuando me inscrib\u00ed originalmente, termin\u00e9 us\u00e1ndolo durante una semana completa antes de actualizarlo porque quer\u00eda aumentar mis probabilidades de conectarme. Poco despu\u00e9s de hacerlo, me encontr\u00e9 gastando dinero en actualizaciones premium.<\/p>\n<h2>Sitios de llamadas de bot\u00edn<\/h2>\n<p>Soy un gran fan del fen\u00f3meno de la llamada al bot\u00edn. He estado en ambos lados de la moneda. He tenido encuentros casuales en los que nos reunimos para tomar algo o cenar y terminamos conect\u00e1ndonos m\u00e1s tarde. Y tambi\u00e9n he estado en citas en las que no hab\u00eda mucha qu\u00edmica y no terminamos teniendo relaciones sexuales. Entonces, cuando escuch\u00e9 sobre esta aplicaci\u00f3n llamada OnlineBootyCall.com, pens\u00e9 que sonaba como algo divertido para probar.<\/p>\n<p>La idea detr\u00e1s de esta aplicaci\u00f3n es bastante simple. Te registras gratis y comienzas a chatear con personas que viven cerca. Si encuentras a alguien interesante, puedes invitarlo a pasar el rato. Cuando aparecen, puede enviarlos directamente a casa o llevarlos a una habitaci\u00f3n de hotel. No hay reglas ni expectativas. Te est\u00e1s reuniendo para tener relaciones sexuales.<\/p>\n","protected":false},"excerpt":{"rendered":"<p>Sabemos lo dif\u00edcil que es encontrar a alguien que te guste, especialmente cuando vives en diferentes ciudades. Entendemos que a veces te sientes solo y aburrido, y no te culpamos porque hay muchas cosas que tambi\u00e9n nos entristecen. Pero, \u00bfpor qu\u00e9 deber\u00edas esperar a que alguien m\u00e1s venga y te d\u00e9 lo que realmente quieres? &#8230; <a title=\"Encuentre una conexi\u00f3n casual local\" class=\"read-more\" href=\"https:\/\/blowflyofficial.com\/es\/encuentre-una-conexion-casual-local\/\" aria-label=\"M\u00e1s en Encuentre una conexi\u00f3n casual local\">Leer m\u00e1s<\/a><\/p>\n","protected":false},"author":1,"featured_media":0,"parent":0,"menu_order":0,"comment_status":"closed","ping_status":"closed","template":"","meta":[],"yoast_head":"<!-- This site is optimized with the Yoast SEO plugin v17.7.1 - https:\/\/yoast.com\/wordpress\/plugins\/seo\/ -->\n<title>Encuentre una conexi\u00f3n casual local - Clasificaciones de conexi\u00f3n<\/title>\n<meta name=\"robots\" content=\"index, follow, max-snippet:-1, max-image-preview:large, max-video-preview:-1\" \/>\n<link rel=\"canonical\" href=\"https:\/\/blowflyofficial.com\/es\/encuentre-una-conexion-casual-local\/\" \/>\n<meta property=\"og:locale\" content=\"es_ES\" \/>\n<meta property=\"og:type\" content=\"article\" \/>\n<meta property=\"og:title\" content=\"Encuentre una conexi\u00f3n casual local - Clasificaciones de conexi\u00f3n\" \/>\n<meta property=\"og:description\" content=\"Sabemos lo dif\u00edcil que es encontrar a alguien que te guste, especialmente cuando vives en diferentes ciudades. Entendemos que a veces te sientes solo y aburrido, y no te culpamos porque hay muchas cosas que tambi\u00e9n nos entristecen. Pero, \u00bfpor qu\u00e9 deber\u00edas esperar a que alguien m\u00e1s venga y te d\u00e9 lo que realmente quieres? ... Leer m\u00e1s\" \/>\n<meta property=\"og:url\" content=\"https:\/\/blowflyofficial.com\/es\/encuentre-una-conexion-casual-local\/\" \/>\n<meta property=\"og:site_name\" content=\"Clasificaciones de conexi\u00f3n\" \/>\n<meta name=\"twitter:card\" content=\"summary_large_image\" \/>\n<meta name=\"twitter:label1\" content=\"Tiempo de lectura\" \/>\n\t<meta name=\"twitter:data1\" content=\"2 minutos\" \/>\n<script type=\"application\/ld+json\" class=\"yoast-schema-graph\">{\"@context\":\"https:\/\/schema.org\",\"@graph\":[{\"@type\":\"WebSite\",\"@id\":\"http:\/\/blowflyofficial.com\/da\/#website\",\"url\":\"http:\/\/blowflyofficial.com\/da\/\",\"name\":\"Clasificaciones de conexi\\u00f3n\",\"description\":\"Consejos de citas casuales\",\"potentialAction\":[{\"@type\":\"SearchAction\",\"target\":{\"@type\":\"EntryPoint\",\"urlTemplate\":\"http:\/\/blowflyofficial.com\/da\/?s={search_term_string}\"},\"query-input\":\"required name=search_term_string\"}],\"inLanguage\":\"es\"},{\"@type\":\"WebPage\",\"@id\":\"https:\/\/blowflyofficial.com\/es\/encuentre-una-conexion-casual-local\/#webpage\",\"url\":\"https:\/\/blowflyofficial.com\/es\/encuentre-una-conexion-casual-local\/\",\"name\":\"Encuentre una conexi\\u00f3n casual local - Clasificaciones de conexi\\u00f3n\",\"isPartOf\":{\"@id\":\"http:\/\/blowflyofficial.com\/da\/#website\"},\"datePublished\":\"2022-08-30T12:45:52+00:00\",\"dateModified\":\"2022-08-30T12:45:52+00:00\",\"breadcrumb\":{\"@id\":\"https:\/\/blowflyofficial.com\/es\/encuentre-una-conexion-casual-local\/#breadcrumb\"},\"inLanguage\":\"es\",\"potentialAction\":[{\"@type\":\"ReadAction\",\"target\":[\"https:\/\/blowflyofficial.com\/es\/encuentre-una-conexion-casual-local\/\"]}]},{\"@type\":\"BreadcrumbList\",\"@id\":\"https:\/\/blowflyofficial.com\/es\/encuentre-una-conexion-casual-local\/#breadcrumb\",\"itemListElement\":[{\"@type\":\"ListItem\",\"position\":1,\"name\":\"Home\",\"item\":\"https:\/\/blowflyofficial.com\/es\/\"},{\"@type\":\"ListItem\",\"position\":2,\"name\":\"Encuentre una conexi\\u00f3n casual local\"}]}]}<\/script>\n<!-- \/ Yoast SEO plugin. -->","yoast_head_json":{"title":"Encuentre una conexi\u00f3n casual local - Clasificaciones de conexi\u00f3n","robots":{"index":"index","follow":"follow","max-snippet":"max-snippet:-1","max-image-preview":"max-image-preview:large","max-video-preview":"max-video-preview:-1"},"canonical":"https:\/\/blowflyofficial.com\/es\/encuentre-una-conexion-casual-local\/","og_locale":"es_ES","og_type":"article","og_title":"Encuentre una conexi\u00f3n casual local - Clasificaciones de conexi\u00f3n","og_description":"Sabemos lo dif\u00edcil que es encontrar a alguien que te guste, especialmente cuando vives en diferentes ciudades. Entendemos que a veces te sientes solo y aburrido, y no te culpamos porque hay muchas cosas que tambi\u00e9n nos entristecen. Pero, \u00bfpor qu\u00e9 deber\u00edas esperar a que alguien m\u00e1s venga y te d\u00e9 lo que realmente quieres? ... Leer m\u00e1s","og_url":"https:\/\/blowflyofficial.com\/es\/encuentre-una-conexion-casual-local\/","og_site_name":"Clasificaciones de conexi\u00f3n","twitter_card":"summary_large_image","twitter_misc":{"Tiempo de lectura":"2 minutos"},"schema":{"@context":"https:\/\/schema.org","@graph":[{"@type":"WebSite","@id":"http:\/\/blowflyofficial.com\/da\/#website","url":"http:\/\/blowflyofficial.com\/da\/","name":"Clasificaciones de conexi\u00f3n","description":"Consejos de citas casuales","potentialAction":[{"@type":"SearchAction","target":{"@type":"EntryPoint","urlTemplate":"http:\/\/blowflyofficial.com\/da\/?s={search_term_string}"},"query-input":"required name=search_term_string"}],"inLanguage":"es"},{"@type":"WebPage","@id":"https:\/\/blowflyofficial.com\/es\/encuentre-una-conexion-casual-local\/#webpage","url":"https:\/\/blowflyofficial.com\/es\/encuentre-una-conexion-casual-local\/","name":"Encuentre una conexi\u00f3n casual local - Clasificaciones de conexi\u00f3n","isPartOf":{"@id":"http:\/\/blowflyofficial.com\/da\/#website"},"datePublished":"2022-08-30T12:45:52+00:00","dateModified":"2022-08-30T12:45:52+00:00","breadcrumb":{"@id":"https:\/\/blowflyofficial.com\/es\/encuentre-una-conexion-casual-local\/#breadcrumb"},"inLanguage":"es","potentialAction":[{"@type":"ReadAction","target":["https:\/\/blowflyofficial.com\/es\/encuentre-una-conexion-casual-local\/"]}]},{"@type":"BreadcrumbList","@id":"https:\/\/blowflyofficial.com\/es\/encuentre-una-conexion-casual-local\/#breadcrumb","itemListElement":[{"@type":"ListItem","position":1,"name":"Home","item":"https:\/\/blowflyofficial.com\/es\/"},{"@type":"ListItem","position":2,"name":"Encuentre una conexi\u00f3n casual local"}]}]}},"_links":{"self":[{"href":"https:\/\/blowflyofficial.com\/es\/wp-json\/wp\/v2\/pages\/203"}],"collection":[{"href":"https:\/\/blowflyofficial.com\/es\/wp-json\/wp\/v2\/pages"}],"about":[{"href":"https:\/\/blowflyofficial.com\/es\/wp-json\/wp\/v2\/types\/page"}],"author":[{"embeddable":true,"href":"https:\/\/blowflyofficial.com\/es\/wp-json\/wp\/v2\/users\/1"}],"replies":[{"embeddable":true,"href":"https:\/\/blowflyofficial.com\/es\/wp-json\/wp\/v2\/comments?post=203"}],"version-history":[{"count":0,"href":"https:\/\/blowflyofficial.com\/es\/wp-json\/wp\/v2\/pages\/203\/revisions"}],"wp:attachment":[{"href":"https:\/\/blowflyofficial.com\/es\/wp-json\/wp\/v2\/media?parent=203"}],"curies":[{"name":"wp","href":"https:\/\/api.w.org\/{rel}","templated":true}]}}