{"id":192,"date":"2022-08-30T13:50:50","date_gmt":"2022-08-30T12:50:50","guid":{"rendered":"http:\/\/blowflyofficial.com\/buscando-sexo\/"},"modified":"2022-08-30T13:50:50","modified_gmt":"2022-08-30T12:50:50","slug":"buscando-sexo","status":"publish","type":"page","link":"https:\/\/blowflyofficial.com\/es\/buscando-sexo\/","title":{"rendered":"Buscando sexo"},"content":{"rendered":"<p>\u00bfBuscas diversi\u00f3n esta noche? Entonces has venido al lugar correcto. Estamos aqu\u00ed para ayudarlo a encontrar su cita casual perfecta para divertirse r\u00e1pidamente y divertirse. Ya sea que se trate solo de la cena y las bebidas, o algo m\u00e1s serio, estamos seguros de tener una pareja para usted. Nuestro sitio es completamente gratuito de usar, y nuestros miembros siempre est\u00e1n buscando un buen momento. Para comenzar a encontrar a alguien especial ahora, simplemente navegue por nuestros perfiles y reg\u00edstrese hoy.<\/p>\n<p>En nuestra opini\u00f3n, no hay ninguna raz\u00f3n por la que no deba tratar de encontrar un socio localmente. Despu\u00e9s de todo, <a href=\"http:\/\/blowflyofficial.com\/es\/las-mejores-aplicaciones-de-citas-para-encontrar-algo-serio\/\">viven cerca<\/a>, se conocen bien y probablemente ya se vean todos los d\u00edas. Incluso podr\u00edas reunirte para tomar un caf\u00e9 de vez en cuando. \u00bfPor qu\u00e9 no intentarlo?<\/p>\n<h2>C\u00f3mo usar aplicaciones de citas solo para sexo<\/h2>\n<p>Lo m\u00e1s importante que debe saber sobre las aplicaciones de citas es que hay diferentes tipos de personas en el mundo. Puedes pensar que est\u00e1s buscando a alguien como t\u00fa, pero resulta que en realidad est\u00e1s buscando a alguien completamente diferente. Hay tres categor\u00edas principales de personas en l\u00ednea: aquellos que quieren sexo casual, aquellos que quieren relaciones a largo plazo y aquellos que solo quieren conocer nuevos amigos. A continuaci\u00f3n, le indicamos c\u00f3mo elegir a las mujeres en funci\u00f3n del tipo de persona que sea.<\/p>\n<h2>Sexo casual Personas<\/h2>\n<p>A las personas de sexo casual no les importa demasiado la apariencia, pero s\u00ed les importa la personalidad. Por lo general, son tranquilos, de mente abierta y, en general, disfrutan conociendo gente nueva. Si est\u00e1 buscando una noche divertida sin condiciones, las personas de sexo casual son probablemente la mejor opci\u00f3n para usted. Estos chicos no est\u00e1n realmente comprometidos, pero definitivamente intentar\u00e1n cualquier cosa una vez.<\/p>\n<h2>Relaciones a largo plazo Personas<\/h2>\n<p>Las personas de relaciones a largo plazo son lo opuesto a las personas de sexo casual. Est\u00e1n buscando algo serio y quieren una pareja en la que puedan confiar. Esta es la raz\u00f3n por la que muchos de ellos est\u00e1n dispuestos a soportar algunos rasgos bastante poco atractivos en los hombres. De hecho, a menudo hacen todo lo posible para encontrar parejas que sean atractivas.<\/p>\n<h2>Conocer gente de nuevos amigos<\/h2>\n<p>Conocer nuevos amigos, las personas son el grupo menos com\u00fan, pero todav\u00eda est\u00e1n ah\u00ed fuera. Por lo general, est\u00e1n felices de hablar con cualquiera, incluso con completos extra\u00f1os, porque les encanta conocer gente nueva. Por lo general, son amigables y extrovertidos, y siempre est\u00e1n interesados en escuchar las historias de los dem\u00e1s. Tambi\u00e9n son excelentes oyentes, por lo que si alguna vez te sientes solo o aburrido, puedes contar con ellos para mantener las cosas interesantes.<\/p>\n<h2>Nuestros Consejos<\/h2>\n<p>Los solteros de hoy en d\u00eda son conocidos por ser de mente abierta y flexibles cuando se trata de asuntos como el sexo. Esto se aplica tanto a mujeres como a hombres. De hecho, muchas personas prefieren salir con alguien que est\u00e9 dispuesto a probar algo nuevo.<\/p>\n<p>Esto se aplica a\u00fan m\u00e1s fuertemente a los adultos mayores. Muchos de ellos todav\u00eda quieren experimentar algo de diversi\u00f3n durante su jubilaci\u00f3n. Y aunque hay muchos sitios de citas maduros orientados a personas mayores, creemos que las conexiones locales tambi\u00e9n son una gran idea.<\/p>\n","protected":false},"excerpt":{"rendered":"<p>\u00bfBuscas diversi\u00f3n esta noche? Entonces has venido al lugar correcto. Estamos aqu\u00ed para ayudarlo a encontrar su cita casual perfecta para divertirse r\u00e1pidamente y divertirse. Ya sea que se trate solo de la cena y las bebidas, o algo m\u00e1s serio, estamos seguros de tener una pareja para usted. Nuestro sitio es completamente gratuito de &#8230; <a title=\"Buscando sexo\" class=\"read-more\" href=\"https:\/\/blowflyofficial.com\/es\/buscando-sexo\/\" aria-label=\"M\u00e1s en Buscando sexo\">Leer m\u00e1s<\/a><\/p>\n","protected":false},"author":1,"featured_media":0,"parent":0,"menu_order":0,"comment_status":"closed","ping_status":"closed","template":"","meta":[],"yoast_head":"<!-- This site is optimized with the Yoast SEO plugin v17.7.1 - https:\/\/yoast.com\/wordpress\/plugins\/seo\/ -->\n<title>Buscando sexo - Clasificaciones de conexi\u00f3n<\/title>\n<meta name=\"robots\" content=\"index, follow, max-snippet:-1, max-image-preview:large, max-video-preview:-1\" \/>\n<link rel=\"canonical\" href=\"https:\/\/blowflyofficial.com\/es\/buscando-sexo\/\" \/>\n<meta property=\"og:locale\" content=\"es_ES\" \/>\n<meta property=\"og:type\" content=\"article\" \/>\n<meta property=\"og:title\" content=\"Buscando sexo - Clasificaciones de conexi\u00f3n\" \/>\n<meta property=\"og:description\" content=\"\u00bfBuscas diversi\u00f3n esta noche? Entonces has venido al lugar correcto. Estamos aqu\u00ed para ayudarlo a encontrar su cita casual perfecta para divertirse r\u00e1pidamente y divertirse. Ya sea que se trate solo de la cena y las bebidas, o algo m\u00e1s serio, estamos seguros de tener una pareja para usted. Nuestro sitio es completamente gratuito de ... Leer m\u00e1s\" \/>\n<meta property=\"og:url\" content=\"https:\/\/blowflyofficial.com\/es\/buscando-sexo\/\" \/>\n<meta property=\"og:site_name\" content=\"Clasificaciones de conexi\u00f3n\" \/>\n<meta name=\"twitter:card\" content=\"summary_large_image\" \/>\n<meta name=\"twitter:label1\" content=\"Tiempo de lectura\" \/>\n\t<meta name=\"twitter:data1\" content=\"3 minutos\" \/>\n<script type=\"application\/ld+json\" class=\"yoast-schema-graph\">{\"@context\":\"https:\/\/schema.org\",\"@graph\":[{\"@type\":\"WebSite\",\"@id\":\"http:\/\/blowflyofficial.com\/da\/#website\",\"url\":\"http:\/\/blowflyofficial.com\/da\/\",\"name\":\"Clasificaciones de conexi\\u00f3n\",\"description\":\"Consejos de citas casuales\",\"potentialAction\":[{\"@type\":\"SearchAction\",\"target\":{\"@type\":\"EntryPoint\",\"urlTemplate\":\"http:\/\/blowflyofficial.com\/da\/?s={search_term_string}\"},\"query-input\":\"required name=search_term_string\"}],\"inLanguage\":\"es\"},{\"@type\":\"WebPage\",\"@id\":\"https:\/\/blowflyofficial.com\/es\/buscando-sexo\/#webpage\",\"url\":\"https:\/\/blowflyofficial.com\/es\/buscando-sexo\/\",\"name\":\"Buscando sexo - Clasificaciones de conexi\\u00f3n\",\"isPartOf\":{\"@id\":\"http:\/\/blowflyofficial.com\/da\/#website\"},\"datePublished\":\"2022-08-30T12:50:50+00:00\",\"dateModified\":\"2022-08-30T12:50:50+00:00\",\"breadcrumb\":{\"@id\":\"https:\/\/blowflyofficial.com\/es\/buscando-sexo\/#breadcrumb\"},\"inLanguage\":\"es\",\"potentialAction\":[{\"@type\":\"ReadAction\",\"target\":[\"https:\/\/blowflyofficial.com\/es\/buscando-sexo\/\"]}]},{\"@type\":\"BreadcrumbList\",\"@id\":\"https:\/\/blowflyofficial.com\/es\/buscando-sexo\/#breadcrumb\",\"itemListElement\":[{\"@type\":\"ListItem\",\"position\":1,\"name\":\"Home\",\"item\":\"https:\/\/blowflyofficial.com\/es\/\"},{\"@type\":\"ListItem\",\"position\":2,\"name\":\"Buscando sexo\"}]}]}<\/script>\n<!-- \/ Yoast SEO plugin. -->","yoast_head_json":{"title":"Buscando sexo - Clasificaciones de conexi\u00f3n","robots":{"index":"index","follow":"follow","max-snippet":"max-snippet:-1","max-image-preview":"max-image-preview:large","max-video-preview":"max-video-preview:-1"},"canonical":"https:\/\/blowflyofficial.com\/es\/buscando-sexo\/","og_locale":"es_ES","og_type":"article","og_title":"Buscando sexo - Clasificaciones de conexi\u00f3n","og_description":"\u00bfBuscas diversi\u00f3n esta noche? Entonces has venido al lugar correcto. Estamos aqu\u00ed para ayudarlo a encontrar su cita casual perfecta para divertirse r\u00e1pidamente y divertirse. Ya sea que se trate solo de la cena y las bebidas, o algo m\u00e1s serio, estamos seguros de tener una pareja para usted. Nuestro sitio es completamente gratuito de ... Leer m\u00e1s","og_url":"https:\/\/blowflyofficial.com\/es\/buscando-sexo\/","og_site_name":"Clasificaciones de conexi\u00f3n","twitter_card":"summary_large_image","twitter_misc":{"Tiempo de lectura":"3 minutos"},"schema":{"@context":"https:\/\/schema.org","@graph":[{"@type":"WebSite","@id":"http:\/\/blowflyofficial.com\/da\/#website","url":"http:\/\/blowflyofficial.com\/da\/","name":"Clasificaciones de conexi\u00f3n","description":"Consejos de citas casuales","potentialAction":[{"@type":"SearchAction","target":{"@type":"EntryPoint","urlTemplate":"http:\/\/blowflyofficial.com\/da\/?s={search_term_string}"},"query-input":"required name=search_term_string"}],"inLanguage":"es"},{"@type":"WebPage","@id":"https:\/\/blowflyofficial.com\/es\/buscando-sexo\/#webpage","url":"https:\/\/blowflyofficial.com\/es\/buscando-sexo\/","name":"Buscando sexo - Clasificaciones de conexi\u00f3n","isPartOf":{"@id":"http:\/\/blowflyofficial.com\/da\/#website"},"datePublished":"2022-08-30T12:50:50+00:00","dateModified":"2022-08-30T12:50:50+00:00","breadcrumb":{"@id":"https:\/\/blowflyofficial.com\/es\/buscando-sexo\/#breadcrumb"},"inLanguage":"es","potentialAction":[{"@type":"ReadAction","target":["https:\/\/blowflyofficial.com\/es\/buscando-sexo\/"]}]},{"@type":"BreadcrumbList","@id":"https:\/\/blowflyofficial.com\/es\/buscando-sexo\/#breadcrumb","itemListElement":[{"@type":"ListItem","position":1,"name":"Home","item":"https:\/\/blowflyofficial.com\/es\/"},{"@type":"ListItem","position":2,"name":"Buscando sexo"}]}]}},"_links":{"self":[{"href":"https:\/\/blowflyofficial.com\/es\/wp-json\/wp\/v2\/pages\/192"}],"collection":[{"href":"https:\/\/blowflyofficial.com\/es\/wp-json\/wp\/v2\/pages"}],"about":[{"href":"https:\/\/blowflyofficial.com\/es\/wp-json\/wp\/v2\/types\/page"}],"author":[{"embeddable":true,"href":"https:\/\/blowflyofficial.com\/es\/wp-json\/wp\/v2\/users\/1"}],"replies":[{"embeddable":true,"href":"https:\/\/blowflyofficial.com\/es\/wp-json\/wp\/v2\/comments?post=192"}],"version-history":[{"count":0,"href":"https:\/\/blowflyofficial.com\/es\/wp-json\/wp\/v2\/pages\/192\/revisions"}],"wp:attachment":[{"href":"https:\/\/blowflyofficial.com\/es\/wp-json\/wp\/v2\/media?parent=192"}],"curies":[{"name":"wp","href":"https:\/\/api.w.org\/{rel}","templated":true}]}}