{"id":176,"date":"2022-08-30T13:54:35","date_gmt":"2022-08-30T12:54:35","guid":{"rendered":"http:\/\/blowflyofficial.com\/swapfinder-vs-easysex\/"},"modified":"2022-08-30T13:54:35","modified_gmt":"2022-08-30T12:54:35","slug":"swapfinder-vs-easysex","status":"publish","type":"page","link":"https:\/\/blowflyofficial.com\/es\/swapfinder-vs-easysex\/","title":{"rendered":"SwapFinder Vs. EasySex"},"content":{"rendered":"<p>Las citas en l\u00ednea son una de esas cosas que parecen bastante sencillas: te registras, llenas algunas preguntas sobre ti mismo y esperas a que lleguen las coincidencias. Pero en realidad hay mucho m\u00e1s involucrado que eso.<\/p>\n<p>La forma m\u00e1s b\u00e1sica de encontrar a alguien compatible es simplemente iniciar sesi\u00f3n en una aplicaci\u00f3n o sitio y navegar por los perfiles. Si est\u00e1 buscando algo serio, puede tomar un tiempo. E incluso si logras encontrar a alguien, a\u00fan no sabr\u00e1s si quieren salir contigo a menos que le env\u00edes un mensaje.<\/p>\n<p>Para sitios como eHarmony, Match, PlentyOfFish, Zoosk, OkCupid y Tinder, t\u00e9cnicamente puede usar sus versiones gratuitas para mirar a su alrededor y ver qu\u00e9 hay disponible. Pero tambi\u00e9n hay muchas opciones de pago, que le permiten enviar mensajes a posibles citas y ver a qui\u00e9n le gusta.<\/p>\n<h2>Buscador de intercambios<\/h2>\n<p>Si est\u00e1 buscando un lugar para <a href=\"http:\/\/blowflyofficial.com\/es\/encuentre-una-conexion-casual-local\/\">conocer gente en l\u00ednea<\/a>, entonces SwapFinder.com podr\u00eda ser justo lo que ha estado buscando. Ver\u00e1s, esto no es exactamente un sitio de citas. En cambio, es un sitio de redes sociales gratuito donde personas de ideas afines se re\u00fanen para intercambiar parejas por una noche de diversi\u00f3n. Y aunque hay muchos sitios que atienden espec\u00edficamente a parejas swinging, este se destaca por encima del resto.<\/p>\n<p>La raz\u00f3n es porque SwapFinder.com es propiedad de la misma compa\u00f1\u00eda que Adult Friend Finder, uno de los sitios de citas para adultos m\u00e1s populares del mundo. Por lo tanto, si desea encontrar a alguien con quien conectarse esta noche, probablemente tendr\u00e1 mucho m\u00e1s \u00e9xito al encontrar a alguien aqu\u00ed que en cualquier otro lugar.<\/p>\n<h2>Sexo f\u00e1cil<\/h2>\n<p>No s\u00e9 t\u00fa, pero me gusta el sexo. Bueno, me encanta el sexo. De hecho, creo que es pr\u00e1cticamente la parte m\u00e1s divertida de la vida. Y aunque hay muchos sitios donde puedes encontrar conexiones, quer\u00eda algo diferente. Algo mejor. As\u00ed que me inscrib\u00ed en EasySex.com.<\/p>\n<p>La idea detr\u00e1s de EasySex es simple. Te registras gratis, subes una foto de perfil, completas algunas preguntas y boom: est\u00e1s listo para comenzar a conocer gente. No hay tarifas, ni trucos, ni tonter\u00edas. Solo personas reales que buscan tener conversaciones reales.<\/p>\n<p>Hasta ahora, bien. Pero lo que realmente distingue a EasySex es lo f\u00e1cil que es conocer gente. A diferencia de otros sitios, EasySex no requiere que pague m\u00e1s para ver qui\u00e9n m\u00e1s est\u00e1 en l\u00ednea. En su lugar, puede navegar por los perfiles de forma completamente an\u00f3nima. Si desea chatear con alguien, simplemente escriba \u00ab\u00a1Oye!\u00bb en el cuadro de texto junto a su foto, presione Enviar y \u00a1listo! Comienza la mensajer\u00eda instant\u00e1nea.<\/p>\n<p>Y la mejor parte es que, una vez que decides ir a una cita, no hay costos ocultos. Todo lo que tienes que hacer es presentarte. La mayor\u00eda de la gente parece disfrutar haciendo eso.<\/p>\n<h1>Alternativa &#8211; Zoosk<\/h1>\n<p>Zoosk ha existido desde 2004 y cuenta con m\u00e1s de 25 millones de miembros en todo el mundo. Recientemente lanz\u00f3 una aplicaci\u00f3n redise\u00f1ada que permite a los usuarios ver posibles coincidencias basadas en puntos en com\u00fan como la ubicaci\u00f3n, la edad, el nivel de educaci\u00f3n, el tipo de trabajo, etc.<\/p>\n<p>La aplicaci\u00f3n a\u00fan requiere que los usuarios completen un cuestionario sobre s\u00ed mismos antes de que puedan ver la informaci\u00f3n de los dem\u00e1s. Este cuestionario incluye ocho preguntas que ayudan a Zoosk a determinar qu\u00e9 tipo de persona eres. Estas preguntas incluyen \u00ab\u00bfQu\u00e9 te gusta hacer?\u00bb y \u00ab\u00bfPrefieres pasar el rato solo o con amigos?\u00bb.<\/p>\n<p>Puede omitir algunas de las preguntas, pero no puede omitir la pregunta de personalidad. Debe responder a todas las preguntas en su totalidad antes de poder pasar al siguiente paso.<\/p>\n","protected":false},"excerpt":{"rendered":"<p>Las citas en l\u00ednea son una de esas cosas que parecen bastante sencillas: te registras, llenas algunas preguntas sobre ti mismo y esperas a que lleguen las coincidencias. Pero en realidad hay mucho m\u00e1s involucrado que eso. La forma m\u00e1s b\u00e1sica de encontrar a alguien compatible es simplemente iniciar sesi\u00f3n en una aplicaci\u00f3n o sitio &#8230; <a title=\"SwapFinder Vs. EasySex\" class=\"read-more\" href=\"https:\/\/blowflyofficial.com\/es\/swapfinder-vs-easysex\/\" aria-label=\"M\u00e1s en SwapFinder Vs. EasySex\">Leer m\u00e1s<\/a><\/p>\n","protected":false},"author":1,"featured_media":0,"parent":0,"menu_order":0,"comment_status":"closed","ping_status":"closed","template":"","meta":[],"yoast_head":"<!-- This site is optimized with the Yoast SEO plugin v17.7.1 - https:\/\/yoast.com\/wordpress\/plugins\/seo\/ -->\n<title>SwapFinder Vs. EasySex - Clasificaciones de conexi\u00f3n<\/title>\n<meta name=\"robots\" content=\"index, follow, max-snippet:-1, max-image-preview:large, max-video-preview:-1\" \/>\n<link rel=\"canonical\" href=\"https:\/\/blowflyofficial.com\/es\/swapfinder-vs-easysex\/\" \/>\n<meta property=\"og:locale\" content=\"es_ES\" \/>\n<meta property=\"og:type\" content=\"article\" \/>\n<meta property=\"og:title\" content=\"SwapFinder Vs. EasySex - Clasificaciones de conexi\u00f3n\" \/>\n<meta property=\"og:description\" content=\"Las citas en l\u00ednea son una de esas cosas que parecen bastante sencillas: te registras, llenas algunas preguntas sobre ti mismo y esperas a que lleguen las coincidencias. Pero en realidad hay mucho m\u00e1s involucrado que eso. La forma m\u00e1s b\u00e1sica de encontrar a alguien compatible es simplemente iniciar sesi\u00f3n en una aplicaci\u00f3n o sitio ... Leer m\u00e1s\" \/>\n<meta property=\"og:url\" content=\"https:\/\/blowflyofficial.com\/es\/swapfinder-vs-easysex\/\" \/>\n<meta property=\"og:site_name\" content=\"Clasificaciones de conexi\u00f3n\" \/>\n<meta name=\"twitter:card\" content=\"summary_large_image\" \/>\n<meta name=\"twitter:label1\" content=\"Tiempo de lectura\" \/>\n\t<meta name=\"twitter:data1\" content=\"3 minutos\" \/>\n<script type=\"application\/ld+json\" class=\"yoast-schema-graph\">{\"@context\":\"https:\/\/schema.org\",\"@graph\":[{\"@type\":\"WebSite\",\"@id\":\"http:\/\/blowflyofficial.com\/da\/#website\",\"url\":\"http:\/\/blowflyofficial.com\/da\/\",\"name\":\"Clasificaciones de conexi\\u00f3n\",\"description\":\"Consejos de citas casuales\",\"potentialAction\":[{\"@type\":\"SearchAction\",\"target\":{\"@type\":\"EntryPoint\",\"urlTemplate\":\"http:\/\/blowflyofficial.com\/da\/?s={search_term_string}\"},\"query-input\":\"required name=search_term_string\"}],\"inLanguage\":\"es\"},{\"@type\":\"WebPage\",\"@id\":\"https:\/\/blowflyofficial.com\/es\/swapfinder-vs-easysex\/#webpage\",\"url\":\"https:\/\/blowflyofficial.com\/es\/swapfinder-vs-easysex\/\",\"name\":\"SwapFinder Vs. EasySex - Clasificaciones de conexi\\u00f3n\",\"isPartOf\":{\"@id\":\"http:\/\/blowflyofficial.com\/da\/#website\"},\"datePublished\":\"2022-08-30T12:54:35+00:00\",\"dateModified\":\"2022-08-30T12:54:35+00:00\",\"breadcrumb\":{\"@id\":\"https:\/\/blowflyofficial.com\/es\/swapfinder-vs-easysex\/#breadcrumb\"},\"inLanguage\":\"es\",\"potentialAction\":[{\"@type\":\"ReadAction\",\"target\":[\"https:\/\/blowflyofficial.com\/es\/swapfinder-vs-easysex\/\"]}]},{\"@type\":\"BreadcrumbList\",\"@id\":\"https:\/\/blowflyofficial.com\/es\/swapfinder-vs-easysex\/#breadcrumb\",\"itemListElement\":[{\"@type\":\"ListItem\",\"position\":1,\"name\":\"Home\",\"item\":\"https:\/\/blowflyofficial.com\/es\/\"},{\"@type\":\"ListItem\",\"position\":2,\"name\":\"SwapFinder Vs. EasySex\"}]}]}<\/script>\n<!-- \/ Yoast SEO plugin. -->","yoast_head_json":{"title":"SwapFinder Vs. EasySex - Clasificaciones de conexi\u00f3n","robots":{"index":"index","follow":"follow","max-snippet":"max-snippet:-1","max-image-preview":"max-image-preview:large","max-video-preview":"max-video-preview:-1"},"canonical":"https:\/\/blowflyofficial.com\/es\/swapfinder-vs-easysex\/","og_locale":"es_ES","og_type":"article","og_title":"SwapFinder Vs. EasySex - Clasificaciones de conexi\u00f3n","og_description":"Las citas en l\u00ednea son una de esas cosas que parecen bastante sencillas: te registras, llenas algunas preguntas sobre ti mismo y esperas a que lleguen las coincidencias. Pero en realidad hay mucho m\u00e1s involucrado que eso. La forma m\u00e1s b\u00e1sica de encontrar a alguien compatible es simplemente iniciar sesi\u00f3n en una aplicaci\u00f3n o sitio ... Leer m\u00e1s","og_url":"https:\/\/blowflyofficial.com\/es\/swapfinder-vs-easysex\/","og_site_name":"Clasificaciones de conexi\u00f3n","twitter_card":"summary_large_image","twitter_misc":{"Tiempo de lectura":"3 minutos"},"schema":{"@context":"https:\/\/schema.org","@graph":[{"@type":"WebSite","@id":"http:\/\/blowflyofficial.com\/da\/#website","url":"http:\/\/blowflyofficial.com\/da\/","name":"Clasificaciones de conexi\u00f3n","description":"Consejos de citas casuales","potentialAction":[{"@type":"SearchAction","target":{"@type":"EntryPoint","urlTemplate":"http:\/\/blowflyofficial.com\/da\/?s={search_term_string}"},"query-input":"required name=search_term_string"}],"inLanguage":"es"},{"@type":"WebPage","@id":"https:\/\/blowflyofficial.com\/es\/swapfinder-vs-easysex\/#webpage","url":"https:\/\/blowflyofficial.com\/es\/swapfinder-vs-easysex\/","name":"SwapFinder Vs. EasySex - Clasificaciones de conexi\u00f3n","isPartOf":{"@id":"http:\/\/blowflyofficial.com\/da\/#website"},"datePublished":"2022-08-30T12:54:35+00:00","dateModified":"2022-08-30T12:54:35+00:00","breadcrumb":{"@id":"https:\/\/blowflyofficial.com\/es\/swapfinder-vs-easysex\/#breadcrumb"},"inLanguage":"es","potentialAction":[{"@type":"ReadAction","target":["https:\/\/blowflyofficial.com\/es\/swapfinder-vs-easysex\/"]}]},{"@type":"BreadcrumbList","@id":"https:\/\/blowflyofficial.com\/es\/swapfinder-vs-easysex\/#breadcrumb","itemListElement":[{"@type":"ListItem","position":1,"name":"Home","item":"https:\/\/blowflyofficial.com\/es\/"},{"@type":"ListItem","position":2,"name":"SwapFinder Vs. EasySex"}]}]}},"_links":{"self":[{"href":"https:\/\/blowflyofficial.com\/es\/wp-json\/wp\/v2\/pages\/176"}],"collection":[{"href":"https:\/\/blowflyofficial.com\/es\/wp-json\/wp\/v2\/pages"}],"about":[{"href":"https:\/\/blowflyofficial.com\/es\/wp-json\/wp\/v2\/types\/page"}],"author":[{"embeddable":true,"href":"https:\/\/blowflyofficial.com\/es\/wp-json\/wp\/v2\/users\/1"}],"replies":[{"embeddable":true,"href":"https:\/\/blowflyofficial.com\/es\/wp-json\/wp\/v2\/comments?post=176"}],"version-history":[{"count":0,"href":"https:\/\/blowflyofficial.com\/es\/wp-json\/wp\/v2\/pages\/176\/revisions"}],"wp:attachment":[{"href":"https:\/\/blowflyofficial.com\/es\/wp-json\/wp\/v2\/media?parent=176"}],"curies":[{"name":"wp","href":"https:\/\/api.w.org\/{rel}","templated":true}]}}