{"id":165,"date":"2022-08-30T13:59:12","date_gmt":"2022-08-30T12:59:12","guid":{"rendered":"http:\/\/blowflyofficial.com\/las-mejores-aplicaciones-de-citas-para-encontrar-algo-serio\/"},"modified":"2022-08-30T13:59:12","modified_gmt":"2022-08-30T12:59:12","slug":"las-mejores-aplicaciones-de-citas-para-encontrar-algo-serio","status":"publish","type":"page","link":"https:\/\/blowflyofficial.com\/es\/las-mejores-aplicaciones-de-citas-para-encontrar-algo-serio\/","title":{"rendered":"Las mejores aplicaciones de citas para encontrar algo serio"},"content":{"rendered":"<p>Los sitios de citas en l\u00ednea son excelentes porque son gratuitos, an\u00f3nimos y convenientes. Te permiten conocer solteros que comparten intereses, valores y estilos de vida similares. Pero tambi\u00e9n hay algunas desventajas. Los sitios de citas en l\u00ednea no son perfectos. Algunos sitios est\u00e1n llenos de perfiles falsos, mensajes de spam y estafadores. Otros requieren que los usuarios paguen para actualizar la membres\u00eda o usar servicios premium.<\/p>\n<p>Dicho esto, vale la pena echarle un vistazo a los sitios de citas en l\u00ednea. Hay muchos tipos diferentes de sitios de citas en l\u00ednea, incluidos sitios de emparejamiento, sitios de redes sociales y sitios de citas especializados. Cada tipo ofrece su propio conjunto \u00fanico de beneficios.<\/p>\n<h2>Match.com<\/h2>\n<p>Match.com es uno de los sitios de citas en l\u00ednea m\u00e1s populares, y no es de extra\u00f1ar por qu\u00e9. Con <a href=\"http:\/\/blowflyofficial.com\/es\/swapfinder-vs-easysex\/\">millones de personas buscando el amor todos los<\/a> d\u00edas, tiene sentido que haya muchas opciones para aquellos que buscan encontrar el amor. Pero a pesar de que ha existido durante m\u00e1s de 20 a\u00f1os, Match.com no es exactamente gratis. Hay algunas funciones pagas que vienen junto con el registro, como el env\u00edo de correos electr\u00f3nicos y la navegaci\u00f3n de fotos, pero el dinero real llega cuando decide comenzar a enviar mensajes a los miembros.<\/p>\n<p>El plan de membres\u00eda b\u00e1sico cuesta $ 29 por mes, mientras que el paquete Premium comienza en $ 49 \/ mes. Ambos planes incluyen acceso a todo el sitio, incluida la capacidad de navegar por los perfiles de los miembros, enviar mensajes, ver fotos y mucho m\u00e1s. Sin embargo, si realmente desea comunicarse con posibles coincidencias, tendr\u00e1 que actualizar al paquete Gold ($ 79 \/ mes) o al paquete Platinum ($ 199 \/ mes). Estos paquetes ofrecen caracter\u00edsticas adicionales, como l\u00edneas de chat ilimitadas, chats de video y chats grupales. Si realmente desea hacer todo lo posible, puede gastar tan solo $ 99 \/ mes en el paquete Diamond, que incluye todo lo incluido en el paquete Platinum m\u00e1s la capacidad de ver qui\u00e9n vio su perfil.<\/p>\n<h2>OKCupid<\/h2>\n<p>El mundo de las citas en l\u00ednea est\u00e1 cambiando r\u00e1pidamente. Y OkCupid quiere ayudar a mantenerse al d\u00eda con los tiempos. El jueves, el popular sitio de citas anunci\u00f3 que hab\u00eda relanzado toda su l\u00ednea de productos bajo un paraguas llamado OKCupid.<\/p>\n<p>Ahora, el sitio ofrece tres opciones de suscripci\u00f3n diferentes: Basic ($ 19 por mes), Plus ($ 39 por mes) y Premium ($ 59 por mes). Por $ 19 por mes, puede acceder a las funciones b\u00e1sicas del sitio, incluida la navegaci\u00f3n por las fotos de los miembros, el env\u00edo de mensajes y la lectura de respuestas. Adem\u00e1s, recibir\u00e1s notificaciones cuando alguien te responda, te env\u00ede un mensaje o te agregue a su red. Si elige actualizar al plan Plus, obtendr\u00e1 acceso a funciones adicionales, como poder enviar varios mensajes a la vez, ver perfiles de miembros completos y leer mensajes sin tener que desplazarse hacia abajo. Finalmente, el paquete Premium le permite responder directamente a los mensajes que se le env\u00edan, as\u00ed como escribir notas personalizadas para sus coincidencias.<\/p>\n<h2>Nuestro Tiempo<\/h2>\n<p>La idea detr\u00e1s de OurTime es simple. Queremos ayudar a las personas a encontrar el amor, la amistad, la compa\u00f1\u00eda y tal vez incluso el matrimonio. Y queremos hacerlo sin tener que perder horas y horas llenando aburridos formularios en l\u00ednea. As\u00ed que construimos un sitio donde cualquier persona mayor de 50 a\u00f1os puede publicar un perfil, cargar fotos, agregar videos, escribir sobre s\u00ed mismos, responder preguntas y conectarse con otros.<\/p>\n<p>Sabemos que encontrar a alguien especial requiere trabajo, ya sea a trav\u00e9s de amigos, familiares o sitios de citas en l\u00ednea. Pero creemos que todos merecen la oportunidad de conocer a alguien grande, independientemente de lo ocupada que est\u00e9 la vida. Y sabemos que a veces envejecer no significa perder la capacidad de encontrar la verdadera felicidad. De hecho, algunos estudios muestran que las personas de entre 40 y 50 a\u00f1os son en realidad m\u00e1s felices que las de 20 y 30 a\u00f1os.<\/p>\n<p>Pero mientras que millones de estadounidenses ya est\u00e1n disfrutando de los beneficios de ser parte de la \u00abgeneraci\u00f3n plateada\u00bb, no hay suficientes personas que se den cuenta de lo mucho mejor que podr\u00edan estar. Seg\u00fan el Pew Research Center, casi la mitad de los adultos estadounidenses nunca se han casado, y entre los que est\u00e1n casados, menos de la mitad de las parejas dicen que alguna vez han discutido lo que sucede despu\u00e9s de la muerte.<\/p>\n<p>Entonces, \u00bfpor qu\u00e9 no m\u00e1s personas usan OurTime para encontrar relaciones duraderas? Bueno, resulta que muchas personas no est\u00e1n interesadas en conocer a otra persona porque asumen que terminar\u00e1n solos. Les preocupa no poder atraer a una pareja, o que terminen estableci\u00e9ndose con alguien menos atractivo que ellos.<\/p>\n<h1>Nuestro consejo para usted<\/h1>\n<p>Los sitios de emparejamiento est\u00e1n dise\u00f1ados para ayudarlo a encontrar socios compatibles en funci\u00f3n de intereses compartidos y rasgos de personalidad. Los sitios de redes sociales son ideales para reunirse con amigos y hacer conexiones. Los sitios de citas especializados atienden a grupos espec\u00edficos, como aquellos interesados en encontrar el amor entre padres divorciados, hombres homosexuales o madres solteras.<\/p>\n<p>Hay pros y contras para cada tipo de sitio. Los sitios de emparejamiento tienden a ser caros, pero ofrecen una mejor privacidad que la mayor\u00eda de las otras opciones. Los sitios de redes sociales son gratuitos, pero carecen del toque personal de los sitios de emparejamiento. Y los sitios de citas especializados suelen ser m\u00e1s baratos que los sitios de emparejamiento, pero es posible que no incluyan caracter\u00edsticas que se encuentran en otros sitios.<\/p>\n<p>Independientemente de qu\u00e9 opci\u00f3n funcione mejor para usted, recuerde que los sitios de citas en l\u00ednea no son perfectos. As\u00ed que aprov\u00e9chalos, pero mant\u00e9n una mente abierta cuando busques el amor.<\/p>\n","protected":false},"excerpt":{"rendered":"<p>Los sitios de citas en l\u00ednea son excelentes porque son gratuitos, an\u00f3nimos y convenientes. Te permiten conocer solteros que comparten intereses, valores y estilos de vida similares. Pero tambi\u00e9n hay algunas desventajas. Los sitios de citas en l\u00ednea no son perfectos. Algunos sitios est\u00e1n llenos de perfiles falsos, mensajes de spam y estafadores. Otros requieren &#8230; <a title=\"Las mejores aplicaciones de citas para encontrar algo serio\" class=\"read-more\" href=\"https:\/\/blowflyofficial.com\/es\/las-mejores-aplicaciones-de-citas-para-encontrar-algo-serio\/\" aria-label=\"M\u00e1s en Las mejores aplicaciones de citas para encontrar algo serio\">Leer m\u00e1s<\/a><\/p>\n","protected":false},"author":1,"featured_media":0,"parent":0,"menu_order":0,"comment_status":"closed","ping_status":"closed","template":"","meta":[],"yoast_head":"<!-- This site is optimized with the Yoast SEO plugin v17.7.1 - https:\/\/yoast.com\/wordpress\/plugins\/seo\/ -->\n<title>Las mejores aplicaciones de citas para encontrar algo serio - Clasificaciones de conexi\u00f3n<\/title>\n<meta name=\"robots\" content=\"index, follow, max-snippet:-1, max-image-preview:large, max-video-preview:-1\" \/>\n<link rel=\"canonical\" href=\"https:\/\/blowflyofficial.com\/es\/las-mejores-aplicaciones-de-citas-para-encontrar-algo-serio\/\" \/>\n<meta property=\"og:locale\" content=\"es_ES\" \/>\n<meta property=\"og:type\" content=\"article\" \/>\n<meta property=\"og:title\" content=\"Las mejores aplicaciones de citas para encontrar algo serio - Clasificaciones de conexi\u00f3n\" \/>\n<meta property=\"og:description\" content=\"Los sitios de citas en l\u00ednea son excelentes porque son gratuitos, an\u00f3nimos y convenientes. Te permiten conocer solteros que comparten intereses, valores y estilos de vida similares. Pero tambi\u00e9n hay algunas desventajas. Los sitios de citas en l\u00ednea no son perfectos. Algunos sitios est\u00e1n llenos de perfiles falsos, mensajes de spam y estafadores. Otros requieren ... Leer m\u00e1s\" \/>\n<meta property=\"og:url\" content=\"https:\/\/blowflyofficial.com\/es\/las-mejores-aplicaciones-de-citas-para-encontrar-algo-serio\/\" \/>\n<meta property=\"og:site_name\" content=\"Clasificaciones de conexi\u00f3n\" \/>\n<meta name=\"twitter:card\" content=\"summary_large_image\" \/>\n<meta name=\"twitter:label1\" content=\"Tiempo de lectura\" \/>\n\t<meta name=\"twitter:data1\" content=\"5 minutos\" \/>\n<script type=\"application\/ld+json\" class=\"yoast-schema-graph\">{\"@context\":\"https:\/\/schema.org\",\"@graph\":[{\"@type\":\"WebSite\",\"@id\":\"http:\/\/blowflyofficial.com\/da\/#website\",\"url\":\"http:\/\/blowflyofficial.com\/da\/\",\"name\":\"Clasificaciones de conexi\\u00f3n\",\"description\":\"Consejos de citas casuales\",\"potentialAction\":[{\"@type\":\"SearchAction\",\"target\":{\"@type\":\"EntryPoint\",\"urlTemplate\":\"http:\/\/blowflyofficial.com\/da\/?s={search_term_string}\"},\"query-input\":\"required name=search_term_string\"}],\"inLanguage\":\"es\"},{\"@type\":\"WebPage\",\"@id\":\"https:\/\/blowflyofficial.com\/es\/las-mejores-aplicaciones-de-citas-para-encontrar-algo-serio\/#webpage\",\"url\":\"https:\/\/blowflyofficial.com\/es\/las-mejores-aplicaciones-de-citas-para-encontrar-algo-serio\/\",\"name\":\"Las mejores aplicaciones de citas para encontrar algo serio - Clasificaciones de conexi\\u00f3n\",\"isPartOf\":{\"@id\":\"http:\/\/blowflyofficial.com\/da\/#website\"},\"datePublished\":\"2022-08-30T12:59:12+00:00\",\"dateModified\":\"2022-08-30T12:59:12+00:00\",\"breadcrumb\":{\"@id\":\"https:\/\/blowflyofficial.com\/es\/las-mejores-aplicaciones-de-citas-para-encontrar-algo-serio\/#breadcrumb\"},\"inLanguage\":\"es\",\"potentialAction\":[{\"@type\":\"ReadAction\",\"target\":[\"https:\/\/blowflyofficial.com\/es\/las-mejores-aplicaciones-de-citas-para-encontrar-algo-serio\/\"]}]},{\"@type\":\"BreadcrumbList\",\"@id\":\"https:\/\/blowflyofficial.com\/es\/las-mejores-aplicaciones-de-citas-para-encontrar-algo-serio\/#breadcrumb\",\"itemListElement\":[{\"@type\":\"ListItem\",\"position\":1,\"name\":\"Home\",\"item\":\"https:\/\/blowflyofficial.com\/es\/\"},{\"@type\":\"ListItem\",\"position\":2,\"name\":\"Las mejores aplicaciones de citas para encontrar algo serio\"}]}]}<\/script>\n<!-- \/ Yoast SEO plugin. -->","yoast_head_json":{"title":"Las mejores aplicaciones de citas para encontrar algo serio - Clasificaciones de conexi\u00f3n","robots":{"index":"index","follow":"follow","max-snippet":"max-snippet:-1","max-image-preview":"max-image-preview:large","max-video-preview":"max-video-preview:-1"},"canonical":"https:\/\/blowflyofficial.com\/es\/las-mejores-aplicaciones-de-citas-para-encontrar-algo-serio\/","og_locale":"es_ES","og_type":"article","og_title":"Las mejores aplicaciones de citas para encontrar algo serio - Clasificaciones de conexi\u00f3n","og_description":"Los sitios de citas en l\u00ednea son excelentes porque son gratuitos, an\u00f3nimos y convenientes. Te permiten conocer solteros que comparten intereses, valores y estilos de vida similares. Pero tambi\u00e9n hay algunas desventajas. Los sitios de citas en l\u00ednea no son perfectos. Algunos sitios est\u00e1n llenos de perfiles falsos, mensajes de spam y estafadores. Otros requieren ... Leer m\u00e1s","og_url":"https:\/\/blowflyofficial.com\/es\/las-mejores-aplicaciones-de-citas-para-encontrar-algo-serio\/","og_site_name":"Clasificaciones de conexi\u00f3n","twitter_card":"summary_large_image","twitter_misc":{"Tiempo de lectura":"5 minutos"},"schema":{"@context":"https:\/\/schema.org","@graph":[{"@type":"WebSite","@id":"http:\/\/blowflyofficial.com\/da\/#website","url":"http:\/\/blowflyofficial.com\/da\/","name":"Clasificaciones de conexi\u00f3n","description":"Consejos de citas casuales","potentialAction":[{"@type":"SearchAction","target":{"@type":"EntryPoint","urlTemplate":"http:\/\/blowflyofficial.com\/da\/?s={search_term_string}"},"query-input":"required name=search_term_string"}],"inLanguage":"es"},{"@type":"WebPage","@id":"https:\/\/blowflyofficial.com\/es\/las-mejores-aplicaciones-de-citas-para-encontrar-algo-serio\/#webpage","url":"https:\/\/blowflyofficial.com\/es\/las-mejores-aplicaciones-de-citas-para-encontrar-algo-serio\/","name":"Las mejores aplicaciones de citas para encontrar algo serio - Clasificaciones de conexi\u00f3n","isPartOf":{"@id":"http:\/\/blowflyofficial.com\/da\/#website"},"datePublished":"2022-08-30T12:59:12+00:00","dateModified":"2022-08-30T12:59:12+00:00","breadcrumb":{"@id":"https:\/\/blowflyofficial.com\/es\/las-mejores-aplicaciones-de-citas-para-encontrar-algo-serio\/#breadcrumb"},"inLanguage":"es","potentialAction":[{"@type":"ReadAction","target":["https:\/\/blowflyofficial.com\/es\/las-mejores-aplicaciones-de-citas-para-encontrar-algo-serio\/"]}]},{"@type":"BreadcrumbList","@id":"https:\/\/blowflyofficial.com\/es\/las-mejores-aplicaciones-de-citas-para-encontrar-algo-serio\/#breadcrumb","itemListElement":[{"@type":"ListItem","position":1,"name":"Home","item":"https:\/\/blowflyofficial.com\/es\/"},{"@type":"ListItem","position":2,"name":"Las mejores aplicaciones de citas para encontrar algo serio"}]}]}},"_links":{"self":[{"href":"https:\/\/blowflyofficial.com\/es\/wp-json\/wp\/v2\/pages\/165"}],"collection":[{"href":"https:\/\/blowflyofficial.com\/es\/wp-json\/wp\/v2\/pages"}],"about":[{"href":"https:\/\/blowflyofficial.com\/es\/wp-json\/wp\/v2\/types\/page"}],"author":[{"embeddable":true,"href":"https:\/\/blowflyofficial.com\/es\/wp-json\/wp\/v2\/users\/1"}],"replies":[{"embeddable":true,"href":"https:\/\/blowflyofficial.com\/es\/wp-json\/wp\/v2\/comments?post=165"}],"version-history":[{"count":0,"href":"https:\/\/blowflyofficial.com\/es\/wp-json\/wp\/v2\/pages\/165\/revisions"}],"wp:attachment":[{"href":"https:\/\/blowflyofficial.com\/es\/wp-json\/wp\/v2\/media?parent=165"}],"curies":[{"name":"wp","href":"https:\/\/api.w.org\/{rel}","templated":true}]}}