{"id":135,"date":"2022-08-30T14:15:19","date_gmt":"2022-08-30T13:15:19","guid":{"rendered":"http:\/\/blowflyofficial.com\/sitios-web-de-citas-swinger-casuales\/"},"modified":"2022-08-30T14:15:19","modified_gmt":"2022-08-30T13:15:19","slug":"sitios-web-de-citas-swinger-casuales","status":"publish","type":"page","link":"https:\/\/blowflyofficial.com\/es\/sitios-web-de-citas-swinger-casuales\/","title":{"rendered":"Sitios web de citas swinger casuales"},"content":{"rendered":"<p>La mejor manera de conocer a personas que est\u00e1n interesadas en el swinging es unirse a un sitio de citas swinger. Hay muchas opciones por ah\u00ed, incluyendo algunas de pago, pero descubrimos que la mayor\u00eda de los mejores sitios son gratuitos. Estos sitios atienden espec\u00edficamente a aquellos que buscan parejas, tr\u00edos y cuartetos. Tambi\u00e9n tienden a ser muy discretos sobre lo que hacen, lo que permite a los miembros comunicarse sin temor a ser atrapados.<\/p>\n<p>Probamos diferentes sitios en funci\u00f3n de qu\u00e9 tan bien <a href=\"http:\/\/blowflyofficial.com\/es\/encuentre-un-milf-en-su-area\/\">coincid\u00edan con<\/a> nuestros criterios para encontrar swingers locales. Analizamos cosas como el n\u00famero de ciudades cubiertas, la cantidad de informaci\u00f3n disponible y si era posible ordenar los perfiles por ubicaci\u00f3n. Tambi\u00e9n tuvimos en cuenta si el sitio ten\u00eda una aplicaci\u00f3n m\u00f3vil, as\u00ed como si era f\u00e1cil de navegar y entender.<\/p>\n<p>El mundo del swinging no es f\u00e1cil. Hay reglas, regulaciones y expectativas a seguir. Pero no te preocupes, no tendr\u00e1s que hacerlo solo. Hemos reunido una lista de los mejores sitios de swingers, incluidas rese\u00f1as y calificaciones. Adem\u00e1s, le mostraremos c\u00f3mo usar el sitio para encontrar swingers locales cerca de usted.<\/p>\n<p>Quer\u00edamos encontrar los mejores sitios de citas swinger porque hay muchas opciones por ah\u00ed. Nuestro objetivo era facilitar que cualquiera que busque unirse a un sitio swinger elija uno basado en los criterios anteriores. As\u00ed que fuimos directamente a la fuente y le preguntamos a personas reales: \u00ab\u00bfQu\u00e9 sitio swinger usas con m\u00e1s frecuencia? \u00bfPor qu\u00e9? \u00bfCu\u00e1l funciona mejor para ti?\u00bb<\/p>\n<h2>\u00bfPor d\u00f3nde empezar?<\/h2>\n<p>La encuesta se llev\u00f3 a cabo en el transcurso de un mes y medio. Enviamos correos electr\u00f3nicos a miles de swingers activos, pidi\u00e9ndoles que participaran en nuestro estudio. Despu\u00e9s de recibir cientos de respuestas, redujimos la lista a los 10 sitios principales y elegimos a los ganadores en funci\u00f3n de los datos recopilados.<\/p>\n<h3>Aff<\/h3>\n<p>Adult Friend Finder sigue siendo el sitio swinger m\u00e1s grande que existe. El sitio cuenta con m\u00e1s de 10 millones de miembros registrados y es f\u00e1cil ver por qu\u00e9. Con un n\u00famero tan grande de miembros, hay muchas oportunidades para conectarse con otros que buscan experiencias de swinging.<\/p>\n<p>La mejor parte de AFFCommunity.com es que es muy activo. Hay muchas maneras de interactuar con otros miembros. Puedes unirte a grupos basados en intereses espec\u00edficos como BDSM, poliamor e incluso fetiches. Estos grupos te permiten hablar sobre lo que quieres hacer y cu\u00e1nto quieres hacerlo. Tambi\u00e9n puede usar los foros para hacer preguntas y obtener consejos de otros miembros.<\/p>\n<h3>Swaps<\/h3>\n<p>Swaps es otra gran opci\u00f3n para encontrar pareja. Este sitio le permite navegar por los perfiles de las personas que buscan intercambiar. Puedes filtrar tus b\u00fasquedas por edad, sexo, ubicaci\u00f3n y orientaci\u00f3n sexual. Una vez que encuentres a alguien con quien te gustar\u00eda reunirte, puedes enviar mensajes directamente desde el perfil. Si no recibe respuesta dentro de las 24 horas, puede volver a enviar su mensaje.<\/p>\n<h3>Kasidie<\/h3>\n<p>Kasidie.com es una de las opciones m\u00e1s populares para aquellos que desean explorar el swinging. Ofrecen muchas actividades diferentes, incluidas fiestas, sexo en grupo y juegos de roles. Este sitio tambi\u00e9n ofrece sesiones de c\u00e1mara web en vivo donde puede ver a las personas realizar actos juntos.<\/p>\n<h3>Alt<\/h3>\n<p>Si est\u00e1s buscando un poco de emoci\u00f3n extra, echa un vistazo a Alt.com. Este sitio presenta fotos sexys de modelos que est\u00e1n dispuestas a realizar ciertos actos. Las chicas se desnudan completamente desnudas y muestran sus cuerpos. Algunas de las fotos presentan masturbaci\u00f3n, mientras que otras tienen sexo hardcore expl\u00edcito.<\/p>\n<p>Hay muchos beneficios al unirse a un sitio swinger. En primer lugar, le da acceso a un gran grupo de socios potenciales. En segundo lugar, te da la oportunidad de probar algo que de otra manera nunca experimentar\u00edas. En tercer lugar, proporciona un entorno seguro para explorar sus fantas\u00edas. Finalmente, te ayuda a evitar que te atrapen hablando sucio en l\u00ednea.<\/p>\n","protected":false},"excerpt":{"rendered":"<p>La mejor manera de conocer a personas que est\u00e1n interesadas en el swinging es unirse a un sitio de citas swinger. Hay muchas opciones por ah\u00ed, incluyendo algunas de pago, pero descubrimos que la mayor\u00eda de los mejores sitios son gratuitos. Estos sitios atienden espec\u00edficamente a aquellos que buscan parejas, tr\u00edos y cuartetos. Tambi\u00e9n tienden &#8230; <a title=\"Sitios web de citas swinger casuales\" class=\"read-more\" href=\"https:\/\/blowflyofficial.com\/es\/sitios-web-de-citas-swinger-casuales\/\" aria-label=\"M\u00e1s en Sitios web de citas swinger casuales\">Leer m\u00e1s<\/a><\/p>\n","protected":false},"author":1,"featured_media":0,"parent":0,"menu_order":0,"comment_status":"closed","ping_status":"closed","template":"","meta":[],"yoast_head":"<!-- This site is optimized with the Yoast SEO plugin v17.7.1 - https:\/\/yoast.com\/wordpress\/plugins\/seo\/ -->\n<title>Sitios web de citas swinger casuales - Clasificaciones de conexi\u00f3n<\/title>\n<meta name=\"robots\" content=\"index, follow, max-snippet:-1, max-image-preview:large, max-video-preview:-1\" \/>\n<link rel=\"canonical\" href=\"https:\/\/blowflyofficial.com\/es\/sitios-web-de-citas-swinger-casuales\/\" \/>\n<meta property=\"og:locale\" content=\"es_ES\" \/>\n<meta property=\"og:type\" content=\"article\" \/>\n<meta property=\"og:title\" content=\"Sitios web de citas swinger casuales - Clasificaciones de conexi\u00f3n\" \/>\n<meta property=\"og:description\" content=\"La mejor manera de conocer a personas que est\u00e1n interesadas en el swinging es unirse a un sitio de citas swinger. Hay muchas opciones por ah\u00ed, incluyendo algunas de pago, pero descubrimos que la mayor\u00eda de los mejores sitios son gratuitos. Estos sitios atienden espec\u00edficamente a aquellos que buscan parejas, tr\u00edos y cuartetos. Tambi\u00e9n tienden ... Leer m\u00e1s\" \/>\n<meta property=\"og:url\" content=\"https:\/\/blowflyofficial.com\/es\/sitios-web-de-citas-swinger-casuales\/\" \/>\n<meta property=\"og:site_name\" content=\"Clasificaciones de conexi\u00f3n\" \/>\n<meta name=\"twitter:card\" content=\"summary_large_image\" \/>\n<meta name=\"twitter:label1\" content=\"Tiempo de lectura\" \/>\n\t<meta name=\"twitter:data1\" content=\"3 minutos\" \/>\n<script type=\"application\/ld+json\" class=\"yoast-schema-graph\">{\"@context\":\"https:\/\/schema.org\",\"@graph\":[{\"@type\":\"WebSite\",\"@id\":\"http:\/\/blowflyofficial.com\/da\/#website\",\"url\":\"http:\/\/blowflyofficial.com\/da\/\",\"name\":\"Clasificaciones de conexi\\u00f3n\",\"description\":\"Consejos de citas casuales\",\"potentialAction\":[{\"@type\":\"SearchAction\",\"target\":{\"@type\":\"EntryPoint\",\"urlTemplate\":\"http:\/\/blowflyofficial.com\/da\/?s={search_term_string}\"},\"query-input\":\"required name=search_term_string\"}],\"inLanguage\":\"es\"},{\"@type\":\"WebPage\",\"@id\":\"https:\/\/blowflyofficial.com\/es\/sitios-web-de-citas-swinger-casuales\/#webpage\",\"url\":\"https:\/\/blowflyofficial.com\/es\/sitios-web-de-citas-swinger-casuales\/\",\"name\":\"Sitios web de citas swinger casuales - Clasificaciones de conexi\\u00f3n\",\"isPartOf\":{\"@id\":\"http:\/\/blowflyofficial.com\/da\/#website\"},\"datePublished\":\"2022-08-30T13:15:19+00:00\",\"dateModified\":\"2022-08-30T13:15:19+00:00\",\"breadcrumb\":{\"@id\":\"https:\/\/blowflyofficial.com\/es\/sitios-web-de-citas-swinger-casuales\/#breadcrumb\"},\"inLanguage\":\"es\",\"potentialAction\":[{\"@type\":\"ReadAction\",\"target\":[\"https:\/\/blowflyofficial.com\/es\/sitios-web-de-citas-swinger-casuales\/\"]}]},{\"@type\":\"BreadcrumbList\",\"@id\":\"https:\/\/blowflyofficial.com\/es\/sitios-web-de-citas-swinger-casuales\/#breadcrumb\",\"itemListElement\":[{\"@type\":\"ListItem\",\"position\":1,\"name\":\"Home\",\"item\":\"https:\/\/blowflyofficial.com\/es\/\"},{\"@type\":\"ListItem\",\"position\":2,\"name\":\"Sitios web de citas swinger casuales\"}]}]}<\/script>\n<!-- \/ Yoast SEO plugin. -->","yoast_head_json":{"title":"Sitios web de citas swinger casuales - Clasificaciones de conexi\u00f3n","robots":{"index":"index","follow":"follow","max-snippet":"max-snippet:-1","max-image-preview":"max-image-preview:large","max-video-preview":"max-video-preview:-1"},"canonical":"https:\/\/blowflyofficial.com\/es\/sitios-web-de-citas-swinger-casuales\/","og_locale":"es_ES","og_type":"article","og_title":"Sitios web de citas swinger casuales - Clasificaciones de conexi\u00f3n","og_description":"La mejor manera de conocer a personas que est\u00e1n interesadas en el swinging es unirse a un sitio de citas swinger. Hay muchas opciones por ah\u00ed, incluyendo algunas de pago, pero descubrimos que la mayor\u00eda de los mejores sitios son gratuitos. Estos sitios atienden espec\u00edficamente a aquellos que buscan parejas, tr\u00edos y cuartetos. Tambi\u00e9n tienden ... Leer m\u00e1s","og_url":"https:\/\/blowflyofficial.com\/es\/sitios-web-de-citas-swinger-casuales\/","og_site_name":"Clasificaciones de conexi\u00f3n","twitter_card":"summary_large_image","twitter_misc":{"Tiempo de lectura":"3 minutos"},"schema":{"@context":"https:\/\/schema.org","@graph":[{"@type":"WebSite","@id":"http:\/\/blowflyofficial.com\/da\/#website","url":"http:\/\/blowflyofficial.com\/da\/","name":"Clasificaciones de conexi\u00f3n","description":"Consejos de citas casuales","potentialAction":[{"@type":"SearchAction","target":{"@type":"EntryPoint","urlTemplate":"http:\/\/blowflyofficial.com\/da\/?s={search_term_string}"},"query-input":"required name=search_term_string"}],"inLanguage":"es"},{"@type":"WebPage","@id":"https:\/\/blowflyofficial.com\/es\/sitios-web-de-citas-swinger-casuales\/#webpage","url":"https:\/\/blowflyofficial.com\/es\/sitios-web-de-citas-swinger-casuales\/","name":"Sitios web de citas swinger casuales - Clasificaciones de conexi\u00f3n","isPartOf":{"@id":"http:\/\/blowflyofficial.com\/da\/#website"},"datePublished":"2022-08-30T13:15:19+00:00","dateModified":"2022-08-30T13:15:19+00:00","breadcrumb":{"@id":"https:\/\/blowflyofficial.com\/es\/sitios-web-de-citas-swinger-casuales\/#breadcrumb"},"inLanguage":"es","potentialAction":[{"@type":"ReadAction","target":["https:\/\/blowflyofficial.com\/es\/sitios-web-de-citas-swinger-casuales\/"]}]},{"@type":"BreadcrumbList","@id":"https:\/\/blowflyofficial.com\/es\/sitios-web-de-citas-swinger-casuales\/#breadcrumb","itemListElement":[{"@type":"ListItem","position":1,"name":"Home","item":"https:\/\/blowflyofficial.com\/es\/"},{"@type":"ListItem","position":2,"name":"Sitios web de citas swinger casuales"}]}]}},"_links":{"self":[{"href":"https:\/\/blowflyofficial.com\/es\/wp-json\/wp\/v2\/pages\/135"}],"collection":[{"href":"https:\/\/blowflyofficial.com\/es\/wp-json\/wp\/v2\/pages"}],"about":[{"href":"https:\/\/blowflyofficial.com\/es\/wp-json\/wp\/v2\/types\/page"}],"author":[{"embeddable":true,"href":"https:\/\/blowflyofficial.com\/es\/wp-json\/wp\/v2\/users\/1"}],"replies":[{"embeddable":true,"href":"https:\/\/blowflyofficial.com\/es\/wp-json\/wp\/v2\/comments?post=135"}],"version-history":[{"count":0,"href":"https:\/\/blowflyofficial.com\/es\/wp-json\/wp\/v2\/pages\/135\/revisions"}],"wp:attachment":[{"href":"https:\/\/blowflyofficial.com\/es\/wp-json\/wp\/v2\/media?parent=135"}],"curies":[{"name":"wp","href":"https:\/\/api.w.org\/{rel}","templated":true}]}}