{"id":131,"date":"2022-08-30T14:17:26","date_gmt":"2022-08-30T13:17:26","guid":{"rendered":"http:\/\/blowflyofficial.com\/buscador-de-una-sola-noche\/"},"modified":"2022-08-30T14:17:26","modified_gmt":"2022-08-30T13:17:26","slug":"buscador-de-una-sola-noche","status":"publish","type":"page","link":"https:\/\/blowflyofficial.com\/es\/buscador-de-una-sola-noche\/","title":{"rendered":"Buscador de una sola noche"},"content":{"rendered":"<p>Si quieres hacer una aventura de una noche con mujeres, se necesita un poco de preparaci\u00f3n y estrategia. No solo te acercas a una mujer y le preguntas qu\u00e9 quiere. Si lo haces, probablemente terminar\u00e1s siendo rechazado. Hay ciertas cosas que debe saber sobre las mujeres antes de acercarse a ellas. Estos son los pasos que debe seguir para hacer una aventura de una noche con mujeres.<\/p>\n<h2>Nuestros consejos para encontrar algo casual<\/h2>\n<p>Mucha gente piensa que el sexo casual se trata solo de acostarse sin preocuparse por nada m\u00e1s. Pero hay muchas cosas a considerar m\u00e1s all\u00e1 del acto f\u00edsico en s\u00ed. Hay riesgos involucrados que podr\u00edan afectar a ambas partes. E incluso si ninguna de las dos personas siente que est\u00e1 siendo presionada para hacer algo que no quiere, todav\u00eda hay formas de asegurarse de que todos se sientan c\u00f3modos.<\/p>\n<h3>Con\u00f3cete a ti mismo primero<\/h3>\n<p>Lo m\u00e1s importante que debes hacer antes de hacer una aventura de una noche con una mujer es entenderte a ti mismo. \u00bfQu\u00e9 te hace funcionar? \u00bfPor qu\u00e9 reaccionas de la manera en que lo haces? \u00bfC\u00f3mo funciona tu cerebro? Estas preguntas te ayudan a descubrir por qu\u00e9 act\u00faas de la manera en que lo haces. Una vez que haya respondido a esas preguntas, estar\u00e1 listo para seguir adelante.<\/p>\n<h3>S\u00e9 honesto acerca de tus intenciones<\/h3>\n<p>A continuaci\u00f3n, debe asegurarse de decir la verdad sobre sus intenciones. No te mientas a ti mismo ni a los dem\u00e1s. Di la verdad sobre c\u00f3mo te sientes y lo que quieres. Si dices algo como \u00abEstoy buscando a alguien especial\u00bb, es posible que te encuentres solo a la ma\u00f1ana siguiente. Si eres honesto, no tendr\u00e1s que preocuparte por ser rechazado.<\/p>\n<h3>Hacer preguntas<\/h3>\n<p>Cuando conoces gente, generalmente hablas con ellos. Cuando conoces mujeres, generalmente comienzas a hablar con ellas. Pero no hay raz\u00f3n para entrar directamente en la conversaci\u00f3n. En su lugar, use una peque\u00f1a charla para aprender sobre la persona. Haga preguntas abiertas. Por ejemplo, \u00ab\u00bfQu\u00e9 haces?\u00bb \u00ab\u00bfD\u00f3nde creciste?\u00bb \u00ab\u00bfVives por aqu\u00ed?\u00bb<\/p>\n<h3>Conoce tu juego<\/h3>\n<p>El primer paso para recoger a una chica es conocerte a ti mismo. Tienes que entender lo que te hace atractiva para las mujeres. \u00bfTe gusta hablar con la gente? \u00bfEres extrovertido? \u00bfEres gracioso? Estas cosas importan. Si eres t\u00edmido, no te preocupes; encontrar\u00e1s a alguien m\u00e1s. Pero si eres inc\u00f3modo, es posible que tengas dificultades para acostarte.<\/p>\n<p>No subestimes el humor. A las mujeres les encantan los hombres que hacen chistes. Piensan que muestra confianza. Y aunque no debes burlarte de la gente, necesitas soltarte de vez en cuando. Cuando lo haces, ayuda a aflojarla.<\/p>\n<h2>\u00bfEl futuro de la conexi\u00f3n?<\/h2>\n<p>Tinder a menudo es criticado por ser una aplicaci\u00f3n glorificada para el sexo, pero en realidad est\u00e1 haciendo algo muy diferente. De hecho, est\u00e1 ayudando a las personas a navegar por el mundo de las citas de una manera completamente nueva.<\/p>\n<p>En los viejos tiempos, conocer a alguien significaba tener que sentarse a tomar algo y cenar, escuchar historias aburridas sobre ti mismo y esperar que lo lograras. Luego vinieron las citas en l\u00ednea, donde pod\u00edamos omitir todo eso y conocer socios potenciales en salas de chat virtuales. Pero, \u00bfqu\u00e9 sucede cuando quieres reunirte sin pasar horas hablando en la computadora? Bueno, vas a un bar o club y esperas encontrarte con alguien genial. O llamas a una amiga y le pides que te prepare. Sin embargo, cualquiera de las dos opciones requiere un poco de esfuerzo y puede tardar semanas en suceder.<\/p>\n","protected":false},"excerpt":{"rendered":"<p>Si quieres hacer una aventura de una noche con mujeres, se necesita un poco de preparaci\u00f3n y estrategia. No solo te acercas a una mujer y le preguntas qu\u00e9 quiere. Si lo haces, probablemente terminar\u00e1s siendo rechazado. Hay ciertas cosas que debe saber sobre las mujeres antes de acercarse a ellas. Estos son los pasos &#8230; <a title=\"Buscador de una sola noche\" class=\"read-more\" href=\"https:\/\/blowflyofficial.com\/es\/buscador-de-una-sola-noche\/\" aria-label=\"M\u00e1s en Buscador de una sola noche\">Leer m\u00e1s<\/a><\/p>\n","protected":false},"author":1,"featured_media":0,"parent":0,"menu_order":0,"comment_status":"closed","ping_status":"closed","template":"","meta":[],"yoast_head":"<!-- This site is optimized with the Yoast SEO plugin v17.7.1 - https:\/\/yoast.com\/wordpress\/plugins\/seo\/ -->\n<title>Buscador de una sola noche - Clasificaciones de conexi\u00f3n<\/title>\n<meta name=\"robots\" content=\"index, follow, max-snippet:-1, max-image-preview:large, max-video-preview:-1\" \/>\n<link rel=\"canonical\" href=\"https:\/\/blowflyofficial.com\/es\/buscador-de-una-sola-noche\/\" \/>\n<meta property=\"og:locale\" content=\"es_ES\" \/>\n<meta property=\"og:type\" content=\"article\" \/>\n<meta property=\"og:title\" content=\"Buscador de una sola noche - Clasificaciones de conexi\u00f3n\" \/>\n<meta property=\"og:description\" content=\"Si quieres hacer una aventura de una noche con mujeres, se necesita un poco de preparaci\u00f3n y estrategia. No solo te acercas a una mujer y le preguntas qu\u00e9 quiere. Si lo haces, probablemente terminar\u00e1s siendo rechazado. Hay ciertas cosas que debe saber sobre las mujeres antes de acercarse a ellas. Estos son los pasos ... Leer m\u00e1s\" \/>\n<meta property=\"og:url\" content=\"https:\/\/blowflyofficial.com\/es\/buscador-de-una-sola-noche\/\" \/>\n<meta property=\"og:site_name\" content=\"Clasificaciones de conexi\u00f3n\" \/>\n<meta name=\"twitter:card\" content=\"summary_large_image\" \/>\n<meta name=\"twitter:label1\" content=\"Tiempo de lectura\" \/>\n\t<meta name=\"twitter:data1\" content=\"3 minutos\" \/>\n<script type=\"application\/ld+json\" class=\"yoast-schema-graph\">{\"@context\":\"https:\/\/schema.org\",\"@graph\":[{\"@type\":\"WebSite\",\"@id\":\"http:\/\/blowflyofficial.com\/da\/#website\",\"url\":\"http:\/\/blowflyofficial.com\/da\/\",\"name\":\"Clasificaciones de conexi\\u00f3n\",\"description\":\"Consejos de citas casuales\",\"potentialAction\":[{\"@type\":\"SearchAction\",\"target\":{\"@type\":\"EntryPoint\",\"urlTemplate\":\"http:\/\/blowflyofficial.com\/da\/?s={search_term_string}\"},\"query-input\":\"required name=search_term_string\"}],\"inLanguage\":\"es\"},{\"@type\":\"WebPage\",\"@id\":\"https:\/\/blowflyofficial.com\/es\/buscador-de-una-sola-noche\/#webpage\",\"url\":\"https:\/\/blowflyofficial.com\/es\/buscador-de-una-sola-noche\/\",\"name\":\"Buscador de una sola noche - Clasificaciones de conexi\\u00f3n\",\"isPartOf\":{\"@id\":\"http:\/\/blowflyofficial.com\/da\/#website\"},\"datePublished\":\"2022-08-30T13:17:26+00:00\",\"dateModified\":\"2022-08-30T13:17:26+00:00\",\"breadcrumb\":{\"@id\":\"https:\/\/blowflyofficial.com\/es\/buscador-de-una-sola-noche\/#breadcrumb\"},\"inLanguage\":\"es\",\"potentialAction\":[{\"@type\":\"ReadAction\",\"target\":[\"https:\/\/blowflyofficial.com\/es\/buscador-de-una-sola-noche\/\"]}]},{\"@type\":\"BreadcrumbList\",\"@id\":\"https:\/\/blowflyofficial.com\/es\/buscador-de-una-sola-noche\/#breadcrumb\",\"itemListElement\":[{\"@type\":\"ListItem\",\"position\":1,\"name\":\"Home\",\"item\":\"https:\/\/blowflyofficial.com\/es\/\"},{\"@type\":\"ListItem\",\"position\":2,\"name\":\"Buscador de una sola noche\"}]}]}<\/script>\n<!-- \/ Yoast SEO plugin. -->","yoast_head_json":{"title":"Buscador de una sola noche - Clasificaciones de conexi\u00f3n","robots":{"index":"index","follow":"follow","max-snippet":"max-snippet:-1","max-image-preview":"max-image-preview:large","max-video-preview":"max-video-preview:-1"},"canonical":"https:\/\/blowflyofficial.com\/es\/buscador-de-una-sola-noche\/","og_locale":"es_ES","og_type":"article","og_title":"Buscador de una sola noche - Clasificaciones de conexi\u00f3n","og_description":"Si quieres hacer una aventura de una noche con mujeres, se necesita un poco de preparaci\u00f3n y estrategia. No solo te acercas a una mujer y le preguntas qu\u00e9 quiere. Si lo haces, probablemente terminar\u00e1s siendo rechazado. Hay ciertas cosas que debe saber sobre las mujeres antes de acercarse a ellas. Estos son los pasos ... Leer m\u00e1s","og_url":"https:\/\/blowflyofficial.com\/es\/buscador-de-una-sola-noche\/","og_site_name":"Clasificaciones de conexi\u00f3n","twitter_card":"summary_large_image","twitter_misc":{"Tiempo de lectura":"3 minutos"},"schema":{"@context":"https:\/\/schema.org","@graph":[{"@type":"WebSite","@id":"http:\/\/blowflyofficial.com\/da\/#website","url":"http:\/\/blowflyofficial.com\/da\/","name":"Clasificaciones de conexi\u00f3n","description":"Consejos de citas casuales","potentialAction":[{"@type":"SearchAction","target":{"@type":"EntryPoint","urlTemplate":"http:\/\/blowflyofficial.com\/da\/?s={search_term_string}"},"query-input":"required name=search_term_string"}],"inLanguage":"es"},{"@type":"WebPage","@id":"https:\/\/blowflyofficial.com\/es\/buscador-de-una-sola-noche\/#webpage","url":"https:\/\/blowflyofficial.com\/es\/buscador-de-una-sola-noche\/","name":"Buscador de una sola noche - Clasificaciones de conexi\u00f3n","isPartOf":{"@id":"http:\/\/blowflyofficial.com\/da\/#website"},"datePublished":"2022-08-30T13:17:26+00:00","dateModified":"2022-08-30T13:17:26+00:00","breadcrumb":{"@id":"https:\/\/blowflyofficial.com\/es\/buscador-de-una-sola-noche\/#breadcrumb"},"inLanguage":"es","potentialAction":[{"@type":"ReadAction","target":["https:\/\/blowflyofficial.com\/es\/buscador-de-una-sola-noche\/"]}]},{"@type":"BreadcrumbList","@id":"https:\/\/blowflyofficial.com\/es\/buscador-de-una-sola-noche\/#breadcrumb","itemListElement":[{"@type":"ListItem","position":1,"name":"Home","item":"https:\/\/blowflyofficial.com\/es\/"},{"@type":"ListItem","position":2,"name":"Buscador de una sola noche"}]}]}},"_links":{"self":[{"href":"https:\/\/blowflyofficial.com\/es\/wp-json\/wp\/v2\/pages\/131"}],"collection":[{"href":"https:\/\/blowflyofficial.com\/es\/wp-json\/wp\/v2\/pages"}],"about":[{"href":"https:\/\/blowflyofficial.com\/es\/wp-json\/wp\/v2\/types\/page"}],"author":[{"embeddable":true,"href":"https:\/\/blowflyofficial.com\/es\/wp-json\/wp\/v2\/users\/1"}],"replies":[{"embeddable":true,"href":"https:\/\/blowflyofficial.com\/es\/wp-json\/wp\/v2\/comments?post=131"}],"version-history":[{"count":0,"href":"https:\/\/blowflyofficial.com\/es\/wp-json\/wp\/v2\/pages\/131\/revisions"}],"wp:attachment":[{"href":"https:\/\/blowflyofficial.com\/es\/wp-json\/wp\/v2\/media?parent=131"}],"curies":[{"name":"wp","href":"https:\/\/api.w.org\/{rel}","templated":true}]}}