{"id":111,"date":"2022-08-30T14:12:58","date_gmt":"2022-08-30T13:12:58","guid":{"rendered":"http:\/\/blowflyofficial.com\/encuentre-un-milf-en-su-area\/"},"modified":"2022-08-30T14:12:58","modified_gmt":"2022-08-30T13:12:58","slug":"encuentre-un-milf-en-su-area","status":"publish","type":"page","link":"https:\/\/blowflyofficial.com\/es\/encuentre-un-milf-en-su-area\/","title":{"rendered":"Encuentre un MILF en su \u00e1rea"},"content":{"rendered":"<p>Los MILF est\u00e1n calientes. Son cachondos, experimentados y saben lo que quieren. No tienes que preocuparte por lastimarte porque podr\u00e1s satisfacer sus necesidades. Si desea conectarse con un milf, hay muchos sitios donde puede encontrar uno cerca. Este sitio hace que sea f\u00e1cil conocer a los milfs locales y disfrutar de un poco de diversi\u00f3n sexual. Ya sea que est\u00e9s buscando un encuentro casual o algo m\u00e1s serio, tendr\u00e1s acceso a miles de personas reales que son como t\u00fa.<\/p>\n<h2>Lista de MILF locales en l\u00ednea<\/h2>\n<p>Ya sabes c\u00f3mo va&#8230; ves a una chica caliente en l\u00ednea, piensas en enviarle mensajes y luego terminas pasando horas navegando por los perfiles en busca de alguien como ella. Entonces finalmente decides darle una oportunidad y enviarle un mensaje, con la esperanza de que tal vez haya algo especial en su perfil que la haga destacar de todas las dem\u00e1s. Pero la verdad es que, la mayor\u00eda de las veces, ni siquiera sabes realmente por qu\u00e9 sigues siendo rechazado una y otra vez. Y aunque no estoy diciendo que cada persona en nuestro sitio vaya a ser perfecta para usted, estoy diciendo que nos aseguraremos de que encuentre exactamente el tipo de milf que est\u00e1 buscando. Vamos a ayudarte a encontrar una mujer mayor que entienda lo que quieres y necesitas y sepa qu\u00e9 hacer para satisfacerte. \u00a1As\u00ed que deja de buscar a esas chicas j\u00f3venes y sexys y comienza a encontrar el verdadero negocio hoy!<\/p>\n<h2>C\u00f3mo encontrar sexo con mam\u00e1s cachondas cerca de ti<\/h2>\n<p>Los MILF son algunas de las mujeres m\u00e1s calientes que existen. Saben c\u00f3mo tratar a un hombre y les encanta el sexo. No hay duda al respecto, son uno de los mejores tipos de citas que existen. Pero la mayor\u00eda de los hombres no est\u00e1n seguros de por d\u00f3nde empezar cuando intentan salir con un MILF. As\u00ed que hemos reunido algunos consejos para ayudarte a encontrar el \u00e9xito con milf dating. Internet est\u00e1 lleno de sitios de conexiones MILF donde las mujeres mayores se re\u00fanen con hombres m\u00e1s j\u00f3venes. Estos sitios ofrecen membres\u00eda gratuita a cualquiera que est\u00e9 dispuesto a pagar algo de dinero. Solo necesita registrarse y comenzar a navegar por los perfiles. Hay miles de miembros esperando encontrar a alguien como t\u00fa. Ni siquiera necesitan enviarse mensajes el uno al otro. Simplemente navegue por los perfiles y elija uno que se vea interesante. Despu\u00e9s de eso, es f\u00e1cil intercambiar informaci\u00f3n de contacto. Una vez que haya encontrado a alguien con quien quiera hablar, puede pedirle que salga a tomar un caf\u00e9 o cenar. Si \u00e9l \/ ella acepta, usted sabr\u00e1 qu\u00e9 hacer a continuaci\u00f3n.<\/p>\n<h3>Zoosk<\/h3>\n<p>Zoosk es un gran lugar para conocer milfs en busca de diversi\u00f3n. Este sitio le permite cargar fotos y videos de usted mismo, e incluso puede usar la aplicaci\u00f3n para chatear con posibles coincidencias. Puede navegar por los perfiles seg\u00fan la ubicaci\u00f3n, el rango de edad, el g\u00e9nero, los intereses y m\u00e1s. Una vez que haya encontrado a alguien que le guste, puede enviar mensajes, hacer preguntas y organizar citas.<\/p>\n<h3>AdultFriendFinder<\/h3>\n<p>Adult Friend Finder es uno de los sitios de citas para adultos m\u00e1s antiguos y m\u00e1s grandes en l\u00ednea. Con m\u00e1s de 20 millones de miembros, AF encuentra personas interesadas en todo, desde fetiches pervertidos hasta parejas que se balancean. Ofrece una red social muy activa donde los miembros pueden conectarse entre s\u00ed. Puede ver fotos de miembros, chat, correo electr\u00f3nico y mucho m\u00e1s.<\/p>\n<h3>MommyFinders<\/h3>\n<p>Mommyfinders es otra buena opci\u00f3n para los milfs que buscan diversi\u00f3n en l\u00ednea. Este sitio funciona igual que Tinder, excepto que no deslizas el dedo hacia la izquierda o hacia la derecha. En su lugar, coincides con las personas de acuerdo con tus preferencias. Por ejemplo, puede filtrar a los miembros por etnia, edad, tipo de cuerpo, estilo de vida y m\u00e1s. Una vez que haya emparejado con algunas personas, puede comenzar a chatear con ellas a trav\u00e9s de mensajes de texto o videollamadas.<\/p>\n","protected":false},"excerpt":{"rendered":"<p>Los MILF est\u00e1n calientes. Son cachondos, experimentados y saben lo que quieren. No tienes que preocuparte por lastimarte porque podr\u00e1s satisfacer sus necesidades. Si desea conectarse con un milf, hay muchos sitios donde puede encontrar uno cerca. Este sitio hace que sea f\u00e1cil conocer a los milfs locales y disfrutar de un poco de diversi\u00f3n &#8230; <a title=\"Encuentre un MILF en su \u00e1rea\" class=\"read-more\" href=\"https:\/\/blowflyofficial.com\/es\/encuentre-un-milf-en-su-area\/\" aria-label=\"M\u00e1s en Encuentre un MILF en su \u00e1rea\">Leer m\u00e1s<\/a><\/p>\n","protected":false},"author":1,"featured_media":0,"parent":0,"menu_order":0,"comment_status":"closed","ping_status":"closed","template":"","meta":[],"yoast_head":"<!-- This site is optimized with the Yoast SEO plugin v17.7.1 - https:\/\/yoast.com\/wordpress\/plugins\/seo\/ -->\n<title>Encuentre un MILF en su \u00e1rea - Clasificaciones de conexi\u00f3n<\/title>\n<meta name=\"robots\" content=\"index, follow, max-snippet:-1, max-image-preview:large, max-video-preview:-1\" \/>\n<link rel=\"canonical\" href=\"https:\/\/blowflyofficial.com\/es\/encuentre-un-milf-en-su-area\/\" \/>\n<meta property=\"og:locale\" content=\"es_ES\" \/>\n<meta property=\"og:type\" content=\"article\" \/>\n<meta property=\"og:title\" content=\"Encuentre un MILF en su \u00e1rea - Clasificaciones de conexi\u00f3n\" \/>\n<meta property=\"og:description\" content=\"Los MILF est\u00e1n calientes. Son cachondos, experimentados y saben lo que quieren. No tienes que preocuparte por lastimarte porque podr\u00e1s satisfacer sus necesidades. Si desea conectarse con un milf, hay muchos sitios donde puede encontrar uno cerca. Este sitio hace que sea f\u00e1cil conocer a los milfs locales y disfrutar de un poco de diversi\u00f3n ... Leer m\u00e1s\" \/>\n<meta property=\"og:url\" content=\"https:\/\/blowflyofficial.com\/es\/encuentre-un-milf-en-su-area\/\" \/>\n<meta property=\"og:site_name\" content=\"Clasificaciones de conexi\u00f3n\" \/>\n<meta name=\"twitter:card\" content=\"summary_large_image\" \/>\n<meta name=\"twitter:label1\" content=\"Tiempo de lectura\" \/>\n\t<meta name=\"twitter:data1\" content=\"4 minutos\" \/>\n<script type=\"application\/ld+json\" class=\"yoast-schema-graph\">{\"@context\":\"https:\/\/schema.org\",\"@graph\":[{\"@type\":\"WebSite\",\"@id\":\"http:\/\/blowflyofficial.com\/da\/#website\",\"url\":\"http:\/\/blowflyofficial.com\/da\/\",\"name\":\"Clasificaciones de conexi\\u00f3n\",\"description\":\"Consejos de citas casuales\",\"potentialAction\":[{\"@type\":\"SearchAction\",\"target\":{\"@type\":\"EntryPoint\",\"urlTemplate\":\"http:\/\/blowflyofficial.com\/da\/?s={search_term_string}\"},\"query-input\":\"required name=search_term_string\"}],\"inLanguage\":\"es\"},{\"@type\":\"WebPage\",\"@id\":\"https:\/\/blowflyofficial.com\/es\/encuentre-un-milf-en-su-area\/#webpage\",\"url\":\"https:\/\/blowflyofficial.com\/es\/encuentre-un-milf-en-su-area\/\",\"name\":\"Encuentre un MILF en su \\u00e1rea - Clasificaciones de conexi\\u00f3n\",\"isPartOf\":{\"@id\":\"http:\/\/blowflyofficial.com\/da\/#website\"},\"datePublished\":\"2022-08-30T13:12:58+00:00\",\"dateModified\":\"2022-08-30T13:12:58+00:00\",\"breadcrumb\":{\"@id\":\"https:\/\/blowflyofficial.com\/es\/encuentre-un-milf-en-su-area\/#breadcrumb\"},\"inLanguage\":\"es\",\"potentialAction\":[{\"@type\":\"ReadAction\",\"target\":[\"https:\/\/blowflyofficial.com\/es\/encuentre-un-milf-en-su-area\/\"]}]},{\"@type\":\"BreadcrumbList\",\"@id\":\"https:\/\/blowflyofficial.com\/es\/encuentre-un-milf-en-su-area\/#breadcrumb\",\"itemListElement\":[{\"@type\":\"ListItem\",\"position\":1,\"name\":\"Home\",\"item\":\"https:\/\/blowflyofficial.com\/es\/\"},{\"@type\":\"ListItem\",\"position\":2,\"name\":\"Encuentre un MILF en su \\u00e1rea\"}]}]}<\/script>\n<!-- \/ Yoast SEO plugin. -->","yoast_head_json":{"title":"Encuentre un MILF en su \u00e1rea - Clasificaciones de conexi\u00f3n","robots":{"index":"index","follow":"follow","max-snippet":"max-snippet:-1","max-image-preview":"max-image-preview:large","max-video-preview":"max-video-preview:-1"},"canonical":"https:\/\/blowflyofficial.com\/es\/encuentre-un-milf-en-su-area\/","og_locale":"es_ES","og_type":"article","og_title":"Encuentre un MILF en su \u00e1rea - Clasificaciones de conexi\u00f3n","og_description":"Los MILF est\u00e1n calientes. Son cachondos, experimentados y saben lo que quieren. No tienes que preocuparte por lastimarte porque podr\u00e1s satisfacer sus necesidades. Si desea conectarse con un milf, hay muchos sitios donde puede encontrar uno cerca. Este sitio hace que sea f\u00e1cil conocer a los milfs locales y disfrutar de un poco de diversi\u00f3n ... Leer m\u00e1s","og_url":"https:\/\/blowflyofficial.com\/es\/encuentre-un-milf-en-su-area\/","og_site_name":"Clasificaciones de conexi\u00f3n","twitter_card":"summary_large_image","twitter_misc":{"Tiempo de lectura":"4 minutos"},"schema":{"@context":"https:\/\/schema.org","@graph":[{"@type":"WebSite","@id":"http:\/\/blowflyofficial.com\/da\/#website","url":"http:\/\/blowflyofficial.com\/da\/","name":"Clasificaciones de conexi\u00f3n","description":"Consejos de citas casuales","potentialAction":[{"@type":"SearchAction","target":{"@type":"EntryPoint","urlTemplate":"http:\/\/blowflyofficial.com\/da\/?s={search_term_string}"},"query-input":"required name=search_term_string"}],"inLanguage":"es"},{"@type":"WebPage","@id":"https:\/\/blowflyofficial.com\/es\/encuentre-un-milf-en-su-area\/#webpage","url":"https:\/\/blowflyofficial.com\/es\/encuentre-un-milf-en-su-area\/","name":"Encuentre un MILF en su \u00e1rea - Clasificaciones de conexi\u00f3n","isPartOf":{"@id":"http:\/\/blowflyofficial.com\/da\/#website"},"datePublished":"2022-08-30T13:12:58+00:00","dateModified":"2022-08-30T13:12:58+00:00","breadcrumb":{"@id":"https:\/\/blowflyofficial.com\/es\/encuentre-un-milf-en-su-area\/#breadcrumb"},"inLanguage":"es","potentialAction":[{"@type":"ReadAction","target":["https:\/\/blowflyofficial.com\/es\/encuentre-un-milf-en-su-area\/"]}]},{"@type":"BreadcrumbList","@id":"https:\/\/blowflyofficial.com\/es\/encuentre-un-milf-en-su-area\/#breadcrumb","itemListElement":[{"@type":"ListItem","position":1,"name":"Home","item":"https:\/\/blowflyofficial.com\/es\/"},{"@type":"ListItem","position":2,"name":"Encuentre un MILF en su \u00e1rea"}]}]}},"_links":{"self":[{"href":"https:\/\/blowflyofficial.com\/es\/wp-json\/wp\/v2\/pages\/111"}],"collection":[{"href":"https:\/\/blowflyofficial.com\/es\/wp-json\/wp\/v2\/pages"}],"about":[{"href":"https:\/\/blowflyofficial.com\/es\/wp-json\/wp\/v2\/types\/page"}],"author":[{"embeddable":true,"href":"https:\/\/blowflyofficial.com\/es\/wp-json\/wp\/v2\/users\/1"}],"replies":[{"embeddable":true,"href":"https:\/\/blowflyofficial.com\/es\/wp-json\/wp\/v2\/comments?post=111"}],"version-history":[{"count":0,"href":"https:\/\/blowflyofficial.com\/es\/wp-json\/wp\/v2\/pages\/111\/revisions"}],"wp:attachment":[{"href":"https:\/\/blowflyofficial.com\/es\/wp-json\/wp\/v2\/media?parent=111"}],"curies":[{"name":"wp","href":"https:\/\/api.w.org\/{rel}","templated":true}]}}