{"id":209,"date":"2022-08-30T13:02:05","date_gmt":"2022-08-30T12:02:05","guid":{"rendered":"http:\/\/blowflyofficial.com\/unsere-top-hookup-sites-im-test\/"},"modified":"2022-08-30T13:02:05","modified_gmt":"2022-08-30T12:02:05","slug":"unsere-top-hookup-sites-im-test","status":"publish","type":"page","link":"https:\/\/blowflyofficial.com\/de\/","title":{"rendered":"Unsere Top-Hookup-Sites im Test"},"content":{"rendered":"<p>Es gibt viele Online-Dating-Apps &#8211; wie Tinder, Bumble, OkCupid, PlentyOfFish, Match usw. Aber manche Leute ziehen es vor, Liebe zu finden, ohne sich f\u00fcr eine Website anzumelden. Wenn Sie einer dieser Leute sind, empfehlen wir Ihnen, unsere Liste der besten Hookup-Sites kostenlos zu lesen. Diese Websites bieten keine Kreditkartenregistrierung an, was bedeutet, dass Sie nicht einmal pers\u00f6nliche Informationen angeben m\u00fcssen. Sie werden auch nie etwas bezahlen, um diese Websites zu nutzen. Melden Sie sich einfach an, durchsuchen Sie Profile, senden Sie Nachrichten und beginnen Sie noch heute, Leute zu treffen.<\/p>\n<h2>Ashley Madison<\/h2>\n<p>AshleyMadison.com ist ein Hauch frischer Luft f\u00fcr diejenigen, die online nach Liebe suchen. Egal, ob Sie nach einem schnellen Seitensprung, nach jemandem, mit dem Sie sich niederlassen k\u00f6nnen, oder einfach nach einer lustigen Kameradschaft suchen, Ashley Madison bietet f\u00fcr jeden etwas. Mit \u00fcber 54 Millionen Mitgliedern weltweit sind wir zuversichtlich, dass da drau\u00dfen jemand auf Sie wartet.<\/p>\n<p>Wenn Sie das Gef\u00fchl haben, dass Sie eine Pause von Ihrer Beziehung brauchen, oder vielleicht m\u00f6chten Sie einfach etwas anderes ausprobieren, warum schauen Sie uns nicht an? Wir versprechen Diskretion und Vertraulichkeit, und unsere Mitglieder genie\u00dfen viele Vorteile, darunter Zugang zu exklusiven Veranstaltungen, Reiserabatte und sogar Geldpreise. Hier finden Sie alles, was Sie brauchen &#8211; ohne Bedingungen.<\/p>\n<h2>Aff<\/h2>\n<p>Adult Friend Finder (AFF), eine der beliebtesten Websites f\u00fcr Erwachsene im Internet, verf\u00fcgt \u00fcber 3 Millionen aktive monatliche Besucher und mehr als 10 Millionen registrierte Mitglieder. Es ist nicht nur ein gro\u00dfartiger Ort f\u00fcr zuf\u00e4llige Begegnungen, sondern auch die Heimat einiger der hei\u00dfesten und geilsten Menschen im Internet. Wenn Sie herausfinden m\u00f6chten, wie AFF tickt, sind Sie bei uns genau richtig.<\/p>\n<h2>Zunder<\/h2>\n<p>Tinder ist eine der beliebtesten Apps, um online Liebe zu finden. Mit \u00fcber 50 Millionen Menschen, die es seit 2012 heruntergeladen haben, k\u00f6nnen Sie mit der Dating-App nach links oder rechts wischen, um zu sehen, ob jemand Sie basierend auf Ihrem Profilbild und Ihrer Biografie mag. Wenn sie Sie m\u00f6gen, k\u00f6nnen Sie sich gegenseitig Nachrichten senden und pers\u00f6nliche Termine vereinbaren. Es gibt keine langwierigen Frageb\u00f6gen oder invasiven Quizfragen; Nur kurze Fragen dar\u00fcber, wo Sie sich als n\u00e4chstes treffen m\u00f6chten.<\/p>\n<p>Die App kann kostenlos heruntergeladen und verwendet werden, aber es gibt einige Kosten, die mit der Verwendung verbunden sind. Sie zahlen $ 9.99 pro Monat, um auf Premium-Funktionen wie unbegrenzte \u00dcbereinstimmungen und Standortfreigabe zuzugreifen.<\/p>\n<p><img loading=\"lazy\" class=\"aligncenter size-large wp-image-35\" src=\"http:\/\/blowflyofficial.com\/wp-content\/uploads\/2022\/08\/guide-for-love-1024x681.jpeg\" alt=\"\" width=\"640\" height=\"426\" srcset=\"https:\/\/blowflyofficial.com\/wp-content\/uploads\/2022\/08\/guide-for-love-1024x681.jpeg 1024w, https:\/\/blowflyofficial.com\/wp-content\/uploads\/2022\/08\/guide-for-love-300x199.jpeg 300w, https:\/\/blowflyofficial.com\/wp-content\/uploads\/2022\/08\/guide-for-love-768x510.jpeg 768w, https:\/\/blowflyofficial.com\/wp-content\/uploads\/2022\/08\/guide-for-love-1536x1021.jpeg 1536w, https:\/\/blowflyofficial.com\/wp-content\/uploads\/2022\/08\/guide-for-love-2048x1361.jpeg 2048w\" sizes=\"(max-width: 640px) 100vw, 640px\" \/><\/p>\n<h1>Finden Sie eine lokale Verbindung in Ihrer N\u00e4he<\/h1>\n<p>Lokale Anschl\u00fcsse sind eine der beliebtesten Arten von Online-Dating. Es gibt viele Gr\u00fcnde, warum Menschen diese Apps verwenden, um ihren Seelenverwandten zu finden, z. B. gelangweilt, einsam oder auf der Suche nach Gelegenheitssex. Dar\u00fcber hinaus gibt es einige Vorteile, die Sie bei der Verwendung dieser Plattformen genie\u00dfen k\u00f6nnen. Zum Beispiel m\u00fcssen Sie kein Geld f\u00fcr Getr\u00e4nke, Essen oder teure Termine ausgeben. Sie m\u00fcssen nicht einmal weit reisen, weil Sie bereits in der N\u00e4he Ihres Wohnortes sind. Und das Beste daran ist, dass es v\u00f6llig anonym ist. Worauf warten Sie also noch? Schauen Sie sich unsere Liste der acht besten lokalen Anschluss-Apps an.<\/p>\n<h2>OneNightFriend<\/h2>\n<p>One Night Friend ist eine kostenlose App, mit der Sie sich mit jemandem in Ihrer Stadt treffen k\u00f6nnen. Wenn Sie eine Beziehung mit jemandem beginnen m\u00f6chten, ist dies eine gro\u00dfartige M\u00f6glichkeit, dies zu tun, ohne zu viel Geld auszugeben. Au\u00dferdem ist es einfach zu bedienen. Alles, was Sie tun m\u00fcssen, ist, Ihren Standort einzugeben, den Radius um Sie herum festzulegen und zu w\u00e4hlen, ob Sie M\u00e4nner oder Frauen sehen m\u00f6chten. Danach erhalten Sie \u00dcbereinstimmungen, die auf Ihren Pr\u00e4ferenzen basieren. Sobald Sie jemanden interessant gefunden haben, k\u00f6nnen Sie mit ihm chatten oder ihn direkt fragen. Diese App funktioniert wie Tinder, au\u00dfer dass Sie nichts bezahlen m\u00fcssen.<\/p>\n<h2>Sei unartig<\/h2>\n<p>Benaughty ist eine weitere gute Option f\u00fcr diejenigen, die nach zuf\u00e4lligen Begegnungen suchen. Sie k\u00f6nnen Profile anonym durchsuchen, Nachrichten senden und Besprechungen arrangieren. Im Gegensatz zu One Night Friend m\u00fcssen Sie jedoch bezahlen, um diese App zu nutzen. Aber wenn Sie bereit sind, sich von etwas Geld zu trennen, ist dies eine wirklich gute Wahl. Benaughty bietet nicht nur viele Funktionen, sondern auch eine VIP-Mitgliedschaft. Mit diesem Paket k\u00f6nnen Sie auf zus\u00e4tzliche Mitgliedschaften zugreifen, z. B. Premium-Nachrichten und Videoanrufe.<\/p>\n<h2>Anschluss69<\/h2>\n<p>Hookup69 ist eine mobile Anwendung, mit der Sie sich mit Personen in der N\u00e4he verbinden k\u00f6nnen. Im Gegensatz zu den vorherigen Apps m\u00fcssen Sie bei dieser App nichts bezahlen. Zu Beginn m\u00fcssen Sie sich nur anmelden, Ihr Profilfoto hinzuf\u00fcgen und \u00fcber sich selbst schreiben. Von dort aus k\u00f6nnen Sie Fotos von anderen anzeigen, die daran interessiert sind, sich mit Ihnen zu treffen. Sie k\u00f6nnen auch ihre Lieblingsaktivit\u00e4ten und -interessen \u00fcberpr\u00fcfen. Wenn Sie denken, dass Sie bereit sein k\u00f6nnten, sich zu verabreden, k\u00f6nnen Sie sich an sie wenden. Sie werden dir antworten, sobald sie frei sind.<\/p>\n<p><img loading=\"lazy\" class=\"aligncenter size-large wp-image-36\" src=\"http:\/\/blowflyofficial.com\/wp-content\/uploads\/2022\/08\/love-match-making-1024x683.jpeg\" alt=\"\" width=\"640\" height=\"427\" srcset=\"https:\/\/blowflyofficial.com\/wp-content\/uploads\/2022\/08\/love-match-making-1024x683.jpeg 1024w, https:\/\/blowflyofficial.com\/wp-content\/uploads\/2022\/08\/love-match-making-300x200.jpeg 300w, https:\/\/blowflyofficial.com\/wp-content\/uploads\/2022\/08\/love-match-making-768x512.jpeg 768w, https:\/\/blowflyofficial.com\/wp-content\/uploads\/2022\/08\/love-match-making-1536x1024.jpeg 1536w, https:\/\/blowflyofficial.com\/wp-content\/uploads\/2022\/08\/love-match-making-2048x1365.jpeg 2048w\" sizes=\"(max-width: 640px) 100vw, 640px\" \/><\/p>\n<h1>Unser Rat<\/h1>\n<p>Hookup-Sites sind heutzutage sehr verbreitet. Sie bieten oft viele interessante Funktionen wie Video-Chat, Webcam, Live-Chat usw., was sie zu einer der am h\u00e4ufigsten verwendeten Apps unter den Menschen macht. Es gibt jedoch auch einige Nachteile. Zum Beispiel k\u00f6nnen Sie keine zuverl\u00e4ssige Anschluss-App finden, ohne Geld auszugeben. Aber jetzt haben wir etwas Besseres \u2013 benaughty.com. Dies ist eine kostenlose Online-Hookup-Site, auf der Sie M\u00e4dchen aus der ganzen Welt treffen und daten k\u00f6nnen. Sie m\u00fcssen nicht einmal etwas ausgeben, um diese erstaunliche Funktion zu nutzen. Alles, was Sie tun m\u00fcssen, ist, sich zu registrieren und nach hei\u00dfen Frauen zu suchen. Das Beste an Be Naughty ist, dass Sie leicht jemanden in der N\u00e4he finden k\u00f6nnen. Also, worauf warten Sie noch? Probieren Sie einfach diese fantastische Hookup-Site aus.<\/p>\n<p>Der Online-Dating-Markt wird mit verschiedenen Plattformen \u00fcberschwemmt, von denen jede behauptet, besser zu sein als andere. Es gibt jedoch immer noch einige Unternehmen, die nicht vergessen wurden, obwohl sie nichts Besonderes anbieten. Ein solches Beispiel ist Hookup69, eine lokale Dating-Site, die ihren Nutzern viele Vorteile gegen\u00fcber herk\u00f6mmlichen Dating-Apps bietet.<\/p>\n<p>Sie m\u00fcssen die richtige Entscheidung treffen und ein echtes Unternehmen verwenden, um die richtige App f\u00fcr Sie zu finden.<\/p>\n","protected":false},"excerpt":{"rendered":"<p>Es gibt viele Online-Dating-Apps &#8211; wie Tinder, Bumble, OkCupid, PlentyOfFish, Match usw. Aber manche Leute ziehen es vor, Liebe zu finden, ohne sich f\u00fcr eine Website anzumelden. Wenn Sie einer dieser Leute sind, empfehlen wir Ihnen, unsere Liste der besten Hookup-Sites kostenlos zu lesen. Diese Websites bieten keine Kreditkartenregistrierung an, was bedeutet, dass Sie nicht &#8230; <a title=\"Unsere Top-Hookup-Sites im Test\" class=\"read-more\" href=\"https:\/\/blowflyofficial.com\/de\/\" aria-label=\"Mehr dazu unter Unsere Top-Hookup-Sites im Test\">Weiterlesen<\/a><\/p>\n","protected":false},"author":1,"featured_media":0,"parent":0,"menu_order":0,"comment_status":"closed","ping_status":"closed","template":"","meta":[],"yoast_head":"<!-- This site is optimized with the Yoast SEO plugin v17.7.1 - https:\/\/yoast.com\/wordpress\/plugins\/seo\/ -->\n<title>Unsere Top-Hookup-Sites im Test - Hookup-Rankings<\/title>\n<meta name=\"robots\" content=\"index, follow, max-snippet:-1, max-image-preview:large, max-video-preview:-1\" \/>\n<link rel=\"canonical\" href=\"https:\/\/blowflyofficial.com\/de\/\" \/>\n<meta property=\"og:locale\" content=\"de_DE\" \/>\n<meta property=\"og:type\" content=\"article\" \/>\n<meta property=\"og:title\" content=\"Unsere Top-Hookup-Sites im Test - Hookup-Rankings\" \/>\n<meta property=\"og:description\" content=\"Es gibt viele Online-Dating-Apps &#8211; wie Tinder, Bumble, OkCupid, PlentyOfFish, Match usw. Aber manche Leute ziehen es vor, Liebe zu finden, ohne sich f\u00fcr eine Website anzumelden. Wenn Sie einer dieser Leute sind, empfehlen wir Ihnen, unsere Liste der besten Hookup-Sites kostenlos zu lesen. Diese Websites bieten keine Kreditkartenregistrierung an, was bedeutet, dass Sie nicht ... Weiterlesen\" \/>\n<meta property=\"og:url\" content=\"https:\/\/blowflyofficial.com\/de\/\" \/>\n<meta property=\"og:site_name\" content=\"Hookup-Rankings\" \/>\n<meta property=\"og:image\" content=\"http:\/\/blowflyofficial.com\/wp-content\/uploads\/2022\/08\/guide-for-love-1024x681.jpeg\" \/>\n<meta name=\"twitter:card\" content=\"summary_large_image\" \/>\n<meta name=\"twitter:label1\" content=\"Gesch\u00e4tzte Lesezeit\" \/>\n\t<meta name=\"twitter:data1\" content=\"5\u00a0Minuten\" \/>\n<script type=\"application\/ld+json\" class=\"yoast-schema-graph\">{\"@context\":\"https:\/\/schema.org\",\"@graph\":[{\"@type\":\"WebSite\",\"@id\":\"http:\/\/blowflyofficial.com\/da\/#website\",\"url\":\"http:\/\/blowflyofficial.com\/da\/\",\"name\":\"Hookup-Rankings\",\"description\":\"Casual Dating Beratung\",\"potentialAction\":[{\"@type\":\"SearchAction\",\"target\":{\"@type\":\"EntryPoint\",\"urlTemplate\":\"http:\/\/blowflyofficial.com\/da\/?s={search_term_string}\"},\"query-input\":\"required name=search_term_string\"}],\"inLanguage\":\"de\"},{\"@type\":\"ImageObject\",\"@id\":\"https:\/\/blowflyofficial.com\/de\/#primaryimage\",\"inLanguage\":\"de\",\"url\":\"http:\/\/blowflyofficial.com\/wp-content\/uploads\/2022\/08\/guide-for-love-1024x681.jpeg\",\"contentUrl\":\"http:\/\/blowflyofficial.com\/wp-content\/uploads\/2022\/08\/guide-for-love-1024x681.jpeg\"},{\"@type\":\"WebPage\",\"@id\":\"https:\/\/blowflyofficial.com\/de\/#webpage\",\"url\":\"https:\/\/blowflyofficial.com\/de\/\",\"name\":\"Unsere Top-Hookup-Sites im Test - Hookup-Rankings\",\"isPartOf\":{\"@id\":\"http:\/\/blowflyofficial.com\/da\/#website\"},\"primaryImageOfPage\":{\"@id\":\"https:\/\/blowflyofficial.com\/de\/#primaryimage\"},\"datePublished\":\"2022-08-30T12:02:05+00:00\",\"dateModified\":\"2022-08-30T12:02:05+00:00\",\"breadcrumb\":{\"@id\":\"https:\/\/blowflyofficial.com\/de\/#breadcrumb\"},\"inLanguage\":\"de\",\"potentialAction\":[{\"@type\":\"ReadAction\",\"target\":[\"https:\/\/blowflyofficial.com\/de\/\"]}]},{\"@type\":\"BreadcrumbList\",\"@id\":\"https:\/\/blowflyofficial.com\/de\/#breadcrumb\",\"itemListElement\":[{\"@type\":\"ListItem\",\"position\":1,\"name\":\"Home\",\"item\":\"https:\/\/blowflyofficial.com\/de\/\"},{\"@type\":\"ListItem\",\"position\":2,\"name\":\"Unsere Top-Hookup-Sites im Test\"}]}]}<\/script>\n<!-- \/ Yoast SEO plugin. -->","yoast_head_json":{"title":"Unsere Top-Hookup-Sites im Test - Hookup-Rankings","robots":{"index":"index","follow":"follow","max-snippet":"max-snippet:-1","max-image-preview":"max-image-preview:large","max-video-preview":"max-video-preview:-1"},"canonical":"https:\/\/blowflyofficial.com\/de\/","og_locale":"de_DE","og_type":"article","og_title":"Unsere Top-Hookup-Sites im Test - Hookup-Rankings","og_description":"Es gibt viele Online-Dating-Apps &#8211; wie Tinder, Bumble, OkCupid, PlentyOfFish, Match usw. Aber manche Leute ziehen es vor, Liebe zu finden, ohne sich f\u00fcr eine Website anzumelden. Wenn Sie einer dieser Leute sind, empfehlen wir Ihnen, unsere Liste der besten Hookup-Sites kostenlos zu lesen. Diese Websites bieten keine Kreditkartenregistrierung an, was bedeutet, dass Sie nicht ... Weiterlesen","og_url":"https:\/\/blowflyofficial.com\/de\/","og_site_name":"Hookup-Rankings","og_image":[{"url":"http:\/\/blowflyofficial.com\/wp-content\/uploads\/2022\/08\/guide-for-love-1024x681.jpeg"}],"twitter_card":"summary_large_image","twitter_misc":{"Gesch\u00e4tzte Lesezeit":"5\u00a0Minuten"},"schema":{"@context":"https:\/\/schema.org","@graph":[{"@type":"WebSite","@id":"http:\/\/blowflyofficial.com\/da\/#website","url":"http:\/\/blowflyofficial.com\/da\/","name":"Hookup-Rankings","description":"Casual Dating Beratung","potentialAction":[{"@type":"SearchAction","target":{"@type":"EntryPoint","urlTemplate":"http:\/\/blowflyofficial.com\/da\/?s={search_term_string}"},"query-input":"required name=search_term_string"}],"inLanguage":"de"},{"@type":"ImageObject","@id":"https:\/\/blowflyofficial.com\/de\/#primaryimage","inLanguage":"de","url":"http:\/\/blowflyofficial.com\/wp-content\/uploads\/2022\/08\/guide-for-love-1024x681.jpeg","contentUrl":"http:\/\/blowflyofficial.com\/wp-content\/uploads\/2022\/08\/guide-for-love-1024x681.jpeg"},{"@type":"WebPage","@id":"https:\/\/blowflyofficial.com\/de\/#webpage","url":"https:\/\/blowflyofficial.com\/de\/","name":"Unsere Top-Hookup-Sites im Test - Hookup-Rankings","isPartOf":{"@id":"http:\/\/blowflyofficial.com\/da\/#website"},"primaryImageOfPage":{"@id":"https:\/\/blowflyofficial.com\/de\/#primaryimage"},"datePublished":"2022-08-30T12:02:05+00:00","dateModified":"2022-08-30T12:02:05+00:00","breadcrumb":{"@id":"https:\/\/blowflyofficial.com\/de\/#breadcrumb"},"inLanguage":"de","potentialAction":[{"@type":"ReadAction","target":["https:\/\/blowflyofficial.com\/de\/"]}]},{"@type":"BreadcrumbList","@id":"https:\/\/blowflyofficial.com\/de\/#breadcrumb","itemListElement":[{"@type":"ListItem","position":1,"name":"Home","item":"https:\/\/blowflyofficial.com\/de\/"},{"@type":"ListItem","position":2,"name":"Unsere Top-Hookup-Sites im Test"}]}]}},"_links":{"self":[{"href":"https:\/\/blowflyofficial.com\/de\/wp-json\/wp\/v2\/pages\/209"}],"collection":[{"href":"https:\/\/blowflyofficial.com\/de\/wp-json\/wp\/v2\/pages"}],"about":[{"href":"https:\/\/blowflyofficial.com\/de\/wp-json\/wp\/v2\/types\/page"}],"author":[{"embeddable":true,"href":"https:\/\/blowflyofficial.com\/de\/wp-json\/wp\/v2\/users\/1"}],"replies":[{"embeddable":true,"href":"https:\/\/blowflyofficial.com\/de\/wp-json\/wp\/v2\/comments?post=209"}],"version-history":[{"count":0,"href":"https:\/\/blowflyofficial.com\/de\/wp-json\/wp\/v2\/pages\/209\/revisions"}],"wp:attachment":[{"href":"https:\/\/blowflyofficial.com\/de\/wp-json\/wp\/v2\/media?parent=209"}],"curies":[{"name":"wp","href":"https:\/\/api.w.org\/{rel}","templated":true}]}}