{"id":200,"date":"2022-08-30T13:45:52","date_gmt":"2022-08-30T12:45:52","guid":{"rendered":"http:\/\/blowflyofficial.com\/finden-sie-einen-lokalen-casual-hookup\/"},"modified":"2022-08-30T13:45:52","modified_gmt":"2022-08-30T12:45:52","slug":"finden-sie-einen-lokalen-casual-hookup","status":"publish","type":"page","link":"https:\/\/blowflyofficial.com\/de\/finden-sie-einen-lokalen-casual-hookup\/","title":{"rendered":"Finden Sie einen lokalen Casual Hookup"},"content":{"rendered":"<p>Wir wissen, wie schwer es ist, jemanden zu finden, den man mag, besonders wenn man in verschiedenen St\u00e4dten lebt. Wir verstehen, dass du dich manchmal einfach einsam und gelangweilt f\u00fchlst, und wir beschuldigen dich nicht, denn es gibt viele Dinge, die uns auch traurig machen. Aber warum solltest du darauf warten, dass jemand anderes kommt und dir das gibt, was du wirklich willst? Warum sollten Sie Stunden damit verbringen, nach etwas zu suchen, das Minuten dauern k\u00f6nnte?<\/p>\n<h2>M\u00f6chten Sie eine Verbindung finden?<\/h2>\n<p>Sie m\u00fcssen sich nicht einmal Sorgen machen, <a href=\"http:\/\/blowflyofficial.com\/de\/finde-sex-mit-frauen-in-deiner-naehe\/\">betrogen zu werden<\/a>, da hier alles v\u00f6llig kostenlos ist. Wenn Sie sich entscheiden, die Mitgliedschaft zu bezahlen, haben Sie Zugriff auf das gesamte Netzwerk, einschlie\u00dflich aller Funktionen f\u00fcr Premium-Mitgliedschaften. Wenn Sie jedoch nach einem schnellen Anschluss suchen, k\u00f6nnen Sie jederzeit die Testversion ausprobieren und sehen, ob sie zu Ihnen passt.<\/p>\n<p>Die Leute sind immer auf der Suche nach M\u00f6glichkeiten, andere online zu treffen, besonders diejenigen, die zuf\u00e4llige Begegnungen wollen. Aber wohin wendest du dich, wenn es nicht viele Optionen gibt? Nun, wir haben alles f\u00fcr Sie! Im Folgenden finden Sie f\u00fcnf kostenlose lokale Hookup-Sites, die tats\u00e4chlich funktionieren. Sie werden es nicht bereuen, sie ausprobiert zu haben.<\/p>\n<p>Die erste kostenlose Hookup-App, die ich Ihnen vorschlagen werde, ist eine namens Fling, und es ist vielleicht die beste Dating-Anwendung, die ich im Laufe der Jahre verwendet habe. W\u00e4hrend es viele kostenpflichtige Apps gibt, die \u00e4hnliche Funktionen bieten, kann sich Fling kostenlos anmelden und verwenden.<\/p>\n<p>Sicher, sie haben Upgrade-Optionen &#8211; wie die M\u00f6glichkeit, lokale Partner basierend auf Ihrem Wohnort zu finden -, die es den Menschen viel einfacher machen, sich zu verbinden, aber nichtsdestotrotz funktioniert die kostenlose Version gut. In der Tat, als ich mich urspr\u00fcnglich anmeldete, habe ich es f\u00fcr eine ganze Woche benutzt, bevor ich ein Upgrade durchf\u00fchrte, weil ich meine Chancen auf einen Anschluss erh\u00f6hen wollte. Kurz nachdem ich es getan hatte, gab ich Geld f\u00fcr Premium-Upgrades aus.<\/p>\n<h2>Booty-Call-Sites<\/h2>\n<p>Ich bin ein gro\u00dfer Fan des Booty-Call-Ph\u00e4nomens. Ich war auf beiden Seiten der Medaille. Ich hatte zuf\u00e4llige Begegnungen, bei denen wir uns auf einen Drink oder ein Abendessen treffen und uns sp\u00e4ter treffen. Und ich war auch auf Dates, bei denen es nicht viel Chemie gab und wir am Ende keinen Sex hatten. Als ich also von dieser App namens OnlineBootyCall.com h\u00f6rte, dachte ich, es klinge nach etwas, das Spa\u00df macht, es auszuprobieren.<\/p>\n<p>Die Idee hinter dieser App ist ziemlich einfach. Sie melden sich kostenlos an und beginnen mit Leuten zu chatten, die in der N\u00e4he wohnen. Wenn Sie jemanden interessant finden, k\u00f6nnen Sie ihn zum Abh\u00e4ngen einladen. Wenn sie auftauchen, k\u00f6nnen Sie sie entweder direkt nach Hause schicken oder in ein Hotelzimmer bringen. Es gibt keine Regeln oder Erwartungen. Du triffst dich nur zum Sex.<\/p>\n","protected":false},"excerpt":{"rendered":"<p>Wir wissen, wie schwer es ist, jemanden zu finden, den man mag, besonders wenn man in verschiedenen St\u00e4dten lebt. Wir verstehen, dass du dich manchmal einfach einsam und gelangweilt f\u00fchlst, und wir beschuldigen dich nicht, denn es gibt viele Dinge, die uns auch traurig machen. Aber warum solltest du darauf warten, dass jemand anderes kommt &#8230; <a title=\"Finden Sie einen lokalen Casual Hookup\" class=\"read-more\" href=\"https:\/\/blowflyofficial.com\/de\/finden-sie-einen-lokalen-casual-hookup\/\" aria-label=\"Mehr dazu unter Finden Sie einen lokalen Casual Hookup\">Weiterlesen<\/a><\/p>\n","protected":false},"author":1,"featured_media":0,"parent":0,"menu_order":0,"comment_status":"closed","ping_status":"closed","template":"","meta":[],"yoast_head":"<!-- This site is optimized with the Yoast SEO plugin v17.7.1 - https:\/\/yoast.com\/wordpress\/plugins\/seo\/ -->\n<title>Finden Sie einen lokalen Casual Hookup - Hookup-Rankings<\/title>\n<meta name=\"robots\" content=\"index, follow, max-snippet:-1, max-image-preview:large, max-video-preview:-1\" \/>\n<link rel=\"canonical\" href=\"https:\/\/blowflyofficial.com\/de\/finden-sie-einen-lokalen-casual-hookup\/\" \/>\n<meta property=\"og:locale\" content=\"de_DE\" \/>\n<meta property=\"og:type\" content=\"article\" \/>\n<meta property=\"og:title\" content=\"Finden Sie einen lokalen Casual Hookup - Hookup-Rankings\" \/>\n<meta property=\"og:description\" content=\"Wir wissen, wie schwer es ist, jemanden zu finden, den man mag, besonders wenn man in verschiedenen St\u00e4dten lebt. Wir verstehen, dass du dich manchmal einfach einsam und gelangweilt f\u00fchlst, und wir beschuldigen dich nicht, denn es gibt viele Dinge, die uns auch traurig machen. Aber warum solltest du darauf warten, dass jemand anderes kommt ... Weiterlesen\" \/>\n<meta property=\"og:url\" content=\"https:\/\/blowflyofficial.com\/de\/finden-sie-einen-lokalen-casual-hookup\/\" \/>\n<meta property=\"og:site_name\" content=\"Hookup-Rankings\" \/>\n<meta name=\"twitter:card\" content=\"summary_large_image\" \/>\n<meta name=\"twitter:label1\" content=\"Gesch\u00e4tzte Lesezeit\" \/>\n\t<meta name=\"twitter:data1\" content=\"2\u00a0Minuten\" \/>\n<script type=\"application\/ld+json\" class=\"yoast-schema-graph\">{\"@context\":\"https:\/\/schema.org\",\"@graph\":[{\"@type\":\"WebSite\",\"@id\":\"http:\/\/blowflyofficial.com\/da\/#website\",\"url\":\"http:\/\/blowflyofficial.com\/da\/\",\"name\":\"Hookup-Rankings\",\"description\":\"Casual Dating Beratung\",\"potentialAction\":[{\"@type\":\"SearchAction\",\"target\":{\"@type\":\"EntryPoint\",\"urlTemplate\":\"http:\/\/blowflyofficial.com\/da\/?s={search_term_string}\"},\"query-input\":\"required name=search_term_string\"}],\"inLanguage\":\"de\"},{\"@type\":\"WebPage\",\"@id\":\"https:\/\/blowflyofficial.com\/de\/finden-sie-einen-lokalen-casual-hookup\/#webpage\",\"url\":\"https:\/\/blowflyofficial.com\/de\/finden-sie-einen-lokalen-casual-hookup\/\",\"name\":\"Finden Sie einen lokalen Casual Hookup - Hookup-Rankings\",\"isPartOf\":{\"@id\":\"http:\/\/blowflyofficial.com\/da\/#website\"},\"datePublished\":\"2022-08-30T12:45:52+00:00\",\"dateModified\":\"2022-08-30T12:45:52+00:00\",\"breadcrumb\":{\"@id\":\"https:\/\/blowflyofficial.com\/de\/finden-sie-einen-lokalen-casual-hookup\/#breadcrumb\"},\"inLanguage\":\"de\",\"potentialAction\":[{\"@type\":\"ReadAction\",\"target\":[\"https:\/\/blowflyofficial.com\/de\/finden-sie-einen-lokalen-casual-hookup\/\"]}]},{\"@type\":\"BreadcrumbList\",\"@id\":\"https:\/\/blowflyofficial.com\/de\/finden-sie-einen-lokalen-casual-hookup\/#breadcrumb\",\"itemListElement\":[{\"@type\":\"ListItem\",\"position\":1,\"name\":\"Home\",\"item\":\"https:\/\/blowflyofficial.com\/de\/\"},{\"@type\":\"ListItem\",\"position\":2,\"name\":\"Finden Sie einen lokalen Casual Hookup\"}]}]}<\/script>\n<!-- \/ Yoast SEO plugin. -->","yoast_head_json":{"title":"Finden Sie einen lokalen Casual Hookup - Hookup-Rankings","robots":{"index":"index","follow":"follow","max-snippet":"max-snippet:-1","max-image-preview":"max-image-preview:large","max-video-preview":"max-video-preview:-1"},"canonical":"https:\/\/blowflyofficial.com\/de\/finden-sie-einen-lokalen-casual-hookup\/","og_locale":"de_DE","og_type":"article","og_title":"Finden Sie einen lokalen Casual Hookup - Hookup-Rankings","og_description":"Wir wissen, wie schwer es ist, jemanden zu finden, den man mag, besonders wenn man in verschiedenen St\u00e4dten lebt. Wir verstehen, dass du dich manchmal einfach einsam und gelangweilt f\u00fchlst, und wir beschuldigen dich nicht, denn es gibt viele Dinge, die uns auch traurig machen. Aber warum solltest du darauf warten, dass jemand anderes kommt ... Weiterlesen","og_url":"https:\/\/blowflyofficial.com\/de\/finden-sie-einen-lokalen-casual-hookup\/","og_site_name":"Hookup-Rankings","twitter_card":"summary_large_image","twitter_misc":{"Gesch\u00e4tzte Lesezeit":"2\u00a0Minuten"},"schema":{"@context":"https:\/\/schema.org","@graph":[{"@type":"WebSite","@id":"http:\/\/blowflyofficial.com\/da\/#website","url":"http:\/\/blowflyofficial.com\/da\/","name":"Hookup-Rankings","description":"Casual Dating Beratung","potentialAction":[{"@type":"SearchAction","target":{"@type":"EntryPoint","urlTemplate":"http:\/\/blowflyofficial.com\/da\/?s={search_term_string}"},"query-input":"required name=search_term_string"}],"inLanguage":"de"},{"@type":"WebPage","@id":"https:\/\/blowflyofficial.com\/de\/finden-sie-einen-lokalen-casual-hookup\/#webpage","url":"https:\/\/blowflyofficial.com\/de\/finden-sie-einen-lokalen-casual-hookup\/","name":"Finden Sie einen lokalen Casual Hookup - Hookup-Rankings","isPartOf":{"@id":"http:\/\/blowflyofficial.com\/da\/#website"},"datePublished":"2022-08-30T12:45:52+00:00","dateModified":"2022-08-30T12:45:52+00:00","breadcrumb":{"@id":"https:\/\/blowflyofficial.com\/de\/finden-sie-einen-lokalen-casual-hookup\/#breadcrumb"},"inLanguage":"de","potentialAction":[{"@type":"ReadAction","target":["https:\/\/blowflyofficial.com\/de\/finden-sie-einen-lokalen-casual-hookup\/"]}]},{"@type":"BreadcrumbList","@id":"https:\/\/blowflyofficial.com\/de\/finden-sie-einen-lokalen-casual-hookup\/#breadcrumb","itemListElement":[{"@type":"ListItem","position":1,"name":"Home","item":"https:\/\/blowflyofficial.com\/de\/"},{"@type":"ListItem","position":2,"name":"Finden Sie einen lokalen Casual Hookup"}]}]}},"_links":{"self":[{"href":"https:\/\/blowflyofficial.com\/de\/wp-json\/wp\/v2\/pages\/200"}],"collection":[{"href":"https:\/\/blowflyofficial.com\/de\/wp-json\/wp\/v2\/pages"}],"about":[{"href":"https:\/\/blowflyofficial.com\/de\/wp-json\/wp\/v2\/types\/page"}],"author":[{"embeddable":true,"href":"https:\/\/blowflyofficial.com\/de\/wp-json\/wp\/v2\/users\/1"}],"replies":[{"embeddable":true,"href":"https:\/\/blowflyofficial.com\/de\/wp-json\/wp\/v2\/comments?post=200"}],"version-history":[{"count":0,"href":"https:\/\/blowflyofficial.com\/de\/wp-json\/wp\/v2\/pages\/200\/revisions"}],"wp:attachment":[{"href":"https:\/\/blowflyofficial.com\/de\/wp-json\/wp\/v2\/media?parent=200"}],"curies":[{"name":"wp","href":"https:\/\/api.w.org\/{rel}","templated":true}]}}