{"id":183,"date":"2022-08-30T13:50:50","date_gmt":"2022-08-30T12:50:50","guid":{"rendered":"http:\/\/blowflyofficial.com\/auf-der-suche-nach-sex\/"},"modified":"2022-08-30T13:50:50","modified_gmt":"2022-08-30T12:50:50","slug":"auf-der-suche-nach-sex","status":"publish","type":"page","link":"https:\/\/blowflyofficial.com\/de\/auf-der-suche-nach-sex\/","title":{"rendered":"Auf der Suche nach Sex"},"content":{"rendered":"<p>Auf der Suche nach etwas Spa\u00df heute Abend? Dann sind Sie bei uns genau richtig. Wir sind hier, um Ihnen zu helfen, Ihr perfektes Casual Date f\u00fcr Quickies und het-up Spa\u00df zu finden. Egal, ob es sich nur um Abendessen und Getr\u00e4nke oder etwas Ernsteres handelt, wir haben sicher ein Match f\u00fcr Sie. Unsere Website ist v\u00f6llig kostenlos zu nutzen, und unsere Mitglieder sind immer auf der Suche nach einer guten Zeit. Um jetzt jemanden zu finden, der etwas Besonderes ist, st\u00f6bern Sie einfach in unseren Profilen und melden Sie sich noch heute an.<\/p>\n<p>Unserer Meinung nach gibt es keinen Grund, warum Sie nicht versuchen sollten, einen Partner vor Ort zu finden. Schlie\u00dflich <a href=\"http:\/\/blowflyofficial.com\/de\/beste-dating-apps-um-etwas-ernstes-zu-finden\/\">wohnt ihr in der N\u00e4he<\/a>, kennt euch gut, und ihr seht euch wahrscheinlich schon jeden Tag. Vielleicht treffen Sie sich sogar ab und zu auf einen Kaffee. Warum probieren Sie es nicht aus?<\/p>\n<h2>So verwenden Sie Dating-Apps f\u00fcr nur Sex<\/h2>\n<p>Das Wichtigste, was Sie \u00fcber Dating-Apps wissen sollten, ist, dass es verschiedene Arten von Menschen auf der Welt gibt. Du denkst vielleicht, dass du jemanden wie dich selbst suchst, aber es stellt sich heraus, dass du tats\u00e4chlich nach jemandem suchst, der v\u00f6llig anders ist. Es gibt drei Hauptkategorien von Menschen online: diejenigen, die Gelegenheitssex wollen, diejenigen, die langfristige Beziehungen wollen, und diejenigen, die nur neue Freunde treffen wollen. Hier erfahren Sie, wie Sie Frauen abholen k\u00f6nnen, je nachdem, welche Art von Person Sie sind.<\/p>\n<h2>Casual Sex Menschen<\/h2>\n<p>Gelegenheitssex-Leute k\u00fcmmern sich nicht allzu sehr um das Aussehen, aber sie k\u00fcmmern sich um die Pers\u00f6nlichkeit. Sie sind in der Regel locker, aufgeschlossen und genie\u00dfen es im Allgemeinen, neue Leute kennenzulernen. Wenn Sie nach einer unterhaltsamen Nacht ohne Bedingungen suchen, sind Gelegenheitssex-Leute wahrscheinlich die beste Wahl f\u00fcr Sie. Diese Jungs sind nicht wirklich engagiert, aber sie werden definitiv einmal alles versuchen.<\/p>\n<h2>Langfristige Beziehungen Menschen<\/h2>\n<p>Langfristige Beziehungsmenschen sind das Gegenteil von Gelegenheitssex-Menschen. Sie suchen nach etwas Ernstem, und sie wollen einen Partner, auf den sie sich verlassen k\u00f6nnen. Aus diesem Grund sind viele von ihnen bereit, einige ziemlich unattraktive Eigenschaften bei M\u00e4nnern in Kauf zu nehmen. In der Tat tun sie oft alles, um Partner zu finden, die gut aussehen.<\/p>\n<h2>Neue Freunde Leute treffen<\/h2>\n<p>Neue Freunde zu treffen Menschen sind die am wenigsten verbreitete Gruppe, aber sie sind immer noch da drau\u00dfen. Sie sind in der Regel gl\u00fccklich, mit jedem zu sprechen, sogar mit v\u00f6llig Fremden, weil sie es lieben, neue Leute kennenzulernen. Sie sind normalerweise freundlich und kontaktfreudig, und sie sind immer daran interessiert, die Geschichten anderer zu h\u00f6ren. Sie sind auch gro\u00dfartige Zuh\u00f6rer, wenn Sie sich also jemals einsam oder gelangweilt f\u00fchlen, k\u00f6nnen Sie sich darauf verlassen, dass sie die Dinge interessant halten.<\/p>\n<h2>Unser Rat<\/h2>\n<p>Singles von heute sind daf\u00fcr bekannt, aufgeschlossen und flexibel zu sein, wenn es um Themen wie Sex geht. Dies gilt sowohl f\u00fcr Frauen als auch f\u00fcr M\u00e4nner. In der Tat ziehen es viele Leute vor, jemanden zu daten, der bereit ist, etwas Neues auszuprobieren.<\/p>\n<p>Dies gilt umso st\u00e4rker f\u00fcr \u00e4ltere Erwachsene. Viele von ihnen wollen im Ruhestand noch Spa\u00df haben. Und w\u00e4hrend es viele reife Dating-Sites gibt, die auf Senioren ausgerichtet sind, denken wir, dass lokale Verbindungen auch eine gro\u00dfartige Idee sind.<\/p>\n","protected":false},"excerpt":{"rendered":"<p>Auf der Suche nach etwas Spa\u00df heute Abend? Dann sind Sie bei uns genau richtig. Wir sind hier, um Ihnen zu helfen, Ihr perfektes Casual Date f\u00fcr Quickies und het-up Spa\u00df zu finden. Egal, ob es sich nur um Abendessen und Getr\u00e4nke oder etwas Ernsteres handelt, wir haben sicher ein Match f\u00fcr Sie. Unsere Website &#8230; <a title=\"Auf der Suche nach Sex\" class=\"read-more\" href=\"https:\/\/blowflyofficial.com\/de\/auf-der-suche-nach-sex\/\" aria-label=\"Mehr dazu unter Auf der Suche nach Sex\">Weiterlesen<\/a><\/p>\n","protected":false},"author":1,"featured_media":0,"parent":0,"menu_order":0,"comment_status":"closed","ping_status":"closed","template":"","meta":[],"yoast_head":"<!-- This site is optimized with the Yoast SEO plugin v17.7.1 - https:\/\/yoast.com\/wordpress\/plugins\/seo\/ -->\n<title>Auf der Suche nach Sex - Hookup-Rankings<\/title>\n<meta name=\"robots\" content=\"index, follow, max-snippet:-1, max-image-preview:large, max-video-preview:-1\" \/>\n<link rel=\"canonical\" href=\"https:\/\/blowflyofficial.com\/de\/auf-der-suche-nach-sex\/\" \/>\n<meta property=\"og:locale\" content=\"de_DE\" \/>\n<meta property=\"og:type\" content=\"article\" \/>\n<meta property=\"og:title\" content=\"Auf der Suche nach Sex - Hookup-Rankings\" \/>\n<meta property=\"og:description\" content=\"Auf der Suche nach etwas Spa\u00df heute Abend? Dann sind Sie bei uns genau richtig. Wir sind hier, um Ihnen zu helfen, Ihr perfektes Casual Date f\u00fcr Quickies und het-up Spa\u00df zu finden. Egal, ob es sich nur um Abendessen und Getr\u00e4nke oder etwas Ernsteres handelt, wir haben sicher ein Match f\u00fcr Sie. Unsere Website ... Weiterlesen\" \/>\n<meta property=\"og:url\" content=\"https:\/\/blowflyofficial.com\/de\/auf-der-suche-nach-sex\/\" \/>\n<meta property=\"og:site_name\" content=\"Hookup-Rankings\" \/>\n<meta name=\"twitter:card\" content=\"summary_large_image\" \/>\n<meta name=\"twitter:label1\" content=\"Gesch\u00e4tzte Lesezeit\" \/>\n\t<meta name=\"twitter:data1\" content=\"3\u00a0Minuten\" \/>\n<script type=\"application\/ld+json\" class=\"yoast-schema-graph\">{\"@context\":\"https:\/\/schema.org\",\"@graph\":[{\"@type\":\"WebSite\",\"@id\":\"http:\/\/blowflyofficial.com\/da\/#website\",\"url\":\"http:\/\/blowflyofficial.com\/da\/\",\"name\":\"Hookup-Rankings\",\"description\":\"Casual Dating Beratung\",\"potentialAction\":[{\"@type\":\"SearchAction\",\"target\":{\"@type\":\"EntryPoint\",\"urlTemplate\":\"http:\/\/blowflyofficial.com\/da\/?s={search_term_string}\"},\"query-input\":\"required name=search_term_string\"}],\"inLanguage\":\"de\"},{\"@type\":\"WebPage\",\"@id\":\"https:\/\/blowflyofficial.com\/de\/auf-der-suche-nach-sex\/#webpage\",\"url\":\"https:\/\/blowflyofficial.com\/de\/auf-der-suche-nach-sex\/\",\"name\":\"Auf der Suche nach Sex - Hookup-Rankings\",\"isPartOf\":{\"@id\":\"http:\/\/blowflyofficial.com\/da\/#website\"},\"datePublished\":\"2022-08-30T12:50:50+00:00\",\"dateModified\":\"2022-08-30T12:50:50+00:00\",\"breadcrumb\":{\"@id\":\"https:\/\/blowflyofficial.com\/de\/auf-der-suche-nach-sex\/#breadcrumb\"},\"inLanguage\":\"de\",\"potentialAction\":[{\"@type\":\"ReadAction\",\"target\":[\"https:\/\/blowflyofficial.com\/de\/auf-der-suche-nach-sex\/\"]}]},{\"@type\":\"BreadcrumbList\",\"@id\":\"https:\/\/blowflyofficial.com\/de\/auf-der-suche-nach-sex\/#breadcrumb\",\"itemListElement\":[{\"@type\":\"ListItem\",\"position\":1,\"name\":\"Home\",\"item\":\"https:\/\/blowflyofficial.com\/de\/\"},{\"@type\":\"ListItem\",\"position\":2,\"name\":\"Auf der Suche nach Sex\"}]}]}<\/script>\n<!-- \/ Yoast SEO plugin. -->","yoast_head_json":{"title":"Auf der Suche nach Sex - Hookup-Rankings","robots":{"index":"index","follow":"follow","max-snippet":"max-snippet:-1","max-image-preview":"max-image-preview:large","max-video-preview":"max-video-preview:-1"},"canonical":"https:\/\/blowflyofficial.com\/de\/auf-der-suche-nach-sex\/","og_locale":"de_DE","og_type":"article","og_title":"Auf der Suche nach Sex - Hookup-Rankings","og_description":"Auf der Suche nach etwas Spa\u00df heute Abend? Dann sind Sie bei uns genau richtig. Wir sind hier, um Ihnen zu helfen, Ihr perfektes Casual Date f\u00fcr Quickies und het-up Spa\u00df zu finden. Egal, ob es sich nur um Abendessen und Getr\u00e4nke oder etwas Ernsteres handelt, wir haben sicher ein Match f\u00fcr Sie. Unsere Website ... Weiterlesen","og_url":"https:\/\/blowflyofficial.com\/de\/auf-der-suche-nach-sex\/","og_site_name":"Hookup-Rankings","twitter_card":"summary_large_image","twitter_misc":{"Gesch\u00e4tzte Lesezeit":"3\u00a0Minuten"},"schema":{"@context":"https:\/\/schema.org","@graph":[{"@type":"WebSite","@id":"http:\/\/blowflyofficial.com\/da\/#website","url":"http:\/\/blowflyofficial.com\/da\/","name":"Hookup-Rankings","description":"Casual Dating Beratung","potentialAction":[{"@type":"SearchAction","target":{"@type":"EntryPoint","urlTemplate":"http:\/\/blowflyofficial.com\/da\/?s={search_term_string}"},"query-input":"required name=search_term_string"}],"inLanguage":"de"},{"@type":"WebPage","@id":"https:\/\/blowflyofficial.com\/de\/auf-der-suche-nach-sex\/#webpage","url":"https:\/\/blowflyofficial.com\/de\/auf-der-suche-nach-sex\/","name":"Auf der Suche nach Sex - Hookup-Rankings","isPartOf":{"@id":"http:\/\/blowflyofficial.com\/da\/#website"},"datePublished":"2022-08-30T12:50:50+00:00","dateModified":"2022-08-30T12:50:50+00:00","breadcrumb":{"@id":"https:\/\/blowflyofficial.com\/de\/auf-der-suche-nach-sex\/#breadcrumb"},"inLanguage":"de","potentialAction":[{"@type":"ReadAction","target":["https:\/\/blowflyofficial.com\/de\/auf-der-suche-nach-sex\/"]}]},{"@type":"BreadcrumbList","@id":"https:\/\/blowflyofficial.com\/de\/auf-der-suche-nach-sex\/#breadcrumb","itemListElement":[{"@type":"ListItem","position":1,"name":"Home","item":"https:\/\/blowflyofficial.com\/de\/"},{"@type":"ListItem","position":2,"name":"Auf der Suche nach Sex"}]}]}},"_links":{"self":[{"href":"https:\/\/blowflyofficial.com\/de\/wp-json\/wp\/v2\/pages\/183"}],"collection":[{"href":"https:\/\/blowflyofficial.com\/de\/wp-json\/wp\/v2\/pages"}],"about":[{"href":"https:\/\/blowflyofficial.com\/de\/wp-json\/wp\/v2\/types\/page"}],"author":[{"embeddable":true,"href":"https:\/\/blowflyofficial.com\/de\/wp-json\/wp\/v2\/users\/1"}],"replies":[{"embeddable":true,"href":"https:\/\/blowflyofficial.com\/de\/wp-json\/wp\/v2\/comments?post=183"}],"version-history":[{"count":0,"href":"https:\/\/blowflyofficial.com\/de\/wp-json\/wp\/v2\/pages\/183\/revisions"}],"wp:attachment":[{"href":"https:\/\/blowflyofficial.com\/de\/wp-json\/wp\/v2\/media?parent=183"}],"curies":[{"name":"wp","href":"https:\/\/api.w.org\/{rel}","templated":true}]}}