{"id":175,"date":"2022-08-30T13:54:35","date_gmt":"2022-08-30T12:54:35","guid":{"rendered":"http:\/\/blowflyofficial.com\/swapfinder-gegen-easysex\/"},"modified":"2022-08-30T13:54:35","modified_gmt":"2022-08-30T12:54:35","slug":"swapfinder-gegen-easysex","status":"publish","type":"page","link":"https:\/\/blowflyofficial.com\/de\/swapfinder-gegen-easysex\/","title":{"rendered":"SwapFinder gegen EasySex"},"content":{"rendered":"<p>Online-Dating ist eines dieser Dinge, die ziemlich einfach erscheinen: Sie melden sich an, f\u00fcllen einige Fragen \u00fcber sich selbst aus und warten darauf, dass Spiele hereinkommen. Aber es gibt tats\u00e4chlich viel mehr als das.<\/p>\n<p>Der einfachste Weg, um jemanden zu finden, der kompatibel ist, besteht darin, sich einfach bei einer App oder Website anzumelden und Profile zu durchsuchen. Wenn Sie nach etwas Ernstem suchen, kann es eine Weile dauern. Und selbst wenn Sie es schaffen, jemanden zu finden, werden Sie immer noch nicht wissen, ob er mit Ihnen ausgehen m\u00f6chte, es sei denn, Sie senden ihm eine Nachricht.<\/p>\n<p>F\u00fcr Websites wie eHarmony, Match, PlentyOfFish, Zoosk, OkCupid und Tinder k\u00f6nnen Sie technisch ihre kostenlosen Versionen verwenden, um sich umzusehen und zu sehen, was verf\u00fcgbar ist. Aber es gibt auch viele kostenpflichtige Optionen &#8211; solche, mit denen Sie potenzielle Termine senden und sehen k\u00f6nnen, wer Sie mag.<\/p>\n<h2>Swap-Finder<\/h2>\n<p>Wenn Sie nach einem Ort suchen, an dem Sie <a href=\"http:\/\/blowflyofficial.com\/de\/finden-sie-einen-lokalen-casual-hookup\/\">Menschen online treffen<\/a> k\u00f6nnen, dann k\u00f6nnte SwapFinder.com genau das sein, wonach Sie gesucht haben. Sie sehen, dies ist nicht gerade eine Dating-Site. Stattdessen ist es eine kostenlose Social-Networking-Site, auf der Gleichgesinnte zusammenkommen, um Partner f\u00fcr eine Nacht voller Spa\u00df auszutauschen. Und w\u00e4hrend es viele Websites gibt, die speziell auf schwingende Paare ausgerichtet sind, steht dieser Kopf und Schultern \u00fcber dem Rest.<\/p>\n<p>Der Grund daf\u00fcr ist, dass SwapFinder.com der gleichen Firma geh\u00f6rt wie Adult Friend Finder, eine der beliebtesten Dating-Sites f\u00fcr Erwachsene der Welt. Wenn Sie also jemanden finden m\u00f6chten, mit dem Sie sich heute Abend treffen k\u00f6nnen, werden Sie wahrscheinlich viel mehr Erfolg haben, jemanden hier zu finden als anderswo.<\/p>\n<h2>Einfacher Sex<\/h2>\n<p>Ich wei\u00df nicht, wie es dir geht, aber ich mag Sex. Nun, ich liebe Sex. Tats\u00e4chlich denke ich, dass es so ziemlich der lustigste Teil des Lebens ist. Und w\u00e4hrend es viele Websites gibt, auf denen Sie Anschl\u00fcsse finden k\u00f6nnen, wollte ich etwas anderes. Etwas Besseres. Also habe ich mich f\u00fcr EasySex.com angemeldet.<\/p>\n<p>Die Idee hinter EasySex ist einfach. Sie melden sich kostenlos an, laden ein Profilbild hoch, f\u00fcllen ein paar Fragen aus und boomen &#8211; Sie sind bereit, Leute zu treffen. Es gibt keine Geb\u00fchren, keine Gimmicks und keinen Bullshit. Nur echte Menschen, die echte Gespr\u00e4che f\u00fchren m\u00f6chten.<\/p>\n<p>So weit so gut. Aber was EasySex wirklich auszeichnet, ist, wie einfach es ist, Leute zu treffen. Im Gegensatz zu anderen Websites m\u00fcssen Sie bei EasySex nicht extra bezahlen, um zu sehen, wer sonst noch online ist. Stattdessen k\u00f6nnen Sie Profile v\u00f6llig anonym durchsuchen. Wenn Sie mit jemandem chatten m\u00f6chten, geben Sie einfach &#8222;Hey!&#8220; in das Textfeld neben seinem Foto ein, klicken Sie auf Senden und voil\u00e0! Instant Messaging beginnt.<\/p>\n<p>Und das Beste daran ist, sobald Sie sich f\u00fcr ein Date entscheiden, gibt es keine versteckten Kosten. Alles, was Sie tun m\u00fcssen, ist aufzutauchen. Die meisten Menschen scheinen das zu genie\u00dfen.<\/p>\n<h1>Alternative &#8211; Zoosk<\/h1>\n<p>Zoosk gibt es seit 2004 und hat weltweit \u00fcber 25 Millionen Mitglieder. Vor kurzem wurde eine neu gestaltete App eingef\u00fchrt, mit der Benutzer potenzielle \u00dcbereinstimmungen basierend auf Gemeinsamkeiten wie Standort, Alter, Bildungsniveau, Jobtyp usw. anzeigen k\u00f6nnen.<\/p>\n<p>Die App erfordert immer noch, dass Benutzer einen Fragebogen \u00fcber sich selbst ausf\u00fcllen, bevor sie die Informationen anderer sehen k\u00f6nnen. Dieser Fragebogen enth\u00e4lt acht Fragen, die Zoosk helfen festzustellen, welche Art von Person Sie sind. Zu diesen Fragen geh\u00f6ren &#8222;Was machst du gerne?&#8220; und &#8222;Ziehst du es vor, alleine oder mit Freunden abzuh\u00e4ngen?&#8220;.<\/p>\n<p>Sie k\u00f6nnen einige der Fragen \u00fcberspringen, aber Sie k\u00f6nnen die Pers\u00f6nlichkeitsfrage nicht \u00fcberspringen. Sie m\u00fcssen jede Frage vollst\u00e4ndig beantworten, bevor Sie mit dem n\u00e4chsten Schritt fortfahren k\u00f6nnen.<\/p>\n","protected":false},"excerpt":{"rendered":"<p>Online-Dating ist eines dieser Dinge, die ziemlich einfach erscheinen: Sie melden sich an, f\u00fcllen einige Fragen \u00fcber sich selbst aus und warten darauf, dass Spiele hereinkommen. Aber es gibt tats\u00e4chlich viel mehr als das. Der einfachste Weg, um jemanden zu finden, der kompatibel ist, besteht darin, sich einfach bei einer App oder Website anzumelden und &#8230; <a title=\"SwapFinder gegen EasySex\" class=\"read-more\" href=\"https:\/\/blowflyofficial.com\/de\/swapfinder-gegen-easysex\/\" aria-label=\"Mehr dazu unter SwapFinder gegen EasySex\">Weiterlesen<\/a><\/p>\n","protected":false},"author":1,"featured_media":0,"parent":0,"menu_order":0,"comment_status":"closed","ping_status":"closed","template":"","meta":[],"yoast_head":"<!-- This site is optimized with the Yoast SEO plugin v17.7.1 - https:\/\/yoast.com\/wordpress\/plugins\/seo\/ -->\n<title>SwapFinder gegen EasySex - Hookup-Rankings<\/title>\n<meta name=\"robots\" content=\"index, follow, max-snippet:-1, max-image-preview:large, max-video-preview:-1\" \/>\n<link rel=\"canonical\" href=\"https:\/\/blowflyofficial.com\/de\/swapfinder-gegen-easysex\/\" \/>\n<meta property=\"og:locale\" content=\"de_DE\" \/>\n<meta property=\"og:type\" content=\"article\" \/>\n<meta property=\"og:title\" content=\"SwapFinder gegen EasySex - Hookup-Rankings\" \/>\n<meta property=\"og:description\" content=\"Online-Dating ist eines dieser Dinge, die ziemlich einfach erscheinen: Sie melden sich an, f\u00fcllen einige Fragen \u00fcber sich selbst aus und warten darauf, dass Spiele hereinkommen. Aber es gibt tats\u00e4chlich viel mehr als das. Der einfachste Weg, um jemanden zu finden, der kompatibel ist, besteht darin, sich einfach bei einer App oder Website anzumelden und ... Weiterlesen\" \/>\n<meta property=\"og:url\" content=\"https:\/\/blowflyofficial.com\/de\/swapfinder-gegen-easysex\/\" \/>\n<meta property=\"og:site_name\" content=\"Hookup-Rankings\" \/>\n<meta name=\"twitter:card\" content=\"summary_large_image\" \/>\n<meta name=\"twitter:label1\" content=\"Gesch\u00e4tzte Lesezeit\" \/>\n\t<meta name=\"twitter:data1\" content=\"3\u00a0Minuten\" \/>\n<script type=\"application\/ld+json\" class=\"yoast-schema-graph\">{\"@context\":\"https:\/\/schema.org\",\"@graph\":[{\"@type\":\"WebSite\",\"@id\":\"http:\/\/blowflyofficial.com\/da\/#website\",\"url\":\"http:\/\/blowflyofficial.com\/da\/\",\"name\":\"Hookup-Rankings\",\"description\":\"Casual Dating Beratung\",\"potentialAction\":[{\"@type\":\"SearchAction\",\"target\":{\"@type\":\"EntryPoint\",\"urlTemplate\":\"http:\/\/blowflyofficial.com\/da\/?s={search_term_string}\"},\"query-input\":\"required name=search_term_string\"}],\"inLanguage\":\"de\"},{\"@type\":\"WebPage\",\"@id\":\"https:\/\/blowflyofficial.com\/de\/swapfinder-gegen-easysex\/#webpage\",\"url\":\"https:\/\/blowflyofficial.com\/de\/swapfinder-gegen-easysex\/\",\"name\":\"SwapFinder gegen EasySex - Hookup-Rankings\",\"isPartOf\":{\"@id\":\"http:\/\/blowflyofficial.com\/da\/#website\"},\"datePublished\":\"2022-08-30T12:54:35+00:00\",\"dateModified\":\"2022-08-30T12:54:35+00:00\",\"breadcrumb\":{\"@id\":\"https:\/\/blowflyofficial.com\/de\/swapfinder-gegen-easysex\/#breadcrumb\"},\"inLanguage\":\"de\",\"potentialAction\":[{\"@type\":\"ReadAction\",\"target\":[\"https:\/\/blowflyofficial.com\/de\/swapfinder-gegen-easysex\/\"]}]},{\"@type\":\"BreadcrumbList\",\"@id\":\"https:\/\/blowflyofficial.com\/de\/swapfinder-gegen-easysex\/#breadcrumb\",\"itemListElement\":[{\"@type\":\"ListItem\",\"position\":1,\"name\":\"Home\",\"item\":\"https:\/\/blowflyofficial.com\/de\/\"},{\"@type\":\"ListItem\",\"position\":2,\"name\":\"SwapFinder gegen EasySex\"}]}]}<\/script>\n<!-- \/ Yoast SEO plugin. -->","yoast_head_json":{"title":"SwapFinder gegen EasySex - Hookup-Rankings","robots":{"index":"index","follow":"follow","max-snippet":"max-snippet:-1","max-image-preview":"max-image-preview:large","max-video-preview":"max-video-preview:-1"},"canonical":"https:\/\/blowflyofficial.com\/de\/swapfinder-gegen-easysex\/","og_locale":"de_DE","og_type":"article","og_title":"SwapFinder gegen EasySex - Hookup-Rankings","og_description":"Online-Dating ist eines dieser Dinge, die ziemlich einfach erscheinen: Sie melden sich an, f\u00fcllen einige Fragen \u00fcber sich selbst aus und warten darauf, dass Spiele hereinkommen. Aber es gibt tats\u00e4chlich viel mehr als das. Der einfachste Weg, um jemanden zu finden, der kompatibel ist, besteht darin, sich einfach bei einer App oder Website anzumelden und ... Weiterlesen","og_url":"https:\/\/blowflyofficial.com\/de\/swapfinder-gegen-easysex\/","og_site_name":"Hookup-Rankings","twitter_card":"summary_large_image","twitter_misc":{"Gesch\u00e4tzte Lesezeit":"3\u00a0Minuten"},"schema":{"@context":"https:\/\/schema.org","@graph":[{"@type":"WebSite","@id":"http:\/\/blowflyofficial.com\/da\/#website","url":"http:\/\/blowflyofficial.com\/da\/","name":"Hookup-Rankings","description":"Casual Dating Beratung","potentialAction":[{"@type":"SearchAction","target":{"@type":"EntryPoint","urlTemplate":"http:\/\/blowflyofficial.com\/da\/?s={search_term_string}"},"query-input":"required name=search_term_string"}],"inLanguage":"de"},{"@type":"WebPage","@id":"https:\/\/blowflyofficial.com\/de\/swapfinder-gegen-easysex\/#webpage","url":"https:\/\/blowflyofficial.com\/de\/swapfinder-gegen-easysex\/","name":"SwapFinder gegen EasySex - Hookup-Rankings","isPartOf":{"@id":"http:\/\/blowflyofficial.com\/da\/#website"},"datePublished":"2022-08-30T12:54:35+00:00","dateModified":"2022-08-30T12:54:35+00:00","breadcrumb":{"@id":"https:\/\/blowflyofficial.com\/de\/swapfinder-gegen-easysex\/#breadcrumb"},"inLanguage":"de","potentialAction":[{"@type":"ReadAction","target":["https:\/\/blowflyofficial.com\/de\/swapfinder-gegen-easysex\/"]}]},{"@type":"BreadcrumbList","@id":"https:\/\/blowflyofficial.com\/de\/swapfinder-gegen-easysex\/#breadcrumb","itemListElement":[{"@type":"ListItem","position":1,"name":"Home","item":"https:\/\/blowflyofficial.com\/de\/"},{"@type":"ListItem","position":2,"name":"SwapFinder gegen EasySex"}]}]}},"_links":{"self":[{"href":"https:\/\/blowflyofficial.com\/de\/wp-json\/wp\/v2\/pages\/175"}],"collection":[{"href":"https:\/\/blowflyofficial.com\/de\/wp-json\/wp\/v2\/pages"}],"about":[{"href":"https:\/\/blowflyofficial.com\/de\/wp-json\/wp\/v2\/types\/page"}],"author":[{"embeddable":true,"href":"https:\/\/blowflyofficial.com\/de\/wp-json\/wp\/v2\/users\/1"}],"replies":[{"embeddable":true,"href":"https:\/\/blowflyofficial.com\/de\/wp-json\/wp\/v2\/comments?post=175"}],"version-history":[{"count":0,"href":"https:\/\/blowflyofficial.com\/de\/wp-json\/wp\/v2\/pages\/175\/revisions"}],"wp:attachment":[{"href":"https:\/\/blowflyofficial.com\/de\/wp-json\/wp\/v2\/media?parent=175"}],"curies":[{"name":"wp","href":"https:\/\/api.w.org\/{rel}","templated":true}]}}