{"id":146,"date":"2022-08-30T13:59:12","date_gmt":"2022-08-30T12:59:12","guid":{"rendered":"http:\/\/blowflyofficial.com\/beste-dating-apps-um-etwas-ernstes-zu-finden\/"},"modified":"2022-08-30T13:59:12","modified_gmt":"2022-08-30T12:59:12","slug":"beste-dating-apps-um-etwas-ernstes-zu-finden","status":"publish","type":"page","link":"https:\/\/blowflyofficial.com\/de\/beste-dating-apps-um-etwas-ernstes-zu-finden\/","title":{"rendered":"Beste Dating-Apps, um etwas Ernstes zu finden"},"content":{"rendered":"<p>Online-Dating-Sites sind gro\u00dfartig, weil sie kostenlos, anonym und bequem sind. Sie erm\u00f6glichen es Ihnen, Singles zu treffen, die \u00e4hnliche Interessen, Werte und Lebensstile teilen. Aber es gibt auch einige Nachteile. Online-Dating-Sites sind nicht perfekt. Einige Websites sind mit gef\u00e4lschten Profilen, Spam-Nachrichten und Betr\u00fcgern gef\u00fcllt. Andere verlangen, dass Benutzer bezahlen, um die Mitgliedschaft zu aktualisieren oder Premium-Dienste zu nutzen.<\/p>\n<p>Das hei\u00dft, Online-Dating-Sites sind immer noch einen Besuch wert. Es gibt viele verschiedene Arten von Online-Dating-Sites, einschlie\u00dflich Matchmaking-Sites, Social-Networking-Sites und spezialisierten Dating-Sites. Jeder Typ bietet seine eigenen einzigartigen Vorteile.<\/p>\n<h2>Match.com<\/h2>\n<p>Match.com ist eine der beliebtesten Online-Dating-Sites \u00fcberhaupt, und es ist kein Wunder, warum. Mit <a href=\"http:\/\/blowflyofficial.com\/de\/swapfinder-gegen-easysex\/\">Millionen von Menschen, die jeden Tag nach Liebe suchen<\/a>, ist es sinnvoll, dass es viele M\u00f6glichkeiten f\u00fcr diejenigen gibt, die Liebe finden m\u00f6chten. Aber obwohl es es schon seit \u00fcber 20 Jahren gibt, ist Match.com nicht gerade frei. Es gibt einige kostenpflichtige Funktionen, die mit der Anmeldung einhergehen, z. B. das Senden von E-Mails und das Durchsuchen von Fotos, aber das echte Geld kommt herein, wenn Sie sich entscheiden, Messaging-Mitglieder zu senden.<\/p>\n<p>Der Basis-Mitgliedschaftsplan kostet $ 29 pro Monat, w\u00e4hrend das Premium-Paket bei $ 49 \/ Monat beginnt. Beide Pl\u00e4ne beinhalten den Zugriff auf die gesamte Website, einschlie\u00dflich der M\u00f6glichkeit, Mitgliederprofile zu durchsuchen, Nachrichten zu senden, Fotos anzuzeigen und vieles mehr. Wenn Sie jedoch tats\u00e4chlich mit potenziellen \u00dcbereinstimmungen kommunizieren m\u00f6chten, m\u00fcssen Sie entweder auf das Gold-Paket ($ 79 \/ Monat) oder das Platinum-Paket ($ 199 \/ Monat) upgraden. Diese Pakete bieten zus\u00e4tzliche Funktionen wie unbegrenzte Chat-Leitungen, Video-Chats und Gruppenchats. Wenn Sie wirklich alles geben m\u00f6chten, k\u00f6nnen Sie nur $ 99 \/ Monat f\u00fcr das Diamond-Paket ausgeben, das alles enth\u00e4lt, was im Platinum-Paket enthalten ist, sowie die M\u00f6glichkeit zu sehen, wer Ihr Profil angesehen hat.<\/p>\n<h2>OKCupid<\/h2>\n<p>Die Online-Dating-Welt ver\u00e4ndert sich rasant. Und OkCupid will helfen, mit der Zeit zu gehen. Am Donnerstag gab die beliebte Dating-Site bekannt, dass sie ihre gesamte Produktpalette unter einem Dach namens OKCupid neu aufgelegt hat.<\/p>\n<p>Jetzt bietet die Website drei verschiedene Abonnementoptionen an: Basic ($ 19 pro Monat), Plus ($ 39 pro Monat) und Premium ($ 59 pro Monat). F\u00fcr $ 19 pro Monat k\u00f6nnen Sie auf die grundlegenden Funktionen der Website zugreifen, einschlie\u00dflich des Durchsuchens von Fotos von Mitgliedern, des Sendens von Nachrichten und des Lesens von Antworten. Dar\u00fcber hinaus erhalten Sie Benachrichtigungen, wenn Ihnen jemand antwortet, Ihnen eine Nachricht sendet oder Sie zu seinem Netzwerk hinzuf\u00fcgt. Wenn Sie sich f\u00fcr ein Upgrade auf den Plus-Plan entscheiden, erhalten Sie Zugriff auf zus\u00e4tzliche Funktionen, z. B. die M\u00f6glichkeit, mehrere Nachrichten gleichzeitig zu senden, vollst\u00e4ndige Mitgliederprofile anzuzeigen und Nachrichten zu lesen, ohne nach unten scrollen zu m\u00fcssen. Schlie\u00dflich k\u00f6nnen Sie mit dem Premium-Paket direkt auf Nachrichten antworten, die an Sie gesendet werden, sowie personalisierte Notizen zu Ihren \u00dcbereinstimmungen schreiben.<\/p>\n<h2>OurTime<\/h2>\n<p>Die Idee hinter OurTime ist einfach. Wir m\u00f6chten Menschen helfen, Liebe, Freundschaft, Kameradschaft und vielleicht sogar Ehe zu finden. Und wir wollen es tun, ohne stundenlang langweilige Online-Formulare ausf\u00fcllen zu m\u00fcssen. Also haben wir eine Website erstellt, auf der jeder \u00fcber 50-J\u00e4hrige ein Profil ver\u00f6ffentlichen, Fotos hochladen, Videos hinzuf\u00fcgen, \u00fcber sich selbst schreiben, Fragen beantworten und sich mit anderen verbinden kann.<\/p>\n<p>Wir wissen, dass es Arbeit erfordert, jemanden zu finden, der etwas Besonderes ist, sei es durch Freunde, Familie oder Online-Dating-Sites. Aber wir denken, dass jeder die Chance verdient, jemanden zu treffen, der gro\u00dfartig ist &#8211; unabh\u00e4ngig davon, wie besch\u00e4ftigt das Leben wird. Und wir wissen, dass das \u00c4lterwerden manchmal nicht bedeutet, die F\u00e4higkeit zu verlieren, wahres Gl\u00fcck zu finden. Tats\u00e4chlich zeigen einige Studien, dass Menschen in ihren 40ern und 50ern tats\u00e4chlich gl\u00fccklicher sind als diejenigen in ihren 20ern und 30ern.<\/p>\n<p>Aber w\u00e4hrend Millionen von Amerikanern bereits die Vorteile genie\u00dfen, Teil der &#8222;Silbergeneration&#8220; zu sein, erkennen nicht genug Menschen, wie viel besser es ihnen gehen k\u00f6nnte. Laut dem Pew Research Center war fast die H\u00e4lfte der amerikanischen Erwachsenen noch nie verheiratet, und unter denen, die verheiratet sind, sagen weniger als die H\u00e4lfte der Paare, dass sie jemals dar\u00fcber gesprochen haben, was nach dem Tod passiert.<\/p>\n<p>Warum nutzen also nicht mehr Menschen OurTime, um dauerhafte Beziehungen zu finden? Nun, es stellt sich heraus, dass viele Menschen nicht daran interessiert sind, jemand anderen zu treffen, weil sie davon ausgehen, dass sie alleine enden werden. Sie machen sich Sorgen, dass sie keinen Partner gewinnen k\u00f6nnen oder dass sie sich am Ende mit jemandem niederlassen, der weniger attraktiv ist als sie.<\/p>\n<h1>Unser Rat an Sie<\/h1>\n<p>Matchmaking-Websites sollen Ihnen helfen, kompatible Partner basierend auf gemeinsamen Interessen und Pers\u00f6nlichkeitsmerkmalen zu finden. Social-Networking-Sites sind ideal, um Freunde zu treffen und Verbindungen herzustellen. Spezialisierte Dating-Sites richten sich an bestimmte Gruppen, z. B. an diejenigen, die daran interessiert sind, Liebe unter geschiedenen Eltern, schwulen M\u00e4nnern oder alleinerziehenden M\u00fcttern zu finden.<\/p>\n<p>Es gibt Vor- und Nachteile f\u00fcr jede Art von Website. Matchmaking-Sites sind in der Regel teuer, bieten aber eine bessere Privatsph\u00e4re als die meisten anderen Optionen. Social-Networking-Sites sind kostenlos, aber ihnen fehlt die pers\u00f6nliche Note von Matchmaking-Sites. Und spezialisierte Dating-Sites sind in der Regel billiger als Matchmaking-Sites, aber sie enthalten m\u00f6glicherweise keine Funktionen, die auf anderen Websites zu finden sind.<\/p>\n<p>Unabh\u00e4ngig davon, welche Option f\u00fcr Sie am besten geeignet ist, denken Sie daran, dass Online-Dating-Sites nicht perfekt sind. Nutzen Sie sie also aus, aber bleiben Sie aufgeschlossen, wenn Sie nach Liebe suchen.<\/p>\n","protected":false},"excerpt":{"rendered":"<p>Online-Dating-Sites sind gro\u00dfartig, weil sie kostenlos, anonym und bequem sind. Sie erm\u00f6glichen es Ihnen, Singles zu treffen, die \u00e4hnliche Interessen, Werte und Lebensstile teilen. Aber es gibt auch einige Nachteile. Online-Dating-Sites sind nicht perfekt. Einige Websites sind mit gef\u00e4lschten Profilen, Spam-Nachrichten und Betr\u00fcgern gef\u00fcllt. Andere verlangen, dass Benutzer bezahlen, um die Mitgliedschaft zu aktualisieren oder &#8230; <a title=\"Beste Dating-Apps, um etwas Ernstes zu finden\" class=\"read-more\" href=\"https:\/\/blowflyofficial.com\/de\/beste-dating-apps-um-etwas-ernstes-zu-finden\/\" aria-label=\"Mehr dazu unter Beste Dating-Apps, um etwas Ernstes zu finden\">Weiterlesen<\/a><\/p>\n","protected":false},"author":1,"featured_media":0,"parent":0,"menu_order":0,"comment_status":"closed","ping_status":"closed","template":"","meta":[],"yoast_head":"<!-- This site is optimized with the Yoast SEO plugin v17.7.1 - https:\/\/yoast.com\/wordpress\/plugins\/seo\/ -->\n<title>Beste Dating-Apps, um etwas Ernstes zu finden - Hookup-Rankings<\/title>\n<meta name=\"robots\" content=\"index, follow, max-snippet:-1, max-image-preview:large, max-video-preview:-1\" \/>\n<link rel=\"canonical\" href=\"https:\/\/blowflyofficial.com\/de\/beste-dating-apps-um-etwas-ernstes-zu-finden\/\" \/>\n<meta property=\"og:locale\" content=\"de_DE\" \/>\n<meta property=\"og:type\" content=\"article\" \/>\n<meta property=\"og:title\" content=\"Beste Dating-Apps, um etwas Ernstes zu finden - Hookup-Rankings\" \/>\n<meta property=\"og:description\" content=\"Online-Dating-Sites sind gro\u00dfartig, weil sie kostenlos, anonym und bequem sind. Sie erm\u00f6glichen es Ihnen, Singles zu treffen, die \u00e4hnliche Interessen, Werte und Lebensstile teilen. Aber es gibt auch einige Nachteile. Online-Dating-Sites sind nicht perfekt. Einige Websites sind mit gef\u00e4lschten Profilen, Spam-Nachrichten und Betr\u00fcgern gef\u00fcllt. Andere verlangen, dass Benutzer bezahlen, um die Mitgliedschaft zu aktualisieren oder ... Weiterlesen\" \/>\n<meta property=\"og:url\" content=\"https:\/\/blowflyofficial.com\/de\/beste-dating-apps-um-etwas-ernstes-zu-finden\/\" \/>\n<meta property=\"og:site_name\" content=\"Hookup-Rankings\" \/>\n<meta name=\"twitter:card\" content=\"summary_large_image\" \/>\n<meta name=\"twitter:label1\" content=\"Gesch\u00e4tzte Lesezeit\" \/>\n\t<meta name=\"twitter:data1\" content=\"5\u00a0Minuten\" \/>\n<script type=\"application\/ld+json\" class=\"yoast-schema-graph\">{\"@context\":\"https:\/\/schema.org\",\"@graph\":[{\"@type\":\"WebSite\",\"@id\":\"http:\/\/blowflyofficial.com\/da\/#website\",\"url\":\"http:\/\/blowflyofficial.com\/da\/\",\"name\":\"Hookup-Rankings\",\"description\":\"Casual Dating Beratung\",\"potentialAction\":[{\"@type\":\"SearchAction\",\"target\":{\"@type\":\"EntryPoint\",\"urlTemplate\":\"http:\/\/blowflyofficial.com\/da\/?s={search_term_string}\"},\"query-input\":\"required name=search_term_string\"}],\"inLanguage\":\"de\"},{\"@type\":\"WebPage\",\"@id\":\"https:\/\/blowflyofficial.com\/de\/beste-dating-apps-um-etwas-ernstes-zu-finden\/#webpage\",\"url\":\"https:\/\/blowflyofficial.com\/de\/beste-dating-apps-um-etwas-ernstes-zu-finden\/\",\"name\":\"Beste Dating-Apps, um etwas Ernstes zu finden - Hookup-Rankings\",\"isPartOf\":{\"@id\":\"http:\/\/blowflyofficial.com\/da\/#website\"},\"datePublished\":\"2022-08-30T12:59:12+00:00\",\"dateModified\":\"2022-08-30T12:59:12+00:00\",\"breadcrumb\":{\"@id\":\"https:\/\/blowflyofficial.com\/de\/beste-dating-apps-um-etwas-ernstes-zu-finden\/#breadcrumb\"},\"inLanguage\":\"de\",\"potentialAction\":[{\"@type\":\"ReadAction\",\"target\":[\"https:\/\/blowflyofficial.com\/de\/beste-dating-apps-um-etwas-ernstes-zu-finden\/\"]}]},{\"@type\":\"BreadcrumbList\",\"@id\":\"https:\/\/blowflyofficial.com\/de\/beste-dating-apps-um-etwas-ernstes-zu-finden\/#breadcrumb\",\"itemListElement\":[{\"@type\":\"ListItem\",\"position\":1,\"name\":\"Home\",\"item\":\"https:\/\/blowflyofficial.com\/de\/\"},{\"@type\":\"ListItem\",\"position\":2,\"name\":\"Beste Dating-Apps, um etwas Ernstes zu finden\"}]}]}<\/script>\n<!-- \/ Yoast SEO plugin. -->","yoast_head_json":{"title":"Beste Dating-Apps, um etwas Ernstes zu finden - Hookup-Rankings","robots":{"index":"index","follow":"follow","max-snippet":"max-snippet:-1","max-image-preview":"max-image-preview:large","max-video-preview":"max-video-preview:-1"},"canonical":"https:\/\/blowflyofficial.com\/de\/beste-dating-apps-um-etwas-ernstes-zu-finden\/","og_locale":"de_DE","og_type":"article","og_title":"Beste Dating-Apps, um etwas Ernstes zu finden - Hookup-Rankings","og_description":"Online-Dating-Sites sind gro\u00dfartig, weil sie kostenlos, anonym und bequem sind. Sie erm\u00f6glichen es Ihnen, Singles zu treffen, die \u00e4hnliche Interessen, Werte und Lebensstile teilen. Aber es gibt auch einige Nachteile. Online-Dating-Sites sind nicht perfekt. Einige Websites sind mit gef\u00e4lschten Profilen, Spam-Nachrichten und Betr\u00fcgern gef\u00fcllt. Andere verlangen, dass Benutzer bezahlen, um die Mitgliedschaft zu aktualisieren oder ... Weiterlesen","og_url":"https:\/\/blowflyofficial.com\/de\/beste-dating-apps-um-etwas-ernstes-zu-finden\/","og_site_name":"Hookup-Rankings","twitter_card":"summary_large_image","twitter_misc":{"Gesch\u00e4tzte Lesezeit":"5\u00a0Minuten"},"schema":{"@context":"https:\/\/schema.org","@graph":[{"@type":"WebSite","@id":"http:\/\/blowflyofficial.com\/da\/#website","url":"http:\/\/blowflyofficial.com\/da\/","name":"Hookup-Rankings","description":"Casual Dating Beratung","potentialAction":[{"@type":"SearchAction","target":{"@type":"EntryPoint","urlTemplate":"http:\/\/blowflyofficial.com\/da\/?s={search_term_string}"},"query-input":"required name=search_term_string"}],"inLanguage":"de"},{"@type":"WebPage","@id":"https:\/\/blowflyofficial.com\/de\/beste-dating-apps-um-etwas-ernstes-zu-finden\/#webpage","url":"https:\/\/blowflyofficial.com\/de\/beste-dating-apps-um-etwas-ernstes-zu-finden\/","name":"Beste Dating-Apps, um etwas Ernstes zu finden - Hookup-Rankings","isPartOf":{"@id":"http:\/\/blowflyofficial.com\/da\/#website"},"datePublished":"2022-08-30T12:59:12+00:00","dateModified":"2022-08-30T12:59:12+00:00","breadcrumb":{"@id":"https:\/\/blowflyofficial.com\/de\/beste-dating-apps-um-etwas-ernstes-zu-finden\/#breadcrumb"},"inLanguage":"de","potentialAction":[{"@type":"ReadAction","target":["https:\/\/blowflyofficial.com\/de\/beste-dating-apps-um-etwas-ernstes-zu-finden\/"]}]},{"@type":"BreadcrumbList","@id":"https:\/\/blowflyofficial.com\/de\/beste-dating-apps-um-etwas-ernstes-zu-finden\/#breadcrumb","itemListElement":[{"@type":"ListItem","position":1,"name":"Home","item":"https:\/\/blowflyofficial.com\/de\/"},{"@type":"ListItem","position":2,"name":"Beste Dating-Apps, um etwas Ernstes zu finden"}]}]}},"_links":{"self":[{"href":"https:\/\/blowflyofficial.com\/de\/wp-json\/wp\/v2\/pages\/146"}],"collection":[{"href":"https:\/\/blowflyofficial.com\/de\/wp-json\/wp\/v2\/pages"}],"about":[{"href":"https:\/\/blowflyofficial.com\/de\/wp-json\/wp\/v2\/types\/page"}],"author":[{"embeddable":true,"href":"https:\/\/blowflyofficial.com\/de\/wp-json\/wp\/v2\/users\/1"}],"replies":[{"embeddable":true,"href":"https:\/\/blowflyofficial.com\/de\/wp-json\/wp\/v2\/comments?post=146"}],"version-history":[{"count":0,"href":"https:\/\/blowflyofficial.com\/de\/wp-json\/wp\/v2\/pages\/146\/revisions"}],"wp:attachment":[{"href":"https:\/\/blowflyofficial.com\/de\/wp-json\/wp\/v2\/media?parent=146"}],"curies":[{"name":"wp","href":"https:\/\/api.w.org\/{rel}","templated":true}]}}