{"id":116,"date":"2022-08-30T14:12:58","date_gmt":"2022-08-30T13:12:58","guid":{"rendered":"http:\/\/blowflyofficial.com\/finden-sie-eine-milf-in-ihrer-naehe\/"},"modified":"2022-08-30T14:12:58","modified_gmt":"2022-08-30T13:12:58","slug":"finden-sie-eine-milf-in-ihrer-naehe","status":"publish","type":"page","link":"https:\/\/blowflyofficial.com\/de\/finden-sie-eine-milf-in-ihrer-naehe\/","title":{"rendered":"Finden Sie eine MILF in Ihrer N\u00e4he"},"content":{"rendered":"<p>MILFs sind hei\u00df. Sie sind geil, erfahren und wissen, was sie wollen. Du musst dir keine Sorgen machen, verletzt zu werden, weil du in der Lage sein wirst, ihre Bed\u00fcrfnisse zu befriedigen. Wenn Sie sich mit einer Milf verbinden m\u00f6chten, gibt es viele Websites, an denen Sie eine in der N\u00e4he finden k\u00f6nnen. Diese Seite macht es einfach, lokale Milfs zu treffen und etwas sexuellen Spa\u00df zu genie\u00dfen. Egal, ob Sie nach einer zuf\u00e4lligen Begegnung oder etwas Ernsterem suchen, Sie haben Zugang zu Tausenden von echten Menschen, die genau wie Sie sind.<\/p>\n<h2>Liste der lokalen MILFs online<\/h2>\n<p>Sie wissen, wie es geht&#8230; Du siehst ein hei\u00dfes M\u00e4dchen online, du denkst dar\u00fcber nach, ihr eine Nachricht zu schicken, und dann verbringst du Stunden damit, Profile zu durchsuchen, um nach jemandem wie ihr zu suchen. Dann entscheidest du dich schlie\u00dflich, es zu versuchen und ihr eine Nachricht zu schicken, in der Hoffnung, dass es vielleicht etwas Besonderes an ihrem Profil gibt, das sie von allen anderen abhebt. Aber die Wahrheit ist, dass du die meiste Zeit nicht einmal wirklich wei\u00dft, warum du immer und immer wieder abgelehnt wirst. Und w\u00e4hrend ich nicht sage, dass jede einzelne Person auf unserer Website perfekt f\u00fcr Sie sein wird, sage ich, dass wir sicherstellen werden, dass Sie genau die Art von Milf finden, nach der Sie suchen. Wir werden Ihnen helfen, eine \u00e4ltere Frau zu finden, die versteht, was Sie wollen und brauchen und wei\u00df, was zu tun ist, um Sie zufrieden zu stellen. Also h\u00f6r auf, nach diesen sexy jungen Babys zu suchen und fang noch heute an, den echten Deal zu finden!<\/p>\n<h2>Wie man Sex mit geilen M\u00fcttern in Ihrer N\u00e4he findet<\/h2>\n<p>MILFs sind einige der hei\u00dfesten Frauen \u00fcberhaupt. Sie wissen, wie man einen Mann behandelt und sie lieben Sex. Es besteht kein Zweifel, sie sind eine der besten Arten von Dating da drau\u00dfen. Aber die meisten Jungs sind sich nicht sicher, wo sie anfangen sollen, wenn sie versuchen, eine MILF zu daten. Deshalb haben wir einige Tipps zusammengestellt, die Ihnen helfen, Erfolg mit milf dating zu finden. Das Internet ist voll von MILF-Verbindungsseiten, auf denen sich \u00e4ltere Frauen mit j\u00fcngeren M\u00e4nnern treffen. Diese Seiten bieten eine kostenlose Mitgliedschaft f\u00fcr jeden, der bereit ist, etwas Geld zu zahlen. Sie m\u00fcssen sich nur anmelden und mit dem Durchsuchen von Profilen beginnen. Es gibt Tausende von Mitgliedern, die darauf warten, jemanden wie Sie zu finden. Sie m\u00fcssen sich nicht einmal Nachrichten senden. St\u00f6bern Sie einfach durch die Profile und w\u00e4hlen Sie eines aus, das interessant aussieht. Danach ist es einfach, Kontaktinformationen auszutauschen. Sobald Sie jemanden gefunden haben, mit dem Sie sprechen m\u00f6chten, k\u00f6nnen Sie ihn \/ sie auf einen Kaffee oder ein Abendessen bitten. Wenn er \/ sie akzeptiert, werden Sie wissen, was als n\u00e4chstes zu tun ist.<\/p>\n<h3>Zoosk<\/h3>\n<p>Zoosk ist ein gro\u00dfartiger Ort, um Milfs zu treffen, die Spa\u00df suchen. Auf dieser Website k\u00f6nnen Sie Fotos und Videos von sich selbst hochladen, und Sie k\u00f6nnen sogar die App verwenden, um mit potenziellen \u00dcbereinstimmungen zu chatten. Sie k\u00f6nnen Profile nach Standort, Altersgruppe, Geschlecht, Interessen und mehr durchsuchen. Sobald Sie jemanden gefunden haben, den Sie m\u00f6gen, k\u00f6nnen Sie Nachrichten senden, Fragen stellen und Termine vereinbaren.<\/p>\n<h3>AdultFriendFinder<\/h3>\n<p>Adult Friend Finder ist eine der \u00e4ltesten und gr\u00f6\u00dften Online-Dating-Sites f\u00fcr Erwachsene. Mit \u00fcber 20 Millionen Mitgliedern findet AF Menschen, die sich f\u00fcr alles interessieren, von versauten Fetischen bis hin zu schwingenden Paaren. Es bietet ein sehr aktives soziales Netzwerk, in dem sich die Mitglieder miteinander verbinden k\u00f6nnen. Sie k\u00f6nnen Mitgliederbilder, Chat, E-Mails und vieles mehr anzeigen.<\/p>\n<h3>MommyFinders<\/h3>\n<p>Mommyfinders ist eine weitere gute Wahl f\u00fcr Milfs, die online Spa\u00df suchen. Diese Seite funktioniert genau wie Tinder, au\u00dfer dass Sie nicht nach links oder rechts wischen. Stattdessen stimmen Sie mit Personen nach Ihren Vorlieben \u00fcberein. Sie k\u00f6nnen beispielsweise Mitglieder nach ethnischer Zugeh\u00f6rigkeit, Alter, K\u00f6rpertyp, Lebensstil und mehr filtern. Nachdem Sie mit einigen Personen zusammengearbeitet haben, k\u00f6nnen Sie mit ihnen per Text oder Videoanruf chatten.<\/p>\n","protected":false},"excerpt":{"rendered":"<p>MILFs sind hei\u00df. Sie sind geil, erfahren und wissen, was sie wollen. Du musst dir keine Sorgen machen, verletzt zu werden, weil du in der Lage sein wirst, ihre Bed\u00fcrfnisse zu befriedigen. Wenn Sie sich mit einer Milf verbinden m\u00f6chten, gibt es viele Websites, an denen Sie eine in der N\u00e4he finden k\u00f6nnen. Diese Seite &#8230; <a title=\"Finden Sie eine MILF in Ihrer N\u00e4he\" class=\"read-more\" href=\"https:\/\/blowflyofficial.com\/de\/finden-sie-eine-milf-in-ihrer-naehe\/\" aria-label=\"Mehr dazu unter Finden Sie eine MILF in Ihrer N\u00e4he\">Weiterlesen<\/a><\/p>\n","protected":false},"author":1,"featured_media":0,"parent":0,"menu_order":0,"comment_status":"closed","ping_status":"closed","template":"","meta":[],"yoast_head":"<!-- This site is optimized with the Yoast SEO plugin v17.7.1 - https:\/\/yoast.com\/wordpress\/plugins\/seo\/ -->\n<title>Finden Sie eine MILF in Ihrer N\u00e4he - Hookup-Rankings<\/title>\n<meta name=\"robots\" content=\"index, follow, max-snippet:-1, max-image-preview:large, max-video-preview:-1\" \/>\n<link rel=\"canonical\" href=\"https:\/\/blowflyofficial.com\/de\/finden-sie-eine-milf-in-ihrer-naehe\/\" \/>\n<meta property=\"og:locale\" content=\"de_DE\" \/>\n<meta property=\"og:type\" content=\"article\" \/>\n<meta property=\"og:title\" content=\"Finden Sie eine MILF in Ihrer N\u00e4he - Hookup-Rankings\" \/>\n<meta property=\"og:description\" content=\"MILFs sind hei\u00df. Sie sind geil, erfahren und wissen, was sie wollen. Du musst dir keine Sorgen machen, verletzt zu werden, weil du in der Lage sein wirst, ihre Bed\u00fcrfnisse zu befriedigen. Wenn Sie sich mit einer Milf verbinden m\u00f6chten, gibt es viele Websites, an denen Sie eine in der N\u00e4he finden k\u00f6nnen. Diese Seite ... Weiterlesen\" \/>\n<meta property=\"og:url\" content=\"https:\/\/blowflyofficial.com\/de\/finden-sie-eine-milf-in-ihrer-naehe\/\" \/>\n<meta property=\"og:site_name\" content=\"Hookup-Rankings\" \/>\n<meta name=\"twitter:card\" content=\"summary_large_image\" \/>\n<meta name=\"twitter:label1\" content=\"Gesch\u00e4tzte Lesezeit\" \/>\n\t<meta name=\"twitter:data1\" content=\"3\u00a0Minuten\" \/>\n<script type=\"application\/ld+json\" class=\"yoast-schema-graph\">{\"@context\":\"https:\/\/schema.org\",\"@graph\":[{\"@type\":\"WebSite\",\"@id\":\"http:\/\/blowflyofficial.com\/da\/#website\",\"url\":\"http:\/\/blowflyofficial.com\/da\/\",\"name\":\"Hookup-Rankings\",\"description\":\"Casual Dating Beratung\",\"potentialAction\":[{\"@type\":\"SearchAction\",\"target\":{\"@type\":\"EntryPoint\",\"urlTemplate\":\"http:\/\/blowflyofficial.com\/da\/?s={search_term_string}\"},\"query-input\":\"required name=search_term_string\"}],\"inLanguage\":\"de\"},{\"@type\":\"WebPage\",\"@id\":\"https:\/\/blowflyofficial.com\/de\/finden-sie-eine-milf-in-ihrer-naehe\/#webpage\",\"url\":\"https:\/\/blowflyofficial.com\/de\/finden-sie-eine-milf-in-ihrer-naehe\/\",\"name\":\"Finden Sie eine MILF in Ihrer N\\u00e4he - Hookup-Rankings\",\"isPartOf\":{\"@id\":\"http:\/\/blowflyofficial.com\/da\/#website\"},\"datePublished\":\"2022-08-30T13:12:58+00:00\",\"dateModified\":\"2022-08-30T13:12:58+00:00\",\"breadcrumb\":{\"@id\":\"https:\/\/blowflyofficial.com\/de\/finden-sie-eine-milf-in-ihrer-naehe\/#breadcrumb\"},\"inLanguage\":\"de\",\"potentialAction\":[{\"@type\":\"ReadAction\",\"target\":[\"https:\/\/blowflyofficial.com\/de\/finden-sie-eine-milf-in-ihrer-naehe\/\"]}]},{\"@type\":\"BreadcrumbList\",\"@id\":\"https:\/\/blowflyofficial.com\/de\/finden-sie-eine-milf-in-ihrer-naehe\/#breadcrumb\",\"itemListElement\":[{\"@type\":\"ListItem\",\"position\":1,\"name\":\"Home\",\"item\":\"https:\/\/blowflyofficial.com\/de\/\"},{\"@type\":\"ListItem\",\"position\":2,\"name\":\"Finden Sie eine MILF in Ihrer N\\u00e4he\"}]}]}<\/script>\n<!-- \/ Yoast SEO plugin. -->","yoast_head_json":{"title":"Finden Sie eine MILF in Ihrer N\u00e4he - Hookup-Rankings","robots":{"index":"index","follow":"follow","max-snippet":"max-snippet:-1","max-image-preview":"max-image-preview:large","max-video-preview":"max-video-preview:-1"},"canonical":"https:\/\/blowflyofficial.com\/de\/finden-sie-eine-milf-in-ihrer-naehe\/","og_locale":"de_DE","og_type":"article","og_title":"Finden Sie eine MILF in Ihrer N\u00e4he - Hookup-Rankings","og_description":"MILFs sind hei\u00df. Sie sind geil, erfahren und wissen, was sie wollen. Du musst dir keine Sorgen machen, verletzt zu werden, weil du in der Lage sein wirst, ihre Bed\u00fcrfnisse zu befriedigen. Wenn Sie sich mit einer Milf verbinden m\u00f6chten, gibt es viele Websites, an denen Sie eine in der N\u00e4he finden k\u00f6nnen. Diese Seite ... Weiterlesen","og_url":"https:\/\/blowflyofficial.com\/de\/finden-sie-eine-milf-in-ihrer-naehe\/","og_site_name":"Hookup-Rankings","twitter_card":"summary_large_image","twitter_misc":{"Gesch\u00e4tzte Lesezeit":"3\u00a0Minuten"},"schema":{"@context":"https:\/\/schema.org","@graph":[{"@type":"WebSite","@id":"http:\/\/blowflyofficial.com\/da\/#website","url":"http:\/\/blowflyofficial.com\/da\/","name":"Hookup-Rankings","description":"Casual Dating Beratung","potentialAction":[{"@type":"SearchAction","target":{"@type":"EntryPoint","urlTemplate":"http:\/\/blowflyofficial.com\/da\/?s={search_term_string}"},"query-input":"required name=search_term_string"}],"inLanguage":"de"},{"@type":"WebPage","@id":"https:\/\/blowflyofficial.com\/de\/finden-sie-eine-milf-in-ihrer-naehe\/#webpage","url":"https:\/\/blowflyofficial.com\/de\/finden-sie-eine-milf-in-ihrer-naehe\/","name":"Finden Sie eine MILF in Ihrer N\u00e4he - Hookup-Rankings","isPartOf":{"@id":"http:\/\/blowflyofficial.com\/da\/#website"},"datePublished":"2022-08-30T13:12:58+00:00","dateModified":"2022-08-30T13:12:58+00:00","breadcrumb":{"@id":"https:\/\/blowflyofficial.com\/de\/finden-sie-eine-milf-in-ihrer-naehe\/#breadcrumb"},"inLanguage":"de","potentialAction":[{"@type":"ReadAction","target":["https:\/\/blowflyofficial.com\/de\/finden-sie-eine-milf-in-ihrer-naehe\/"]}]},{"@type":"BreadcrumbList","@id":"https:\/\/blowflyofficial.com\/de\/finden-sie-eine-milf-in-ihrer-naehe\/#breadcrumb","itemListElement":[{"@type":"ListItem","position":1,"name":"Home","item":"https:\/\/blowflyofficial.com\/de\/"},{"@type":"ListItem","position":2,"name":"Finden Sie eine MILF in Ihrer N\u00e4he"}]}]}},"_links":{"self":[{"href":"https:\/\/blowflyofficial.com\/de\/wp-json\/wp\/v2\/pages\/116"}],"collection":[{"href":"https:\/\/blowflyofficial.com\/de\/wp-json\/wp\/v2\/pages"}],"about":[{"href":"https:\/\/blowflyofficial.com\/de\/wp-json\/wp\/v2\/types\/page"}],"author":[{"embeddable":true,"href":"https:\/\/blowflyofficial.com\/de\/wp-json\/wp\/v2\/users\/1"}],"replies":[{"embeddable":true,"href":"https:\/\/blowflyofficial.com\/de\/wp-json\/wp\/v2\/comments?post=116"}],"version-history":[{"count":0,"href":"https:\/\/blowflyofficial.com\/de\/wp-json\/wp\/v2\/pages\/116\/revisions"}],"wp:attachment":[{"href":"https:\/\/blowflyofficial.com\/de\/wp-json\/wp\/v2\/media?parent=116"}],"curies":[{"name":"wp","href":"https:\/\/api.w.org\/{rel}","templated":true}]}}