{"id":222,"date":"2022-08-30T13:02:05","date_gmt":"2022-08-30T12:02:05","guid":{"rendered":"http:\/\/blowflyofficial.com\/vores-top-hookup-sites-gennemgaaet\/"},"modified":"2022-08-30T13:02:05","modified_gmt":"2022-08-30T12:02:05","slug":"vores-top-hookup-sites-gennemgaaet","status":"publish","type":"page","link":"https:\/\/blowflyofficial.com\/da\/","title":{"rendered":"Vores top hookup sites gennemg\u00e5et"},"content":{"rendered":"<p>Der er masser af online dating apps derude &#8211; som Tinder, Bumble, OkCupid, PlentyOfFish, Match osv. Men nogle mennesker foretr\u00e6kker at finde k\u00e6rlighed uden at tilmelde sig et websted. Hvis du er en af disse mennesker, anbefaler vi at tjekke vores liste over de bedste tilslutningssider gratis. Disse websteder tilbyder ingen kreditkort p\u00e5kr\u00e6vet registrering, hvilket betyder, at du ikke engang beh\u00f8ver at give personlige oplysninger. Du betaler heller aldrig noget for at bruge disse websteder. Bare tilmeld dig, gennemse profiler, send beskeder og begynd at m\u00f8de folk i dag.<\/p>\n<h2>100 kr., Kj\u00e6r &amp; Sommerfeld<\/h2>\n<p>AshleyMadison.com er et frisk pust for dem, der s\u00f8ger efter k\u00e6rlighed online. Uanset om du leder efter en hurtig flirt, en speciel at sl\u00e5 sig ned med eller bare noget sjovt kammeratskab, tilbyder Ashley Madison noget for enhver smag. Med over 54 millioner medlemmer over hele verden er vi overbeviste om, at der er nogen derude, der venter p\u00e5 dig.<\/p>\n<p>Hvis du har f\u00f8lt, at du har brug for en pause fra dit forhold, eller m\u00e5ske vil du bare pr\u00f8ve noget andet, hvorfor ikke tjekke os ud? Vi lover diskretion og fortrolighed, og vores medlemmer nyder masser af fordele, herunder adgang til eksklusive begivenheder, rejserabatter og endda pengepr\u00e6mier. Du finder alt hvad du beh\u00f8ver her &#8211; ingen bindinger.<\/p>\n<h2>Aff<\/h2>\n<p>Adult Friend Finder (AFF), et af de mest popul\u00e6re voksensider p\u00e5 nettet, kan prale af 3 millioner aktive m\u00e5nedlige bes\u00f8gende og mere end 10 millioner registrerede medlemmer. Ud over at v\u00e6re et godt sted for afslappede m\u00f8der, er det ogs\u00e5 hjemsted for nogle af de hotteste, liderligste mennesker p\u00e5 Internettet. Hvis du vil finde ud af, hvad der f\u00e5r AFF til at krydse, har vi dig d\u00e6kket.<\/p>\n<h2>Fyrsvamp<\/h2>\n<p>Tinder er en af de mest popul\u00e6re apps til at finde k\u00e6rlighed online. Med over 50 millioner mennesker, der har downloadet det siden 2012, giver datingappen dig mulighed for at stryge til venstre eller h\u00f8jre for at se, om nogen kan lide dig baseret p\u00e5 dit profilbillede og bio. Hvis de kan lide dig, kan du sende hinanden beskeder og arrangere personlige datoer. Der er ingen lange sp\u00f8rgeskemaer eller invasive quizzer; bare hurtige sp\u00f8rgsm\u00e5l om, hvor du \u00f8nsker at m\u00f8des n\u00e6ste gang.<\/p>\n<p>Appen er gratis at downloade og bruge, men der er nogle omkostninger forbundet med at bruge den. Du betaler $ 9.99 pr. M\u00e5ned for at f\u00e5 adgang til premium-funktioner s\u00e5som ubegr\u00e6nsede kampe og placeringsdeling.<\/p>\n<p><img loading=\"lazy\" class=\"aligncenter size-large wp-image-35\" src=\"http:\/\/blowflyofficial.com\/wp-content\/uploads\/2022\/08\/guide-for-love-1024x681.jpeg\" alt=\"\" width=\"640\" height=\"426\" srcset=\"https:\/\/blowflyofficial.com\/wp-content\/uploads\/2022\/08\/guide-for-love-1024x681.jpeg 1024w, https:\/\/blowflyofficial.com\/wp-content\/uploads\/2022\/08\/guide-for-love-300x199.jpeg 300w, https:\/\/blowflyofficial.com\/wp-content\/uploads\/2022\/08\/guide-for-love-768x510.jpeg 768w, https:\/\/blowflyofficial.com\/wp-content\/uploads\/2022\/08\/guide-for-love-1536x1021.jpeg 1536w, https:\/\/blowflyofficial.com\/wp-content\/uploads\/2022\/08\/guide-for-love-2048x1361.jpeg 2048w\" sizes=\"(max-width: 640px) 100vw, 640px\" \/><\/p>\n<h1>S\u00e5dan finder du en lokal tilslutning i dit omr\u00e5de<\/h1>\n<p>Lokale tilslutninger er en af de mest popul\u00e6re typer online dating. Der er mange grunde til, at folk bruger disse apps til at finde deres soulmate, s\u00e5som at kede sig, v\u00e6re ensom eller lede efter afslappet sex. Derudover er der nogle fordele, du kan nyde, mens du bruger disse platforme. For eksempel beh\u00f8ver du ikke bruge penge p\u00e5 drikkevarer, mad eller dyre datoer. Du beh\u00f8ver ikke engang at rejse langt, fordi du allerede er i n\u00e6rheden af, hvor du bor. Og bedst af alt er det helt anonymt. S\u00e5 hvad venter du p\u00e5? Tjek vores liste over de otte bedste lokale tilslutningsapps.<\/p>\n<h2>OneNightFriend<\/h2>\n<p>One Night Friend er en gratis app, der giver dig mulighed for at m\u00f8des med nogen i din by. Hvis du vil starte et forhold til nogen, er dette en fantastisk m\u00e5de at g\u00f8re det p\u00e5 uden at bruge for mange penge. Plus, det er nemt at bruge. Alt du skal g\u00f8re er at indtaste din placering, indstille radius omkring dig og v\u00e6lge, om du vil se m\u00e6nd eller kvinder. Derefter modtager du kampe baseret p\u00e5 dine pr\u00e6ferencer. N\u00e5r du har fundet nogen interessant, kan du chatte med dem eller sp\u00f8rge dem direkte. Denne app fungerer som Tinder, bortset fra at du ikke beh\u00f8ver at betale noget.<\/p>\n<h2>V\u00e6r fr\u00e6k<\/h2>\n<p>Benaughty er en anden god mulighed for dem, der leder efter afslappede m\u00f8der. Du kan gennemse profiler anonymt, sende beskeder og arrangere m\u00f8der. I mods\u00e6tning til One Night Friend skal du dog betale for at bruge denne app. Men hvis du er villig til at skille dig af med nogle kontanter, er dette et rigtig godt valg. Benaughty tilbyder ikke kun en masse funktioner, men det tilbyder ogs\u00e5 et VIP-medlemskab. Med denne pakke kan du f\u00e5 adgang til yderligere medlemskaber, s\u00e5som premium messaging og videoopkald.<\/p>\n<h2>Tilslutning69<\/h2>\n<p>Hookup69 er en mobilapplikation, der hj\u00e6lper dig med at oprette forbindelse til folk i n\u00e6rheden. I mods\u00e6tning til de tidligere apps kr\u00e6ver denne ikke, at du betaler noget. Til at begynde med skal du bare tilmelde dig, tilf\u00f8je dit profilbillede og skrive om dig selv. Derfra kan du se billeder af andre, der er interesserede i at m\u00f8des med dig. Du kan ogs\u00e5 tjekke deres yndlingsaktiviteter og interesser. N\u00e5r du tror, du m\u00e5ske er klar til at date, kan du n\u00e5 ud til dem. De vil svare dig, n\u00e5r de er fri.<\/p>\n<p><img loading=\"lazy\" class=\"aligncenter size-large wp-image-36\" src=\"http:\/\/blowflyofficial.com\/wp-content\/uploads\/2022\/08\/love-match-making-1024x683.jpeg\" alt=\"\" width=\"640\" height=\"427\" srcset=\"https:\/\/blowflyofficial.com\/wp-content\/uploads\/2022\/08\/love-match-making-1024x683.jpeg 1024w, https:\/\/blowflyofficial.com\/wp-content\/uploads\/2022\/08\/love-match-making-300x200.jpeg 300w, https:\/\/blowflyofficial.com\/wp-content\/uploads\/2022\/08\/love-match-making-768x512.jpeg 768w, https:\/\/blowflyofficial.com\/wp-content\/uploads\/2022\/08\/love-match-making-1536x1024.jpeg 1536w, https:\/\/blowflyofficial.com\/wp-content\/uploads\/2022\/08\/love-match-making-2048x1365.jpeg 2048w\" sizes=\"(max-width: 640px) 100vw, 640px\" \/><\/p>\n<h1>Vores r\u00e5dgivning<\/h1>\n<p>Tilslutningssteder er meget almindelige i dag. De tilbyder ofte mange interessante funktioner som videochat, webcam, live chat osv., Hvilket g\u00f8r dem til en af de mest anvendte apps blandt mennesker. Der er dog ogs\u00e5 nogle ulemper. For eksempel kan du ikke finde en p\u00e5lidelig tilslutningsapp uden at bruge penge. Men nu har vi noget bedre \u2013 benaughty.com. Dette er et gratis online tilslutningssted, hvor du kan m\u00f8de og date piger fra hele verden. Du beh\u00f8ver ikke engang at bruge noget for at bruge denne fantastiske funktion. Alt du skal g\u00f8re er at registrere dig selv og begynde at s\u00f8ge efter varme kvinder. Det bedste ved Be Naughty er, at du nemt kan finde nogen i n\u00e6rheden. S\u00e5 hvad venter du p\u00e5? Bare g\u00e5 videre og pr\u00f8v dette fantastiske tilslutningssted.<\/p>\n<p>Markedet for online dating er oversv\u00f8mmet med forskellige platforme, der hver is\u00e6r h\u00e6vder at v\u00e6re bedre end andre. Der er dog stadig nogle virksomheder, der ikke er blevet glemt, selvom de ikke tilbyder noget s\u00e6rligt. Et s\u00e5dant eksempel er Hookup69, et lokalt datingside, der tilbyder sine brugere en masse fordele i forhold til traditionelle datingapps.<\/p>\n<p>Du skal tr\u00e6ffe den rigtige beslutning og bruge et rigtigt firma til at finde den rigtige app til dig.<\/p>\n","protected":false},"excerpt":{"rendered":"<p>Der er masser af online dating apps derude &#8211; som Tinder, Bumble, OkCupid, PlentyOfFish, Match osv. Men nogle mennesker foretr\u00e6kker at finde k\u00e6rlighed uden at tilmelde sig et websted. Hvis du er en af disse mennesker, anbefaler vi at tjekke vores liste over de bedste tilslutningssider gratis. Disse websteder tilbyder ingen kreditkort p\u00e5kr\u00e6vet registrering, hvilket &#8230; <a title=\"Vores top hookup sites gennemg\u00e5et\" class=\"read-more\" href=\"https:\/\/blowflyofficial.com\/da\/\" aria-label=\"More on Vores top hookup sites gennemg\u00e5et\">L\u00e6s mere <\/a><\/p>\n","protected":false},"author":1,"featured_media":0,"parent":0,"menu_order":0,"comment_status":"closed","ping_status":"closed","template":"","meta":[],"yoast_head":"<!-- This site is optimized with the Yoast SEO plugin v17.7.1 - https:\/\/yoast.com\/wordpress\/plugins\/seo\/ -->\n<title>Vores top hookup sites gennemg\u00e5et - Hookup Placeringer<\/title>\n<meta name=\"robots\" content=\"index, follow, max-snippet:-1, max-image-preview:large, max-video-preview:-1\" \/>\n<link rel=\"canonical\" href=\"https:\/\/blowflyofficial.com\/da\/\" \/>\n<meta property=\"og:locale\" content=\"da_DK\" \/>\n<meta property=\"og:type\" content=\"article\" \/>\n<meta property=\"og:title\" content=\"Vores top hookup sites gennemg\u00e5et - Hookup Placeringer\" \/>\n<meta property=\"og:description\" content=\"Der er masser af online dating apps derude &#8211; som Tinder, Bumble, OkCupid, PlentyOfFish, Match osv. Men nogle mennesker foretr\u00e6kker at finde k\u00e6rlighed uden at tilmelde sig et websted. Hvis du er en af disse mennesker, anbefaler vi at tjekke vores liste over de bedste tilslutningssider gratis. Disse websteder tilbyder ingen kreditkort p\u00e5kr\u00e6vet registrering, hvilket ... L\u00e6s mere\" \/>\n<meta property=\"og:url\" content=\"https:\/\/blowflyofficial.com\/da\/\" \/>\n<meta property=\"og:site_name\" content=\"Hookup Placeringer\" \/>\n<meta property=\"og:image\" content=\"http:\/\/blowflyofficial.com\/wp-content\/uploads\/2022\/08\/guide-for-love-1024x681.jpeg\" \/>\n<meta name=\"twitter:card\" content=\"summary_large_image\" \/>\n<meta name=\"twitter:label1\" content=\"Estimeret l\u00e6setid\" \/>\n\t<meta name=\"twitter:data1\" content=\"5 minutter\" \/>\n<script type=\"application\/ld+json\" class=\"yoast-schema-graph\">{\"@context\":\"https:\/\/schema.org\",\"@graph\":[{\"@type\":\"WebSite\",\"@id\":\"http:\/\/blowflyofficial.com\/da\/#website\",\"url\":\"http:\/\/blowflyofficial.com\/da\/\",\"name\":\"Hookup Placeringer\",\"description\":\"R\\u00e5d om casual dating\",\"potentialAction\":[{\"@type\":\"SearchAction\",\"target\":{\"@type\":\"EntryPoint\",\"urlTemplate\":\"http:\/\/blowflyofficial.com\/da\/?s={search_term_string}\"},\"query-input\":\"required name=search_term_string\"}],\"inLanguage\":\"da-DK\"},{\"@type\":\"ImageObject\",\"@id\":\"https:\/\/blowflyofficial.com\/da\/#primaryimage\",\"inLanguage\":\"da-DK\",\"url\":\"http:\/\/blowflyofficial.com\/wp-content\/uploads\/2022\/08\/guide-for-love-1024x681.jpeg\",\"contentUrl\":\"http:\/\/blowflyofficial.com\/wp-content\/uploads\/2022\/08\/guide-for-love-1024x681.jpeg\"},{\"@type\":\"WebPage\",\"@id\":\"https:\/\/blowflyofficial.com\/da\/#webpage\",\"url\":\"https:\/\/blowflyofficial.com\/da\/\",\"name\":\"Vores top hookup sites gennemg\\u00e5et - Hookup Placeringer\",\"isPartOf\":{\"@id\":\"http:\/\/blowflyofficial.com\/da\/#website\"},\"primaryImageOfPage\":{\"@id\":\"https:\/\/blowflyofficial.com\/da\/#primaryimage\"},\"datePublished\":\"2022-08-30T12:02:05+00:00\",\"dateModified\":\"2022-08-30T12:02:05+00:00\",\"breadcrumb\":{\"@id\":\"https:\/\/blowflyofficial.com\/da\/#breadcrumb\"},\"inLanguage\":\"da-DK\",\"potentialAction\":[{\"@type\":\"ReadAction\",\"target\":[\"https:\/\/blowflyofficial.com\/da\/\"]}]},{\"@type\":\"BreadcrumbList\",\"@id\":\"https:\/\/blowflyofficial.com\/da\/#breadcrumb\",\"itemListElement\":[{\"@type\":\"ListItem\",\"position\":1,\"name\":\"Home\",\"item\":\"http:\/\/blowflyofficial.com\/da\/\"},{\"@type\":\"ListItem\",\"position\":2,\"name\":\"Vores top hookup sites gennemg\\u00e5et\"}]}]}<\/script>\n<!-- \/ Yoast SEO plugin. -->","yoast_head_json":{"title":"Vores top hookup sites gennemg\u00e5et - Hookup Placeringer","robots":{"index":"index","follow":"follow","max-snippet":"max-snippet:-1","max-image-preview":"max-image-preview:large","max-video-preview":"max-video-preview:-1"},"canonical":"https:\/\/blowflyofficial.com\/da\/","og_locale":"da_DK","og_type":"article","og_title":"Vores top hookup sites gennemg\u00e5et - Hookup Placeringer","og_description":"Der er masser af online dating apps derude &#8211; som Tinder, Bumble, OkCupid, PlentyOfFish, Match osv. Men nogle mennesker foretr\u00e6kker at finde k\u00e6rlighed uden at tilmelde sig et websted. Hvis du er en af disse mennesker, anbefaler vi at tjekke vores liste over de bedste tilslutningssider gratis. Disse websteder tilbyder ingen kreditkort p\u00e5kr\u00e6vet registrering, hvilket ... L\u00e6s mere","og_url":"https:\/\/blowflyofficial.com\/da\/","og_site_name":"Hookup Placeringer","og_image":[{"url":"http:\/\/blowflyofficial.com\/wp-content\/uploads\/2022\/08\/guide-for-love-1024x681.jpeg"}],"twitter_card":"summary_large_image","twitter_misc":{"Estimeret l\u00e6setid":"5 minutter"},"schema":{"@context":"https:\/\/schema.org","@graph":[{"@type":"WebSite","@id":"http:\/\/blowflyofficial.com\/da\/#website","url":"http:\/\/blowflyofficial.com\/da\/","name":"Hookup Placeringer","description":"R\u00e5d om casual dating","potentialAction":[{"@type":"SearchAction","target":{"@type":"EntryPoint","urlTemplate":"http:\/\/blowflyofficial.com\/da\/?s={search_term_string}"},"query-input":"required name=search_term_string"}],"inLanguage":"da-DK"},{"@type":"ImageObject","@id":"https:\/\/blowflyofficial.com\/da\/#primaryimage","inLanguage":"da-DK","url":"http:\/\/blowflyofficial.com\/wp-content\/uploads\/2022\/08\/guide-for-love-1024x681.jpeg","contentUrl":"http:\/\/blowflyofficial.com\/wp-content\/uploads\/2022\/08\/guide-for-love-1024x681.jpeg"},{"@type":"WebPage","@id":"https:\/\/blowflyofficial.com\/da\/#webpage","url":"https:\/\/blowflyofficial.com\/da\/","name":"Vores top hookup sites gennemg\u00e5et - Hookup Placeringer","isPartOf":{"@id":"http:\/\/blowflyofficial.com\/da\/#website"},"primaryImageOfPage":{"@id":"https:\/\/blowflyofficial.com\/da\/#primaryimage"},"datePublished":"2022-08-30T12:02:05+00:00","dateModified":"2022-08-30T12:02:05+00:00","breadcrumb":{"@id":"https:\/\/blowflyofficial.com\/da\/#breadcrumb"},"inLanguage":"da-DK","potentialAction":[{"@type":"ReadAction","target":["https:\/\/blowflyofficial.com\/da\/"]}]},{"@type":"BreadcrumbList","@id":"https:\/\/blowflyofficial.com\/da\/#breadcrumb","itemListElement":[{"@type":"ListItem","position":1,"name":"Home","item":"http:\/\/blowflyofficial.com\/da\/"},{"@type":"ListItem","position":2,"name":"Vores top hookup sites gennemg\u00e5et"}]}]}},"_links":{"self":[{"href":"https:\/\/blowflyofficial.com\/da\/wp-json\/wp\/v2\/pages\/222"}],"collection":[{"href":"https:\/\/blowflyofficial.com\/da\/wp-json\/wp\/v2\/pages"}],"about":[{"href":"https:\/\/blowflyofficial.com\/da\/wp-json\/wp\/v2\/types\/page"}],"author":[{"embeddable":true,"href":"https:\/\/blowflyofficial.com\/da\/wp-json\/wp\/v2\/users\/1"}],"replies":[{"embeddable":true,"href":"https:\/\/blowflyofficial.com\/da\/wp-json\/wp\/v2\/comments?post=222"}],"version-history":[{"count":0,"href":"https:\/\/blowflyofficial.com\/da\/wp-json\/wp\/v2\/pages\/222\/revisions"}],"wp:attachment":[{"href":"https:\/\/blowflyofficial.com\/da\/wp-json\/wp\/v2\/media?parent=222"}],"curies":[{"name":"wp","href":"https:\/\/api.w.org\/{rel}","templated":true}]}}