{"id":195,"date":"2022-08-30T13:45:52","date_gmt":"2022-08-30T12:45:52","guid":{"rendered":"http:\/\/blowflyofficial.com\/find-en-lokal-afslappet-tilslutning\/"},"modified":"2022-08-30T13:45:52","modified_gmt":"2022-08-30T12:45:52","slug":"find-en-lokal-afslappet-tilslutning","status":"publish","type":"page","link":"https:\/\/blowflyofficial.com\/da\/find-en-lokal-afslappet-tilslutning\/","title":{"rendered":"Find en lokal afslappet tilslutning"},"content":{"rendered":"<p>Vi ved, hvor sv\u00e6rt det er at finde nogen, du kan lide, is\u00e6r n\u00e5r du bor i forskellige byer. Vi forst\u00e5r, at du nogle gange bare f\u00f8ler dig ensom og keder dig, og vi bebrejder dig ikke, fordi der er mange ting, der ogs\u00e5 g\u00f8r os triste. Men hvorfor skal du vente p\u00e5, at en anden kommer og giver dig det, du virkelig vil have? Hvorfor skal du bruge timer p\u00e5 at s\u00f8ge efter noget, der kan tage minutter?<\/p>\n<h2>Vil du finde en tilslutning?<\/h2>\n<p>Du beh\u00f8ver ikke engang bekymre dig om at <a href=\"http:\/\/blowflyofficial.com\/da\/find-sex-med-kvinder-i-naerheden-af-dig\/\">blive snydt<\/a>, da alt her er helt gratis. Hvis du beslutter dig for at g\u00e5 videre og betale for medlemskab, har du adgang til hele netv\u00e6rket, inklusive alle funktionerne til premium-medlemskaber. Men hvis du leder efter en hurtig tilslutning, kan du altid pr\u00f8ve pr\u00f8veversionen og se, om det passer dig.<\/p>\n<p>Folk er altid p\u00e5 udkig efter m\u00e5der at m\u00f8de andre online, is\u00e6r dem, der \u00f8nsker afslappede m\u00f8der. Men hvor henvender du dig, n\u00e5r der ikke er mange muligheder derude? N\u00e5, vi har f\u00e5et dig d\u00e6kket! Nedenfor er fem gratis lokale tilslutningssteder, der rent faktisk fungerer. Du vil ikke fortryde at pr\u00f8ve dem.<\/p>\n<p>Den f\u00f8rste gratis tilslutningsapp, jeg vil foresl\u00e5 dig at pr\u00f8ve, er en, der hedder Fling, og det er m\u00e5ske den bedste datingapplikation, jeg har brugt gennem \u00e5rene. Mens der er masser af betalte apps, der tilbyder lignende funktioner, er Fling gratis at tilmelde sig og bruge.<\/p>\n<p>Sikker p\u00e5, de har opgraderingsmuligheder &#8211; som at kunne finde lokale partnere baseret p\u00e5 hvor du bor &#8211; der g\u00f8r det meget lettere for folk at oprette forbindelse, men ikke desto mindre fungerer den gratis version fint. Faktisk, da jeg oprindeligt tilmeldte mig, endte jeg med at bruge det i en hel uge, f\u00f8r jeg opgraderede, fordi jeg ville \u00f8ge mine odds for at tilslutte mig. Kort efter at jeg gjorde det, fandt jeg mig selv at bruge penge p\u00e5 premium-opgraderinger.<\/p>\n<h2>Booty Call Sites<\/h2>\n<p>Jeg er en stor fan af booty call f\u00e6nomenet. Jeg har v\u00e6ret p\u00e5 begge sider af m\u00f8nten. Jeg har haft afslappede m\u00f8der, hvor vi m\u00f8des til drinks eller middag og ender med at tilslutte os senere. Og jeg har ogs\u00e5 v\u00e6ret p\u00e5 dates, hvor der ikke var meget kemi, og vi ikke endte med at have sex. S\u00e5 da jeg h\u00f8rte om denne app kaldet OnlineBootyCall.com, syntes jeg, det l\u00f8d som noget sjovt at pr\u00f8ve.<\/p>\n<p>Ideen bag denne app er ret enkel. Du tilmelder dig gratis og begynder at chatte med folk, der bor i n\u00e6rheden. Hvis du finder nogen interessante, kan du invitere dem til at h\u00e6nge ud. N\u00e5r de dukker op, kan du enten sende dem direkte hjem eller tage dem med p\u00e5 et hotelv\u00e6relse. Der er ingen regler eller forventninger. Du m\u00f8des bare til sex.<\/p>\n","protected":false},"excerpt":{"rendered":"<p>Vi ved, hvor sv\u00e6rt det er at finde nogen, du kan lide, is\u00e6r n\u00e5r du bor i forskellige byer. Vi forst\u00e5r, at du nogle gange bare f\u00f8ler dig ensom og keder dig, og vi bebrejder dig ikke, fordi der er mange ting, der ogs\u00e5 g\u00f8r os triste. Men hvorfor skal du vente p\u00e5, at en &#8230; <a title=\"Find en lokal afslappet tilslutning\" class=\"read-more\" href=\"https:\/\/blowflyofficial.com\/da\/find-en-lokal-afslappet-tilslutning\/\" aria-label=\"More on Find en lokal afslappet tilslutning\">L\u00e6s mere <\/a><\/p>\n","protected":false},"author":1,"featured_media":0,"parent":0,"menu_order":0,"comment_status":"closed","ping_status":"closed","template":"","meta":[],"yoast_head":"<!-- This site is optimized with the Yoast SEO plugin v17.7.1 - https:\/\/yoast.com\/wordpress\/plugins\/seo\/ -->\n<title>Find en lokal afslappet tilslutning - Hookup Placeringer<\/title>\n<meta name=\"robots\" content=\"index, follow, max-snippet:-1, max-image-preview:large, max-video-preview:-1\" \/>\n<link rel=\"canonical\" href=\"https:\/\/blowflyofficial.com\/da\/find-en-lokal-afslappet-tilslutning\/\" \/>\n<meta property=\"og:locale\" content=\"da_DK\" \/>\n<meta property=\"og:type\" content=\"article\" \/>\n<meta property=\"og:title\" content=\"Find en lokal afslappet tilslutning - Hookup Placeringer\" \/>\n<meta property=\"og:description\" content=\"Vi ved, hvor sv\u00e6rt det er at finde nogen, du kan lide, is\u00e6r n\u00e5r du bor i forskellige byer. Vi forst\u00e5r, at du nogle gange bare f\u00f8ler dig ensom og keder dig, og vi bebrejder dig ikke, fordi der er mange ting, der ogs\u00e5 g\u00f8r os triste. Men hvorfor skal du vente p\u00e5, at en ... L\u00e6s mere\" \/>\n<meta property=\"og:url\" content=\"https:\/\/blowflyofficial.com\/da\/find-en-lokal-afslappet-tilslutning\/\" \/>\n<meta property=\"og:site_name\" content=\"Hookup Placeringer\" \/>\n<meta name=\"twitter:card\" content=\"summary_large_image\" \/>\n<meta name=\"twitter:label1\" content=\"Estimeret l\u00e6setid\" \/>\n\t<meta name=\"twitter:data1\" content=\"3 minutter\" \/>\n<script type=\"application\/ld+json\" class=\"yoast-schema-graph\">{\"@context\":\"https:\/\/schema.org\",\"@graph\":[{\"@type\":\"WebSite\",\"@id\":\"http:\/\/blowflyofficial.com\/da\/#website\",\"url\":\"http:\/\/blowflyofficial.com\/da\/\",\"name\":\"Hookup Placeringer\",\"description\":\"R\\u00e5d om casual dating\",\"potentialAction\":[{\"@type\":\"SearchAction\",\"target\":{\"@type\":\"EntryPoint\",\"urlTemplate\":\"http:\/\/blowflyofficial.com\/da\/?s={search_term_string}\"},\"query-input\":\"required name=search_term_string\"}],\"inLanguage\":\"da-DK\"},{\"@type\":\"WebPage\",\"@id\":\"https:\/\/blowflyofficial.com\/da\/find-en-lokal-afslappet-tilslutning\/#webpage\",\"url\":\"https:\/\/blowflyofficial.com\/da\/find-en-lokal-afslappet-tilslutning\/\",\"name\":\"Find en lokal afslappet tilslutning - Hookup Placeringer\",\"isPartOf\":{\"@id\":\"http:\/\/blowflyofficial.com\/da\/#website\"},\"datePublished\":\"2022-08-30T12:45:52+00:00\",\"dateModified\":\"2022-08-30T12:45:52+00:00\",\"breadcrumb\":{\"@id\":\"https:\/\/blowflyofficial.com\/da\/find-en-lokal-afslappet-tilslutning\/#breadcrumb\"},\"inLanguage\":\"da-DK\",\"potentialAction\":[{\"@type\":\"ReadAction\",\"target\":[\"https:\/\/blowflyofficial.com\/da\/find-en-lokal-afslappet-tilslutning\/\"]}]},{\"@type\":\"BreadcrumbList\",\"@id\":\"https:\/\/blowflyofficial.com\/da\/find-en-lokal-afslappet-tilslutning\/#breadcrumb\",\"itemListElement\":[{\"@type\":\"ListItem\",\"position\":1,\"name\":\"Home\",\"item\":\"http:\/\/blowflyofficial.com\/da\/\"},{\"@type\":\"ListItem\",\"position\":2,\"name\":\"Find en lokal afslappet tilslutning\"}]}]}<\/script>\n<!-- \/ Yoast SEO plugin. -->","yoast_head_json":{"title":"Find en lokal afslappet tilslutning - Hookup Placeringer","robots":{"index":"index","follow":"follow","max-snippet":"max-snippet:-1","max-image-preview":"max-image-preview:large","max-video-preview":"max-video-preview:-1"},"canonical":"https:\/\/blowflyofficial.com\/da\/find-en-lokal-afslappet-tilslutning\/","og_locale":"da_DK","og_type":"article","og_title":"Find en lokal afslappet tilslutning - Hookup Placeringer","og_description":"Vi ved, hvor sv\u00e6rt det er at finde nogen, du kan lide, is\u00e6r n\u00e5r du bor i forskellige byer. Vi forst\u00e5r, at du nogle gange bare f\u00f8ler dig ensom og keder dig, og vi bebrejder dig ikke, fordi der er mange ting, der ogs\u00e5 g\u00f8r os triste. Men hvorfor skal du vente p\u00e5, at en ... L\u00e6s mere","og_url":"https:\/\/blowflyofficial.com\/da\/find-en-lokal-afslappet-tilslutning\/","og_site_name":"Hookup Placeringer","twitter_card":"summary_large_image","twitter_misc":{"Estimeret l\u00e6setid":"3 minutter"},"schema":{"@context":"https:\/\/schema.org","@graph":[{"@type":"WebSite","@id":"http:\/\/blowflyofficial.com\/da\/#website","url":"http:\/\/blowflyofficial.com\/da\/","name":"Hookup Placeringer","description":"R\u00e5d om casual dating","potentialAction":[{"@type":"SearchAction","target":{"@type":"EntryPoint","urlTemplate":"http:\/\/blowflyofficial.com\/da\/?s={search_term_string}"},"query-input":"required name=search_term_string"}],"inLanguage":"da-DK"},{"@type":"WebPage","@id":"https:\/\/blowflyofficial.com\/da\/find-en-lokal-afslappet-tilslutning\/#webpage","url":"https:\/\/blowflyofficial.com\/da\/find-en-lokal-afslappet-tilslutning\/","name":"Find en lokal afslappet tilslutning - Hookup Placeringer","isPartOf":{"@id":"http:\/\/blowflyofficial.com\/da\/#website"},"datePublished":"2022-08-30T12:45:52+00:00","dateModified":"2022-08-30T12:45:52+00:00","breadcrumb":{"@id":"https:\/\/blowflyofficial.com\/da\/find-en-lokal-afslappet-tilslutning\/#breadcrumb"},"inLanguage":"da-DK","potentialAction":[{"@type":"ReadAction","target":["https:\/\/blowflyofficial.com\/da\/find-en-lokal-afslappet-tilslutning\/"]}]},{"@type":"BreadcrumbList","@id":"https:\/\/blowflyofficial.com\/da\/find-en-lokal-afslappet-tilslutning\/#breadcrumb","itemListElement":[{"@type":"ListItem","position":1,"name":"Home","item":"http:\/\/blowflyofficial.com\/da\/"},{"@type":"ListItem","position":2,"name":"Find en lokal afslappet tilslutning"}]}]}},"_links":{"self":[{"href":"https:\/\/blowflyofficial.com\/da\/wp-json\/wp\/v2\/pages\/195"}],"collection":[{"href":"https:\/\/blowflyofficial.com\/da\/wp-json\/wp\/v2\/pages"}],"about":[{"href":"https:\/\/blowflyofficial.com\/da\/wp-json\/wp\/v2\/types\/page"}],"author":[{"embeddable":true,"href":"https:\/\/blowflyofficial.com\/da\/wp-json\/wp\/v2\/users\/1"}],"replies":[{"embeddable":true,"href":"https:\/\/blowflyofficial.com\/da\/wp-json\/wp\/v2\/comments?post=195"}],"version-history":[{"count":0,"href":"https:\/\/blowflyofficial.com\/da\/wp-json\/wp\/v2\/pages\/195\/revisions"}],"wp:attachment":[{"href":"https:\/\/blowflyofficial.com\/da\/wp-json\/wp\/v2\/media?parent=195"}],"curies":[{"name":"wp","href":"https:\/\/api.w.org\/{rel}","templated":true}]}}