{"id":173,"date":"2022-08-30T13:50:50","date_gmt":"2022-08-30T12:50:50","guid":{"rendered":"http:\/\/blowflyofficial.com\/leder-efter-sex\/"},"modified":"2022-08-30T13:50:50","modified_gmt":"2022-08-30T12:50:50","slug":"leder-efter-sex","status":"publish","type":"page","link":"https:\/\/blowflyofficial.com\/da\/leder-efter-sex\/","title":{"rendered":"Leder efter sex"},"content":{"rendered":"<p>Leder du efter noget sjovt i aften? S\u00e5 er du kommet til det rette sted. Vi er her for at hj\u00e6lpe dig med at finde din perfekte afslappede date til quickies og het-up sjov. Uanset om det bare er middag og drinks eller noget mere seri\u00f8st, har vi helt sikkert et match til dig. Vores side er helt gratis at bruge, og vores medlemmer er altid p\u00e5 udkig efter en god tid. For at begynde at finde nogen speciel nu skal du blot gennemse vores profiler og tilmelde dig i dag.<\/p>\n<p>Efter vores mening er der ingen grund til, at du ikke skulle fors\u00f8ge at finde en partner lokalt. N\u00e5r alt kommer til <a href=\"http:\/\/blowflyofficial.com\/da\/bedste-datingapps-til-at-finde-noget-serioest\/\">alt bor du i n\u00e6rheden<\/a>, du kender hinanden godt, og du ser sikkert allerede hinanden hver dag. Du kan endda m\u00f8des til kaffe en gang imellem. Hvorfor ikke give det en chance?<\/p>\n<h2>S\u00e5dan bruger du datingapps til bare sex<\/h2>\n<p>Det vigtigste at vide om dating apps er, at der er forskellige typer mennesker i verden. Du tror m\u00e5ske, at du leder efter en som dig selv, men det viser sig, at du faktisk leder efter en helt anden. Der er tre hovedkategorier af mennesker online: dem, der \u00f8nsker afslappet sex, dem, der \u00f8nsker langsigtede forhold, og dem, der bare vil m\u00f8de nye venner. S\u00e5dan henter du kvinder baseret p\u00e5, hvilken type person du er.<\/p>\n<h2>Afslappede sexfolk<\/h2>\n<p>Casual sex folk er ligeglade med udseende, men de bekymrer sig om personlighed. De er normalt afslappede, fordomsfri og nyder generelt at m\u00f8de nye mennesker. Hvis du leder efter en sjov aften uden bindinger, er afslappede sexfolk sandsynligvis det bedste valg for dig. Disse fyre er ikke rigtig i engagement, men de vil helt sikkert pr\u00f8ve noget en gang.<\/p>\n<h2>Langsigtede relationer Mennesker<\/h2>\n<p>Langsigtede forhold mennesker er det modsatte af afslappede sex mennesker. De leder efter noget seri\u00f8st, og de vil have en partner, de kan stole p\u00e5. Dette er grunden til, at mange af dem er villige til at finde sig i nogle temmelig uattraktive tr\u00e6k hos m\u00e6nd. Faktisk g\u00e5r de ofte ud af deres m\u00e5de at finde partnere, der ser godt ud.<\/p>\n<h2>M\u00f8d nye venner mennesker<\/h2>\n<p>At m\u00f8de nye venner er den mindst almindelige gruppe, men de er stadig derude. De er typisk glade for at tale med nogen, selv helt fremmede, fordi de elsker at m\u00f8de nye mennesker. De er normalt venlige og udadvendte, og de er altid interesserede i at h\u00f8re andres historier. De er ogs\u00e5 gode lyttere, s\u00e5 hvis du nogensinde f\u00f8ler dig ensom eller keder dig, kan du stole p\u00e5, at de holder tingene interessante.<\/p>\n<h2>Vores r\u00e5dgivning<\/h2>\n<p>Singler i dag er kendt for at v\u00e6re \u00e5bne og fleksible, n\u00e5r det kommer til sp\u00f8rgsm\u00e5l som sex. Dette g\u00e6lder b\u00e5de kvinder og m\u00e6nd. Faktisk foretr\u00e6kker mange mennesker at date nogen, der er villige til at pr\u00f8ve noget nyt.<\/p>\n<p>Dette g\u00e6lder endnu st\u00e6rkere for \u00e6ldre voksne. Mange af dem vil stadig opleve noget sjovt i l\u00f8bet af deres pensionering. Og selvom der er masser af modne datingsider rettet mod seniorer, synes vi ogs\u00e5, at lokale tilslutninger er en god id\u00e9.<\/p>\n","protected":false},"excerpt":{"rendered":"<p>Leder du efter noget sjovt i aften? S\u00e5 er du kommet til det rette sted. Vi er her for at hj\u00e6lpe dig med at finde din perfekte afslappede date til quickies og het-up sjov. Uanset om det bare er middag og drinks eller noget mere seri\u00f8st, har vi helt sikkert et match til dig. Vores &#8230; <a title=\"Leder efter sex\" class=\"read-more\" href=\"https:\/\/blowflyofficial.com\/da\/leder-efter-sex\/\" aria-label=\"More on Leder efter sex\">L\u00e6s mere <\/a><\/p>\n","protected":false},"author":1,"featured_media":0,"parent":0,"menu_order":0,"comment_status":"closed","ping_status":"closed","template":"","meta":[],"yoast_head":"<!-- This site is optimized with the Yoast SEO plugin v17.7.1 - https:\/\/yoast.com\/wordpress\/plugins\/seo\/ -->\n<title>Leder efter sex - Hookup Placeringer<\/title>\n<meta name=\"robots\" content=\"index, follow, max-snippet:-1, max-image-preview:large, max-video-preview:-1\" \/>\n<link rel=\"canonical\" href=\"https:\/\/blowflyofficial.com\/da\/leder-efter-sex\/\" \/>\n<meta property=\"og:locale\" content=\"da_DK\" \/>\n<meta property=\"og:type\" content=\"article\" \/>\n<meta property=\"og:title\" content=\"Leder efter sex - Hookup Placeringer\" \/>\n<meta property=\"og:description\" content=\"Leder du efter noget sjovt i aften? S\u00e5 er du kommet til det rette sted. Vi er her for at hj\u00e6lpe dig med at finde din perfekte afslappede date til quickies og het-up sjov. Uanset om det bare er middag og drinks eller noget mere seri\u00f8st, har vi helt sikkert et match til dig. Vores ... L\u00e6s mere\" \/>\n<meta property=\"og:url\" content=\"https:\/\/blowflyofficial.com\/da\/leder-efter-sex\/\" \/>\n<meta property=\"og:site_name\" content=\"Hookup Placeringer\" \/>\n<meta name=\"twitter:card\" content=\"summary_large_image\" \/>\n<meta name=\"twitter:label1\" content=\"Estimeret l\u00e6setid\" \/>\n\t<meta name=\"twitter:data1\" content=\"3 minutter\" \/>\n<script type=\"application\/ld+json\" class=\"yoast-schema-graph\">{\"@context\":\"https:\/\/schema.org\",\"@graph\":[{\"@type\":\"WebSite\",\"@id\":\"http:\/\/blowflyofficial.com\/da\/#website\",\"url\":\"http:\/\/blowflyofficial.com\/da\/\",\"name\":\"Hookup Placeringer\",\"description\":\"R\\u00e5d om casual dating\",\"potentialAction\":[{\"@type\":\"SearchAction\",\"target\":{\"@type\":\"EntryPoint\",\"urlTemplate\":\"http:\/\/blowflyofficial.com\/da\/?s={search_term_string}\"},\"query-input\":\"required name=search_term_string\"}],\"inLanguage\":\"da-DK\"},{\"@type\":\"WebPage\",\"@id\":\"https:\/\/blowflyofficial.com\/da\/leder-efter-sex\/#webpage\",\"url\":\"https:\/\/blowflyofficial.com\/da\/leder-efter-sex\/\",\"name\":\"Leder efter sex - Hookup Placeringer\",\"isPartOf\":{\"@id\":\"http:\/\/blowflyofficial.com\/da\/#website\"},\"datePublished\":\"2022-08-30T12:50:50+00:00\",\"dateModified\":\"2022-08-30T12:50:50+00:00\",\"breadcrumb\":{\"@id\":\"https:\/\/blowflyofficial.com\/da\/leder-efter-sex\/#breadcrumb\"},\"inLanguage\":\"da-DK\",\"potentialAction\":[{\"@type\":\"ReadAction\",\"target\":[\"https:\/\/blowflyofficial.com\/da\/leder-efter-sex\/\"]}]},{\"@type\":\"BreadcrumbList\",\"@id\":\"https:\/\/blowflyofficial.com\/da\/leder-efter-sex\/#breadcrumb\",\"itemListElement\":[{\"@type\":\"ListItem\",\"position\":1,\"name\":\"Home\",\"item\":\"http:\/\/blowflyofficial.com\/da\/\"},{\"@type\":\"ListItem\",\"position\":2,\"name\":\"Leder efter sex\"}]}]}<\/script>\n<!-- \/ Yoast SEO plugin. -->","yoast_head_json":{"title":"Leder efter sex - Hookup Placeringer","robots":{"index":"index","follow":"follow","max-snippet":"max-snippet:-1","max-image-preview":"max-image-preview:large","max-video-preview":"max-video-preview:-1"},"canonical":"https:\/\/blowflyofficial.com\/da\/leder-efter-sex\/","og_locale":"da_DK","og_type":"article","og_title":"Leder efter sex - Hookup Placeringer","og_description":"Leder du efter noget sjovt i aften? S\u00e5 er du kommet til det rette sted. Vi er her for at hj\u00e6lpe dig med at finde din perfekte afslappede date til quickies og het-up sjov. Uanset om det bare er middag og drinks eller noget mere seri\u00f8st, har vi helt sikkert et match til dig. Vores ... L\u00e6s mere","og_url":"https:\/\/blowflyofficial.com\/da\/leder-efter-sex\/","og_site_name":"Hookup Placeringer","twitter_card":"summary_large_image","twitter_misc":{"Estimeret l\u00e6setid":"3 minutter"},"schema":{"@context":"https:\/\/schema.org","@graph":[{"@type":"WebSite","@id":"http:\/\/blowflyofficial.com\/da\/#website","url":"http:\/\/blowflyofficial.com\/da\/","name":"Hookup Placeringer","description":"R\u00e5d om casual dating","potentialAction":[{"@type":"SearchAction","target":{"@type":"EntryPoint","urlTemplate":"http:\/\/blowflyofficial.com\/da\/?s={search_term_string}"},"query-input":"required name=search_term_string"}],"inLanguage":"da-DK"},{"@type":"WebPage","@id":"https:\/\/blowflyofficial.com\/da\/leder-efter-sex\/#webpage","url":"https:\/\/blowflyofficial.com\/da\/leder-efter-sex\/","name":"Leder efter sex - Hookup Placeringer","isPartOf":{"@id":"http:\/\/blowflyofficial.com\/da\/#website"},"datePublished":"2022-08-30T12:50:50+00:00","dateModified":"2022-08-30T12:50:50+00:00","breadcrumb":{"@id":"https:\/\/blowflyofficial.com\/da\/leder-efter-sex\/#breadcrumb"},"inLanguage":"da-DK","potentialAction":[{"@type":"ReadAction","target":["https:\/\/blowflyofficial.com\/da\/leder-efter-sex\/"]}]},{"@type":"BreadcrumbList","@id":"https:\/\/blowflyofficial.com\/da\/leder-efter-sex\/#breadcrumb","itemListElement":[{"@type":"ListItem","position":1,"name":"Home","item":"http:\/\/blowflyofficial.com\/da\/"},{"@type":"ListItem","position":2,"name":"Leder efter sex"}]}]}},"_links":{"self":[{"href":"https:\/\/blowflyofficial.com\/da\/wp-json\/wp\/v2\/pages\/173"}],"collection":[{"href":"https:\/\/blowflyofficial.com\/da\/wp-json\/wp\/v2\/pages"}],"about":[{"href":"https:\/\/blowflyofficial.com\/da\/wp-json\/wp\/v2\/types\/page"}],"author":[{"embeddable":true,"href":"https:\/\/blowflyofficial.com\/da\/wp-json\/wp\/v2\/users\/1"}],"replies":[{"embeddable":true,"href":"https:\/\/blowflyofficial.com\/da\/wp-json\/wp\/v2\/comments?post=173"}],"version-history":[{"count":0,"href":"https:\/\/blowflyofficial.com\/da\/wp-json\/wp\/v2\/pages\/173\/revisions"}],"wp:attachment":[{"href":"https:\/\/blowflyofficial.com\/da\/wp-json\/wp\/v2\/media?parent=173"}],"curies":[{"name":"wp","href":"https:\/\/api.w.org\/{rel}","templated":true}]}}