{"id":168,"date":"2022-08-30T14:12:58","date_gmt":"2022-08-30T13:12:58","guid":{"rendered":"http:\/\/blowflyofficial.com\/find-en-milf-i-dit-omraade\/"},"modified":"2022-08-30T14:12:58","modified_gmt":"2022-08-30T13:12:58","slug":"find-en-milf-i-dit-omraade","status":"publish","type":"page","link":"https:\/\/blowflyofficial.com\/da\/find-en-milf-i-dit-omraade\/","title":{"rendered":"Find en MILF i dit omr\u00e5de"},"content":{"rendered":"<p>MILF&#8217;er er varme. De er liderlige, erfarne og ved, hvad de vil have. Du beh\u00f8ver ikke bekymre dig om at blive s\u00e5ret, fordi du vil v\u00e6re i stand til at tilfredsstille hendes behov. Hvis du vil tilslutte dig en milf, er der masser af steder, hvor du kan finde en i n\u00e6rheden. Dette websted g\u00f8r det nemt at m\u00f8de lokale milfs og nyde noget seksuelt sjov. Uanset om du leder efter et afslappet m\u00f8de eller noget mere seri\u00f8st, har du adgang til tusindvis af rigtige mennesker, der er ligesom dig.<\/p>\n<h2>Liste over lokale MILF&#8217;er online<\/h2>\n<p>Du ved, hvordan det g\u00e5r &#8230; du ser en varm pige online, du t\u00e6nker p\u00e5 at sende hende beskeder, og s\u00e5 ender du med at bruge timer p\u00e5 at gennemse profiler p\u00e5 udkig efter nogen ligesom hende. S\u00e5 beslutter du dig endelig for at give det et skud og sende hende en besked i h\u00e5b om, at der m\u00e5ske er noget specielt ved hendes profil, der f\u00e5r hende til at skille sig ud fra resten. Men sandheden er, at du for det meste ikke engang rigtig ved, hvorfor du bliver ved med at blive afvist igen og igen. Og selvom jeg ikke siger, at hver eneste person p\u00e5 vores side vil v\u00e6re perfekt til dig, siger jeg, at vi vil s\u00f8rge for, at du finder pr\u00e6cis den type milf, du leder efter. Vi hj\u00e6lper dig med at finde en \u00e6ldre kvinde, der forst\u00e5r, hvad du \u00f8nsker og har brug for, og ved, hvad du skal g\u00f8re for at tilfredsstille dig. S\u00e5 stop med at s\u00f8ge efter de sexede unge babes og begynd at finde den rigtige aftale i dag!<\/p>\n<h2>S\u00e5dan finder du sex med liderlige m\u00f8dre i n\u00e6rheden af dig<\/h2>\n<p>MILF&#8217;er er nogle af de hotteste kvinder rundt. De ved, hvordan man behandler en mand, og de elsker sex. Der er ingen tvivl om det, de er en af de bedste typer dating derude. Men de fleste fyre er ikke sikre p\u00e5, hvor de skal starte, n\u00e5r de pr\u00f8ver at date en MILF. S\u00e5 vi har sammensat nogle tips til at hj\u00e6lpe dig med at finde succes med milf dating. Internettet er fuld af MILF-tilslutningssider, hvor \u00e6ldre kvinder m\u00f8des med yngre m\u00e6nd. Disse websteder tilbyder gratis medlemskab til alle, der er villige til at betale nogle penge. Du skal bare tilmelde dig og begynde at gennemse profiler. Der er tusindvis af medlemmer, der venter p\u00e5 at finde en som dig. Du beh\u00f8ver ikke engang at sende beskeder til hinanden. Bare gennemse profilerne og v\u00e6lg en, der ser interessant ud. Derefter er det nemt at udveksle kontaktoplysninger. N\u00e5r du har fundet nogen, du vil tale med, kan du sp\u00f8rge ham \/ hende ud til kaffe eller middag. Hvis han \/ hun accepterer, ved du, hvad du skal g\u00f8re n\u00e6ste gang.<\/p>\n<h3>Zoosk<\/h3>\n<p>Zoosk er et godt sted at m\u00f8de milfs p\u00e5 udkig efter sjov. Dette websted giver dig mulighed for at uploade billeder og videoer af dig selv, og du kan endda bruge appen til at chatte med potentielle kampe. Du kan gennemse profiler baseret p\u00e5 placering, aldersgruppe, k\u00f8n, interesser og mere. N\u00e5r du har fundet en, du kan lide, kan du sende beskeder, stille sp\u00f8rgsm\u00e5l og arrangere datoer.<\/p>\n<h3>AdultFriendFinder<\/h3>\n<p>Adult Friend Finder er en af de \u00e6ldste og st\u00f8rste dating sites for voksne online. Med over 20 millioner medlemmer finder AF folk interesseret i alt fra kinky feticher til swingende par. Det tilbyder et meget aktivt socialt netv\u00e6rk, hvor medlemmer kan oprette forbindelse til hinanden. Du kan se medlemsbilleder, chatte, e-maile og meget mere.<\/p>\n<h3>MommyFinders<\/h3>\n<p>Mommyfinders er et andet godt valg for milfs p\u00e5 udkig efter sjov online. Dette websted fungerer ligesom Tinder, bortset fra at du ikke stryger til venstre eller h\u00f8jre. I stedet matcher du med folk i henhold til dine pr\u00e6ferencer. For eksempel kan du filtrere medlemmer efter etnicitet, alder, kropstype, livsstil og mere. N\u00e5r du har matchet med et par personer, kan du begynde at chatte med dem via sms eller videoopkald.<\/p>\n","protected":false},"excerpt":{"rendered":"<p>MILF&#8217;er er varme. De er liderlige, erfarne og ved, hvad de vil have. Du beh\u00f8ver ikke bekymre dig om at blive s\u00e5ret, fordi du vil v\u00e6re i stand til at tilfredsstille hendes behov. Hvis du vil tilslutte dig en milf, er der masser af steder, hvor du kan finde en i n\u00e6rheden. Dette websted g\u00f8r &#8230; <a title=\"Find en MILF i dit omr\u00e5de\" class=\"read-more\" href=\"https:\/\/blowflyofficial.com\/da\/find-en-milf-i-dit-omraade\/\" aria-label=\"More on Find en MILF i dit omr\u00e5de\">L\u00e6s mere <\/a><\/p>\n","protected":false},"author":1,"featured_media":0,"parent":0,"menu_order":0,"comment_status":"closed","ping_status":"closed","template":"","meta":[],"yoast_head":"<!-- This site is optimized with the Yoast SEO plugin v17.7.1 - https:\/\/yoast.com\/wordpress\/plugins\/seo\/ -->\n<title>Find en MILF i dit omr\u00e5de - Hookup Placeringer<\/title>\n<meta name=\"robots\" content=\"index, follow, max-snippet:-1, max-image-preview:large, max-video-preview:-1\" \/>\n<link rel=\"canonical\" href=\"https:\/\/blowflyofficial.com\/da\/find-en-milf-i-dit-omraade\/\" \/>\n<meta property=\"og:locale\" content=\"da_DK\" \/>\n<meta property=\"og:type\" content=\"article\" \/>\n<meta property=\"og:title\" content=\"Find en MILF i dit omr\u00e5de - Hookup Placeringer\" \/>\n<meta property=\"og:description\" content=\"MILF&#8217;er er varme. De er liderlige, erfarne og ved, hvad de vil have. Du beh\u00f8ver ikke bekymre dig om at blive s\u00e5ret, fordi du vil v\u00e6re i stand til at tilfredsstille hendes behov. Hvis du vil tilslutte dig en milf, er der masser af steder, hvor du kan finde en i n\u00e6rheden. Dette websted g\u00f8r ... L\u00e6s mere\" \/>\n<meta property=\"og:url\" content=\"https:\/\/blowflyofficial.com\/da\/find-en-milf-i-dit-omraade\/\" \/>\n<meta property=\"og:site_name\" content=\"Hookup Placeringer\" \/>\n<meta name=\"twitter:card\" content=\"summary_large_image\" \/>\n<meta name=\"twitter:label1\" content=\"Estimeret l\u00e6setid\" \/>\n\t<meta name=\"twitter:data1\" content=\"4 minutter\" \/>\n<script type=\"application\/ld+json\" class=\"yoast-schema-graph\">{\"@context\":\"https:\/\/schema.org\",\"@graph\":[{\"@type\":\"WebSite\",\"@id\":\"http:\/\/blowflyofficial.com\/da\/#website\",\"url\":\"http:\/\/blowflyofficial.com\/da\/\",\"name\":\"Hookup Placeringer\",\"description\":\"R\\u00e5d om casual dating\",\"potentialAction\":[{\"@type\":\"SearchAction\",\"target\":{\"@type\":\"EntryPoint\",\"urlTemplate\":\"http:\/\/blowflyofficial.com\/da\/?s={search_term_string}\"},\"query-input\":\"required name=search_term_string\"}],\"inLanguage\":\"da-DK\"},{\"@type\":\"WebPage\",\"@id\":\"https:\/\/blowflyofficial.com\/da\/find-en-milf-i-dit-omraade\/#webpage\",\"url\":\"https:\/\/blowflyofficial.com\/da\/find-en-milf-i-dit-omraade\/\",\"name\":\"Find en MILF i dit omr\\u00e5de - Hookup Placeringer\",\"isPartOf\":{\"@id\":\"http:\/\/blowflyofficial.com\/da\/#website\"},\"datePublished\":\"2022-08-30T13:12:58+00:00\",\"dateModified\":\"2022-08-30T13:12:58+00:00\",\"breadcrumb\":{\"@id\":\"https:\/\/blowflyofficial.com\/da\/find-en-milf-i-dit-omraade\/#breadcrumb\"},\"inLanguage\":\"da-DK\",\"potentialAction\":[{\"@type\":\"ReadAction\",\"target\":[\"https:\/\/blowflyofficial.com\/da\/find-en-milf-i-dit-omraade\/\"]}]},{\"@type\":\"BreadcrumbList\",\"@id\":\"https:\/\/blowflyofficial.com\/da\/find-en-milf-i-dit-omraade\/#breadcrumb\",\"itemListElement\":[{\"@type\":\"ListItem\",\"position\":1,\"name\":\"Home\",\"item\":\"http:\/\/blowflyofficial.com\/da\/\"},{\"@type\":\"ListItem\",\"position\":2,\"name\":\"Find en MILF i dit omr\\u00e5de\"}]}]}<\/script>\n<!-- \/ Yoast SEO plugin. -->","yoast_head_json":{"title":"Find en MILF i dit omr\u00e5de - Hookup Placeringer","robots":{"index":"index","follow":"follow","max-snippet":"max-snippet:-1","max-image-preview":"max-image-preview:large","max-video-preview":"max-video-preview:-1"},"canonical":"https:\/\/blowflyofficial.com\/da\/find-en-milf-i-dit-omraade\/","og_locale":"da_DK","og_type":"article","og_title":"Find en MILF i dit omr\u00e5de - Hookup Placeringer","og_description":"MILF&#8217;er er varme. De er liderlige, erfarne og ved, hvad de vil have. Du beh\u00f8ver ikke bekymre dig om at blive s\u00e5ret, fordi du vil v\u00e6re i stand til at tilfredsstille hendes behov. Hvis du vil tilslutte dig en milf, er der masser af steder, hvor du kan finde en i n\u00e6rheden. Dette websted g\u00f8r ... L\u00e6s mere","og_url":"https:\/\/blowflyofficial.com\/da\/find-en-milf-i-dit-omraade\/","og_site_name":"Hookup Placeringer","twitter_card":"summary_large_image","twitter_misc":{"Estimeret l\u00e6setid":"4 minutter"},"schema":{"@context":"https:\/\/schema.org","@graph":[{"@type":"WebSite","@id":"http:\/\/blowflyofficial.com\/da\/#website","url":"http:\/\/blowflyofficial.com\/da\/","name":"Hookup Placeringer","description":"R\u00e5d om casual dating","potentialAction":[{"@type":"SearchAction","target":{"@type":"EntryPoint","urlTemplate":"http:\/\/blowflyofficial.com\/da\/?s={search_term_string}"},"query-input":"required name=search_term_string"}],"inLanguage":"da-DK"},{"@type":"WebPage","@id":"https:\/\/blowflyofficial.com\/da\/find-en-milf-i-dit-omraade\/#webpage","url":"https:\/\/blowflyofficial.com\/da\/find-en-milf-i-dit-omraade\/","name":"Find en MILF i dit omr\u00e5de - Hookup Placeringer","isPartOf":{"@id":"http:\/\/blowflyofficial.com\/da\/#website"},"datePublished":"2022-08-30T13:12:58+00:00","dateModified":"2022-08-30T13:12:58+00:00","breadcrumb":{"@id":"https:\/\/blowflyofficial.com\/da\/find-en-milf-i-dit-omraade\/#breadcrumb"},"inLanguage":"da-DK","potentialAction":[{"@type":"ReadAction","target":["https:\/\/blowflyofficial.com\/da\/find-en-milf-i-dit-omraade\/"]}]},{"@type":"BreadcrumbList","@id":"https:\/\/blowflyofficial.com\/da\/find-en-milf-i-dit-omraade\/#breadcrumb","itemListElement":[{"@type":"ListItem","position":1,"name":"Home","item":"http:\/\/blowflyofficial.com\/da\/"},{"@type":"ListItem","position":2,"name":"Find en MILF i dit omr\u00e5de"}]}]}},"_links":{"self":[{"href":"https:\/\/blowflyofficial.com\/da\/wp-json\/wp\/v2\/pages\/168"}],"collection":[{"href":"https:\/\/blowflyofficial.com\/da\/wp-json\/wp\/v2\/pages"}],"about":[{"href":"https:\/\/blowflyofficial.com\/da\/wp-json\/wp\/v2\/types\/page"}],"author":[{"embeddable":true,"href":"https:\/\/blowflyofficial.com\/da\/wp-json\/wp\/v2\/users\/1"}],"replies":[{"embeddable":true,"href":"https:\/\/blowflyofficial.com\/da\/wp-json\/wp\/v2\/comments?post=168"}],"version-history":[{"count":0,"href":"https:\/\/blowflyofficial.com\/da\/wp-json\/wp\/v2\/pages\/168\/revisions"}],"wp:attachment":[{"href":"https:\/\/blowflyofficial.com\/da\/wp-json\/wp\/v2\/media?parent=168"}],"curies":[{"name":"wp","href":"https:\/\/api.w.org\/{rel}","templated":true}]}}