{"id":162,"date":"2022-08-30T13:54:35","date_gmt":"2022-08-30T12:54:35","guid":{"rendered":"http:\/\/blowflyofficial.com\/swapfinder-vs-easysex\/"},"modified":"2022-08-30T13:54:35","modified_gmt":"2022-08-30T12:54:35","slug":"swapfinder-vs-easysex","status":"publish","type":"page","link":"https:\/\/blowflyofficial.com\/da\/swapfinder-vs-easysex\/","title":{"rendered":"SwapFinder Vs. EasySex"},"content":{"rendered":"<p>Online dating er en af de ting, der virker ret ligetil: Du tilmelder dig, udfylder nogle sp\u00f8rgsm\u00e5l om dig selv og venter p\u00e5, at kampene kommer rullende ind. Men der er faktisk meget mere involveret end det.<\/p>\n<p>Den mest grundl\u00e6ggende m\u00e5de at finde nogen kompatibel p\u00e5 er bare at logge ind p\u00e5 en app eller et websted og gennemse profiler. Hvis du leder efter noget seri\u00f8st, kan det tage et stykke tid. Og selvom det lykkes dig at finde nogen, ved du stadig ikke, om de vil date dig, medmindre du sender dem en besked.<\/p>\n<p>For websteder som eHarmony, Match, PlentyOfFish, Zoosk, OkCupid og Tinder kan du teknisk bruge deres gratis versioner til at se dig omkring og se, hvad der er tilg\u00e6ngeligt. Men der er ogs\u00e5 masser af betalte muligheder &#8211; dem, der giver dig mulighed for at sende beskeder til potentielle datoer og se, hvem der kan lide dig.<\/p>\n<h2>Byt Finder<\/h2>\n<p>Hvis du leder efter et sted at <a href=\"http:\/\/blowflyofficial.com\/da\/find-en-lokal-afslappet-tilslutning\/\">m\u00f8de folk online<\/a>, kan SwapFinder.com v\u00e6re lige det, du har s\u00f8gt efter. Ser du, dette er ikke ligefrem en datingside. I stedet er det et gratis socialt netv\u00e6rkssted, hvor ligesindede personer m\u00f8des for at bytte partnere til en sjov aften. Og mens der er masser af websteder derude, der henvender sig specifikt til svingende par, st\u00e5r denne hoved og skuldre over resten.<\/p>\n<p>\u00c5rsagen er, at SwapFinder.com ejes af det samme firma som Adult Friend Finder, en af de mest popul\u00e6re datingsider for voksne i verden. S\u00e5 hvis du vil finde nogen at tilslutte dig i aften, vil du sandsynligvis have meget st\u00f8rre succes med at finde nogen her end andre steder.<\/p>\n<h2>Nem sex<\/h2>\n<p>Jeg ved ikke med dig, men jeg kan godt lide sex. Jeg elsker sex. Faktisk synes jeg, det er stort set den sjoveste del af livet. Og selvom der er masser af websteder derude, hvor du kan finde tilslutninger, ville jeg have noget andet. Noget bedre. S\u00e5 jeg meldte mig til EasySex.com.<\/p>\n<p>Ideen bag EasySex er enkel. Du tilmelder dig gratis, uploader et profilbillede, udfylder et par sp\u00f8rgsm\u00e5l og boomer &#8211; du er klar til at begynde at m\u00f8de mennesker. Der er ingen gebyrer, ingen gimmicks og intet lort. Bare rigtige mennesker, der \u00f8nsker at have rigtige samtaler.<\/p>\n<p>S\u00e5 langt s\u00e5 godt. Men det, der virkelig adskiller EasySex, er, hvor nemt det er at m\u00f8de mennesker. I mods\u00e6tning til andre websteder kr\u00e6ver EasySex ikke, at du betaler ekstra for at se, hvem der ellers er online. I stedet kan du gennemse profiler helt anonymt. Hvis du vil chatte med nogen, skal du blot skrive &#8220;Hej!&#8221; i tekstfeltet ved siden af deres foto, trykke p\u00e5 Send og voil\u00e0! Chat begynder.<\/p>\n<p>Og det bedste er, at n\u00e5r du f\u00f8rst beslutter dig for at g\u00e5 p\u00e5 en date, er der ingen skjulte omkostninger. Alt du skal g\u00f8re er at dukke op. De fleste mennesker ser ud til at nyde at g\u00f8re det.<\/p>\n<h1>Alternativ &#8211; Zoosk<\/h1>\n<p>Zoosk har eksisteret siden 2004 og h\u00e6vder over 25 millioner medlemmer over hele verden. Det lancerede for nylig en redesignet app, der giver brugerne mulighed for at se potentielle kampe baseret p\u00e5 f\u00e6llestr\u00e6k som placering, alder, uddannelsesniveau, jobtype osv.<\/p>\n<p>Appen kr\u00e6ver stadig, at brugerne udfylder et sp\u00f8rgeskema om sig selv, f\u00f8r de kan se andres oplysninger. Dette sp\u00f8rgeskema indeholder otte sp\u00f8rgsm\u00e5l, der hj\u00e6lper Zoosk med at bestemme, hvilken slags person du er. Disse sp\u00f8rgsm\u00e5l omfatter &#8220;Hvad kan du lide at g\u00f8re?&#8221; og &#8220;Foretr\u00e6kker du at h\u00e6nge ud alene eller sammen med venner?&#8221;.<\/p>\n<p>Du er i stand til at springe nogle af sp\u00f8rgsm\u00e5lene over, men du kan ikke springe personlighedssp\u00f8rgsm\u00e5let over. Du skal besvare alle sp\u00f8rgsm\u00e5l fuldt ud, f\u00f8r du kan g\u00e5 videre til n\u00e6ste trin.<\/p>\n","protected":false},"excerpt":{"rendered":"<p>Online dating er en af de ting, der virker ret ligetil: Du tilmelder dig, udfylder nogle sp\u00f8rgsm\u00e5l om dig selv og venter p\u00e5, at kampene kommer rullende ind. Men der er faktisk meget mere involveret end det. Den mest grundl\u00e6ggende m\u00e5de at finde nogen kompatibel p\u00e5 er bare at logge ind p\u00e5 en app eller &#8230; <a title=\"SwapFinder Vs. EasySex\" class=\"read-more\" href=\"https:\/\/blowflyofficial.com\/da\/swapfinder-vs-easysex\/\" aria-label=\"More on SwapFinder Vs. EasySex\">L\u00e6s mere <\/a><\/p>\n","protected":false},"author":1,"featured_media":0,"parent":0,"menu_order":0,"comment_status":"closed","ping_status":"closed","template":"","meta":[],"yoast_head":"<!-- This site is optimized with the Yoast SEO plugin v17.7.1 - https:\/\/yoast.com\/wordpress\/plugins\/seo\/ -->\n<title>SwapFinder Vs. EasySex - Hookup Placeringer<\/title>\n<meta name=\"robots\" content=\"index, follow, max-snippet:-1, max-image-preview:large, max-video-preview:-1\" \/>\n<link rel=\"canonical\" href=\"https:\/\/blowflyofficial.com\/da\/swapfinder-vs-easysex\/\" \/>\n<meta property=\"og:locale\" content=\"da_DK\" \/>\n<meta property=\"og:type\" content=\"article\" \/>\n<meta property=\"og:title\" content=\"SwapFinder Vs. EasySex - Hookup Placeringer\" \/>\n<meta property=\"og:description\" content=\"Online dating er en af de ting, der virker ret ligetil: Du tilmelder dig, udfylder nogle sp\u00f8rgsm\u00e5l om dig selv og venter p\u00e5, at kampene kommer rullende ind. Men der er faktisk meget mere involveret end det. Den mest grundl\u00e6ggende m\u00e5de at finde nogen kompatibel p\u00e5 er bare at logge ind p\u00e5 en app eller ... L\u00e6s mere\" \/>\n<meta property=\"og:url\" content=\"https:\/\/blowflyofficial.com\/da\/swapfinder-vs-easysex\/\" \/>\n<meta property=\"og:site_name\" content=\"Hookup Placeringer\" \/>\n<meta name=\"twitter:card\" content=\"summary_large_image\" \/>\n<meta name=\"twitter:label1\" content=\"Estimeret l\u00e6setid\" \/>\n\t<meta name=\"twitter:data1\" content=\"3 minutter\" \/>\n<script type=\"application\/ld+json\" class=\"yoast-schema-graph\">{\"@context\":\"https:\/\/schema.org\",\"@graph\":[{\"@type\":\"WebSite\",\"@id\":\"http:\/\/blowflyofficial.com\/da\/#website\",\"url\":\"http:\/\/blowflyofficial.com\/da\/\",\"name\":\"Hookup Placeringer\",\"description\":\"R\\u00e5d om casual dating\",\"potentialAction\":[{\"@type\":\"SearchAction\",\"target\":{\"@type\":\"EntryPoint\",\"urlTemplate\":\"http:\/\/blowflyofficial.com\/da\/?s={search_term_string}\"},\"query-input\":\"required name=search_term_string\"}],\"inLanguage\":\"da-DK\"},{\"@type\":\"WebPage\",\"@id\":\"https:\/\/blowflyofficial.com\/da\/swapfinder-vs-easysex\/#webpage\",\"url\":\"https:\/\/blowflyofficial.com\/da\/swapfinder-vs-easysex\/\",\"name\":\"SwapFinder Vs. EasySex - Hookup Placeringer\",\"isPartOf\":{\"@id\":\"http:\/\/blowflyofficial.com\/da\/#website\"},\"datePublished\":\"2022-08-30T12:54:35+00:00\",\"dateModified\":\"2022-08-30T12:54:35+00:00\",\"breadcrumb\":{\"@id\":\"https:\/\/blowflyofficial.com\/da\/swapfinder-vs-easysex\/#breadcrumb\"},\"inLanguage\":\"da-DK\",\"potentialAction\":[{\"@type\":\"ReadAction\",\"target\":[\"https:\/\/blowflyofficial.com\/da\/swapfinder-vs-easysex\/\"]}]},{\"@type\":\"BreadcrumbList\",\"@id\":\"https:\/\/blowflyofficial.com\/da\/swapfinder-vs-easysex\/#breadcrumb\",\"itemListElement\":[{\"@type\":\"ListItem\",\"position\":1,\"name\":\"Home\",\"item\":\"http:\/\/blowflyofficial.com\/da\/\"},{\"@type\":\"ListItem\",\"position\":2,\"name\":\"SwapFinder Vs. EasySex\"}]}]}<\/script>\n<!-- \/ Yoast SEO plugin. -->","yoast_head_json":{"title":"SwapFinder Vs. EasySex - Hookup Placeringer","robots":{"index":"index","follow":"follow","max-snippet":"max-snippet:-1","max-image-preview":"max-image-preview:large","max-video-preview":"max-video-preview:-1"},"canonical":"https:\/\/blowflyofficial.com\/da\/swapfinder-vs-easysex\/","og_locale":"da_DK","og_type":"article","og_title":"SwapFinder Vs. EasySex - Hookup Placeringer","og_description":"Online dating er en af de ting, der virker ret ligetil: Du tilmelder dig, udfylder nogle sp\u00f8rgsm\u00e5l om dig selv og venter p\u00e5, at kampene kommer rullende ind. Men der er faktisk meget mere involveret end det. Den mest grundl\u00e6ggende m\u00e5de at finde nogen kompatibel p\u00e5 er bare at logge ind p\u00e5 en app eller ... L\u00e6s mere","og_url":"https:\/\/blowflyofficial.com\/da\/swapfinder-vs-easysex\/","og_site_name":"Hookup Placeringer","twitter_card":"summary_large_image","twitter_misc":{"Estimeret l\u00e6setid":"3 minutter"},"schema":{"@context":"https:\/\/schema.org","@graph":[{"@type":"WebSite","@id":"http:\/\/blowflyofficial.com\/da\/#website","url":"http:\/\/blowflyofficial.com\/da\/","name":"Hookup Placeringer","description":"R\u00e5d om casual dating","potentialAction":[{"@type":"SearchAction","target":{"@type":"EntryPoint","urlTemplate":"http:\/\/blowflyofficial.com\/da\/?s={search_term_string}"},"query-input":"required name=search_term_string"}],"inLanguage":"da-DK"},{"@type":"WebPage","@id":"https:\/\/blowflyofficial.com\/da\/swapfinder-vs-easysex\/#webpage","url":"https:\/\/blowflyofficial.com\/da\/swapfinder-vs-easysex\/","name":"SwapFinder Vs. EasySex - Hookup Placeringer","isPartOf":{"@id":"http:\/\/blowflyofficial.com\/da\/#website"},"datePublished":"2022-08-30T12:54:35+00:00","dateModified":"2022-08-30T12:54:35+00:00","breadcrumb":{"@id":"https:\/\/blowflyofficial.com\/da\/swapfinder-vs-easysex\/#breadcrumb"},"inLanguage":"da-DK","potentialAction":[{"@type":"ReadAction","target":["https:\/\/blowflyofficial.com\/da\/swapfinder-vs-easysex\/"]}]},{"@type":"BreadcrumbList","@id":"https:\/\/blowflyofficial.com\/da\/swapfinder-vs-easysex\/#breadcrumb","itemListElement":[{"@type":"ListItem","position":1,"name":"Home","item":"http:\/\/blowflyofficial.com\/da\/"},{"@type":"ListItem","position":2,"name":"SwapFinder Vs. EasySex"}]}]}},"_links":{"self":[{"href":"https:\/\/blowflyofficial.com\/da\/wp-json\/wp\/v2\/pages\/162"}],"collection":[{"href":"https:\/\/blowflyofficial.com\/da\/wp-json\/wp\/v2\/pages"}],"about":[{"href":"https:\/\/blowflyofficial.com\/da\/wp-json\/wp\/v2\/types\/page"}],"author":[{"embeddable":true,"href":"https:\/\/blowflyofficial.com\/da\/wp-json\/wp\/v2\/users\/1"}],"replies":[{"embeddable":true,"href":"https:\/\/blowflyofficial.com\/da\/wp-json\/wp\/v2\/comments?post=162"}],"version-history":[{"count":0,"href":"https:\/\/blowflyofficial.com\/da\/wp-json\/wp\/v2\/pages\/162\/revisions"}],"wp:attachment":[{"href":"https:\/\/blowflyofficial.com\/da\/wp-json\/wp\/v2\/media?parent=162"}],"curies":[{"name":"wp","href":"https:\/\/api.w.org\/{rel}","templated":true}]}}