{"id":140,"date":"2022-08-30T14:17:26","date_gmt":"2022-08-30T13:17:26","guid":{"rendered":"http:\/\/blowflyofficial.com\/one-night-stand-finder\/"},"modified":"2022-08-30T14:17:26","modified_gmt":"2022-08-30T13:17:26","slug":"one-night-stand-finder","status":"publish","type":"page","link":"https:\/\/blowflyofficial.com\/da\/one-night-stand-finder\/","title":{"rendered":"One Night Stand Finder"},"content":{"rendered":"<p>Hvis du vil tr\u00e6kke et one night stand med kvinder, kr\u00e6ver det noget forberedelse og strategi. Du g\u00e5r ikke bare hen til en kvinde og sp\u00f8rger hende, hvad hun vil have. Hvis du g\u00f8r det, vil du sandsynligvis ende med at blive afvist. Der er visse ting, du skal vide om kvinder, f\u00f8r du n\u00e6rmer dig dem. Her er de trin, du skal tage for at tr\u00e6kke et engangsknald med kvinder.<\/p>\n<h2>Vores tips til at finde noget afslappet<\/h2>\n<p>Mange mennesker tror, at afslappet sex bare handler om at blive lagt uden at bekymre sig om noget andet. Men der er masser af ting at overveje ud over selve den fysiske handling. Der er risici involveret, der kan p\u00e5virke begge parter. Og selvom ingen af dem f\u00f8ler, at de bliver presset til at g\u00f8re noget, de ikke \u00f8nsker, er der stadig m\u00e5der at sikre, at alle har det godt.<\/p>\n<h3>Kend dig selv f\u00f8rst<\/h3>\n<p>Det vigtigste, du skal g\u00f8re, f\u00f8r du tr\u00e6kker et one night stand med en kvinde, er at forst\u00e5 dig selv. Hvad f\u00e5r dig til at krydse af? Hvorfor reagerer du, som du g\u00f8r? Hvordan fungerer din hjerne? Disse sp\u00f8rgsm\u00e5l hj\u00e6lper dig med at finde ud af, hvorfor du handler, som du g\u00f8r. N\u00e5r du har besvaret disse sp\u00f8rgsm\u00e5l, er du klar til at komme videre.<\/p>\n<h3>V\u00e6r \u00e6rlig om dine intentioner<\/h3>\n<p>Dern\u00e6st skal du s\u00f8rge for at fort\u00e6lle sandheden om dine intentioner. Lyv ikke for dig selv eller for andre. Fort\u00e6l sandheden om, hvordan du har det, og hvad du vil have. Hvis du siger noget som &#8220;Jeg leder efter nogen speciel&#8221;, kan du finde dig selv alene n\u00e6ste morgen. Hvis du er \u00e6rlig, beh\u00f8ver du ikke bekymre dig om at blive afvist.<\/p>\n<h3>Stil sp\u00f8rgsm\u00e5l<\/h3>\n<p>N\u00e5r du m\u00f8der mennesker, taler du normalt med dem. N\u00e5r du m\u00f8der kvinder, begynder du normalt at tale med dem. Men der er ingen grund til at g\u00e5 direkte ind i samtalen. Brug i stedet smalltalk til at l\u00e6re om personen. Stil \u00e5bne sp\u00f8rgsm\u00e5l. For eksempel &#8220;Hvad g\u00f8r du?&#8221; &#8220;Hvor voksede du op?&#8221; &#8220;Bor du her?&#8221;<\/p>\n<h3>Kend dit spil<\/h3>\n<p>Det f\u00f8rste skridt til at hente en pige er at kende dig selv. Du er n\u00f8dt til at forst\u00e5, hvad der g\u00f8r dig attraktiv for kvinder. Kan du lide at tale med folk? Er du udadvendt? Er du sjov? Disse ting betyder noget. Hvis du er genert, skal du ikke bekymre dig; du finder en anden. Men hvis du bare er akavet, kan du have sv\u00e6rt ved at blive lagt.<\/p>\n<p>Undervurder ikke humor. Kvinder elsker fyre, der kn\u00e6kker vittigheder. De synes, det viser tillid. Og selvom du ikke skal g\u00f8re grin med folk, skal du slippe l\u00f8s en gang imellem. N\u00e5r du g\u00f8r det, hj\u00e6lper det med at l\u00f8sne hende op.<\/p>\n<h2>Fremtiden for tilslutning?<\/h2>\n<p>Tinder kritiseres ofte for at v\u00e6re en glorificeret app til sex, men det g\u00f8r faktisk noget helt andet. Faktisk hj\u00e6lper det folk med at navigere i datingverdenen p\u00e5 en helt ny m\u00e5de.<\/p>\n<p>I gamle dage bet\u00f8d det at m\u00f8de nogen at skulle s\u00e6tte sig ned over drinks og middag, lytte til kedelige historier om dig selv og h\u00e5be, at du ramte det. S\u00e5 kom online dating, hvor vi kunne springe alt det over og m\u00f8de potentielle partnere i virtuelle chatrum. Men hvad sker der, n\u00e5r du vil m\u00f8des uden at bruge timer p\u00e5 at tale p\u00e5 computeren? N\u00e5, du g\u00e5r til en bar eller klub og h\u00e5ber at l\u00f8be ind i nogen cool. Eller du ringer til en ven og beder hende om at s\u00e6tte dig op. Begge muligheder kr\u00e6ver dog en vis indsats og kan tage uger at ske.<\/p>\n","protected":false},"excerpt":{"rendered":"<p>Hvis du vil tr\u00e6kke et one night stand med kvinder, kr\u00e6ver det noget forberedelse og strategi. Du g\u00e5r ikke bare hen til en kvinde og sp\u00f8rger hende, hvad hun vil have. Hvis du g\u00f8r det, vil du sandsynligvis ende med at blive afvist. Der er visse ting, du skal vide om kvinder, f\u00f8r du n\u00e6rmer &#8230; <a title=\"One Night Stand Finder\" class=\"read-more\" href=\"https:\/\/blowflyofficial.com\/da\/one-night-stand-finder\/\" aria-label=\"More on One Night Stand Finder\">L\u00e6s mere <\/a><\/p>\n","protected":false},"author":1,"featured_media":0,"parent":0,"menu_order":0,"comment_status":"closed","ping_status":"closed","template":"","meta":[],"yoast_head":"<!-- This site is optimized with the Yoast SEO plugin v17.7.1 - https:\/\/yoast.com\/wordpress\/plugins\/seo\/ -->\n<title>One Night Stand Finder - Hookup Placeringer<\/title>\n<meta name=\"robots\" content=\"index, follow, max-snippet:-1, max-image-preview:large, max-video-preview:-1\" \/>\n<link rel=\"canonical\" href=\"https:\/\/blowflyofficial.com\/da\/one-night-stand-finder\/\" \/>\n<meta property=\"og:locale\" content=\"da_DK\" \/>\n<meta property=\"og:type\" content=\"article\" \/>\n<meta property=\"og:title\" content=\"One Night Stand Finder - Hookup Placeringer\" \/>\n<meta property=\"og:description\" content=\"Hvis du vil tr\u00e6kke et one night stand med kvinder, kr\u00e6ver det noget forberedelse og strategi. Du g\u00e5r ikke bare hen til en kvinde og sp\u00f8rger hende, hvad hun vil have. Hvis du g\u00f8r det, vil du sandsynligvis ende med at blive afvist. Der er visse ting, du skal vide om kvinder, f\u00f8r du n\u00e6rmer ... L\u00e6s mere\" \/>\n<meta property=\"og:url\" content=\"https:\/\/blowflyofficial.com\/da\/one-night-stand-finder\/\" \/>\n<meta property=\"og:site_name\" content=\"Hookup Placeringer\" \/>\n<meta name=\"twitter:card\" content=\"summary_large_image\" \/>\n<meta name=\"twitter:label1\" content=\"Estimeret l\u00e6setid\" \/>\n\t<meta name=\"twitter:data1\" content=\"3 minutter\" \/>\n<script type=\"application\/ld+json\" class=\"yoast-schema-graph\">{\"@context\":\"https:\/\/schema.org\",\"@graph\":[{\"@type\":\"WebSite\",\"@id\":\"http:\/\/blowflyofficial.com\/da\/#website\",\"url\":\"http:\/\/blowflyofficial.com\/da\/\",\"name\":\"Hookup Placeringer\",\"description\":\"R\\u00e5d om casual dating\",\"potentialAction\":[{\"@type\":\"SearchAction\",\"target\":{\"@type\":\"EntryPoint\",\"urlTemplate\":\"http:\/\/blowflyofficial.com\/da\/?s={search_term_string}\"},\"query-input\":\"required name=search_term_string\"}],\"inLanguage\":\"da-DK\"},{\"@type\":\"WebPage\",\"@id\":\"https:\/\/blowflyofficial.com\/da\/one-night-stand-finder\/#webpage\",\"url\":\"https:\/\/blowflyofficial.com\/da\/one-night-stand-finder\/\",\"name\":\"One Night Stand Finder - Hookup Placeringer\",\"isPartOf\":{\"@id\":\"http:\/\/blowflyofficial.com\/da\/#website\"},\"datePublished\":\"2022-08-30T13:17:26+00:00\",\"dateModified\":\"2022-08-30T13:17:26+00:00\",\"breadcrumb\":{\"@id\":\"https:\/\/blowflyofficial.com\/da\/one-night-stand-finder\/#breadcrumb\"},\"inLanguage\":\"da-DK\",\"potentialAction\":[{\"@type\":\"ReadAction\",\"target\":[\"https:\/\/blowflyofficial.com\/da\/one-night-stand-finder\/\"]}]},{\"@type\":\"BreadcrumbList\",\"@id\":\"https:\/\/blowflyofficial.com\/da\/one-night-stand-finder\/#breadcrumb\",\"itemListElement\":[{\"@type\":\"ListItem\",\"position\":1,\"name\":\"Home\",\"item\":\"http:\/\/blowflyofficial.com\/da\/\"},{\"@type\":\"ListItem\",\"position\":2,\"name\":\"One Night Stand Finder\"}]}]}<\/script>\n<!-- \/ Yoast SEO plugin. -->","yoast_head_json":{"title":"One Night Stand Finder - Hookup Placeringer","robots":{"index":"index","follow":"follow","max-snippet":"max-snippet:-1","max-image-preview":"max-image-preview:large","max-video-preview":"max-video-preview:-1"},"canonical":"https:\/\/blowflyofficial.com\/da\/one-night-stand-finder\/","og_locale":"da_DK","og_type":"article","og_title":"One Night Stand Finder - Hookup Placeringer","og_description":"Hvis du vil tr\u00e6kke et one night stand med kvinder, kr\u00e6ver det noget forberedelse og strategi. Du g\u00e5r ikke bare hen til en kvinde og sp\u00f8rger hende, hvad hun vil have. Hvis du g\u00f8r det, vil du sandsynligvis ende med at blive afvist. Der er visse ting, du skal vide om kvinder, f\u00f8r du n\u00e6rmer ... L\u00e6s mere","og_url":"https:\/\/blowflyofficial.com\/da\/one-night-stand-finder\/","og_site_name":"Hookup Placeringer","twitter_card":"summary_large_image","twitter_misc":{"Estimeret l\u00e6setid":"3 minutter"},"schema":{"@context":"https:\/\/schema.org","@graph":[{"@type":"WebSite","@id":"http:\/\/blowflyofficial.com\/da\/#website","url":"http:\/\/blowflyofficial.com\/da\/","name":"Hookup Placeringer","description":"R\u00e5d om casual dating","potentialAction":[{"@type":"SearchAction","target":{"@type":"EntryPoint","urlTemplate":"http:\/\/blowflyofficial.com\/da\/?s={search_term_string}"},"query-input":"required name=search_term_string"}],"inLanguage":"da-DK"},{"@type":"WebPage","@id":"https:\/\/blowflyofficial.com\/da\/one-night-stand-finder\/#webpage","url":"https:\/\/blowflyofficial.com\/da\/one-night-stand-finder\/","name":"One Night Stand Finder - Hookup Placeringer","isPartOf":{"@id":"http:\/\/blowflyofficial.com\/da\/#website"},"datePublished":"2022-08-30T13:17:26+00:00","dateModified":"2022-08-30T13:17:26+00:00","breadcrumb":{"@id":"https:\/\/blowflyofficial.com\/da\/one-night-stand-finder\/#breadcrumb"},"inLanguage":"da-DK","potentialAction":[{"@type":"ReadAction","target":["https:\/\/blowflyofficial.com\/da\/one-night-stand-finder\/"]}]},{"@type":"BreadcrumbList","@id":"https:\/\/blowflyofficial.com\/da\/one-night-stand-finder\/#breadcrumb","itemListElement":[{"@type":"ListItem","position":1,"name":"Home","item":"http:\/\/blowflyofficial.com\/da\/"},{"@type":"ListItem","position":2,"name":"One Night Stand Finder"}]}]}},"_links":{"self":[{"href":"https:\/\/blowflyofficial.com\/da\/wp-json\/wp\/v2\/pages\/140"}],"collection":[{"href":"https:\/\/blowflyofficial.com\/da\/wp-json\/wp\/v2\/pages"}],"about":[{"href":"https:\/\/blowflyofficial.com\/da\/wp-json\/wp\/v2\/types\/page"}],"author":[{"embeddable":true,"href":"https:\/\/blowflyofficial.com\/da\/wp-json\/wp\/v2\/users\/1"}],"replies":[{"embeddable":true,"href":"https:\/\/blowflyofficial.com\/da\/wp-json\/wp\/v2\/comments?post=140"}],"version-history":[{"count":0,"href":"https:\/\/blowflyofficial.com\/da\/wp-json\/wp\/v2\/pages\/140\/revisions"}],"wp:attachment":[{"href":"https:\/\/blowflyofficial.com\/da\/wp-json\/wp\/v2\/media?parent=140"}],"curies":[{"name":"wp","href":"https:\/\/api.w.org\/{rel}","templated":true}]}}