{"id":210,"date":"2022-08-30T13:02:05","date_gmt":"2022-08-30T12:02:05","guid":{"rendered":"http:\/\/blowflyofficial.com\/nase-nejlepsi-stranky-pro-pripojeni-byly-prezkoumany\/"},"modified":"2022-08-30T13:02:05","modified_gmt":"2022-08-30T12:02:05","slug":"nase-nejlepsi-stranky-pro-pripojeni-byly-prezkoumany","status":"publish","type":"page","link":"https:\/\/blowflyofficial.com\/cs\/","title":{"rendered":"Na\u0161e nejlep\u0161\u00ed str\u00e1nky pro p\u0159ipojen\u00ed byly p\u0159ezkoum\u00e1ny"},"content":{"rendered":"<p>Existuje spousta online seznamovac\u00edch aplikac\u00ed &#8211; jako Tinder, Bumble, OkCupid, PlentyOfFish, Match atd. Ale n\u011bkte\u0159\u00ed lid\u00e9 d\u00e1vaj\u00ed p\u0159ednost nalezen\u00ed l\u00e1sky, ani\u017e by se zaregistrovali na webu. Pokud jste jedn\u00edm z t\u011bchto lid\u00ed, doporu\u010dujeme v\u00e1m zdarma zkontrolovat n\u00e1\u0161 seznam nejlep\u0161\u00edch str\u00e1nek pro p\u0159ipojen\u00ed. Tyto str\u00e1nky nenab\u00edzej\u00ed \u017e\u00e1dnou registraci vy\u017eadovanou kreditn\u00ed kartou, co\u017e znamen\u00e1, \u017ee ani nemus\u00edte poskytovat osobn\u00ed \u00fadaje. Nikdy nebudete platit nic za pou\u017e\u00edv\u00e1n\u00ed t\u011bchto str\u00e1nek. Sta\u010d\u00ed se zaregistrovat, proch\u00e1zet profily, pos\u00edlat zpr\u00e1vy a za\u010d\u00edt se setk\u00e1vat s lidmi je\u0161t\u011b dnes.<\/p>\n<h2>Ashley Madisonov\u00e1<\/h2>\n<p>AshleyMadison.com je z\u00e1van \u010derstv\u00e9ho vzduchu pro ty, kte\u0159\u00ed hledaj\u00ed l\u00e1sku online. A\u0165 u\u017e hled\u00e1te rychl\u00fd flirt, n\u011bkoho zvl\u00e1\u0161tn\u00edho, s k\u00fdm se m\u016f\u017eete usadit, nebo prost\u011b n\u011bjakou z\u00e1bavnou spole\u010dnost, Ashley Madison nab\u00edz\u00ed n\u011bco pro ka\u017ed\u00e9ho. S v\u00edce ne\u017e 54 miliony \u010dlen\u016f po cel\u00e9m sv\u011bt\u011b jsme p\u0159esv\u011bd\u010deni, \u017ee na v\u00e1s n\u011bkdo \u010dek\u00e1.<\/p>\n<p>Pokud m\u00e1te pocit, \u017ee pot\u0159ebujete p\u0159est\u00e1vku od sv\u00e9ho vztahu, nebo mo\u017en\u00e1 jen chcete zkusit n\u011bco jin\u00e9ho, pro\u010d se na n\u00e1s nepod\u00edvat? Slibujeme diskr\u00e9tnost a d\u016fv\u011brnost a na\u0161i \u010dlenov\u00e9 maj\u00ed spoustu v\u00fdhod, v\u010detn\u011b p\u0159\u00edstupu k exkluzivn\u00edm ud\u00e1lostem, cestovn\u00edm slev\u00e1m a dokonce i pen\u011b\u017en\u00edm cen\u00e1m. Najdete zde v\u0161e, co pot\u0159ebujete &#8211; bez p\u0159ipojen\u00fdch \u0159et\u011bzc\u016f.<\/p>\n<h2>Aff<\/h2>\n<p>Adult Friend Finder (AFF), jeden z nejpopul\u00e1rn\u011bj\u0161\u00edch web\u016f pro dosp\u011bl\u00e9 na webu, se m\u016f\u017ee pochlubit 3 miliony aktivn\u00edch m\u011bs\u00ed\u010dn\u00edch n\u00e1v\u0161t\u011bvn\u00edk\u016f a v\u00edce ne\u017e 10 miliony registrovan\u00fdch \u010dlen\u016f. Krom\u011b toho, \u017ee je skv\u011bl\u00fdm m\u00edstem pro p\u0159\u00edle\u017eitostn\u00e1 setk\u00e1n\u00ed, je tak\u00e9 domovem n\u011bkter\u00fdch z nej\u017ehav\u011bj\u0161\u00edch a nejnadr\u017een\u011bj\u0161\u00edch lid\u00ed na internetu. Pokud chcete zjistit, co d\u011bl\u00e1 AFF tick, m\u00e1me pro v\u00e1s kryt\u00ed.<\/p>\n<h2>Troud<\/h2>\n<p>Tinder je jednou z nejpopul\u00e1rn\u011bj\u0161\u00edch aplikac\u00ed pro hled\u00e1n\u00ed l\u00e1sky online. S v\u00edce ne\u017e 50 miliony lid\u00ed, kte\u0159\u00ed si ji st\u00e1hli od roku 2012, v\u00e1m seznamovac\u00ed aplikace umo\u017e\u0148uje p\u0159ejet prstem doleva nebo doprava, abyste zjistili, zda se v\u00e1m n\u011bkdo l\u00edb\u00ed na z\u00e1klad\u011b va\u0161eho profilov\u00e9ho obr\u00e1zku a \u017eivotopisu. Pokud se jim l\u00edb\u00edte, m\u016f\u017eete si navz\u00e1jem pos\u00edlat zpr\u00e1vy a domluvit si osobn\u00ed sch\u016fzky. Neexistuj\u00ed \u017e\u00e1dn\u00e9 zdlouhav\u00e9 dotazn\u00edky nebo invazivn\u00ed kv\u00edzy; jen rychl\u00e9 ot\u00e1zky o tom, kde se chcete setkat p\u0159\u00ed\u0161t\u011b.<\/p>\n<p>Aplikace je zdarma ke sta\u017een\u00ed a pou\u017eit\u00ed, ale s jej\u00edm pou\u017e\u00edv\u00e1n\u00edm jsou spojeny ur\u010dit\u00e9 n\u00e1klady. Plat\u00edte $ 9.99 za m\u011bs\u00edc za p\u0159\u00edstup k pr\u00e9miov\u00fdm funkc\u00edm, jako jsou neomezen\u00e9 z\u00e1pasy a sd\u00edlen\u00ed polohy.<\/p>\n<p><img loading=\"lazy\" class=\"aligncenter size-large wp-image-35\" src=\"http:\/\/blowflyofficial.com\/wp-content\/uploads\/2022\/08\/guide-for-love-1024x681.jpeg\" alt=\"\" width=\"640\" height=\"426\" srcset=\"https:\/\/blowflyofficial.com\/wp-content\/uploads\/2022\/08\/guide-for-love-1024x681.jpeg 1024w, https:\/\/blowflyofficial.com\/wp-content\/uploads\/2022\/08\/guide-for-love-300x199.jpeg 300w, https:\/\/blowflyofficial.com\/wp-content\/uploads\/2022\/08\/guide-for-love-768x510.jpeg 768w, https:\/\/blowflyofficial.com\/wp-content\/uploads\/2022\/08\/guide-for-love-1536x1021.jpeg 1536w, https:\/\/blowflyofficial.com\/wp-content\/uploads\/2022\/08\/guide-for-love-2048x1361.jpeg 2048w\" sizes=\"(max-width: 640px) 100vw, 640px\" \/><\/p>\n<h1>Nalezen\u00ed m\u00edstn\u00edho p\u0159ipojen\u00ed ve va\u0161\u00ed oblasti<\/h1>\n<p>M\u00edstn\u00ed p\u0159ipojen\u00ed jsou jedn\u00edm z nejpopul\u00e1rn\u011bj\u0161\u00edch typ\u016f online datov\u00e1n\u00ed. Existuje mnoho d\u016fvod\u016f, pro\u010d lid\u00e9 pou\u017e\u00edvaj\u00ed tyto aplikace k nalezen\u00ed sv\u00e9 sp\u0159\u00edzn\u011bn\u00e9 du\u0161e, jako je nuda, osam\u011blost nebo hled\u00e1n\u00ed p\u0159\u00edle\u017eitostn\u00e9ho sexu. Krom\u011b toho existuj\u00ed n\u011bkter\u00e9 v\u00fdhody, kter\u00e9 si m\u016f\u017eete vychutnat p\u0159i pou\u017e\u00edv\u00e1n\u00ed t\u011bchto platforem. Nap\u0159\u00edklad nemus\u00edte utr\u00e1cet pen\u00edze za n\u00e1poje, j\u00eddlo nebo drah\u00e9 term\u00edny. Nebudete muset ani cestovat daleko, proto\u017ee jste ji\u017e bl\u00edzko m\u00edsta, kde \u017eijete. A nejlep\u0161\u00ed ze v\u0161eho je, \u017ee je zcela anonymn\u00ed. Tak na co je\u0161t\u011b \u010dek\u00e1te? Pod\u00edvejte se na n\u00e1\u0161 seznam osmi nejlep\u0161\u00edch m\u00edstn\u00edch aplikac\u00ed pro p\u0159ipojen\u00ed.<\/p>\n<h2>OneNightFriend<\/h2>\n<p>One Night Friend je bezplatn\u00e1 aplikace, kter\u00e1 v\u00e1m umo\u017en\u00ed setkat se s n\u011bk\u00fdm ve va\u0161em m\u011bst\u011b. Pokud chcete s n\u011bk\u00fdm za\u010d\u00edt vztah, je to skv\u011bl\u00fd zp\u016fsob, jak to ud\u011blat, ani\u017e byste utratili p\u0159\u00edli\u0161 mnoho pen\u011bz. Nav\u00edc se snadno pou\u017e\u00edv\u00e1. Jedin\u00e9, co mus\u00edte ud\u011blat, je zadat svou polohu, nastavit polom\u011br kolem sebe a zvolit, zda chcete vid\u011bt mu\u017ee nebo \u017eeny. Pot\u00e9 obdr\u017e\u00edte shody na z\u00e1klad\u011b va\u0161ich preferenc\u00ed. Jakmile najdete n\u011bkoho zaj\u00edmav\u00e9ho, m\u016f\u017eete s n\u00edm chatovat nebo ho p\u0159\u00edmo pozvat. Tato aplikace funguje jako Tinder, krom\u011b toho, \u017ee nemus\u00edte nic platit.<\/p>\n<h2>Bu\u010fte zlobiv\u00ed<\/h2>\n<p>Benaughty je dal\u0161\u00ed dobrou volbou pro ty, kte\u0159\u00ed hledaj\u00ed p\u0159\u00edle\u017eitostn\u00e1 setk\u00e1n\u00ed. M\u016f\u017eete anonymn\u011b proch\u00e1zet profily, odes\u00edlat zpr\u00e1vy a organizovat sch\u016fzky. Na rozd\u00edl od One Night Friend v\u0161ak mus\u00edte za pou\u017e\u00edv\u00e1n\u00ed t\u00e9to aplikace zaplatit. Ale pokud jste ochotni se rozlou\u010dit s n\u011bjakou hotovost\u00ed, je to opravdu dobr\u00e1 volba. Nejen, \u017ee Benaughty nab\u00edz\u00ed spoustu funkc\u00ed, ale tak\u00e9 nab\u00edz\u00ed VIP \u010dlenstv\u00ed. S t\u00edmto bal\u00ed\u010dkem m\u00e1te p\u0159\u00edstup k dal\u0161\u00edm \u010dlenstv\u00edm, jako jsou pr\u00e9miov\u00e9 zpr\u00e1vy a videohovory.<\/p>\n<h2>P\u0159ipojen\u00ed69<\/h2>\n<p>Hookup69 je mobiln\u00ed aplikace, kter\u00e1 v\u00e1m pom\u016f\u017ee spojit se s lidmi v okol\u00ed. Na rozd\u00edl od p\u0159edchoz\u00edch aplikac\u00ed tato nevy\u017eaduje, abyste platili nic. Nejprve se sta\u010d\u00ed zaregistrovat, p\u0159idat svou profilovou fotku a napsat o sob\u011b. Odtud si m\u016f\u017eete prohl\u00e9dnout fotografie ostatn\u00edch, kte\u0159\u00ed maj\u00ed z\u00e1jem se s v\u00e1mi setkat. M\u016f\u017eete se tak\u00e9 pod\u00edvat na jejich obl\u00edben\u00e9 aktivity a z\u00e1jmy. Kdy\u017e si mysl\u00edte, \u017ee byste mohli b\u00fdt p\u0159ipraveni na rande, m\u016f\u017eete je oslovit. Jakmile budou svobodn\u00ed, budou v\u00e1m odpov\u00eddat.<\/p>\n<p><img loading=\"lazy\" class=\"aligncenter size-large wp-image-36\" src=\"http:\/\/blowflyofficial.com\/wp-content\/uploads\/2022\/08\/love-match-making-1024x683.jpeg\" alt=\"\" width=\"640\" height=\"427\" srcset=\"https:\/\/blowflyofficial.com\/wp-content\/uploads\/2022\/08\/love-match-making-1024x683.jpeg 1024w, https:\/\/blowflyofficial.com\/wp-content\/uploads\/2022\/08\/love-match-making-300x200.jpeg 300w, https:\/\/blowflyofficial.com\/wp-content\/uploads\/2022\/08\/love-match-making-768x512.jpeg 768w, https:\/\/blowflyofficial.com\/wp-content\/uploads\/2022\/08\/love-match-making-1536x1024.jpeg 1536w, https:\/\/blowflyofficial.com\/wp-content\/uploads\/2022\/08\/love-match-making-2048x1365.jpeg 2048w\" sizes=\"(max-width: 640px) 100vw, 640px\" \/><\/p>\n<h1>Na\u0161e rady<\/h1>\n<p>Str\u00e1nky p\u0159ipojen\u00ed jsou v dne\u0161n\u00ed dob\u011b velmi b\u011b\u017en\u00e9. \u010casto nab\u00edzej\u00ed mnoho zaj\u00edmav\u00fdch funkc\u00ed, jako je videochat, webov\u00e1 kamera, \u017eiv\u00fd chat atd., Co\u017e z nich \u010din\u00ed jednu z nejpou\u017e\u00edvan\u011bj\u0161\u00edch aplikac\u00ed mezi lidmi. Existuj\u00ed v\u0161ak i n\u011bkter\u00e9 nev\u00fdhody. Nap\u0159\u00edklad nem\u016f\u017eete naj\u00edt spolehlivou aplikaci pro p\u0159ipojen\u00ed, ani\u017e byste utratili pen\u00edze. Ale te\u010f m\u00e1me n\u011bco lep\u0161\u00edho \u2013 benaughty.com. Jedn\u00e1 se o bezplatn\u00fd online web, kde se m\u016f\u017eete setkat a randit s d\u00edvkami z cel\u00e9ho sv\u011bta. Nemus\u00edte ani nic utr\u00e1cet, abyste mohli tuto \u00fa\u017easnou funkci pou\u017e\u00edvat. V\u0161e, co mus\u00edte ud\u011blat, je zaregistrovat se a za\u010d\u00edt hledat hork\u00e9 \u017eeny. Nejlep\u0161\u00ed v\u011bc na Be Naughty je, \u017ee m\u016f\u017eete snadno naj\u00edt n\u011bkoho v okol\u00ed. Tak na co je\u0161t\u011b \u010dek\u00e1te? Sta\u010d\u00ed pokra\u010dovat a vyzkou\u0161et tento \u00fa\u017easn\u00fd web pro p\u0159ipojen\u00ed.<\/p>\n<p>Online seznamovac\u00ed trh je zaplaven r\u016fzn\u00fdmi platformami, z nich\u017e ka\u017ed\u00e1 tvrd\u00ed, \u017ee je lep\u0161\u00ed ne\u017e ostatn\u00ed. St\u00e1le v\u0161ak existuj\u00ed n\u011bkter\u00e9 spole\u010dnosti, na kter\u00e9 se nezapomn\u011blo, i kdy\u017e nenab\u00edzej\u00ed nic zvl\u00e1\u0161tn\u00edho. Jedn\u00edm z takov\u00fdch p\u0159\u00edklad\u016f je Hookup69, m\u00edstn\u00ed seznamka, kter\u00e1 nab\u00edz\u00ed sv\u00fdm u\u017eivatel\u016fm mnoho v\u00fdhod oproti tradi\u010dn\u00edm seznamovac\u00edm aplikac\u00edm.<\/p>\n<p>Mus\u00edte ud\u011blat spr\u00e1vn\u00e9 rozhodnut\u00ed a pou\u017e\u00edt skute\u010dnou spole\u010dnost, abyste na\u0161li spr\u00e1vnou aplikaci pro v\u00e1s.<\/p>\n","protected":false},"excerpt":{"rendered":"<p>Existuje spousta online seznamovac\u00edch aplikac\u00ed &#8211; jako Tinder, Bumble, OkCupid, PlentyOfFish, Match atd. Ale n\u011bkte\u0159\u00ed lid\u00e9 d\u00e1vaj\u00ed p\u0159ednost nalezen\u00ed l\u00e1sky, ani\u017e by se zaregistrovali na webu. Pokud jste jedn\u00edm z t\u011bchto lid\u00ed, doporu\u010dujeme v\u00e1m zdarma zkontrolovat n\u00e1\u0161 seznam nejlep\u0161\u00edch str\u00e1nek pro p\u0159ipojen\u00ed. Tyto str\u00e1nky nenab\u00edzej\u00ed \u017e\u00e1dnou registraci vy\u017eadovanou kreditn\u00ed kartou, co\u017e znamen\u00e1, \u017ee ani nemus\u00edte &#8230; <a title=\"Na\u0161e nejlep\u0161\u00ed str\u00e1nky pro p\u0159ipojen\u00ed byly p\u0159ezkoum\u00e1ny\" class=\"read-more\" href=\"https:\/\/blowflyofficial.com\/cs\/\" aria-label=\"V\u00edce na Na\u0161e nejlep\u0161\u00ed str\u00e1nky pro p\u0159ipojen\u00ed byly p\u0159ezkoum\u00e1ny\">\u010c\u00edst d\u00e1l<\/a><\/p>\n","protected":false},"author":1,"featured_media":0,"parent":0,"menu_order":0,"comment_status":"closed","ping_status":"closed","template":"","meta":[],"yoast_head":"<!-- This site is optimized with the Yoast SEO plugin v17.7.1 - https:\/\/yoast.com\/wordpress\/plugins\/seo\/ -->\n<title>Na\u0161e nejlep\u0161\u00ed str\u00e1nky pro p\u0159ipojen\u00ed byly p\u0159ezkoum\u00e1ny - \u017deb\u0159\u00ed\u010dky p\u0159ipojen\u00ed<\/title>\n<meta name=\"robots\" content=\"index, follow, max-snippet:-1, max-image-preview:large, max-video-preview:-1\" \/>\n<link rel=\"canonical\" href=\"https:\/\/blowflyofficial.com\/cs\/\" \/>\n<meta property=\"og:locale\" content=\"cs_CZ\" \/>\n<meta property=\"og:type\" content=\"article\" \/>\n<meta property=\"og:title\" content=\"Na\u0161e nejlep\u0161\u00ed str\u00e1nky pro p\u0159ipojen\u00ed byly p\u0159ezkoum\u00e1ny - \u017deb\u0159\u00ed\u010dky p\u0159ipojen\u00ed\" \/>\n<meta property=\"og:description\" content=\"Existuje spousta online seznamovac\u00edch aplikac\u00ed &#8211; jako Tinder, Bumble, OkCupid, PlentyOfFish, Match atd. Ale n\u011bkte\u0159\u00ed lid\u00e9 d\u00e1vaj\u00ed p\u0159ednost nalezen\u00ed l\u00e1sky, ani\u017e by se zaregistrovali na webu. Pokud jste jedn\u00edm z t\u011bchto lid\u00ed, doporu\u010dujeme v\u00e1m zdarma zkontrolovat n\u00e1\u0161 seznam nejlep\u0161\u00edch str\u00e1nek pro p\u0159ipojen\u00ed. Tyto str\u00e1nky nenab\u00edzej\u00ed \u017e\u00e1dnou registraci vy\u017eadovanou kreditn\u00ed kartou, co\u017e znamen\u00e1, \u017ee ani nemus\u00edte ... \u010c\u00edst d\u00e1l\" \/>\n<meta property=\"og:url\" content=\"https:\/\/blowflyofficial.com\/cs\/\" \/>\n<meta property=\"og:site_name\" content=\"\u017deb\u0159\u00ed\u010dky p\u0159ipojen\u00ed\" \/>\n<meta property=\"og:image\" content=\"http:\/\/blowflyofficial.com\/wp-content\/uploads\/2022\/08\/guide-for-love-1024x681.jpeg\" \/>\n<meta name=\"twitter:card\" content=\"summary_large_image\" \/>\n<meta name=\"twitter:label1\" content=\"Odhadovan\u00e1 doba \u010dten\u00ed\" \/>\n\t<meta name=\"twitter:data1\" content=\"6 minut\" \/>\n<script type=\"application\/ld+json\" class=\"yoast-schema-graph\">{\"@context\":\"https:\/\/schema.org\",\"@graph\":[{\"@type\":\"WebSite\",\"@id\":\"http:\/\/blowflyofficial.com\/da\/#website\",\"url\":\"http:\/\/blowflyofficial.com\/da\/\",\"name\":\"\\u017deb\\u0159\\u00ed\\u010dky p\\u0159ipojen\\u00ed\",\"description\":\"P\\u0159\\u00edle\\u017eitostn\\u00e9 seznamovac\\u00ed rady\",\"potentialAction\":[{\"@type\":\"SearchAction\",\"target\":{\"@type\":\"EntryPoint\",\"urlTemplate\":\"http:\/\/blowflyofficial.com\/da\/?s={search_term_string}\"},\"query-input\":\"required name=search_term_string\"}],\"inLanguage\":\"cs\"},{\"@type\":\"ImageObject\",\"@id\":\"https:\/\/blowflyofficial.com\/cs\/#primaryimage\",\"inLanguage\":\"cs\",\"url\":\"http:\/\/blowflyofficial.com\/wp-content\/uploads\/2022\/08\/guide-for-love-1024x681.jpeg\",\"contentUrl\":\"http:\/\/blowflyofficial.com\/wp-content\/uploads\/2022\/08\/guide-for-love-1024x681.jpeg\"},{\"@type\":\"WebPage\",\"@id\":\"https:\/\/blowflyofficial.com\/cs\/#webpage\",\"url\":\"https:\/\/blowflyofficial.com\/cs\/\",\"name\":\"Na\\u0161e nejlep\\u0161\\u00ed str\\u00e1nky pro p\\u0159ipojen\\u00ed byly p\\u0159ezkoum\\u00e1ny - \\u017deb\\u0159\\u00ed\\u010dky p\\u0159ipojen\\u00ed\",\"isPartOf\":{\"@id\":\"http:\/\/blowflyofficial.com\/da\/#website\"},\"primaryImageOfPage\":{\"@id\":\"https:\/\/blowflyofficial.com\/cs\/#primaryimage\"},\"datePublished\":\"2022-08-30T12:02:05+00:00\",\"dateModified\":\"2022-08-30T12:02:05+00:00\",\"breadcrumb\":{\"@id\":\"https:\/\/blowflyofficial.com\/cs\/#breadcrumb\"},\"inLanguage\":\"cs\",\"potentialAction\":[{\"@type\":\"ReadAction\",\"target\":[\"https:\/\/blowflyofficial.com\/cs\/\"]}]},{\"@type\":\"BreadcrumbList\",\"@id\":\"https:\/\/blowflyofficial.com\/cs\/#breadcrumb\",\"itemListElement\":[{\"@type\":\"ListItem\",\"position\":1,\"name\":\"Home\",\"item\":\"https:\/\/blowflyofficial.com\/cs\/\"},{\"@type\":\"ListItem\",\"position\":2,\"name\":\"Na\\u0161e nejlep\\u0161\\u00ed str\\u00e1nky pro p\\u0159ipojen\\u00ed byly p\\u0159ezkoum\\u00e1ny\"}]}]}<\/script>\n<!-- \/ Yoast SEO plugin. -->","yoast_head_json":{"title":"Na\u0161e nejlep\u0161\u00ed str\u00e1nky pro p\u0159ipojen\u00ed byly p\u0159ezkoum\u00e1ny - \u017deb\u0159\u00ed\u010dky p\u0159ipojen\u00ed","robots":{"index":"index","follow":"follow","max-snippet":"max-snippet:-1","max-image-preview":"max-image-preview:large","max-video-preview":"max-video-preview:-1"},"canonical":"https:\/\/blowflyofficial.com\/cs\/","og_locale":"cs_CZ","og_type":"article","og_title":"Na\u0161e nejlep\u0161\u00ed str\u00e1nky pro p\u0159ipojen\u00ed byly p\u0159ezkoum\u00e1ny - \u017deb\u0159\u00ed\u010dky p\u0159ipojen\u00ed","og_description":"Existuje spousta online seznamovac\u00edch aplikac\u00ed &#8211; jako Tinder, Bumble, OkCupid, PlentyOfFish, Match atd. Ale n\u011bkte\u0159\u00ed lid\u00e9 d\u00e1vaj\u00ed p\u0159ednost nalezen\u00ed l\u00e1sky, ani\u017e by se zaregistrovali na webu. Pokud jste jedn\u00edm z t\u011bchto lid\u00ed, doporu\u010dujeme v\u00e1m zdarma zkontrolovat n\u00e1\u0161 seznam nejlep\u0161\u00edch str\u00e1nek pro p\u0159ipojen\u00ed. Tyto str\u00e1nky nenab\u00edzej\u00ed \u017e\u00e1dnou registraci vy\u017eadovanou kreditn\u00ed kartou, co\u017e znamen\u00e1, \u017ee ani nemus\u00edte ... \u010c\u00edst d\u00e1l","og_url":"https:\/\/blowflyofficial.com\/cs\/","og_site_name":"\u017deb\u0159\u00ed\u010dky p\u0159ipojen\u00ed","og_image":[{"url":"http:\/\/blowflyofficial.com\/wp-content\/uploads\/2022\/08\/guide-for-love-1024x681.jpeg"}],"twitter_card":"summary_large_image","twitter_misc":{"Odhadovan\u00e1 doba \u010dten\u00ed":"6 minut"},"schema":{"@context":"https:\/\/schema.org","@graph":[{"@type":"WebSite","@id":"http:\/\/blowflyofficial.com\/da\/#website","url":"http:\/\/blowflyofficial.com\/da\/","name":"\u017deb\u0159\u00ed\u010dky p\u0159ipojen\u00ed","description":"P\u0159\u00edle\u017eitostn\u00e9 seznamovac\u00ed rady","potentialAction":[{"@type":"SearchAction","target":{"@type":"EntryPoint","urlTemplate":"http:\/\/blowflyofficial.com\/da\/?s={search_term_string}"},"query-input":"required name=search_term_string"}],"inLanguage":"cs"},{"@type":"ImageObject","@id":"https:\/\/blowflyofficial.com\/cs\/#primaryimage","inLanguage":"cs","url":"http:\/\/blowflyofficial.com\/wp-content\/uploads\/2022\/08\/guide-for-love-1024x681.jpeg","contentUrl":"http:\/\/blowflyofficial.com\/wp-content\/uploads\/2022\/08\/guide-for-love-1024x681.jpeg"},{"@type":"WebPage","@id":"https:\/\/blowflyofficial.com\/cs\/#webpage","url":"https:\/\/blowflyofficial.com\/cs\/","name":"Na\u0161e nejlep\u0161\u00ed str\u00e1nky pro p\u0159ipojen\u00ed byly p\u0159ezkoum\u00e1ny - \u017deb\u0159\u00ed\u010dky p\u0159ipojen\u00ed","isPartOf":{"@id":"http:\/\/blowflyofficial.com\/da\/#website"},"primaryImageOfPage":{"@id":"https:\/\/blowflyofficial.com\/cs\/#primaryimage"},"datePublished":"2022-08-30T12:02:05+00:00","dateModified":"2022-08-30T12:02:05+00:00","breadcrumb":{"@id":"https:\/\/blowflyofficial.com\/cs\/#breadcrumb"},"inLanguage":"cs","potentialAction":[{"@type":"ReadAction","target":["https:\/\/blowflyofficial.com\/cs\/"]}]},{"@type":"BreadcrumbList","@id":"https:\/\/blowflyofficial.com\/cs\/#breadcrumb","itemListElement":[{"@type":"ListItem","position":1,"name":"Home","item":"https:\/\/blowflyofficial.com\/cs\/"},{"@type":"ListItem","position":2,"name":"Na\u0161e nejlep\u0161\u00ed str\u00e1nky pro p\u0159ipojen\u00ed byly p\u0159ezkoum\u00e1ny"}]}]}},"_links":{"self":[{"href":"https:\/\/blowflyofficial.com\/cs\/wp-json\/wp\/v2\/pages\/210"}],"collection":[{"href":"https:\/\/blowflyofficial.com\/cs\/wp-json\/wp\/v2\/pages"}],"about":[{"href":"https:\/\/blowflyofficial.com\/cs\/wp-json\/wp\/v2\/types\/page"}],"author":[{"embeddable":true,"href":"https:\/\/blowflyofficial.com\/cs\/wp-json\/wp\/v2\/users\/1"}],"replies":[{"embeddable":true,"href":"https:\/\/blowflyofficial.com\/cs\/wp-json\/wp\/v2\/comments?post=210"}],"version-history":[{"count":0,"href":"https:\/\/blowflyofficial.com\/cs\/wp-json\/wp\/v2\/pages\/210\/revisions"}],"wp:attachment":[{"href":"https:\/\/blowflyofficial.com\/cs\/wp-json\/wp\/v2\/media?parent=210"}],"curies":[{"name":"wp","href":"https:\/\/api.w.org\/{rel}","templated":true}]}}