{"id":191,"date":"2022-08-30T13:45:52","date_gmt":"2022-08-30T12:45:52","guid":{"rendered":"http:\/\/blowflyofficial.com\/najdete-mistni-prilezitostne-pripojeni\/"},"modified":"2022-08-30T13:45:52","modified_gmt":"2022-08-30T12:45:52","slug":"najdete-mistni-prilezitostne-pripojeni","status":"publish","type":"page","link":"https:\/\/blowflyofficial.com\/cs\/najdete-mistni-prilezitostne-pripojeni\/","title":{"rendered":"Najd\u011bte m\u00edstn\u00ed p\u0159\u00edle\u017eitostn\u00e9 p\u0159ipojen\u00ed"},"content":{"rendered":"<p>V\u00edme, jak t\u011b\u017ek\u00e9 je naj\u00edt n\u011bkoho, kdo se v\u00e1m l\u00edb\u00ed, zvl\u00e1\u0161t\u011b kdy\u017e \u017eijete v r\u016fzn\u00fdch m\u011bstech. Ch\u00e1peme, \u017ee n\u011bkdy se prost\u011b c\u00edt\u00edte osam\u011bl\u00ed a znud\u011bn\u00ed, a neobvi\u0148ujeme v\u00e1s, proto\u017ee existuje mnoho v\u011bc\u00ed, kter\u00e9 n\u00e1s tak\u00e9 rozesmut\u0148uj\u00ed. Ale pro\u010d byste m\u011bli \u010dekat, a\u017e p\u0159ijde n\u011bkdo jin\u00fd a d\u00e1 v\u00e1m to, co opravdu chcete? Pro\u010d byste m\u011bli tr\u00e1vit hodiny hled\u00e1n\u00edm n\u011b\u010deho, co by mohlo trvat minuty?<\/p>\n<h2>Chcete naj\u00edt p\u0159ipojen\u00ed?<\/h2>\n<p>Nemus\u00edte se ani ob\u00e1vat, <a href=\"http:\/\/blowflyofficial.com\/cs\/najdete-si-sex-se-zenami-ve-vasem-okoli\/\">\u017ee budete podvedeni<\/a>, proto\u017ee v\u0161e je zde zcela zdarma. Pokud se rozhodnete pokra\u010dovat a zaplatit za \u010dlenstv\u00ed, m\u00e1te p\u0159\u00edstup k cel\u00e9 s\u00edti, v\u010detn\u011b v\u0161ech funkc\u00ed pro pr\u00e9miov\u00e9 \u010dlenstv\u00ed. Pokud v\u0161ak hled\u00e1te rychl\u00e9 p\u0159ipojen\u00ed, m\u016f\u017eete v\u017edy vyzkou\u0161et zku\u0161ebn\u00ed verzi a zjistit, zda v\u00e1m vyhovuje.<\/p>\n<p>Lid\u00e9 v\u017edy hledaj\u00ed zp\u016fsoby, jak se setkat s ostatn\u00edmi online, zejm\u00e9na ti, kte\u0159\u00ed cht\u011bj\u00ed p\u0159\u00edle\u017eitostn\u00e1 setk\u00e1n\u00ed. Ale kam se obr\u00e1tit, kdy\u017e tam nen\u00ed mnoho mo\u017enost\u00ed? No, m\u00e1me pro v\u00e1s \u0159e\u0161en\u00ed! N\u00ed\u017ee je uvedeno p\u011bt bezplatn\u00fdch m\u00edstn\u00edch p\u0159ipojovac\u00edch web\u016f, kter\u00e9 skute\u010dn\u011b funguj\u00ed. Nebudete litovat, \u017ee jste je vyzkou\u0161eli.<\/p>\n<p>Prvn\u00ed bezplatn\u00e1 aplikace pro p\u0159ipojen\u00ed, kterou v\u00e1m navrhnu vyzkou\u0161et, je ta, kter\u00e1 se naz\u00fdv\u00e1 Fling, a je to mo\u017en\u00e1 nejlep\u0161\u00ed seznamovac\u00ed aplikace, kterou jsem v pr\u016fb\u011bhu let pou\u017e\u00edval. Zat\u00edmco existuje spousta placen\u00fdch aplikac\u00ed, kter\u00e9 nab\u00edzej\u00ed podobn\u00e9 funkce, Fling se m\u016f\u017ee zdarma zaregistrovat a pou\u017e\u00edvat.<\/p>\n<p>Jist\u011b, maj\u00ed mo\u017enosti upgradu &#8211; jako je mo\u017enost naj\u00edt m\u00edstn\u00ed partnery na z\u00e1klad\u011b toho, kde \u017eijete &#8211; co\u017e lidem usnad\u0148uje p\u0159ipojen\u00ed, ale bezplatn\u00e1 verze funguje dob\u0159e. Ve skute\u010dnosti, kdy\u017e jsem se p\u016fvodn\u011b zaregistroval, skon\u010dil jsem s jeho pou\u017e\u00edv\u00e1n\u00edm po cel\u00fd t\u00fdden, ne\u017e jsem upgradoval, proto\u017ee jsem cht\u011bl zv\u00fd\u0161it sv\u00e9 \u0161ance na p\u0159ipojen\u00ed. Brzy pot\u00e9, co jsem to ud\u011blal, jsem zjistil, \u017ee utr\u00e1c\u00edm pen\u00edze za pr\u00e9miov\u00e9 upgrady.<\/p>\n<h2>Booty Call str\u00e1nky<\/h2>\n<p>Jsem velk\u00fdm fanou\u0161kem fenom\u00e9nu vol\u00e1n\u00ed ko\u0159isti. Byl jsem na obou stran\u00e1ch mince. M\u011bl jsem p\u0159\u00edle\u017eitostn\u00e1 setk\u00e1n\u00ed, kde jsme se setkali na drink nebo ve\u010de\u0159i a nakonec jsme se p\u0159ipojili pozd\u011bji. A tak\u00e9 jsem byl na rande, kde nebylo moc chemie a neskon\u010dili jsme sexem. Tak\u017ee kdy\u017e jsem sly\u0161el o t\u00e9to aplikaci s n\u00e1zvem OnlineBootyCall.com, myslel jsem si, \u017ee to zn\u00ed jako n\u011bco z\u00e1bavn\u00e9ho vyzkou\u0161et.<\/p>\n<p>My\u0161lenka t\u00e9to aplikace je velmi jednoduch\u00e1. Zaregistrujete se zdarma a za\u010dnete chatovat s lidmi, kte\u0159\u00ed \u017eij\u00ed pobl\u00ed\u017e. Pokud najdete n\u011bkoho zaj\u00edmav\u00e9ho, m\u016f\u017eete ho pozvat, aby se poflakoval. Kdy\u017e se objev\u00ed, m\u016f\u017eete je bu\u010f poslat p\u0159\u00edmo dom\u016f, nebo je vz\u00edt do hotelov\u00e9ho pokoje. Neexistuj\u00ed \u017e\u00e1dn\u00e1 pravidla ani o\u010dek\u00e1v\u00e1n\u00ed. Pr\u00e1v\u011b se sch\u00e1z\u00edte kv\u016fli sexu.<\/p>\n","protected":false},"excerpt":{"rendered":"<p>V\u00edme, jak t\u011b\u017ek\u00e9 je naj\u00edt n\u011bkoho, kdo se v\u00e1m l\u00edb\u00ed, zvl\u00e1\u0161t\u011b kdy\u017e \u017eijete v r\u016fzn\u00fdch m\u011bstech. Ch\u00e1peme, \u017ee n\u011bkdy se prost\u011b c\u00edt\u00edte osam\u011bl\u00ed a znud\u011bn\u00ed, a neobvi\u0148ujeme v\u00e1s, proto\u017ee existuje mnoho v\u011bc\u00ed, kter\u00e9 n\u00e1s tak\u00e9 rozesmut\u0148uj\u00ed. Ale pro\u010d byste m\u011bli \u010dekat, a\u017e p\u0159ijde n\u011bkdo jin\u00fd a d\u00e1 v\u00e1m to, co opravdu chcete? Pro\u010d byste m\u011bli &#8230; <a title=\"Najd\u011bte m\u00edstn\u00ed p\u0159\u00edle\u017eitostn\u00e9 p\u0159ipojen\u00ed\" class=\"read-more\" href=\"https:\/\/blowflyofficial.com\/cs\/najdete-mistni-prilezitostne-pripojeni\/\" aria-label=\"V\u00edce na Najd\u011bte m\u00edstn\u00ed p\u0159\u00edle\u017eitostn\u00e9 p\u0159ipojen\u00ed\">\u010c\u00edst d\u00e1l<\/a><\/p>\n","protected":false},"author":1,"featured_media":0,"parent":0,"menu_order":0,"comment_status":"closed","ping_status":"closed","template":"","meta":[],"yoast_head":"<!-- This site is optimized with the Yoast SEO plugin v17.7.1 - https:\/\/yoast.com\/wordpress\/plugins\/seo\/ -->\n<title>Najd\u011bte m\u00edstn\u00ed p\u0159\u00edle\u017eitostn\u00e9 p\u0159ipojen\u00ed - \u017deb\u0159\u00ed\u010dky p\u0159ipojen\u00ed<\/title>\n<meta name=\"robots\" content=\"index, follow, max-snippet:-1, max-image-preview:large, max-video-preview:-1\" \/>\n<link rel=\"canonical\" href=\"https:\/\/blowflyofficial.com\/cs\/najdete-mistni-prilezitostne-pripojeni\/\" \/>\n<meta property=\"og:locale\" content=\"cs_CZ\" \/>\n<meta property=\"og:type\" content=\"article\" \/>\n<meta property=\"og:title\" content=\"Najd\u011bte m\u00edstn\u00ed p\u0159\u00edle\u017eitostn\u00e9 p\u0159ipojen\u00ed - \u017deb\u0159\u00ed\u010dky p\u0159ipojen\u00ed\" \/>\n<meta property=\"og:description\" content=\"V\u00edme, jak t\u011b\u017ek\u00e9 je naj\u00edt n\u011bkoho, kdo se v\u00e1m l\u00edb\u00ed, zvl\u00e1\u0161t\u011b kdy\u017e \u017eijete v r\u016fzn\u00fdch m\u011bstech. Ch\u00e1peme, \u017ee n\u011bkdy se prost\u011b c\u00edt\u00edte osam\u011bl\u00ed a znud\u011bn\u00ed, a neobvi\u0148ujeme v\u00e1s, proto\u017ee existuje mnoho v\u011bc\u00ed, kter\u00e9 n\u00e1s tak\u00e9 rozesmut\u0148uj\u00ed. Ale pro\u010d byste m\u011bli \u010dekat, a\u017e p\u0159ijde n\u011bkdo jin\u00fd a d\u00e1 v\u00e1m to, co opravdu chcete? Pro\u010d byste m\u011bli ... \u010c\u00edst d\u00e1l\" \/>\n<meta property=\"og:url\" content=\"https:\/\/blowflyofficial.com\/cs\/najdete-mistni-prilezitostne-pripojeni\/\" \/>\n<meta property=\"og:site_name\" content=\"\u017deb\u0159\u00ed\u010dky p\u0159ipojen\u00ed\" \/>\n<meta name=\"twitter:card\" content=\"summary_large_image\" \/>\n<meta name=\"twitter:label1\" content=\"Odhadovan\u00e1 doba \u010dten\u00ed\" \/>\n\t<meta name=\"twitter:data1\" content=\"3 minuty\" \/>\n<script type=\"application\/ld+json\" class=\"yoast-schema-graph\">{\"@context\":\"https:\/\/schema.org\",\"@graph\":[{\"@type\":\"WebSite\",\"@id\":\"http:\/\/blowflyofficial.com\/da\/#website\",\"url\":\"http:\/\/blowflyofficial.com\/da\/\",\"name\":\"\\u017deb\\u0159\\u00ed\\u010dky p\\u0159ipojen\\u00ed\",\"description\":\"P\\u0159\\u00edle\\u017eitostn\\u00e9 seznamovac\\u00ed rady\",\"potentialAction\":[{\"@type\":\"SearchAction\",\"target\":{\"@type\":\"EntryPoint\",\"urlTemplate\":\"http:\/\/blowflyofficial.com\/da\/?s={search_term_string}\"},\"query-input\":\"required name=search_term_string\"}],\"inLanguage\":\"cs\"},{\"@type\":\"WebPage\",\"@id\":\"https:\/\/blowflyofficial.com\/cs\/najdete-mistni-prilezitostne-pripojeni\/#webpage\",\"url\":\"https:\/\/blowflyofficial.com\/cs\/najdete-mistni-prilezitostne-pripojeni\/\",\"name\":\"Najd\\u011bte m\\u00edstn\\u00ed p\\u0159\\u00edle\\u017eitostn\\u00e9 p\\u0159ipojen\\u00ed - \\u017deb\\u0159\\u00ed\\u010dky p\\u0159ipojen\\u00ed\",\"isPartOf\":{\"@id\":\"http:\/\/blowflyofficial.com\/da\/#website\"},\"datePublished\":\"2022-08-30T12:45:52+00:00\",\"dateModified\":\"2022-08-30T12:45:52+00:00\",\"breadcrumb\":{\"@id\":\"https:\/\/blowflyofficial.com\/cs\/najdete-mistni-prilezitostne-pripojeni\/#breadcrumb\"},\"inLanguage\":\"cs\",\"potentialAction\":[{\"@type\":\"ReadAction\",\"target\":[\"https:\/\/blowflyofficial.com\/cs\/najdete-mistni-prilezitostne-pripojeni\/\"]}]},{\"@type\":\"BreadcrumbList\",\"@id\":\"https:\/\/blowflyofficial.com\/cs\/najdete-mistni-prilezitostne-pripojeni\/#breadcrumb\",\"itemListElement\":[{\"@type\":\"ListItem\",\"position\":1,\"name\":\"Home\",\"item\":\"https:\/\/blowflyofficial.com\/cs\/\"},{\"@type\":\"ListItem\",\"position\":2,\"name\":\"Najd\\u011bte m\\u00edstn\\u00ed p\\u0159\\u00edle\\u017eitostn\\u00e9 p\\u0159ipojen\\u00ed\"}]}]}<\/script>\n<!-- \/ Yoast SEO plugin. -->","yoast_head_json":{"title":"Najd\u011bte m\u00edstn\u00ed p\u0159\u00edle\u017eitostn\u00e9 p\u0159ipojen\u00ed - \u017deb\u0159\u00ed\u010dky p\u0159ipojen\u00ed","robots":{"index":"index","follow":"follow","max-snippet":"max-snippet:-1","max-image-preview":"max-image-preview:large","max-video-preview":"max-video-preview:-1"},"canonical":"https:\/\/blowflyofficial.com\/cs\/najdete-mistni-prilezitostne-pripojeni\/","og_locale":"cs_CZ","og_type":"article","og_title":"Najd\u011bte m\u00edstn\u00ed p\u0159\u00edle\u017eitostn\u00e9 p\u0159ipojen\u00ed - \u017deb\u0159\u00ed\u010dky p\u0159ipojen\u00ed","og_description":"V\u00edme, jak t\u011b\u017ek\u00e9 je naj\u00edt n\u011bkoho, kdo se v\u00e1m l\u00edb\u00ed, zvl\u00e1\u0161t\u011b kdy\u017e \u017eijete v r\u016fzn\u00fdch m\u011bstech. Ch\u00e1peme, \u017ee n\u011bkdy se prost\u011b c\u00edt\u00edte osam\u011bl\u00ed a znud\u011bn\u00ed, a neobvi\u0148ujeme v\u00e1s, proto\u017ee existuje mnoho v\u011bc\u00ed, kter\u00e9 n\u00e1s tak\u00e9 rozesmut\u0148uj\u00ed. Ale pro\u010d byste m\u011bli \u010dekat, a\u017e p\u0159ijde n\u011bkdo jin\u00fd a d\u00e1 v\u00e1m to, co opravdu chcete? Pro\u010d byste m\u011bli ... \u010c\u00edst d\u00e1l","og_url":"https:\/\/blowflyofficial.com\/cs\/najdete-mistni-prilezitostne-pripojeni\/","og_site_name":"\u017deb\u0159\u00ed\u010dky p\u0159ipojen\u00ed","twitter_card":"summary_large_image","twitter_misc":{"Odhadovan\u00e1 doba \u010dten\u00ed":"3 minuty"},"schema":{"@context":"https:\/\/schema.org","@graph":[{"@type":"WebSite","@id":"http:\/\/blowflyofficial.com\/da\/#website","url":"http:\/\/blowflyofficial.com\/da\/","name":"\u017deb\u0159\u00ed\u010dky p\u0159ipojen\u00ed","description":"P\u0159\u00edle\u017eitostn\u00e9 seznamovac\u00ed rady","potentialAction":[{"@type":"SearchAction","target":{"@type":"EntryPoint","urlTemplate":"http:\/\/blowflyofficial.com\/da\/?s={search_term_string}"},"query-input":"required name=search_term_string"}],"inLanguage":"cs"},{"@type":"WebPage","@id":"https:\/\/blowflyofficial.com\/cs\/najdete-mistni-prilezitostne-pripojeni\/#webpage","url":"https:\/\/blowflyofficial.com\/cs\/najdete-mistni-prilezitostne-pripojeni\/","name":"Najd\u011bte m\u00edstn\u00ed p\u0159\u00edle\u017eitostn\u00e9 p\u0159ipojen\u00ed - \u017deb\u0159\u00ed\u010dky p\u0159ipojen\u00ed","isPartOf":{"@id":"http:\/\/blowflyofficial.com\/da\/#website"},"datePublished":"2022-08-30T12:45:52+00:00","dateModified":"2022-08-30T12:45:52+00:00","breadcrumb":{"@id":"https:\/\/blowflyofficial.com\/cs\/najdete-mistni-prilezitostne-pripojeni\/#breadcrumb"},"inLanguage":"cs","potentialAction":[{"@type":"ReadAction","target":["https:\/\/blowflyofficial.com\/cs\/najdete-mistni-prilezitostne-pripojeni\/"]}]},{"@type":"BreadcrumbList","@id":"https:\/\/blowflyofficial.com\/cs\/najdete-mistni-prilezitostne-pripojeni\/#breadcrumb","itemListElement":[{"@type":"ListItem","position":1,"name":"Home","item":"https:\/\/blowflyofficial.com\/cs\/"},{"@type":"ListItem","position":2,"name":"Najd\u011bte m\u00edstn\u00ed p\u0159\u00edle\u017eitostn\u00e9 p\u0159ipojen\u00ed"}]}]}},"_links":{"self":[{"href":"https:\/\/blowflyofficial.com\/cs\/wp-json\/wp\/v2\/pages\/191"}],"collection":[{"href":"https:\/\/blowflyofficial.com\/cs\/wp-json\/wp\/v2\/pages"}],"about":[{"href":"https:\/\/blowflyofficial.com\/cs\/wp-json\/wp\/v2\/types\/page"}],"author":[{"embeddable":true,"href":"https:\/\/blowflyofficial.com\/cs\/wp-json\/wp\/v2\/users\/1"}],"replies":[{"embeddable":true,"href":"https:\/\/blowflyofficial.com\/cs\/wp-json\/wp\/v2\/comments?post=191"}],"version-history":[{"count":0,"href":"https:\/\/blowflyofficial.com\/cs\/wp-json\/wp\/v2\/pages\/191\/revisions"}],"wp:attachment":[{"href":"https:\/\/blowflyofficial.com\/cs\/wp-json\/wp\/v2\/media?parent=191"}],"curies":[{"name":"wp","href":"https:\/\/api.w.org\/{rel}","templated":true}]}}