{"id":179,"date":"2022-08-30T13:50:50","date_gmt":"2022-08-30T12:50:50","guid":{"rendered":"http:\/\/blowflyofficial.com\/hledam-sex\/"},"modified":"2022-08-30T13:50:50","modified_gmt":"2022-08-30T12:50:50","slug":"hledam-sex","status":"publish","type":"page","link":"https:\/\/blowflyofficial.com\/cs\/hledam-sex\/","title":{"rendered":"Hled\u00e1m sex"},"content":{"rendered":"<p>Hled\u00e1te dnes ve\u010der trochu z\u00e1bavy? Pak jste na spr\u00e1vn\u00e9m m\u00edst\u011b. Jsme tu, abychom v\u00e1m pomohli naj\u00edt perfektn\u00ed neform\u00e1ln\u00ed rande pro rychlovky a z\u00e1bavu. A\u0165 u\u017e je to jen ve\u010de\u0159e a n\u00e1poje, nebo n\u011bco v\u00e1\u017en\u011bj\u0161\u00edho, ur\u010dit\u011b pro v\u00e1s budeme m\u00edt z\u00e1pas. Na\u0161e str\u00e1nky jsou zcela zdarma k pou\u017eit\u00ed a na\u0161i \u010dlenov\u00e9 v\u017edy hledaj\u00ed dobr\u00fd \u010das. Chcete-li za\u010d\u00edt hledat n\u011bkoho zvl\u00e1\u0161tn\u00edho, jednodu\u0161e proch\u00e1zejte na\u0161e profily a zaregistrujte se je\u0161t\u011b dnes.<\/p>\n<p>Podle na\u0161eho n\u00e1zoru nen\u00ed d\u016fvod, pro\u010d byste se nem\u011bli sna\u017eit naj\u00edt partnera lok\u00e1ln\u011b. Koneckonc\u016f, <a href=\"http:\/\/blowflyofficial.com\/cs\/nejlepsi-seznamovaci-aplikace-pro-nalezeni-neceho-vazneho\/\">\u017eijete pobl\u00ed\u017e<\/a>, dob\u0159e se zn\u00e1te a pravd\u011bpodobn\u011b se u\u017e vid\u00edte ka\u017ed\u00fd den. M\u016f\u017eete se dokonce setkat na k\u00e1vu a znovu. Pro\u010d to nezkusit?<\/p>\n<h2>Jak pou\u017e\u00edvat seznamovac\u00ed aplikace jen pro sex<\/h2>\n<p>Nejd\u016fle\u017eit\u011bj\u0161\u00ed v\u011bc, kterou je t\u0159eba v\u011bd\u011bt o seznamovac\u00edch aplikac\u00edch, je, \u017ee na sv\u011bt\u011b existuj\u00ed r\u016fzn\u00e9 typy lid\u00ed. Mo\u017en\u00e1 si mysl\u00edte, \u017ee hled\u00e1te n\u011bkoho, jako jste vy, ale uk\u00e1\u017ee se, \u017ee ve skute\u010dnosti hled\u00e1te n\u011bkoho \u00fapln\u011b jin\u00e9ho. Existuj\u00ed t\u0159i hlavn\u00ed kategorie lid\u00ed online: ti, kte\u0159\u00ed cht\u011bj\u00ed p\u0159\u00edle\u017eitostn\u00fd sex, ti, kte\u0159\u00ed cht\u011bj\u00ed dlouhodob\u00e9 vztahy, a ti, kte\u0159\u00ed se cht\u011bj\u00ed setkat s nov\u00fdmi p\u0159\u00e1teli. Zde je n\u00e1vod, jak vyzvednout \u017eeny na z\u00e1klad\u011b toho, jak\u00fd typ osoby jste.<\/p>\n<h2>P\u0159\u00edle\u017eitostn\u00e9 Sex Lid\u00e9<\/h2>\n<p>P\u0159\u00edle\u017eitostn\u00ed sexu\u00e1ln\u00ed lid\u00e9 se p\u0159\u00edli\u0161 nestaraj\u00ed o vzhled, ale staraj\u00ed se o osobnost. Obvykle jsou bezstarostn\u00ed, otev\u0159en\u00ed a obecn\u011b se r\u00e1di setk\u00e1vaj\u00ed s nov\u00fdmi lidmi. Pokud hled\u00e1te z\u00e1bavnou noc bez p\u0159ipojen\u00fdch \u0159et\u011bzc\u016f, p\u0159\u00edle\u017eitostn\u00ed sexu\u00e1ln\u00ed lid\u00e9 jsou pravd\u011bpodobn\u011b tou nejlep\u0161\u00ed volbou pro v\u00e1s. Tihle kluci nejsou opravdu do z\u00e1vazku, ale ur\u010dit\u011b zkus\u00ed n\u011bco jednou.<\/p>\n<h2>Dlouhodob\u00e9 vztahy Lid\u00e9<\/h2>\n<p>Lid\u00e9 v dlouhodob\u00e9m vztahu jsou opakem p\u0159\u00edle\u017eitostn\u00fdch sexu\u00e1ln\u00edch lid\u00ed. Hledaj\u00ed n\u011bco v\u00e1\u017en\u00e9ho a cht\u011bj\u00ed partnera, na kter\u00e9ho se mohou spolehnout. To je d\u016fvod, pro\u010d mnoz\u00ed z nich jsou ochotni vyrovnat se s n\u011bkter\u00fdmi docela neatraktivn\u00edmi rysy u mu\u017e\u016f. Ve skute\u010dnosti \u010dasto jdou z cesty, aby na\u0161li partnery, kte\u0159\u00ed jsou dob\u0159e vypadaj\u00edc\u00ed.<\/p>\n<h2>Setk\u00e1n\u00ed s nov\u00fdmi p\u0159\u00e1teli<\/h2>\n<p>Setk\u00e1n\u00ed s nov\u00fdmi p\u0159\u00e1teli jsou nejm\u00e9n\u011b b\u011b\u017enou skupinou, ale st\u00e1le jsou tam. Obvykle r\u00e1di mluv\u00ed s k\u00fdmkoli, dokonce i s \u00fapln\u011b ciz\u00edmi lidmi, proto\u017ee miluj\u00ed setk\u00e1n\u00ed s nov\u00fdmi lidmi. Obvykle jsou p\u0159\u00e1tel\u0161t\u00ed a spole\u010den\u0161t\u00ed a v\u017edy maj\u00ed z\u00e1jem sly\u0161et p\u0159\u00edb\u011bhy ostatn\u00edch. Jsou tak\u00e9 skv\u011bl\u00ed poslucha\u010di, tak\u017ee pokud se n\u011bkdy c\u00edt\u00edte osam\u011bl\u00ed nebo znud\u011bn\u00ed, m\u016f\u017eete se na n\u011b spolehnout, \u017ee udr\u017e\u00ed v\u011bci zaj\u00edmav\u00e9.<\/p>\n<h2>Na\u0161e rady<\/h2>\n<p>Singles dne\u0161ka jsou zn\u00e1m\u00ed t\u00edm, \u017ee jsou otev\u0159en\u00ed a flexibiln\u00ed, pokud jde o z\u00e1le\u017eitosti, jako je sex. To plat\u00ed jak pro \u017eeny, tak pro mu\u017ee. Ve skute\u010dnosti mnoho lid\u00ed d\u00e1v\u00e1 p\u0159ednost datov\u00e1n\u00ed n\u011bkoho, kdo je ochoten vyzkou\u0161et n\u011bco nov\u00e9ho.<\/p>\n<p>To plat\u00ed je\u0161t\u011b siln\u011bji pro star\u0161\u00ed dosp\u011bl\u00e9. Mnoz\u00ed z nich st\u00e1le cht\u011bj\u00ed za\u017e\u00edt n\u011bjakou z\u00e1bavu b\u011bhem sv\u00e9ho odchodu do d\u016fchodu. A zat\u00edmco existuje spousta zral\u00fdch seznamovac\u00edch str\u00e1nek zam\u011b\u0159en\u00fdch na seniory, mysl\u00edme si, \u017ee m\u00edstn\u00ed p\u0159ipojen\u00ed jsou tak\u00e9 skv\u011bl\u00fd n\u00e1pad.<\/p>\n","protected":false},"excerpt":{"rendered":"<p>Hled\u00e1te dnes ve\u010der trochu z\u00e1bavy? Pak jste na spr\u00e1vn\u00e9m m\u00edst\u011b. Jsme tu, abychom v\u00e1m pomohli naj\u00edt perfektn\u00ed neform\u00e1ln\u00ed rande pro rychlovky a z\u00e1bavu. A\u0165 u\u017e je to jen ve\u010de\u0159e a n\u00e1poje, nebo n\u011bco v\u00e1\u017en\u011bj\u0161\u00edho, ur\u010dit\u011b pro v\u00e1s budeme m\u00edt z\u00e1pas. Na\u0161e str\u00e1nky jsou zcela zdarma k pou\u017eit\u00ed a na\u0161i \u010dlenov\u00e9 v\u017edy hledaj\u00ed dobr\u00fd \u010das. Chcete-li &#8230; <a title=\"Hled\u00e1m sex\" class=\"read-more\" href=\"https:\/\/blowflyofficial.com\/cs\/hledam-sex\/\" aria-label=\"V\u00edce na Hled\u00e1m sex\">\u010c\u00edst d\u00e1l<\/a><\/p>\n","protected":false},"author":1,"featured_media":0,"parent":0,"menu_order":0,"comment_status":"closed","ping_status":"closed","template":"","meta":[],"yoast_head":"<!-- This site is optimized with the Yoast SEO plugin v17.7.1 - https:\/\/yoast.com\/wordpress\/plugins\/seo\/ -->\n<title>Hled\u00e1m sex - \u017deb\u0159\u00ed\u010dky p\u0159ipojen\u00ed<\/title>\n<meta name=\"robots\" content=\"index, follow, max-snippet:-1, max-image-preview:large, max-video-preview:-1\" \/>\n<link rel=\"canonical\" href=\"https:\/\/blowflyofficial.com\/cs\/hledam-sex\/\" \/>\n<meta property=\"og:locale\" content=\"cs_CZ\" \/>\n<meta property=\"og:type\" content=\"article\" \/>\n<meta property=\"og:title\" content=\"Hled\u00e1m sex - \u017deb\u0159\u00ed\u010dky p\u0159ipojen\u00ed\" \/>\n<meta property=\"og:description\" content=\"Hled\u00e1te dnes ve\u010der trochu z\u00e1bavy? Pak jste na spr\u00e1vn\u00e9m m\u00edst\u011b. Jsme tu, abychom v\u00e1m pomohli naj\u00edt perfektn\u00ed neform\u00e1ln\u00ed rande pro rychlovky a z\u00e1bavu. A\u0165 u\u017e je to jen ve\u010de\u0159e a n\u00e1poje, nebo n\u011bco v\u00e1\u017en\u011bj\u0161\u00edho, ur\u010dit\u011b pro v\u00e1s budeme m\u00edt z\u00e1pas. Na\u0161e str\u00e1nky jsou zcela zdarma k pou\u017eit\u00ed a na\u0161i \u010dlenov\u00e9 v\u017edy hledaj\u00ed dobr\u00fd \u010das. Chcete-li ... \u010c\u00edst d\u00e1l\" \/>\n<meta property=\"og:url\" content=\"https:\/\/blowflyofficial.com\/cs\/hledam-sex\/\" \/>\n<meta property=\"og:site_name\" content=\"\u017deb\u0159\u00ed\u010dky p\u0159ipojen\u00ed\" \/>\n<meta name=\"twitter:card\" content=\"summary_large_image\" \/>\n<meta name=\"twitter:label1\" content=\"Odhadovan\u00e1 doba \u010dten\u00ed\" \/>\n\t<meta name=\"twitter:data1\" content=\"3 minuty\" \/>\n<script type=\"application\/ld+json\" class=\"yoast-schema-graph\">{\"@context\":\"https:\/\/schema.org\",\"@graph\":[{\"@type\":\"WebSite\",\"@id\":\"http:\/\/blowflyofficial.com\/da\/#website\",\"url\":\"http:\/\/blowflyofficial.com\/da\/\",\"name\":\"\\u017deb\\u0159\\u00ed\\u010dky p\\u0159ipojen\\u00ed\",\"description\":\"P\\u0159\\u00edle\\u017eitostn\\u00e9 seznamovac\\u00ed rady\",\"potentialAction\":[{\"@type\":\"SearchAction\",\"target\":{\"@type\":\"EntryPoint\",\"urlTemplate\":\"http:\/\/blowflyofficial.com\/da\/?s={search_term_string}\"},\"query-input\":\"required name=search_term_string\"}],\"inLanguage\":\"cs\"},{\"@type\":\"WebPage\",\"@id\":\"https:\/\/blowflyofficial.com\/cs\/hledam-sex\/#webpage\",\"url\":\"https:\/\/blowflyofficial.com\/cs\/hledam-sex\/\",\"name\":\"Hled\\u00e1m sex - \\u017deb\\u0159\\u00ed\\u010dky p\\u0159ipojen\\u00ed\",\"isPartOf\":{\"@id\":\"http:\/\/blowflyofficial.com\/da\/#website\"},\"datePublished\":\"2022-08-30T12:50:50+00:00\",\"dateModified\":\"2022-08-30T12:50:50+00:00\",\"breadcrumb\":{\"@id\":\"https:\/\/blowflyofficial.com\/cs\/hledam-sex\/#breadcrumb\"},\"inLanguage\":\"cs\",\"potentialAction\":[{\"@type\":\"ReadAction\",\"target\":[\"https:\/\/blowflyofficial.com\/cs\/hledam-sex\/\"]}]},{\"@type\":\"BreadcrumbList\",\"@id\":\"https:\/\/blowflyofficial.com\/cs\/hledam-sex\/#breadcrumb\",\"itemListElement\":[{\"@type\":\"ListItem\",\"position\":1,\"name\":\"Home\",\"item\":\"https:\/\/blowflyofficial.com\/cs\/\"},{\"@type\":\"ListItem\",\"position\":2,\"name\":\"Hled\\u00e1m sex\"}]}]}<\/script>\n<!-- \/ Yoast SEO plugin. -->","yoast_head_json":{"title":"Hled\u00e1m sex - \u017deb\u0159\u00ed\u010dky p\u0159ipojen\u00ed","robots":{"index":"index","follow":"follow","max-snippet":"max-snippet:-1","max-image-preview":"max-image-preview:large","max-video-preview":"max-video-preview:-1"},"canonical":"https:\/\/blowflyofficial.com\/cs\/hledam-sex\/","og_locale":"cs_CZ","og_type":"article","og_title":"Hled\u00e1m sex - \u017deb\u0159\u00ed\u010dky p\u0159ipojen\u00ed","og_description":"Hled\u00e1te dnes ve\u010der trochu z\u00e1bavy? Pak jste na spr\u00e1vn\u00e9m m\u00edst\u011b. Jsme tu, abychom v\u00e1m pomohli naj\u00edt perfektn\u00ed neform\u00e1ln\u00ed rande pro rychlovky a z\u00e1bavu. A\u0165 u\u017e je to jen ve\u010de\u0159e a n\u00e1poje, nebo n\u011bco v\u00e1\u017en\u011bj\u0161\u00edho, ur\u010dit\u011b pro v\u00e1s budeme m\u00edt z\u00e1pas. Na\u0161e str\u00e1nky jsou zcela zdarma k pou\u017eit\u00ed a na\u0161i \u010dlenov\u00e9 v\u017edy hledaj\u00ed dobr\u00fd \u010das. Chcete-li ... \u010c\u00edst d\u00e1l","og_url":"https:\/\/blowflyofficial.com\/cs\/hledam-sex\/","og_site_name":"\u017deb\u0159\u00ed\u010dky p\u0159ipojen\u00ed","twitter_card":"summary_large_image","twitter_misc":{"Odhadovan\u00e1 doba \u010dten\u00ed":"3 minuty"},"schema":{"@context":"https:\/\/schema.org","@graph":[{"@type":"WebSite","@id":"http:\/\/blowflyofficial.com\/da\/#website","url":"http:\/\/blowflyofficial.com\/da\/","name":"\u017deb\u0159\u00ed\u010dky p\u0159ipojen\u00ed","description":"P\u0159\u00edle\u017eitostn\u00e9 seznamovac\u00ed rady","potentialAction":[{"@type":"SearchAction","target":{"@type":"EntryPoint","urlTemplate":"http:\/\/blowflyofficial.com\/da\/?s={search_term_string}"},"query-input":"required name=search_term_string"}],"inLanguage":"cs"},{"@type":"WebPage","@id":"https:\/\/blowflyofficial.com\/cs\/hledam-sex\/#webpage","url":"https:\/\/blowflyofficial.com\/cs\/hledam-sex\/","name":"Hled\u00e1m sex - \u017deb\u0159\u00ed\u010dky p\u0159ipojen\u00ed","isPartOf":{"@id":"http:\/\/blowflyofficial.com\/da\/#website"},"datePublished":"2022-08-30T12:50:50+00:00","dateModified":"2022-08-30T12:50:50+00:00","breadcrumb":{"@id":"https:\/\/blowflyofficial.com\/cs\/hledam-sex\/#breadcrumb"},"inLanguage":"cs","potentialAction":[{"@type":"ReadAction","target":["https:\/\/blowflyofficial.com\/cs\/hledam-sex\/"]}]},{"@type":"BreadcrumbList","@id":"https:\/\/blowflyofficial.com\/cs\/hledam-sex\/#breadcrumb","itemListElement":[{"@type":"ListItem","position":1,"name":"Home","item":"https:\/\/blowflyofficial.com\/cs\/"},{"@type":"ListItem","position":2,"name":"Hled\u00e1m sex"}]}]}},"_links":{"self":[{"href":"https:\/\/blowflyofficial.com\/cs\/wp-json\/wp\/v2\/pages\/179"}],"collection":[{"href":"https:\/\/blowflyofficial.com\/cs\/wp-json\/wp\/v2\/pages"}],"about":[{"href":"https:\/\/blowflyofficial.com\/cs\/wp-json\/wp\/v2\/types\/page"}],"author":[{"embeddable":true,"href":"https:\/\/blowflyofficial.com\/cs\/wp-json\/wp\/v2\/users\/1"}],"replies":[{"embeddable":true,"href":"https:\/\/blowflyofficial.com\/cs\/wp-json\/wp\/v2\/comments?post=179"}],"version-history":[{"count":0,"href":"https:\/\/blowflyofficial.com\/cs\/wp-json\/wp\/v2\/pages\/179\/revisions"}],"wp:attachment":[{"href":"https:\/\/blowflyofficial.com\/cs\/wp-json\/wp\/v2\/media?parent=179"}],"curies":[{"name":"wp","href":"https:\/\/api.w.org\/{rel}","templated":true}]}}