{"id":166,"date":"2022-08-30T13:54:35","date_gmt":"2022-08-30T12:54:35","guid":{"rendered":"http:\/\/blowflyofficial.com\/swapfinder-vs-easysex\/"},"modified":"2022-08-30T13:54:35","modified_gmt":"2022-08-30T12:54:35","slug":"swapfinder-vs-easysex","status":"publish","type":"page","link":"https:\/\/blowflyofficial.com\/cs\/swapfinder-vs-easysex\/","title":{"rendered":"SwapFinder Vs. EasySex"},"content":{"rendered":"<p>Online seznamov\u00e1n\u00ed je jednou z t\u011bch v\u011bc\u00ed, kter\u00e9 se zdaj\u00ed b\u00fdt docela jednoduch\u00e9: Zaregistrujete se, vypln\u00edte n\u011bkter\u00e9 ot\u00e1zky o sob\u011b a po\u010dk\u00e1te, a\u017e se objev\u00ed z\u00e1pasy. Ale ve skute\u010dnosti je toho zapojeno mnohem v\u00edc.<\/p>\n<p>Nejz\u00e1kladn\u011bj\u0161\u00edm zp\u016fsobem, jak naj\u00edt n\u011bkoho kompatibiln\u00edho, je jednodu\u0161e se p\u0159ihl\u00e1sit do aplikace nebo webu a proch\u00e1zet profily. Pokud hled\u00e1te n\u011bco v\u00e1\u017en\u00e9ho, m\u016f\u017ee to chv\u00edli trvat. A i kdy\u017e se v\u00e1m poda\u0159\u00ed n\u011bkoho naj\u00edt, st\u00e1le nebudete v\u011bd\u011bt, zda s v\u00e1mi chce chodit, pokud jim nepo\u0161lete zpr\u00e1vu.<\/p>\n<p>Pro str\u00e1nky jako eHarmony, Match, PlentyOfFish, Zoosk, OkCupid a Tinder m\u016f\u017eete technicky pou\u017e\u00edt jejich bezplatn\u00e9 verze, abyste se rozhl\u00e9dli a zjistili, co je k dispozici. Existuje v\u0161ak tak\u00e9 spousta placen\u00fdch mo\u017enost\u00ed &#8211; t\u011bch, kter\u00e9 v\u00e1m umo\u017en\u00ed pos\u00edlat potenci\u00e1ln\u00ed data a zjistit, kdo v\u00e1s m\u00e1 r\u00e1d.<\/p>\n<h2>Vyhled\u00e1va\u010d v\u00fdm\u011bn<\/h2>\n<p>Pokud hled\u00e1te m\u00edsto, kde se <a href=\"http:\/\/blowflyofficial.com\/cs\/najdete-mistni-prilezitostne-pripojeni\/\">m\u016f\u017eete setkat s lidmi online<\/a>, pak SwapFinder.com m\u016f\u017ee b\u00fdt pr\u00e1v\u011b to, co jste hledali. Vid\u00edte, tohle nen\u00ed zrovna seznamka. M\u00edsto toho je to bezplatn\u00e1 soci\u00e1ln\u00ed s\u00ed\u0165, kde se podobn\u011b sm\u00fd\u0161lej\u00edc\u00ed jednotlivci setk\u00e1vaj\u00ed, aby si vym\u011bnili partnery za noc z\u00e1bavy. A zat\u00edmco tam je spousta m\u00edst, kter\u00e9 se staraj\u00ed speci\u00e1ln\u011b o houpaj\u00edc\u00ed se p\u00e1ry, tento stoj\u00ed hlavu a ramena nad ostatn\u00edmi.<\/p>\n<p>D\u016fvodem je to, \u017ee SwapFinder.com je vlastn\u011bna stejnou spole\u010dnost\u00ed jako Adult Friend Finder, jedna z nejpopul\u00e1rn\u011bj\u0161\u00edch seznamovac\u00edch str\u00e1nek pro dosp\u011bl\u00e9 na sv\u011bt\u011b. Tak\u017ee pokud chcete naj\u00edt n\u011bkoho, s k\u00fdm se dnes ve\u010der spoj\u00edte, pravd\u011bpodobn\u011b budete m\u00edt mnohem v\u011bt\u0161\u00ed \u00fasp\u011bch naj\u00edt n\u011bkoho tady ne\u017e kdekoli jinde.<\/p>\n<h2>Snadn\u00fd sex<\/h2>\n<p>Nev\u00edm, jak vy, ale j\u00e1 m\u00e1m r\u00e1d sex. No, miluji sex. Ve skute\u010dnosti si mysl\u00edm, \u017ee je to do zna\u010dn\u00e9 m\u00edry nejz\u00e1bavn\u011bj\u0161\u00ed \u010d\u00e1st \u017eivota. A zat\u00edmco existuje spousta str\u00e1nek, kde m\u016f\u017eete naj\u00edt p\u0159ipojen\u00ed, cht\u011bl jsem n\u011bco jin\u00e9ho. N\u011bco lep\u0161\u00edho. Tak jsem se p\u0159ihl\u00e1sil k EasySex.com.<\/p>\n<p>My\u0161lenka EasySex je jednoduch\u00e1. Zaregistrujete se zdarma, nahrajete profilov\u00fd obr\u00e1zek, vypln\u00edte n\u011bkolik ot\u00e1zek a bum &#8211; jste p\u0159ipraveni za\u010d\u00edt se setk\u00e1vat s lidmi. Neexistuj\u00ed \u017e\u00e1dn\u00e9 poplatky, \u017e\u00e1dn\u00e9 triky a \u017e\u00e1dn\u00e9 kecy. Jen skute\u010dn\u00ed lid\u00e9, kte\u0159\u00ed cht\u011bj\u00ed m\u00edt skute\u010dn\u00e9 rozhovory.<\/p>\n<p>Zat\u00edm dobr\u00e9. Ale to, co opravdu odli\u0161uje EasySex, je to, jak snadn\u00e9 je setkat se s lidmi. Na rozd\u00edl od jin\u00fdch str\u00e1nek, EasySex nevy\u017eaduje, abyste zaplatili nav\u00edc, abyste zjistili, kdo dal\u0161\u00ed je online. M\u00edsto toho m\u016f\u017eete proch\u00e1zet profily zcela anonymn\u011b. Pokud chcete s n\u011bk\u00fdm chatovat, jednodu\u0161e zadejte &#8222;Hej!&#8220; do textov\u00e9ho pole vedle jeho fotografie, stiskn\u011bte Odeslat a voil\u00e0! Spust\u00ed se zas\u00edl\u00e1n\u00ed rychl\u00fdch zpr\u00e1v.<\/p>\n<p>A nejlep\u0161\u00ed na tom je, \u017ee jakmile se rozhodnete j\u00edt na rande, neexistuj\u00ed \u017e\u00e1dn\u00e9 skryt\u00e9 n\u00e1klady. Jedin\u00e9, co mus\u00edte ud\u011blat, je uk\u00e1zat se. Zd\u00e1 se, \u017ee v\u011bt\u0161inu lid\u00ed to bav\u00ed.<\/p>\n<h1>Alternativa &#8211; Zoosk<\/h1>\n<p>Zoosk existuje od roku 2004 a n\u00e1rokuje si v\u00edce ne\u017e 25 milion\u016f \u010dlen\u016f po cel\u00e9m sv\u011bt\u011b. Ned\u00e1vno spustila p\u0159epracovanou aplikaci, kter\u00e1 umo\u017e\u0148uje u\u017eivatel\u016fm zobrazit potenci\u00e1ln\u00ed shody na z\u00e1klad\u011b spole\u010dn\u00fdch rys\u016f, jako je um\u00edst\u011bn\u00ed, v\u011bk, \u00farove\u0148 vzd\u011bl\u00e1n\u00ed, typ pr\u00e1ce atd.<\/p>\n<p>Aplikace st\u00e1le vy\u017eaduje, aby u\u017eivatel\u00e9 vyplnili dotazn\u00edk o sob\u011b, ne\u017e uvid\u00ed informace ostatn\u00edch. Tento dotazn\u00edk obsahuje osm ot\u00e1zek, kter\u00e9 pom\u00e1haj\u00ed Zoosk ur\u010dit, jak\u00fd typ \u010dlov\u011bka jste. Mezi tyto ot\u00e1zky pat\u0159\u00ed &#8222;Co t\u011b bav\u00ed?&#8220; a &#8222;D\u00e1v\u00e1\u0161 p\u0159ednost tomu, abys byl s\u00e1m nebo s p\u0159\u00e1teli?&#8220;.<\/p>\n<p>M\u016f\u017eete p\u0159esko\u010dit n\u011bkter\u00e9 ot\u00e1zky, ale nem\u016f\u017eete p\u0159esko\u010dit ot\u00e1zku osobnosti. Mus\u00edte odpov\u011bd\u011bt na ka\u017edou ot\u00e1zku v pln\u00e9m rozsahu, ne\u017e budete moci p\u0159ej\u00edt k dal\u0161\u00edmu kroku.<\/p>\n","protected":false},"excerpt":{"rendered":"<p>Online seznamov\u00e1n\u00ed je jednou z t\u011bch v\u011bc\u00ed, kter\u00e9 se zdaj\u00ed b\u00fdt docela jednoduch\u00e9: Zaregistrujete se, vypln\u00edte n\u011bkter\u00e9 ot\u00e1zky o sob\u011b a po\u010dk\u00e1te, a\u017e se objev\u00ed z\u00e1pasy. Ale ve skute\u010dnosti je toho zapojeno mnohem v\u00edc. Nejz\u00e1kladn\u011bj\u0161\u00edm zp\u016fsobem, jak naj\u00edt n\u011bkoho kompatibiln\u00edho, je jednodu\u0161e se p\u0159ihl\u00e1sit do aplikace nebo webu a proch\u00e1zet profily. Pokud hled\u00e1te n\u011bco v\u00e1\u017en\u00e9ho, &#8230; <a title=\"SwapFinder Vs. EasySex\" class=\"read-more\" href=\"https:\/\/blowflyofficial.com\/cs\/swapfinder-vs-easysex\/\" aria-label=\"V\u00edce na SwapFinder Vs. EasySex\">\u010c\u00edst d\u00e1l<\/a><\/p>\n","protected":false},"author":1,"featured_media":0,"parent":0,"menu_order":0,"comment_status":"closed","ping_status":"closed","template":"","meta":[],"yoast_head":"<!-- This site is optimized with the Yoast SEO plugin v17.7.1 - https:\/\/yoast.com\/wordpress\/plugins\/seo\/ -->\n<title>SwapFinder Vs. EasySex - \u017deb\u0159\u00ed\u010dky p\u0159ipojen\u00ed<\/title>\n<meta name=\"robots\" content=\"index, follow, max-snippet:-1, max-image-preview:large, max-video-preview:-1\" \/>\n<link rel=\"canonical\" href=\"https:\/\/blowflyofficial.com\/cs\/swapfinder-vs-easysex\/\" \/>\n<meta property=\"og:locale\" content=\"cs_CZ\" \/>\n<meta property=\"og:type\" content=\"article\" \/>\n<meta property=\"og:title\" content=\"SwapFinder Vs. EasySex - \u017deb\u0159\u00ed\u010dky p\u0159ipojen\u00ed\" \/>\n<meta property=\"og:description\" content=\"Online seznamov\u00e1n\u00ed je jednou z t\u011bch v\u011bc\u00ed, kter\u00e9 se zdaj\u00ed b\u00fdt docela jednoduch\u00e9: Zaregistrujete se, vypln\u00edte n\u011bkter\u00e9 ot\u00e1zky o sob\u011b a po\u010dk\u00e1te, a\u017e se objev\u00ed z\u00e1pasy. Ale ve skute\u010dnosti je toho zapojeno mnohem v\u00edc. Nejz\u00e1kladn\u011bj\u0161\u00edm zp\u016fsobem, jak naj\u00edt n\u011bkoho kompatibiln\u00edho, je jednodu\u0161e se p\u0159ihl\u00e1sit do aplikace nebo webu a proch\u00e1zet profily. Pokud hled\u00e1te n\u011bco v\u00e1\u017en\u00e9ho, ... \u010c\u00edst d\u00e1l\" \/>\n<meta property=\"og:url\" content=\"https:\/\/blowflyofficial.com\/cs\/swapfinder-vs-easysex\/\" \/>\n<meta property=\"og:site_name\" content=\"\u017deb\u0159\u00ed\u010dky p\u0159ipojen\u00ed\" \/>\n<meta name=\"twitter:card\" content=\"summary_large_image\" \/>\n<meta name=\"twitter:label1\" content=\"Odhadovan\u00e1 doba \u010dten\u00ed\" \/>\n\t<meta name=\"twitter:data1\" content=\"4 minuty\" \/>\n<script type=\"application\/ld+json\" class=\"yoast-schema-graph\">{\"@context\":\"https:\/\/schema.org\",\"@graph\":[{\"@type\":\"WebSite\",\"@id\":\"http:\/\/blowflyofficial.com\/da\/#website\",\"url\":\"http:\/\/blowflyofficial.com\/da\/\",\"name\":\"\\u017deb\\u0159\\u00ed\\u010dky p\\u0159ipojen\\u00ed\",\"description\":\"P\\u0159\\u00edle\\u017eitostn\\u00e9 seznamovac\\u00ed rady\",\"potentialAction\":[{\"@type\":\"SearchAction\",\"target\":{\"@type\":\"EntryPoint\",\"urlTemplate\":\"http:\/\/blowflyofficial.com\/da\/?s={search_term_string}\"},\"query-input\":\"required name=search_term_string\"}],\"inLanguage\":\"cs\"},{\"@type\":\"WebPage\",\"@id\":\"https:\/\/blowflyofficial.com\/cs\/swapfinder-vs-easysex\/#webpage\",\"url\":\"https:\/\/blowflyofficial.com\/cs\/swapfinder-vs-easysex\/\",\"name\":\"SwapFinder Vs. EasySex - \\u017deb\\u0159\\u00ed\\u010dky p\\u0159ipojen\\u00ed\",\"isPartOf\":{\"@id\":\"http:\/\/blowflyofficial.com\/da\/#website\"},\"datePublished\":\"2022-08-30T12:54:35+00:00\",\"dateModified\":\"2022-08-30T12:54:35+00:00\",\"breadcrumb\":{\"@id\":\"https:\/\/blowflyofficial.com\/cs\/swapfinder-vs-easysex\/#breadcrumb\"},\"inLanguage\":\"cs\",\"potentialAction\":[{\"@type\":\"ReadAction\",\"target\":[\"https:\/\/blowflyofficial.com\/cs\/swapfinder-vs-easysex\/\"]}]},{\"@type\":\"BreadcrumbList\",\"@id\":\"https:\/\/blowflyofficial.com\/cs\/swapfinder-vs-easysex\/#breadcrumb\",\"itemListElement\":[{\"@type\":\"ListItem\",\"position\":1,\"name\":\"Home\",\"item\":\"https:\/\/blowflyofficial.com\/cs\/\"},{\"@type\":\"ListItem\",\"position\":2,\"name\":\"SwapFinder Vs. EasySex\"}]}]}<\/script>\n<!-- \/ Yoast SEO plugin. -->","yoast_head_json":{"title":"SwapFinder Vs. EasySex - \u017deb\u0159\u00ed\u010dky p\u0159ipojen\u00ed","robots":{"index":"index","follow":"follow","max-snippet":"max-snippet:-1","max-image-preview":"max-image-preview:large","max-video-preview":"max-video-preview:-1"},"canonical":"https:\/\/blowflyofficial.com\/cs\/swapfinder-vs-easysex\/","og_locale":"cs_CZ","og_type":"article","og_title":"SwapFinder Vs. EasySex - \u017deb\u0159\u00ed\u010dky p\u0159ipojen\u00ed","og_description":"Online seznamov\u00e1n\u00ed je jednou z t\u011bch v\u011bc\u00ed, kter\u00e9 se zdaj\u00ed b\u00fdt docela jednoduch\u00e9: Zaregistrujete se, vypln\u00edte n\u011bkter\u00e9 ot\u00e1zky o sob\u011b a po\u010dk\u00e1te, a\u017e se objev\u00ed z\u00e1pasy. Ale ve skute\u010dnosti je toho zapojeno mnohem v\u00edc. Nejz\u00e1kladn\u011bj\u0161\u00edm zp\u016fsobem, jak naj\u00edt n\u011bkoho kompatibiln\u00edho, je jednodu\u0161e se p\u0159ihl\u00e1sit do aplikace nebo webu a proch\u00e1zet profily. Pokud hled\u00e1te n\u011bco v\u00e1\u017en\u00e9ho, ... \u010c\u00edst d\u00e1l","og_url":"https:\/\/blowflyofficial.com\/cs\/swapfinder-vs-easysex\/","og_site_name":"\u017deb\u0159\u00ed\u010dky p\u0159ipojen\u00ed","twitter_card":"summary_large_image","twitter_misc":{"Odhadovan\u00e1 doba \u010dten\u00ed":"4 minuty"},"schema":{"@context":"https:\/\/schema.org","@graph":[{"@type":"WebSite","@id":"http:\/\/blowflyofficial.com\/da\/#website","url":"http:\/\/blowflyofficial.com\/da\/","name":"\u017deb\u0159\u00ed\u010dky p\u0159ipojen\u00ed","description":"P\u0159\u00edle\u017eitostn\u00e9 seznamovac\u00ed rady","potentialAction":[{"@type":"SearchAction","target":{"@type":"EntryPoint","urlTemplate":"http:\/\/blowflyofficial.com\/da\/?s={search_term_string}"},"query-input":"required name=search_term_string"}],"inLanguage":"cs"},{"@type":"WebPage","@id":"https:\/\/blowflyofficial.com\/cs\/swapfinder-vs-easysex\/#webpage","url":"https:\/\/blowflyofficial.com\/cs\/swapfinder-vs-easysex\/","name":"SwapFinder Vs. EasySex - \u017deb\u0159\u00ed\u010dky p\u0159ipojen\u00ed","isPartOf":{"@id":"http:\/\/blowflyofficial.com\/da\/#website"},"datePublished":"2022-08-30T12:54:35+00:00","dateModified":"2022-08-30T12:54:35+00:00","breadcrumb":{"@id":"https:\/\/blowflyofficial.com\/cs\/swapfinder-vs-easysex\/#breadcrumb"},"inLanguage":"cs","potentialAction":[{"@type":"ReadAction","target":["https:\/\/blowflyofficial.com\/cs\/swapfinder-vs-easysex\/"]}]},{"@type":"BreadcrumbList","@id":"https:\/\/blowflyofficial.com\/cs\/swapfinder-vs-easysex\/#breadcrumb","itemListElement":[{"@type":"ListItem","position":1,"name":"Home","item":"https:\/\/blowflyofficial.com\/cs\/"},{"@type":"ListItem","position":2,"name":"SwapFinder Vs. EasySex"}]}]}},"_links":{"self":[{"href":"https:\/\/blowflyofficial.com\/cs\/wp-json\/wp\/v2\/pages\/166"}],"collection":[{"href":"https:\/\/blowflyofficial.com\/cs\/wp-json\/wp\/v2\/pages"}],"about":[{"href":"https:\/\/blowflyofficial.com\/cs\/wp-json\/wp\/v2\/types\/page"}],"author":[{"embeddable":true,"href":"https:\/\/blowflyofficial.com\/cs\/wp-json\/wp\/v2\/users\/1"}],"replies":[{"embeddable":true,"href":"https:\/\/blowflyofficial.com\/cs\/wp-json\/wp\/v2\/comments?post=166"}],"version-history":[{"count":0,"href":"https:\/\/blowflyofficial.com\/cs\/wp-json\/wp\/v2\/pages\/166\/revisions"}],"wp:attachment":[{"href":"https:\/\/blowflyofficial.com\/cs\/wp-json\/wp\/v2\/media?parent=166"}],"curies":[{"name":"wp","href":"https:\/\/api.w.org\/{rel}","templated":true}]}}