{"id":154,"date":"2022-08-30T14:15:19","date_gmt":"2022-08-30T13:15:19","guid":{"rendered":"http:\/\/blowflyofficial.com\/prilezitostne-swinger-seznamovaci-webove-stranky\/"},"modified":"2022-08-30T14:15:19","modified_gmt":"2022-08-30T13:15:19","slug":"prilezitostne-swinger-seznamovaci-webove-stranky","status":"publish","type":"page","link":"https:\/\/blowflyofficial.com\/cs\/prilezitostne-swinger-seznamovaci-webove-stranky\/","title":{"rendered":"P\u0159\u00edle\u017eitostn\u00e9 Swinger Seznamovac\u00ed webov\u00e9 str\u00e1nky"},"content":{"rendered":"<p>Nejlep\u0161\u00ed zp\u016fsob, jak se setkat s lidmi, kte\u0159\u00ed maj\u00ed z\u00e1jem o swingers, je p\u0159ipojit se k swinger seznamce. Existuje mnoho mo\u017enost\u00ed, v\u010detn\u011b n\u011bkter\u00fdch placen\u00fdch, ale zjistili jsme, \u017ee v\u011bt\u0161ina nejlep\u0161\u00edch str\u00e1nek je zdarma. Tyto str\u00e1nky se staraj\u00ed konkr\u00e9tn\u011b o ty, kte\u0159\u00ed hledaj\u00ed p\u00e1ry, trojky a \u010dtve\u0159ice. Maj\u00ed tak\u00e9 tendenci b\u00fdt velmi diskr\u00e9tn\u00ed o tom, co d\u011blaj\u00ed, co\u017e umo\u017e\u0148uje \u010dlen\u016fm komunikovat bez strachu, \u017ee budou chyceni.<\/p>\n<p>Testovali jsme r\u016fzn\u00e9 str\u00e1nky na z\u00e1klad\u011b toho, jak dob\u0159e <a href=\"http:\/\/blowflyofficial.com\/cs\/najdete-milf-ve-vasi-oblasti\/\">odpov\u00eddaly<\/a> na\u0161im krit\u00e9ri\u00edm pro hled\u00e1n\u00ed m\u00edstn\u00edch swingers. Pod\u00edvali jsme se na v\u011bci, jako je po\u010det pokryt\u00fdch m\u011bst, mno\u017estv\u00ed dostupn\u00fdch informac\u00ed a zda je mo\u017en\u00e9 t\u0159\u00eddit profily podle m\u00edsta. Vzali jsme tak\u00e9 v \u00favahu, zda m\u00e1 web mobiln\u00ed aplikaci, stejn\u011b jako to, zda je snadn\u00e9 se v n\u011bm orientovat a pochopit.<\/p>\n<p>Sv\u011bt houp\u00e1n\u00ed nen\u00ed snadn\u00fd. Existuj\u00ed pravidla, p\u0159edpisy a o\u010dek\u00e1v\u00e1n\u00ed, kter\u00e9 je t\u0159eba dodr\u017eovat. Ale nebojte se &#8211; nebudete muset j\u00edt sami. Sestavili jsme seznam nejlep\u0161\u00edch swinger str\u00e1nek v okol\u00ed, v\u010detn\u011b recenz\u00ed a hodnocen\u00ed. Nav\u00edc v\u00e1m uk\u00e1\u017eeme, jak pomoc\u00ed webu naj\u00edt m\u00edstn\u00ed swingers ve va\u0161em okol\u00ed.<\/p>\n<p>Cht\u011bli jsme naj\u00edt nejlep\u0161\u00ed swinger seznamovac\u00ed str\u00e1nky, proto\u017ee tam je tolik mo\u017enost\u00ed. Na\u0161\u00edm c\u00edlem bylo usnadnit ka\u017ed\u00e9mu, kdo se chce p\u0159ipojit k swinger webu, vybrat si jeden na z\u00e1klad\u011b v\u00fd\u0161e uveden\u00fdch krit\u00e9ri\u00ed. Tak\u017ee jsme \u0161li p\u0159\u00edmo ke zdroji a zeptali se skute\u010dn\u00fdch lid\u00ed: &#8222;Kterou swinger str\u00e1nku pou\u017e\u00edv\u00e1te nej\u010dast\u011bji? Pro\u010d? Kter\u00fd z nich v\u00e1m vyhovuje nejl\u00e9pe?&#8220;<\/p>\n<h2>Kde za\u010d\u00edt?<\/h2>\n<p>Pr\u016fzkum prob\u00edhal v pr\u016fb\u011bhu m\u011bs\u00edce a p\u016fl. Poslali jsme e-maily tis\u00edc\u016fm aktivn\u00edch swingers a po\u017e\u00e1dali je, aby se z\u00fa\u010dastnili na\u0161\u00ed studie. Po obdr\u017een\u00ed stovek odpov\u011bd\u00ed jsme z\u00fa\u017eili seznam na 10 nejlep\u0161\u00edch web\u016f a vybrali v\u00edt\u011bze na z\u00e1klad\u011b shrom\u00e1\u017ed\u011bn\u00fdch \u00fadaj\u016f.<\/p>\n<h3>Aff<\/h3>\n<p>Adult Friend Finder je st\u00e1le nejv\u011bt\u0161\u00ed swinger str\u00e1nkou v okol\u00ed. Str\u00e1nka se m\u016f\u017ee pochlubit v\u00edce ne\u017e 10 miliony registrovan\u00fdch \u010dlen\u016f a je snadn\u00e9 pochopit pro\u010d. S tak velk\u00fdm po\u010dtem \u010dlen\u016f existuje spousta p\u0159\u00edle\u017eitost\u00ed spojit se s ostatn\u00edmi, kte\u0159\u00ed hledaj\u00ed swingers z\u00e1\u017eitky.<\/p>\n<p>Nejlep\u0161\u00ed na AFFCommunity.com je, \u017ee je velmi aktivn\u00ed. Existuje mnoho zp\u016fsob\u016f, jak komunikovat s ostatn\u00edmi \u010dleny. M\u016f\u017eete se p\u0159ipojit ke skupin\u00e1m zalo\u017een\u00fdm na konkr\u00e9tn\u00edch z\u00e1jmech, jako je BDSM, polyamorie a dokonce i feti\u0161e. Tyto skupiny v\u00e1m umo\u017e\u0148uj\u00ed mluvit o tom, co chcete d\u011blat a jak moc to chcete d\u011blat. M\u016f\u017eete tak\u00e9 pou\u017e\u00edt f\u00f3ra k polo\u017een\u00ed ot\u00e1zek a z\u00edsk\u00e1n\u00ed rad od ostatn\u00edch \u010dlen\u016f.<\/p>\n<h3>Vym\u011b\u0148uje<\/h3>\n<p>Swapy jsou dal\u0161\u00ed skv\u011blou volbou pro nalezen\u00ed partnera. Tato str\u00e1nka umo\u017e\u0148uje proch\u00e1zet profily lid\u00ed, kte\u0159\u00ed cht\u011bj\u00ed vym\u011bnit. Vyhled\u00e1v\u00e1n\u00ed m\u016f\u017eete filtrovat podle v\u011bku, pohlav\u00ed, polohy a sexu\u00e1ln\u00ed orientace. Jakmile najdete n\u011bkoho, s k\u00fdm byste se cht\u011bli setkat, m\u016f\u017eete pos\u00edlat zpr\u00e1vy p\u0159\u00edmo z profilu. Pokud se do 24 hodin neozvete, m\u016f\u017eete zpr\u00e1vu odeslat znovu.<\/p>\n<h3>Moder\u00e1tor<\/h3>\n<p>Kasidie.com je jednou z nejpopul\u00e1rn\u011bj\u0161\u00edch mo\u017enost\u00ed pro ty, kte\u0159\u00ed cht\u011bj\u00ed prozkoumat swingers. Nab\u00edzej\u00ed mnoho r\u016fzn\u00fdch aktivit, v\u010detn\u011b ve\u010d\u00edrk\u016f, skupinov\u00e9ho sexu a hran\u00ed rol\u00ed. Tato str\u00e1nka tak\u00e9 nab\u00edz\u00ed \u017eiv\u00e9 relace webov\u00e9 kamery, kde m\u016f\u017eete sledovat lidi, kte\u0159\u00ed spole\u010dn\u011b vystupuj\u00ed.<\/p>\n<h3>Alt<\/h3>\n<p>Pokud hled\u00e1te n\u011bjak\u00e9 dal\u0161\u00ed vzru\u0161en\u00ed, pod\u00edvejte se na Alt.com. Tato str\u00e1nka obsahuje sexy fotografie model\u016f, kter\u00e9 jsou ochotny prov\u00e1d\u011bt ur\u010dit\u00e9 \u010diny. D\u00edvky se svl\u00e9kaj\u00ed \u00fapln\u011b nah\u00e9 a p\u0159edv\u00e1d\u011bj\u00ed sv\u00e1 t\u011bla. N\u011bkter\u00e9 z fotografi\u00ed obsahuj\u00ed masturbaci, zat\u00edmco jin\u00e9 maj\u00ed explicitn\u00ed hardcore sex.<\/p>\n<p>Existuje mnoho v\u00fdhod pro p\u0159ipojen\u00ed k swinger webu. Za prv\u00e9, poskytuje v\u00e1m p\u0159\u00edstup k obrovsk\u00e9mu mno\u017estv\u00ed potenci\u00e1ln\u00edch partner\u016f. Za druh\u00e9, d\u00e1v\u00e1 v\u00e1m \u0161anci vyzkou\u0161et n\u011bco, co byste jinak nikdy neza\u017eili. Za t\u0159et\u00ed, poskytuje bezpe\u010dn\u00e9 prost\u0159ed\u00ed pro zkoum\u00e1n\u00ed va\u0161ich fantazi\u00ed. Nakonec v\u00e1m pom\u016f\u017ee vyhnout se tomu, abyste byli p\u0159isti\u017eeni, jak mluv\u00ed \u0161pinav\u011b online.<\/p>\n","protected":false},"excerpt":{"rendered":"<p>Nejlep\u0161\u00ed zp\u016fsob, jak se setkat s lidmi, kte\u0159\u00ed maj\u00ed z\u00e1jem o swingers, je p\u0159ipojit se k swinger seznamce. Existuje mnoho mo\u017enost\u00ed, v\u010detn\u011b n\u011bkter\u00fdch placen\u00fdch, ale zjistili jsme, \u017ee v\u011bt\u0161ina nejlep\u0161\u00edch str\u00e1nek je zdarma. Tyto str\u00e1nky se staraj\u00ed konkr\u00e9tn\u011b o ty, kte\u0159\u00ed hledaj\u00ed p\u00e1ry, trojky a \u010dtve\u0159ice. Maj\u00ed tak\u00e9 tendenci b\u00fdt velmi diskr\u00e9tn\u00ed o tom, co &#8230; <a title=\"P\u0159\u00edle\u017eitostn\u00e9 Swinger Seznamovac\u00ed webov\u00e9 str\u00e1nky\" class=\"read-more\" href=\"https:\/\/blowflyofficial.com\/cs\/prilezitostne-swinger-seznamovaci-webove-stranky\/\" aria-label=\"V\u00edce na P\u0159\u00edle\u017eitostn\u00e9 Swinger Seznamovac\u00ed webov\u00e9 str\u00e1nky\">\u010c\u00edst d\u00e1l<\/a><\/p>\n","protected":false},"author":1,"featured_media":0,"parent":0,"menu_order":0,"comment_status":"closed","ping_status":"closed","template":"","meta":[],"yoast_head":"<!-- This site is optimized with the Yoast SEO plugin v17.7.1 - https:\/\/yoast.com\/wordpress\/plugins\/seo\/ -->\n<title>P\u0159\u00edle\u017eitostn\u00e9 Swinger Seznamovac\u00ed webov\u00e9 str\u00e1nky - \u017deb\u0159\u00ed\u010dky p\u0159ipojen\u00ed<\/title>\n<meta name=\"robots\" content=\"index, follow, max-snippet:-1, max-image-preview:large, max-video-preview:-1\" \/>\n<link rel=\"canonical\" href=\"https:\/\/blowflyofficial.com\/cs\/prilezitostne-swinger-seznamovaci-webove-stranky\/\" \/>\n<meta property=\"og:locale\" content=\"cs_CZ\" \/>\n<meta property=\"og:type\" content=\"article\" \/>\n<meta property=\"og:title\" content=\"P\u0159\u00edle\u017eitostn\u00e9 Swinger Seznamovac\u00ed webov\u00e9 str\u00e1nky - \u017deb\u0159\u00ed\u010dky p\u0159ipojen\u00ed\" \/>\n<meta property=\"og:description\" content=\"Nejlep\u0161\u00ed zp\u016fsob, jak se setkat s lidmi, kte\u0159\u00ed maj\u00ed z\u00e1jem o swingers, je p\u0159ipojit se k swinger seznamce. Existuje mnoho mo\u017enost\u00ed, v\u010detn\u011b n\u011bkter\u00fdch placen\u00fdch, ale zjistili jsme, \u017ee v\u011bt\u0161ina nejlep\u0161\u00edch str\u00e1nek je zdarma. Tyto str\u00e1nky se staraj\u00ed konkr\u00e9tn\u011b o ty, kte\u0159\u00ed hledaj\u00ed p\u00e1ry, trojky a \u010dtve\u0159ice. Maj\u00ed tak\u00e9 tendenci b\u00fdt velmi diskr\u00e9tn\u00ed o tom, co ... \u010c\u00edst d\u00e1l\" \/>\n<meta property=\"og:url\" content=\"https:\/\/blowflyofficial.com\/cs\/prilezitostne-swinger-seznamovaci-webove-stranky\/\" \/>\n<meta property=\"og:site_name\" content=\"\u017deb\u0159\u00ed\u010dky p\u0159ipojen\u00ed\" \/>\n<meta name=\"twitter:card\" content=\"summary_large_image\" \/>\n<meta name=\"twitter:label1\" content=\"Odhadovan\u00e1 doba \u010dten\u00ed\" \/>\n\t<meta name=\"twitter:data1\" content=\"4 minuty\" \/>\n<script type=\"application\/ld+json\" class=\"yoast-schema-graph\">{\"@context\":\"https:\/\/schema.org\",\"@graph\":[{\"@type\":\"WebSite\",\"@id\":\"http:\/\/blowflyofficial.com\/da\/#website\",\"url\":\"http:\/\/blowflyofficial.com\/da\/\",\"name\":\"\\u017deb\\u0159\\u00ed\\u010dky p\\u0159ipojen\\u00ed\",\"description\":\"P\\u0159\\u00edle\\u017eitostn\\u00e9 seznamovac\\u00ed rady\",\"potentialAction\":[{\"@type\":\"SearchAction\",\"target\":{\"@type\":\"EntryPoint\",\"urlTemplate\":\"http:\/\/blowflyofficial.com\/da\/?s={search_term_string}\"},\"query-input\":\"required name=search_term_string\"}],\"inLanguage\":\"cs\"},{\"@type\":\"WebPage\",\"@id\":\"https:\/\/blowflyofficial.com\/cs\/prilezitostne-swinger-seznamovaci-webove-stranky\/#webpage\",\"url\":\"https:\/\/blowflyofficial.com\/cs\/prilezitostne-swinger-seznamovaci-webove-stranky\/\",\"name\":\"P\\u0159\\u00edle\\u017eitostn\\u00e9 Swinger Seznamovac\\u00ed webov\\u00e9 str\\u00e1nky - \\u017deb\\u0159\\u00ed\\u010dky p\\u0159ipojen\\u00ed\",\"isPartOf\":{\"@id\":\"http:\/\/blowflyofficial.com\/da\/#website\"},\"datePublished\":\"2022-08-30T13:15:19+00:00\",\"dateModified\":\"2022-08-30T13:15:19+00:00\",\"breadcrumb\":{\"@id\":\"https:\/\/blowflyofficial.com\/cs\/prilezitostne-swinger-seznamovaci-webove-stranky\/#breadcrumb\"},\"inLanguage\":\"cs\",\"potentialAction\":[{\"@type\":\"ReadAction\",\"target\":[\"https:\/\/blowflyofficial.com\/cs\/prilezitostne-swinger-seznamovaci-webove-stranky\/\"]}]},{\"@type\":\"BreadcrumbList\",\"@id\":\"https:\/\/blowflyofficial.com\/cs\/prilezitostne-swinger-seznamovaci-webove-stranky\/#breadcrumb\",\"itemListElement\":[{\"@type\":\"ListItem\",\"position\":1,\"name\":\"Home\",\"item\":\"https:\/\/blowflyofficial.com\/cs\/\"},{\"@type\":\"ListItem\",\"position\":2,\"name\":\"P\\u0159\\u00edle\\u017eitostn\\u00e9 Swinger Seznamovac\\u00ed webov\\u00e9 str\\u00e1nky\"}]}]}<\/script>\n<!-- \/ Yoast SEO plugin. -->","yoast_head_json":{"title":"P\u0159\u00edle\u017eitostn\u00e9 Swinger Seznamovac\u00ed webov\u00e9 str\u00e1nky - \u017deb\u0159\u00ed\u010dky p\u0159ipojen\u00ed","robots":{"index":"index","follow":"follow","max-snippet":"max-snippet:-1","max-image-preview":"max-image-preview:large","max-video-preview":"max-video-preview:-1"},"canonical":"https:\/\/blowflyofficial.com\/cs\/prilezitostne-swinger-seznamovaci-webove-stranky\/","og_locale":"cs_CZ","og_type":"article","og_title":"P\u0159\u00edle\u017eitostn\u00e9 Swinger Seznamovac\u00ed webov\u00e9 str\u00e1nky - \u017deb\u0159\u00ed\u010dky p\u0159ipojen\u00ed","og_description":"Nejlep\u0161\u00ed zp\u016fsob, jak se setkat s lidmi, kte\u0159\u00ed maj\u00ed z\u00e1jem o swingers, je p\u0159ipojit se k swinger seznamce. Existuje mnoho mo\u017enost\u00ed, v\u010detn\u011b n\u011bkter\u00fdch placen\u00fdch, ale zjistili jsme, \u017ee v\u011bt\u0161ina nejlep\u0161\u00edch str\u00e1nek je zdarma. Tyto str\u00e1nky se staraj\u00ed konkr\u00e9tn\u011b o ty, kte\u0159\u00ed hledaj\u00ed p\u00e1ry, trojky a \u010dtve\u0159ice. Maj\u00ed tak\u00e9 tendenci b\u00fdt velmi diskr\u00e9tn\u00ed o tom, co ... \u010c\u00edst d\u00e1l","og_url":"https:\/\/blowflyofficial.com\/cs\/prilezitostne-swinger-seznamovaci-webove-stranky\/","og_site_name":"\u017deb\u0159\u00ed\u010dky p\u0159ipojen\u00ed","twitter_card":"summary_large_image","twitter_misc":{"Odhadovan\u00e1 doba \u010dten\u00ed":"4 minuty"},"schema":{"@context":"https:\/\/schema.org","@graph":[{"@type":"WebSite","@id":"http:\/\/blowflyofficial.com\/da\/#website","url":"http:\/\/blowflyofficial.com\/da\/","name":"\u017deb\u0159\u00ed\u010dky p\u0159ipojen\u00ed","description":"P\u0159\u00edle\u017eitostn\u00e9 seznamovac\u00ed rady","potentialAction":[{"@type":"SearchAction","target":{"@type":"EntryPoint","urlTemplate":"http:\/\/blowflyofficial.com\/da\/?s={search_term_string}"},"query-input":"required name=search_term_string"}],"inLanguage":"cs"},{"@type":"WebPage","@id":"https:\/\/blowflyofficial.com\/cs\/prilezitostne-swinger-seznamovaci-webove-stranky\/#webpage","url":"https:\/\/blowflyofficial.com\/cs\/prilezitostne-swinger-seznamovaci-webove-stranky\/","name":"P\u0159\u00edle\u017eitostn\u00e9 Swinger Seznamovac\u00ed webov\u00e9 str\u00e1nky - \u017deb\u0159\u00ed\u010dky p\u0159ipojen\u00ed","isPartOf":{"@id":"http:\/\/blowflyofficial.com\/da\/#website"},"datePublished":"2022-08-30T13:15:19+00:00","dateModified":"2022-08-30T13:15:19+00:00","breadcrumb":{"@id":"https:\/\/blowflyofficial.com\/cs\/prilezitostne-swinger-seznamovaci-webove-stranky\/#breadcrumb"},"inLanguage":"cs","potentialAction":[{"@type":"ReadAction","target":["https:\/\/blowflyofficial.com\/cs\/prilezitostne-swinger-seznamovaci-webove-stranky\/"]}]},{"@type":"BreadcrumbList","@id":"https:\/\/blowflyofficial.com\/cs\/prilezitostne-swinger-seznamovaci-webove-stranky\/#breadcrumb","itemListElement":[{"@type":"ListItem","position":1,"name":"Home","item":"https:\/\/blowflyofficial.com\/cs\/"},{"@type":"ListItem","position":2,"name":"P\u0159\u00edle\u017eitostn\u00e9 Swinger Seznamovac\u00ed webov\u00e9 str\u00e1nky"}]}]}},"_links":{"self":[{"href":"https:\/\/blowflyofficial.com\/cs\/wp-json\/wp\/v2\/pages\/154"}],"collection":[{"href":"https:\/\/blowflyofficial.com\/cs\/wp-json\/wp\/v2\/pages"}],"about":[{"href":"https:\/\/blowflyofficial.com\/cs\/wp-json\/wp\/v2\/types\/page"}],"author":[{"embeddable":true,"href":"https:\/\/blowflyofficial.com\/cs\/wp-json\/wp\/v2\/users\/1"}],"replies":[{"embeddable":true,"href":"https:\/\/blowflyofficial.com\/cs\/wp-json\/wp\/v2\/comments?post=154"}],"version-history":[{"count":0,"href":"https:\/\/blowflyofficial.com\/cs\/wp-json\/wp\/v2\/pages\/154\/revisions"}],"wp:attachment":[{"href":"https:\/\/blowflyofficial.com\/cs\/wp-json\/wp\/v2\/media?parent=154"}],"curies":[{"name":"wp","href":"https:\/\/api.w.org\/{rel}","templated":true}]}}