{"id":152,"date":"2022-08-30T14:12:58","date_gmt":"2022-08-30T13:12:58","guid":{"rendered":"http:\/\/blowflyofficial.com\/najdete-milf-ve-vasi-oblasti\/"},"modified":"2022-08-30T14:12:58","modified_gmt":"2022-08-30T13:12:58","slug":"najdete-milf-ve-vasi-oblasti","status":"publish","type":"page","link":"https:\/\/blowflyofficial.com\/cs\/najdete-milf-ve-vasi-oblasti\/","title":{"rendered":"Najd\u011bte MILF ve va\u0161\u00ed oblasti"},"content":{"rendered":"<p>MILF jsou hork\u00e9. Jsou nadr\u017een\u00ed, zku\u0161en\u00ed a v\u011bd\u00ed, co cht\u011bj\u00ed. Nemus\u00edte se ob\u00e1vat, \u017ee byste se zranili, proto\u017ee budete schopni uspokojit jej\u00ed pot\u0159eby. Pokud se chcete p\u0159ipojit k milf, existuje spousta m\u00edst, kde najdete jeden v okol\u00ed. Tato str\u00e1nka usnad\u0148uje setk\u00e1n\u00ed s m\u00edstn\u00edmi milfs a u\u017e\u00edt si n\u011bjakou sexu\u00e1ln\u00ed z\u00e1bavu. A\u0165 u\u017e hled\u00e1te p\u0159\u00edle\u017eitostn\u00e9 setk\u00e1n\u00ed nebo n\u011bco v\u00e1\u017en\u011bj\u0161\u00edho, budete m\u00edt p\u0159\u00edstup k tis\u00edc\u016fm skute\u010dn\u00fdch lid\u00ed, kte\u0159\u00ed jsou stejn\u011b jako vy.<\/p>\n<h2>Seznam m\u00edstn\u00edch MILF online<\/h2>\n<p>V\u00edte, jak to chod\u00ed&#8230; vid\u00edte jednu horkou d\u00edvku online, p\u0159em\u00fd\u0161l\u00edte o tom, \u017ee j\u00ed po\u0161lete zpr\u00e1vu, a pak skon\u010d\u00edte hodiny proch\u00e1zen\u00edm profil\u016f a hled\u00e1n\u00edm n\u011bkoho, jako je ona. Pak se kone\u010dn\u011b rozhodnete, \u017ee to zkus\u00edte a po\u0161lete j\u00ed zpr\u00e1vu a douf\u00e1te, \u017ee na jej\u00edm profilu je n\u011bco zvl\u00e1\u0161tn\u00edho, d\u00edky \u010demu se odli\u0161uje od v\u0161ech ostatn\u00edch. Ale pravdou je, \u017ee v\u011bt\u0161inu \u010dasu ani nev\u00edte, pro\u010d jste znovu a znovu odm\u00edt\u00e1ni. A i kdy\u017e ne\u0159\u00edk\u00e1m, \u017ee ka\u017ed\u00fd \u010dlov\u011bk na na\u0161ich str\u00e1nk\u00e1ch bude pro v\u00e1s ide\u00e1ln\u00ed, \u0159\u00edk\u00e1m, \u017ee se ujist\u00edme, \u017ee najdete p\u0159esn\u011b ten typ milf, kter\u00fd hled\u00e1te. Pom\u016f\u017eeme v\u00e1m naj\u00edt star\u0161\u00ed \u017eenu, kter\u00e1 ch\u00e1pe, co chcete a pot\u0159ebujete, a v\u00ed, co d\u011blat, aby v\u00e1s uspokojila. Tak\u017ee p\u0159esta\u0148te hledat ty sexy mlad\u00e9 hol\u010di\u010dky a za\u010dn\u011bte hledat skute\u010dnou dohodu je\u0161t\u011b dnes!<\/p>\n<h2>Jak naj\u00edt sex s nadr\u017een\u00fdmi maminkami ve va\u0161em okol\u00ed<\/h2>\n<p>MILF jsou n\u011bkter\u00e9 z nej\u017ehav\u011bj\u0161\u00edch \u017een v okol\u00ed. V\u011bd\u00ed, jak zach\u00e1zet s mu\u017eem a miluj\u00ed sex. Nen\u00ed pochyb o tom, \u017ee jsou jedn\u00edm z nejlep\u0161\u00edch typ\u016f datov\u00e1n\u00ed. Ale v\u011bt\u0161ina kluk\u016f si nen\u00ed jist\u00e1, kde za\u010d\u00edt, kdy\u017e se sna\u017e\u00ed randit s MILF. Tak\u017ee jsme dali dohromady n\u011bkolik tip\u016f, kter\u00e9 v\u00e1m pomohou naj\u00edt \u00fasp\u011bch s milf datov\u00e1n\u00edm. Internet je pln\u00fd str\u00e1nek MILF, kde se star\u0161\u00ed \u017eeny setk\u00e1vaj\u00ed s mlad\u0161\u00edmi mu\u017ei. Tyto str\u00e1nky nab\u00edzej\u00ed bezplatn\u00e9 \u010dlenstv\u00ed ka\u017ed\u00e9mu, kdo je ochoten zaplatit n\u011bjak\u00e9 pen\u00edze. Sta\u010d\u00ed se zaregistrovat a za\u010d\u00edt proch\u00e1zet profily. Existuj\u00ed tis\u00edce \u010dlen\u016f, kte\u0159\u00ed \u010dekaj\u00ed na nalezen\u00ed n\u011bkoho, jako jste vy. Nemus\u00edte si ani pos\u00edlat zpr\u00e1vy navz\u00e1jem. Sta\u010d\u00ed proch\u00e1zet profily a vybrat ten, kter\u00fd vypad\u00e1 zaj\u00edmav\u011b. Pot\u00e9 je snadn\u00e9 vym\u011b\u0148ovat si kontaktn\u00ed informace. Jakmile najdete n\u011bkoho, s k\u00fdm chcete mluvit, m\u016f\u017eete ho pozvat na k\u00e1vu nebo ve\u010de\u0159i. Pokud p\u0159ijme, budete v\u011bd\u011bt, co d\u011blat d\u00e1l.<\/p>\n<h3>Zoosk<\/h3>\n<p>Zoosk je skv\u011bl\u00e9 m\u00edsto pro setk\u00e1n\u00ed milfs hledaj\u00edc\u00ed z\u00e1bavu. Tato str\u00e1nka v\u00e1m umo\u017e\u0148uje nahr\u00e1vat fotografie a videa sebe sama, a m\u016f\u017eete dokonce pou\u017e\u00edt aplikaci k chatov\u00e1n\u00ed s potenci\u00e1ln\u00edmi shodami. Profily m\u016f\u017eete proch\u00e1zet na z\u00e1klad\u011b lokality, v\u011bkov\u00e9ho rozmez\u00ed, pohlav\u00ed, z\u00e1jm\u016f a dal\u0161\u00edch parametr\u016f. Jakmile najdete n\u011bkoho, kdo se v\u00e1m l\u00edb\u00ed, m\u016f\u017eete pos\u00edlat zpr\u00e1vy, kl\u00e1st ot\u00e1zky a domlouvat si data.<\/p>\n<h3>AdultFriendFinder<\/h3>\n<p>Adult Friend Finder je jedn\u00edm z nejstar\u0161\u00edch a nejv\u011bt\u0161\u00edch seznamovac\u00edch web\u016f pro dosp\u011bl\u00e9 online. S v\u00edce ne\u017e 20 miliony \u010dlen\u016f najde AF lidi, kte\u0159\u00ed se zaj\u00edmaj\u00ed o v\u0161e od v\u00fdst\u0159edn\u00edch feti\u0161\u016f a\u017e po swingers p\u00e1ry. Nab\u00edz\u00ed velmi aktivn\u00ed soci\u00e1ln\u00ed s\u00ed\u0165, kde se \u010dlenov\u00e9 mohou navz\u00e1jem spojit. M\u016f\u017eete zobrazit obr\u00e1zky \u010dlen\u016f, chat, e-mail a mnoho dal\u0161\u00edho.<\/p>\n<h3>MommyFinders<\/h3>\n<p>Mommyfinders je dal\u0161\u00ed dobrou volbou pro milfs, kte\u0159\u00ed hledaj\u00ed z\u00e1bavu online. Tento web funguje stejn\u011b jako Tinder, s v\u00fdjimkou toho, \u017ee nep\u0159ej\u00ed\u017ed\u00edte prstem doleva ani doprava. M\u00edsto toho se shodujete s lidmi podle sv\u00fdch preferenc\u00ed. M\u016f\u017eete nap\u0159\u00edklad filtrovat \u010dleny podle etnick\u00e9ho p\u016fvodu, v\u011bku, typu t\u011bla, \u017eivotn\u00edho stylu a dal\u0161\u00edch. Po sp\u00e1rov\u00e1n\u00ed s n\u011bkolika lidmi s nimi m\u016f\u017eete za\u010d\u00edt chatovat prost\u0159ednictv\u00edm textov\u00e9 zpr\u00e1vy nebo videohovoru.<\/p>\n","protected":false},"excerpt":{"rendered":"<p>MILF jsou hork\u00e9. Jsou nadr\u017een\u00ed, zku\u0161en\u00ed a v\u011bd\u00ed, co cht\u011bj\u00ed. Nemus\u00edte se ob\u00e1vat, \u017ee byste se zranili, proto\u017ee budete schopni uspokojit jej\u00ed pot\u0159eby. Pokud se chcete p\u0159ipojit k milf, existuje spousta m\u00edst, kde najdete jeden v okol\u00ed. Tato str\u00e1nka usnad\u0148uje setk\u00e1n\u00ed s m\u00edstn\u00edmi milfs a u\u017e\u00edt si n\u011bjakou sexu\u00e1ln\u00ed z\u00e1bavu. A\u0165 u\u017e hled\u00e1te p\u0159\u00edle\u017eitostn\u00e9 setk\u00e1n\u00ed &#8230; <a title=\"Najd\u011bte MILF ve va\u0161\u00ed oblasti\" class=\"read-more\" href=\"https:\/\/blowflyofficial.com\/cs\/najdete-milf-ve-vasi-oblasti\/\" aria-label=\"V\u00edce na Najd\u011bte MILF ve va\u0161\u00ed oblasti\">\u010c\u00edst d\u00e1l<\/a><\/p>\n","protected":false},"author":1,"featured_media":0,"parent":0,"menu_order":0,"comment_status":"closed","ping_status":"closed","template":"","meta":[],"yoast_head":"<!-- This site is optimized with the Yoast SEO plugin v17.7.1 - https:\/\/yoast.com\/wordpress\/plugins\/seo\/ -->\n<title>Najd\u011bte MILF ve va\u0161\u00ed oblasti - \u017deb\u0159\u00ed\u010dky p\u0159ipojen\u00ed<\/title>\n<meta name=\"robots\" content=\"index, follow, max-snippet:-1, max-image-preview:large, max-video-preview:-1\" \/>\n<link rel=\"canonical\" href=\"https:\/\/blowflyofficial.com\/cs\/najdete-milf-ve-vasi-oblasti\/\" \/>\n<meta property=\"og:locale\" content=\"cs_CZ\" \/>\n<meta property=\"og:type\" content=\"article\" \/>\n<meta property=\"og:title\" content=\"Najd\u011bte MILF ve va\u0161\u00ed oblasti - \u017deb\u0159\u00ed\u010dky p\u0159ipojen\u00ed\" \/>\n<meta property=\"og:description\" content=\"MILF jsou hork\u00e9. Jsou nadr\u017een\u00ed, zku\u0161en\u00ed a v\u011bd\u00ed, co cht\u011bj\u00ed. Nemus\u00edte se ob\u00e1vat, \u017ee byste se zranili, proto\u017ee budete schopni uspokojit jej\u00ed pot\u0159eby. Pokud se chcete p\u0159ipojit k milf, existuje spousta m\u00edst, kde najdete jeden v okol\u00ed. Tato str\u00e1nka usnad\u0148uje setk\u00e1n\u00ed s m\u00edstn\u00edmi milfs a u\u017e\u00edt si n\u011bjakou sexu\u00e1ln\u00ed z\u00e1bavu. A\u0165 u\u017e hled\u00e1te p\u0159\u00edle\u017eitostn\u00e9 setk\u00e1n\u00ed ... \u010c\u00edst d\u00e1l\" \/>\n<meta property=\"og:url\" content=\"https:\/\/blowflyofficial.com\/cs\/najdete-milf-ve-vasi-oblasti\/\" \/>\n<meta property=\"og:site_name\" content=\"\u017deb\u0159\u00ed\u010dky p\u0159ipojen\u00ed\" \/>\n<meta name=\"twitter:card\" content=\"summary_large_image\" \/>\n<meta name=\"twitter:label1\" content=\"Odhadovan\u00e1 doba \u010dten\u00ed\" \/>\n\t<meta name=\"twitter:data1\" content=\"4 minuty\" \/>\n<script type=\"application\/ld+json\" class=\"yoast-schema-graph\">{\"@context\":\"https:\/\/schema.org\",\"@graph\":[{\"@type\":\"WebSite\",\"@id\":\"http:\/\/blowflyofficial.com\/da\/#website\",\"url\":\"http:\/\/blowflyofficial.com\/da\/\",\"name\":\"\\u017deb\\u0159\\u00ed\\u010dky p\\u0159ipojen\\u00ed\",\"description\":\"P\\u0159\\u00edle\\u017eitostn\\u00e9 seznamovac\\u00ed rady\",\"potentialAction\":[{\"@type\":\"SearchAction\",\"target\":{\"@type\":\"EntryPoint\",\"urlTemplate\":\"http:\/\/blowflyofficial.com\/da\/?s={search_term_string}\"},\"query-input\":\"required name=search_term_string\"}],\"inLanguage\":\"cs\"},{\"@type\":\"WebPage\",\"@id\":\"https:\/\/blowflyofficial.com\/cs\/najdete-milf-ve-vasi-oblasti\/#webpage\",\"url\":\"https:\/\/blowflyofficial.com\/cs\/najdete-milf-ve-vasi-oblasti\/\",\"name\":\"Najd\\u011bte MILF ve va\\u0161\\u00ed oblasti - \\u017deb\\u0159\\u00ed\\u010dky p\\u0159ipojen\\u00ed\",\"isPartOf\":{\"@id\":\"http:\/\/blowflyofficial.com\/da\/#website\"},\"datePublished\":\"2022-08-30T13:12:58+00:00\",\"dateModified\":\"2022-08-30T13:12:58+00:00\",\"breadcrumb\":{\"@id\":\"https:\/\/blowflyofficial.com\/cs\/najdete-milf-ve-vasi-oblasti\/#breadcrumb\"},\"inLanguage\":\"cs\",\"potentialAction\":[{\"@type\":\"ReadAction\",\"target\":[\"https:\/\/blowflyofficial.com\/cs\/najdete-milf-ve-vasi-oblasti\/\"]}]},{\"@type\":\"BreadcrumbList\",\"@id\":\"https:\/\/blowflyofficial.com\/cs\/najdete-milf-ve-vasi-oblasti\/#breadcrumb\",\"itemListElement\":[{\"@type\":\"ListItem\",\"position\":1,\"name\":\"Home\",\"item\":\"https:\/\/blowflyofficial.com\/cs\/\"},{\"@type\":\"ListItem\",\"position\":2,\"name\":\"Najd\\u011bte MILF ve va\\u0161\\u00ed oblasti\"}]}]}<\/script>\n<!-- \/ Yoast SEO plugin. -->","yoast_head_json":{"title":"Najd\u011bte MILF ve va\u0161\u00ed oblasti - \u017deb\u0159\u00ed\u010dky p\u0159ipojen\u00ed","robots":{"index":"index","follow":"follow","max-snippet":"max-snippet:-1","max-image-preview":"max-image-preview:large","max-video-preview":"max-video-preview:-1"},"canonical":"https:\/\/blowflyofficial.com\/cs\/najdete-milf-ve-vasi-oblasti\/","og_locale":"cs_CZ","og_type":"article","og_title":"Najd\u011bte MILF ve va\u0161\u00ed oblasti - \u017deb\u0159\u00ed\u010dky p\u0159ipojen\u00ed","og_description":"MILF jsou hork\u00e9. Jsou nadr\u017een\u00ed, zku\u0161en\u00ed a v\u011bd\u00ed, co cht\u011bj\u00ed. Nemus\u00edte se ob\u00e1vat, \u017ee byste se zranili, proto\u017ee budete schopni uspokojit jej\u00ed pot\u0159eby. Pokud se chcete p\u0159ipojit k milf, existuje spousta m\u00edst, kde najdete jeden v okol\u00ed. Tato str\u00e1nka usnad\u0148uje setk\u00e1n\u00ed s m\u00edstn\u00edmi milfs a u\u017e\u00edt si n\u011bjakou sexu\u00e1ln\u00ed z\u00e1bavu. A\u0165 u\u017e hled\u00e1te p\u0159\u00edle\u017eitostn\u00e9 setk\u00e1n\u00ed ... \u010c\u00edst d\u00e1l","og_url":"https:\/\/blowflyofficial.com\/cs\/najdete-milf-ve-vasi-oblasti\/","og_site_name":"\u017deb\u0159\u00ed\u010dky p\u0159ipojen\u00ed","twitter_card":"summary_large_image","twitter_misc":{"Odhadovan\u00e1 doba \u010dten\u00ed":"4 minuty"},"schema":{"@context":"https:\/\/schema.org","@graph":[{"@type":"WebSite","@id":"http:\/\/blowflyofficial.com\/da\/#website","url":"http:\/\/blowflyofficial.com\/da\/","name":"\u017deb\u0159\u00ed\u010dky p\u0159ipojen\u00ed","description":"P\u0159\u00edle\u017eitostn\u00e9 seznamovac\u00ed rady","potentialAction":[{"@type":"SearchAction","target":{"@type":"EntryPoint","urlTemplate":"http:\/\/blowflyofficial.com\/da\/?s={search_term_string}"},"query-input":"required name=search_term_string"}],"inLanguage":"cs"},{"@type":"WebPage","@id":"https:\/\/blowflyofficial.com\/cs\/najdete-milf-ve-vasi-oblasti\/#webpage","url":"https:\/\/blowflyofficial.com\/cs\/najdete-milf-ve-vasi-oblasti\/","name":"Najd\u011bte MILF ve va\u0161\u00ed oblasti - \u017deb\u0159\u00ed\u010dky p\u0159ipojen\u00ed","isPartOf":{"@id":"http:\/\/blowflyofficial.com\/da\/#website"},"datePublished":"2022-08-30T13:12:58+00:00","dateModified":"2022-08-30T13:12:58+00:00","breadcrumb":{"@id":"https:\/\/blowflyofficial.com\/cs\/najdete-milf-ve-vasi-oblasti\/#breadcrumb"},"inLanguage":"cs","potentialAction":[{"@type":"ReadAction","target":["https:\/\/blowflyofficial.com\/cs\/najdete-milf-ve-vasi-oblasti\/"]}]},{"@type":"BreadcrumbList","@id":"https:\/\/blowflyofficial.com\/cs\/najdete-milf-ve-vasi-oblasti\/#breadcrumb","itemListElement":[{"@type":"ListItem","position":1,"name":"Home","item":"https:\/\/blowflyofficial.com\/cs\/"},{"@type":"ListItem","position":2,"name":"Najd\u011bte MILF ve va\u0161\u00ed oblasti"}]}]}},"_links":{"self":[{"href":"https:\/\/blowflyofficial.com\/cs\/wp-json\/wp\/v2\/pages\/152"}],"collection":[{"href":"https:\/\/blowflyofficial.com\/cs\/wp-json\/wp\/v2\/pages"}],"about":[{"href":"https:\/\/blowflyofficial.com\/cs\/wp-json\/wp\/v2\/types\/page"}],"author":[{"embeddable":true,"href":"https:\/\/blowflyofficial.com\/cs\/wp-json\/wp\/v2\/users\/1"}],"replies":[{"embeddable":true,"href":"https:\/\/blowflyofficial.com\/cs\/wp-json\/wp\/v2\/comments?post=152"}],"version-history":[{"count":0,"href":"https:\/\/blowflyofficial.com\/cs\/wp-json\/wp\/v2\/pages\/152\/revisions"}],"wp:attachment":[{"href":"https:\/\/blowflyofficial.com\/cs\/wp-json\/wp\/v2\/media?parent=152"}],"curies":[{"name":"wp","href":"https:\/\/api.w.org\/{rel}","templated":true}]}}