{"id":150,"date":"2022-08-30T14:17:26","date_gmt":"2022-08-30T13:17:26","guid":{"rendered":"http:\/\/blowflyofficial.com\/vyhledavac-na-jednu-noc\/"},"modified":"2022-08-30T14:17:26","modified_gmt":"2022-08-30T13:17:26","slug":"vyhledavac-na-jednu-noc","status":"publish","type":"page","link":"https:\/\/blowflyofficial.com\/cs\/vyhledavac-na-jednu-noc\/","title":{"rendered":"Vyhled\u00e1va\u010d na jednu noc"},"content":{"rendered":"<p>Pokud chcete vyt\u00e1hnout sex na jednu noc se \u017eenami, vy\u017eaduje to ur\u010ditou p\u0159\u00edpravu a strategii. Nemus\u00edte jen p\u0159ij\u00edt k \u017een\u011b a zeptat se j\u00ed, co chce. Pokud tak u\u010din\u00edte, pravd\u011bpodobn\u011b skon\u010d\u00edte odm\u00edtnuti. Existuj\u00ed ur\u010dit\u00e9 v\u011bci, kter\u00e9 pot\u0159ebujete v\u011bd\u011bt o \u017een\u00e1ch, ne\u017e se k nim p\u0159ibl\u00ed\u017e\u00edte. Zde jsou kroky, kter\u00e9 mus\u00edte podniknout, abyste vyt\u00e1hli jednu noc se \u017eenami.<\/p>\n<h2>Na\u0161e tipy, jak naj\u00edt n\u011bco neform\u00e1ln\u00edho<\/h2>\n<p>Mnoho lid\u00ed si mysl\u00ed, \u017ee p\u0159\u00edle\u017eitostn\u00fd sex je jen o tom, jak se polo\u017eit, ani\u017e by se starali o cokoli jin\u00e9ho. Existuje v\u0161ak spousta v\u011bc\u00ed, kter\u00e9 je t\u0159eba zv\u00e1\u017eit nad r\u00e1mec samotn\u00e9ho fyzick\u00e9ho aktu. Existuj\u00ed rizika, kter\u00e1 by mohla ovlivnit ob\u011b strany. A i kdy\u017e ani jedna osoba nem\u00e1 pocit, \u017ee je tla\u010dena k tomu, aby d\u011blala n\u011bco, co nechce, st\u00e1le existuj\u00ed zp\u016fsoby, jak zajistit, aby se v\u0161ichni c\u00edtili pohodln\u011b.<\/p>\n<h3>Nejprve poznejte sami sebe<\/h3>\n<p>Nejd\u016fle\u017eit\u011bj\u0161\u00ed v\u011bc, kterou mus\u00edte ud\u011blat, ne\u017e vyt\u00e1hnete jednu noc se \u017eenou, je pochopit sebe. Co v\u00e1s nut\u00ed tikat? Pro\u010d reagujete tak, jak reagujete? Jak funguje v\u00e1\u0161 mozek? Tyto ot\u00e1zky v\u00e1m pomohou zjistit, pro\u010d jedn\u00e1te tak, jak jedn\u00e1te. Jakmile na tyto ot\u00e1zky odpov\u00edte, jste p\u0159ipraveni j\u00edt vp\u0159ed.<\/p>\n<h3>Bu\u010fte up\u0159\u00edmn\u00ed ohledn\u011b sv\u00fdch z\u00e1m\u011br\u016f<\/h3>\n<p>D\u00e1le se mus\u00edte ujistit, \u017ee \u0159\u00edk\u00e1te pravdu o sv\u00fdch z\u00e1m\u011brech. Nel\u017eete sob\u011b ani ostatn\u00edm. \u0158ekn\u011bte pravdu o tom, jak se c\u00edt\u00edte a co chcete. Pokud \u0159eknete n\u011bco jako &#8222;Hled\u00e1m n\u011bkoho zvl\u00e1\u0161tn\u00edho,&#8220; m\u016f\u017eete se r\u00e1no ocitnout sami. Pokud jste up\u0159\u00edmn\u00ed, nebudete se muset ob\u00e1vat, \u017ee budete odm\u00edtnuti.<\/p>\n<h3>Pt\u00e1t<\/h3>\n<p>Kdy\u017e se setk\u00e1te s lidmi, obvykle s nimi mluv\u00edte. Kdy\u017e se setk\u00e1te se \u017eenami, obvykle s nimi za\u010dnete mluvit. Ale nen\u00ed d\u016fvod j\u00edt p\u0159\u00edmo do konverzace. M\u00edsto toho pou\u017eijte mal\u00fd rozhovor, abyste se dozv\u011bd\u011bli o osob\u011b. Pokl\u00e1dejte otev\u0159en\u00e9 ot\u00e1zky. Nap\u0159\u00edklad: &#8222;Co d\u011bl\u00e1\u0161?&#8220; &#8222;Kde jsi vyr\u016fstal?&#8220; &#8222;Bydl\u00ed\u0161 tady?&#8220;<\/p>\n<h3>Poznejte svou hru<\/h3>\n<p>Prvn\u00edm krokem k vyzvednut\u00ed d\u00edvky je pozn\u00e1n\u00ed sebe sama. Mus\u00edte pochopit, co v\u00e1s d\u011bl\u00e1 atraktivn\u00edm pro \u017eeny. R\u00e1di mluv\u00edte s lidmi? Jste odchoz\u00ed? Jsi vtipn\u00fd? Na t\u011bchto v\u011bcech z\u00e1le\u017e\u00ed. Pokud jste stydliv\u00ed, nebojte se; najdete n\u011bkoho jin\u00e9ho. Ale pokud jste jen trapn\u00ed, m\u016f\u017eete m\u00edt t\u011b\u017ek\u00e9 se polo\u017eit.<\/p>\n<p>Nepodce\u0148ujte humor. \u017deny miluj\u00ed chlapy, kte\u0159\u00ed vtipkuj\u00ed. Mysl\u00ed si, \u017ee to ukazuje d\u016fv\u011bru. A i kdy\u017e byste si nem\u011bli d\u011blat legraci z lid\u00ed, mus\u00edte se jednou za \u010das uvolnit. Kdy\u017e to ud\u011bl\u00e1te, pom\u016f\u017ee j\u00ed to uvolnit.<\/p>\n<h2>Budoucnost p\u0159ipojen\u00ed?<\/h2>\n<p>Tinder je \u010dasto kritizov\u00e1n za to, \u017ee je oslavovanou aplikac\u00ed pro sex, ale ve skute\u010dnosti d\u011bl\u00e1 n\u011bco docela jin\u00e9ho. Ve skute\u010dnosti pom\u00e1h\u00e1 lidem orientovat se ve sv\u011bt\u011b datov\u00e1n\u00ed zcela nov\u00fdm zp\u016fsobem.<\/p>\n<p>Za star\u00fdch \u010das\u016f setk\u00e1n\u00ed s n\u011bk\u00fdm znamenalo, \u017ee si mus\u00edte sednout nad n\u00e1pojem a ve\u010de\u0159\u00ed, poslouchat nudn\u00e9 p\u0159\u00edb\u011bhy o sob\u011b a doufat, \u017ee to tref\u00edte. Pak p\u0159i\u0161lo online seznamov\u00e1n\u00ed, kde jsme to v\u0161echno mohli p\u0159esko\u010dit a setkat se s potenci\u00e1ln\u00edmi partnery ve virtu\u00e1ln\u00edch chatovac\u00edch m\u00edstnostech. Ale co se stane, kdy\u017e se chcete setkat, ani\u017e byste str\u00e1vili hodiny mluven\u00edm na po\u010d\u00edta\u010di? No, jdete do baru nebo klubu a douf\u00e1te, \u017ee naraz\u00edte na n\u011bkoho v pohod\u011b. Nebo zavol\u00e1te kamar\u00e1dce a po\u017e\u00e1d\u00e1te ji, aby v\u00e1s nastavila. Ob\u011b mo\u017enosti v\u0161ak vy\u017eaduj\u00ed ur\u010dit\u00e9 \u00fasil\u00ed a mohou trvat t\u00fddny, ne\u017e se stanou.<\/p>\n","protected":false},"excerpt":{"rendered":"<p>Pokud chcete vyt\u00e1hnout sex na jednu noc se \u017eenami, vy\u017eaduje to ur\u010ditou p\u0159\u00edpravu a strategii. Nemus\u00edte jen p\u0159ij\u00edt k \u017een\u011b a zeptat se j\u00ed, co chce. Pokud tak u\u010din\u00edte, pravd\u011bpodobn\u011b skon\u010d\u00edte odm\u00edtnuti. Existuj\u00ed ur\u010dit\u00e9 v\u011bci, kter\u00e9 pot\u0159ebujete v\u011bd\u011bt o \u017een\u00e1ch, ne\u017e se k nim p\u0159ibl\u00ed\u017e\u00edte. Zde jsou kroky, kter\u00e9 mus\u00edte podniknout, abyste vyt\u00e1hli jednu noc &#8230; <a title=\"Vyhled\u00e1va\u010d na jednu noc\" class=\"read-more\" href=\"https:\/\/blowflyofficial.com\/cs\/vyhledavac-na-jednu-noc\/\" aria-label=\"V\u00edce na Vyhled\u00e1va\u010d na jednu noc\">\u010c\u00edst d\u00e1l<\/a><\/p>\n","protected":false},"author":1,"featured_media":0,"parent":0,"menu_order":0,"comment_status":"closed","ping_status":"closed","template":"","meta":[],"yoast_head":"<!-- This site is optimized with the Yoast SEO plugin v17.7.1 - https:\/\/yoast.com\/wordpress\/plugins\/seo\/ -->\n<title>Vyhled\u00e1va\u010d na jednu noc - \u017deb\u0159\u00ed\u010dky p\u0159ipojen\u00ed<\/title>\n<meta name=\"robots\" content=\"index, follow, max-snippet:-1, max-image-preview:large, max-video-preview:-1\" \/>\n<link rel=\"canonical\" href=\"https:\/\/blowflyofficial.com\/cs\/vyhledavac-na-jednu-noc\/\" \/>\n<meta property=\"og:locale\" content=\"cs_CZ\" \/>\n<meta property=\"og:type\" content=\"article\" \/>\n<meta property=\"og:title\" content=\"Vyhled\u00e1va\u010d na jednu noc - \u017deb\u0159\u00ed\u010dky p\u0159ipojen\u00ed\" \/>\n<meta property=\"og:description\" content=\"Pokud chcete vyt\u00e1hnout sex na jednu noc se \u017eenami, vy\u017eaduje to ur\u010ditou p\u0159\u00edpravu a strategii. Nemus\u00edte jen p\u0159ij\u00edt k \u017een\u011b a zeptat se j\u00ed, co chce. Pokud tak u\u010din\u00edte, pravd\u011bpodobn\u011b skon\u010d\u00edte odm\u00edtnuti. Existuj\u00ed ur\u010dit\u00e9 v\u011bci, kter\u00e9 pot\u0159ebujete v\u011bd\u011bt o \u017een\u00e1ch, ne\u017e se k nim p\u0159ibl\u00ed\u017e\u00edte. Zde jsou kroky, kter\u00e9 mus\u00edte podniknout, abyste vyt\u00e1hli jednu noc ... \u010c\u00edst d\u00e1l\" \/>\n<meta property=\"og:url\" content=\"https:\/\/blowflyofficial.com\/cs\/vyhledavac-na-jednu-noc\/\" \/>\n<meta property=\"og:site_name\" content=\"\u017deb\u0159\u00ed\u010dky p\u0159ipojen\u00ed\" \/>\n<meta name=\"twitter:card\" content=\"summary_large_image\" \/>\n<meta name=\"twitter:label1\" content=\"Odhadovan\u00e1 doba \u010dten\u00ed\" \/>\n\t<meta name=\"twitter:data1\" content=\"3 minuty\" \/>\n<script type=\"application\/ld+json\" class=\"yoast-schema-graph\">{\"@context\":\"https:\/\/schema.org\",\"@graph\":[{\"@type\":\"WebSite\",\"@id\":\"http:\/\/blowflyofficial.com\/da\/#website\",\"url\":\"http:\/\/blowflyofficial.com\/da\/\",\"name\":\"\\u017deb\\u0159\\u00ed\\u010dky p\\u0159ipojen\\u00ed\",\"description\":\"P\\u0159\\u00edle\\u017eitostn\\u00e9 seznamovac\\u00ed rady\",\"potentialAction\":[{\"@type\":\"SearchAction\",\"target\":{\"@type\":\"EntryPoint\",\"urlTemplate\":\"http:\/\/blowflyofficial.com\/da\/?s={search_term_string}\"},\"query-input\":\"required name=search_term_string\"}],\"inLanguage\":\"cs\"},{\"@type\":\"WebPage\",\"@id\":\"https:\/\/blowflyofficial.com\/cs\/vyhledavac-na-jednu-noc\/#webpage\",\"url\":\"https:\/\/blowflyofficial.com\/cs\/vyhledavac-na-jednu-noc\/\",\"name\":\"Vyhled\\u00e1va\\u010d na jednu noc - \\u017deb\\u0159\\u00ed\\u010dky p\\u0159ipojen\\u00ed\",\"isPartOf\":{\"@id\":\"http:\/\/blowflyofficial.com\/da\/#website\"},\"datePublished\":\"2022-08-30T13:17:26+00:00\",\"dateModified\":\"2022-08-30T13:17:26+00:00\",\"breadcrumb\":{\"@id\":\"https:\/\/blowflyofficial.com\/cs\/vyhledavac-na-jednu-noc\/#breadcrumb\"},\"inLanguage\":\"cs\",\"potentialAction\":[{\"@type\":\"ReadAction\",\"target\":[\"https:\/\/blowflyofficial.com\/cs\/vyhledavac-na-jednu-noc\/\"]}]},{\"@type\":\"BreadcrumbList\",\"@id\":\"https:\/\/blowflyofficial.com\/cs\/vyhledavac-na-jednu-noc\/#breadcrumb\",\"itemListElement\":[{\"@type\":\"ListItem\",\"position\":1,\"name\":\"Home\",\"item\":\"https:\/\/blowflyofficial.com\/cs\/\"},{\"@type\":\"ListItem\",\"position\":2,\"name\":\"Vyhled\\u00e1va\\u010d na jednu noc\"}]}]}<\/script>\n<!-- \/ Yoast SEO plugin. -->","yoast_head_json":{"title":"Vyhled\u00e1va\u010d na jednu noc - \u017deb\u0159\u00ed\u010dky p\u0159ipojen\u00ed","robots":{"index":"index","follow":"follow","max-snippet":"max-snippet:-1","max-image-preview":"max-image-preview:large","max-video-preview":"max-video-preview:-1"},"canonical":"https:\/\/blowflyofficial.com\/cs\/vyhledavac-na-jednu-noc\/","og_locale":"cs_CZ","og_type":"article","og_title":"Vyhled\u00e1va\u010d na jednu noc - \u017deb\u0159\u00ed\u010dky p\u0159ipojen\u00ed","og_description":"Pokud chcete vyt\u00e1hnout sex na jednu noc se \u017eenami, vy\u017eaduje to ur\u010ditou p\u0159\u00edpravu a strategii. Nemus\u00edte jen p\u0159ij\u00edt k \u017een\u011b a zeptat se j\u00ed, co chce. Pokud tak u\u010din\u00edte, pravd\u011bpodobn\u011b skon\u010d\u00edte odm\u00edtnuti. Existuj\u00ed ur\u010dit\u00e9 v\u011bci, kter\u00e9 pot\u0159ebujete v\u011bd\u011bt o \u017een\u00e1ch, ne\u017e se k nim p\u0159ibl\u00ed\u017e\u00edte. Zde jsou kroky, kter\u00e9 mus\u00edte podniknout, abyste vyt\u00e1hli jednu noc ... \u010c\u00edst d\u00e1l","og_url":"https:\/\/blowflyofficial.com\/cs\/vyhledavac-na-jednu-noc\/","og_site_name":"\u017deb\u0159\u00ed\u010dky p\u0159ipojen\u00ed","twitter_card":"summary_large_image","twitter_misc":{"Odhadovan\u00e1 doba \u010dten\u00ed":"3 minuty"},"schema":{"@context":"https:\/\/schema.org","@graph":[{"@type":"WebSite","@id":"http:\/\/blowflyofficial.com\/da\/#website","url":"http:\/\/blowflyofficial.com\/da\/","name":"\u017deb\u0159\u00ed\u010dky p\u0159ipojen\u00ed","description":"P\u0159\u00edle\u017eitostn\u00e9 seznamovac\u00ed rady","potentialAction":[{"@type":"SearchAction","target":{"@type":"EntryPoint","urlTemplate":"http:\/\/blowflyofficial.com\/da\/?s={search_term_string}"},"query-input":"required name=search_term_string"}],"inLanguage":"cs"},{"@type":"WebPage","@id":"https:\/\/blowflyofficial.com\/cs\/vyhledavac-na-jednu-noc\/#webpage","url":"https:\/\/blowflyofficial.com\/cs\/vyhledavac-na-jednu-noc\/","name":"Vyhled\u00e1va\u010d na jednu noc - \u017deb\u0159\u00ed\u010dky p\u0159ipojen\u00ed","isPartOf":{"@id":"http:\/\/blowflyofficial.com\/da\/#website"},"datePublished":"2022-08-30T13:17:26+00:00","dateModified":"2022-08-30T13:17:26+00:00","breadcrumb":{"@id":"https:\/\/blowflyofficial.com\/cs\/vyhledavac-na-jednu-noc\/#breadcrumb"},"inLanguage":"cs","potentialAction":[{"@type":"ReadAction","target":["https:\/\/blowflyofficial.com\/cs\/vyhledavac-na-jednu-noc\/"]}]},{"@type":"BreadcrumbList","@id":"https:\/\/blowflyofficial.com\/cs\/vyhledavac-na-jednu-noc\/#breadcrumb","itemListElement":[{"@type":"ListItem","position":1,"name":"Home","item":"https:\/\/blowflyofficial.com\/cs\/"},{"@type":"ListItem","position":2,"name":"Vyhled\u00e1va\u010d na jednu noc"}]}]}},"_links":{"self":[{"href":"https:\/\/blowflyofficial.com\/cs\/wp-json\/wp\/v2\/pages\/150"}],"collection":[{"href":"https:\/\/blowflyofficial.com\/cs\/wp-json\/wp\/v2\/pages"}],"about":[{"href":"https:\/\/blowflyofficial.com\/cs\/wp-json\/wp\/v2\/types\/page"}],"author":[{"embeddable":true,"href":"https:\/\/blowflyofficial.com\/cs\/wp-json\/wp\/v2\/users\/1"}],"replies":[{"embeddable":true,"href":"https:\/\/blowflyofficial.com\/cs\/wp-json\/wp\/v2\/comments?post=150"}],"version-history":[{"count":0,"href":"https:\/\/blowflyofficial.com\/cs\/wp-json\/wp\/v2\/pages\/150\/revisions"}],"wp:attachment":[{"href":"https:\/\/blowflyofficial.com\/cs\/wp-json\/wp\/v2\/media?parent=150"}],"curies":[{"name":"wp","href":"https:\/\/api.w.org\/{rel}","templated":true}]}}