{"id":124,"date":"2022-08-30T13:59:12","date_gmt":"2022-08-30T12:59:12","guid":{"rendered":"http:\/\/blowflyofficial.com\/nejlepsi-seznamovaci-aplikace-pro-nalezeni-neceho-vazneho\/"},"modified":"2022-08-30T13:59:12","modified_gmt":"2022-08-30T12:59:12","slug":"nejlepsi-seznamovaci-aplikace-pro-nalezeni-neceho-vazneho","status":"publish","type":"page","link":"https:\/\/blowflyofficial.com\/cs\/nejlepsi-seznamovaci-aplikace-pro-nalezeni-neceho-vazneho\/","title":{"rendered":"Nejlep\u0161\u00ed seznamovac\u00ed aplikace pro nalezen\u00ed n\u011b\u010deho v\u00e1\u017en\u00e9ho"},"content":{"rendered":"<p>Online seznamovac\u00ed str\u00e1nky jsou skv\u011bl\u00e9, proto\u017ee jsou zdarma, anonymn\u00ed a pohodln\u00e9. Umo\u017e\u0148uj\u00ed v\u00e1m setkat se s nezadan\u00fdmi, kte\u0159\u00ed sd\u00edlej\u00ed podobn\u00e9 z\u00e1jmy, hodnoty a \u017eivotn\u00ed styl. Existuj\u00ed v\u0161ak i n\u011bkter\u00e9 nev\u00fdhody. Online seznamky nejsou dokonal\u00e9. N\u011bkter\u00e9 weby jsou pln\u00e9 fale\u0161n\u00fdch profil\u016f, spamov\u00fdch zpr\u00e1v a podvodn\u00edk\u016f. Jin\u00e9 vy\u017eaduj\u00ed, aby u\u017eivatel\u00e9 platili za upgrade \u010dlenstv\u00ed nebo pou\u017e\u00edv\u00e1n\u00ed pr\u00e9miov\u00fdch slu\u017eeb.<\/p>\n<p>To znamen\u00e1, \u017ee online seznamovac\u00ed str\u00e1nky st\u00e1le stoj\u00ed za to se pod\u00edvat. Existuje mnoho r\u016fzn\u00fdch typ\u016f online seznamovac\u00edch web\u016f, v\u010detn\u011b str\u00e1nek pro dohazov\u00e1n\u00ed, soci\u00e1ln\u00edch s\u00edt\u00ed a specializovan\u00fdch seznamovac\u00edch web\u016f. Ka\u017ed\u00fd typ nab\u00edz\u00ed sv\u016fj vlastn\u00ed jedine\u010dn\u00fd soubor v\u00fdhod.<\/p>\n<h2>Match.com<\/h2>\n<p>Match.com je jednou z nejpopul\u00e1rn\u011bj\u0161\u00edch online seznamek v okol\u00ed a nen\u00ed divu, pro\u010d. S <a href=\"http:\/\/blowflyofficial.com\/cs\/swapfinder-vs-easysex\/\">miliony lid\u00ed, kte\u0159\u00ed hledaj\u00ed l\u00e1sku ka\u017ed\u00fd den<\/a>, d\u00e1v\u00e1 smysl, \u017ee existuje spousta mo\u017enost\u00ed pro ty, kte\u0159\u00ed cht\u011bj\u00ed naj\u00edt l\u00e1sku. Ale i kdy\u017e je to u\u017e v\u00edce ne\u017e 20 let, Match.com nen\u00ed \u00fapln\u011b zdarma. Existuj\u00ed n\u011bkter\u00e9 placen\u00e9 funkce, kter\u00e9 p\u0159ich\u00e1zej\u00ed spolu s registrac\u00ed, jako je odes\u00edl\u00e1n\u00ed e-mail\u016f a proch\u00e1zen\u00ed fotografi\u00ed, ale skute\u010dn\u00e9 pen\u00edze p\u0159ich\u00e1zej\u00ed, kdy\u017e se rozhodnete za\u010d\u00edt pos\u00edlat zpr\u00e1vy \u010dlen\u016fm.<\/p>\n<p>Z\u00e1kladn\u00ed pl\u00e1n \u010dlenstv\u00ed stoj\u00ed $ 29 za m\u011bs\u00edc, zat\u00edmco bal\u00ed\u010dek Premium za\u010d\u00edn\u00e1 na $ 49 \/ m\u011bs\u00edc. Oba tyto pl\u00e1ny zahrnuj\u00ed p\u0159\u00edstup k cel\u00e9mu webu, v\u010detn\u011b mo\u017enosti proch\u00e1zet profily \u010dlen\u016f, odes\u00edlat zpr\u00e1vy, prohl\u00ed\u017eet fotografie a mnoho dal\u0161\u00edho. Pokud byste v\u0161ak cht\u011bli skute\u010dn\u011b komunikovat s potenci\u00e1ln\u00edmi shodami, budete muset upgradovat bu\u010f na zlat\u00fd bal\u00ed\u010dek ($ 79 \/ mo) nebo platinov\u00fd bal\u00ed\u010dek ($ 199 \/ mo). Tyto bal\u00ed\u010dky nab\u00edzej\u00ed dal\u0161\u00ed funkce, jako jsou neomezen\u00e9 linky chatu, videochaty a skupinov\u00e9 chaty. Pokud opravdu chcete j\u00edt naplno, m\u016f\u017eete utratit jen $ 99 \/ m\u011bs\u00edc na bal\u00ed\u010dek Diamond, kter\u00fd zahrnuje v\u0161e, co je sou\u010d\u00e1st\u00ed bal\u00ed\u010dku Platinum plus mo\u017enost vid\u011bt, kdo si prohl\u00e9dl v\u00e1\u0161 profil.<\/p>\n<h2>OKCupid<\/h2>\n<p>Sv\u011bt online seznamov\u00e1n\u00ed se rychle m\u011bn\u00ed. A OkCupid chce pomoci dr\u017eet krok s dobou. Ve \u010dtvrtek popul\u00e1rn\u00ed seznamka ozn\u00e1mila, \u017ee znovu spustila celou svou produktovou \u0159adu pod jedn\u00edm de\u0161tn\u00edkem nazvan\u00fdm OKCupid.<\/p>\n<p>Nyn\u00ed web nab\u00edz\u00ed t\u0159i r\u016fzn\u00e9 mo\u017enosti p\u0159edplatn\u00e9ho: Basic ($ 19 za m\u011bs\u00edc), Plus ($ 39 za m\u011bs\u00edc) a Premium ($ 59 za m\u011bs\u00edc). Za $ 19 za m\u011bs\u00edc m\u00e1te p\u0159\u00edstup k z\u00e1kladn\u00edm funkc\u00edm webu, v\u010detn\u011b proch\u00e1zen\u00ed fotografi\u00ed \u010dlen\u016f, odes\u00edl\u00e1n\u00ed zpr\u00e1v a \u010dten\u00ed odpov\u011bd\u00ed. Krom\u011b toho budete dost\u00e1vat ozn\u00e1men\u00ed, kdy\u017e v\u00e1m n\u011bkdo odpov\u00ed, po\u0161le v\u00e1m zpr\u00e1vu nebo v\u00e1s p\u0159id\u00e1 do sv\u00e9 s\u00edt\u011b. Pokud se rozhodnete upgradovat na pl\u00e1n Plus, z\u00edsk\u00e1te p\u0159\u00edstup k dal\u0161\u00edm funkc\u00edm, jako je nap\u0159\u00edklad mo\u017enost odes\u00edlat v\u00edce zpr\u00e1v najednou, zobrazovat profily \u00fapln\u00fdch \u010dlen\u016f a \u010d\u00edst zpr\u00e1vy, ani\u017e byste se museli posouvat dol\u016f. A kone\u010dn\u011b, bal\u00ed\u010dek Premium v\u00e1m umo\u017e\u0148uje p\u0159\u00edmo odpov\u00eddat na zpr\u00e1vy, kter\u00e9 v\u00e1m byly zasl\u00e1ny, a tak\u00e9 ps\u00e1t personalizovan\u00e9 pozn\u00e1mky k va\u0161im z\u00e1pas\u016fm.<\/p>\n<h2>N\u00e1\u0161 \u010das<\/h2>\n<p>My\u0161lenka OurTime je jednoduch\u00e1. Chceme lidem pomoci naj\u00edt l\u00e1sku, p\u0159\u00e1telstv\u00ed, spole\u010dnost a mo\u017en\u00e1 i man\u017eelstv\u00ed. A chceme to ud\u011blat, ani\u017e bychom museli ztr\u00e1cet hodiny a hodiny vypl\u0148ov\u00e1n\u00edm nudn\u00fdch online formul\u00e1\u0159\u016f. Proto jsme vytvo\u0159ili web, kde m\u016f\u017ee kdokoli star\u0161\u00ed 50 let zve\u0159ej\u0148ovat profil, nahr\u00e1vat fotografie, p\u0159id\u00e1vat videa, ps\u00e1t o sob\u011b, odpov\u00eddat na ot\u00e1zky a spojit se s ostatn\u00edmi.<\/p>\n<p>V\u00edme, \u017ee naj\u00edt n\u011bkoho zvl\u00e1\u0161tn\u00edho vy\u017eaduje pr\u00e1ci, a\u0165 u\u017e je to prost\u0159ednictv\u00edm p\u0159\u00e1tel, rodiny nebo online seznamek. Ale mysl\u00edme si, \u017ee ka\u017ed\u00fd si zaslou\u017e\u00ed \u0161anci setkat se s n\u011bk\u00fdm skv\u011bl\u00fdm &#8211; bez ohledu na to, jak ru\u0161n\u00fd je \u017eivot. A v\u00edme, \u017ee st\u00e1rnut\u00ed n\u011bkdy neznamen\u00e1 ztr\u00e1tu schopnosti naj\u00edt skute\u010dn\u00e9 \u0161t\u011bst\u00ed. Ve skute\u010dnosti n\u011bkter\u00e9 studie ukazuj\u00ed, \u017ee lid\u00e9 ve v\u011bku 40 a 50 let jsou ve skute\u010dnosti \u0161\u0165astn\u011bj\u0161\u00ed ne\u017e lid\u00e9 ve sv\u00fdch 20 a 30 letech.<\/p>\n<p>Ale zat\u00edmco miliony Ameri\u010dan\u016f si ji\u017e u\u017e\u00edvaj\u00ed v\u00fdhod plynouc\u00edch z toho, \u017ee jsou sou\u010d\u00e1st\u00ed &#8222;st\u0159\u00edbrn\u00e9 generace&#8220;, m\u00e1lo lid\u00ed si uv\u011bdomuje, o kolik l\u00e9pe by na tom mohli b\u00fdt. Podle Pew Research Center t\u00e9m\u011b\u0159 polovina dosp\u011bl\u00fdch Ameri\u010dan\u016f nikdy nebyla vdan\u00e1 a mezi t\u011bmi, kte\u0159\u00ed jsou \u017eenat\u00ed, m\u00e9n\u011b ne\u017e polovina p\u00e1r\u016f \u0159\u00edk\u00e1, \u017ee n\u011bkdy diskutovali o tom, co se stane po smrti.<\/p>\n<p>Tak pro\u010d v\u00edce lid\u00ed nevyu\u017eije OurTime k nalezen\u00ed trval\u00fdch vztah\u016f? Ukazuje se, \u017ee mnoho lid\u00ed nem\u00e1 z\u00e1jem setkat se s n\u011bk\u00fdm jin\u00fdm, proto\u017ee p\u0159edpokl\u00e1daj\u00ed, \u017ee skon\u010d\u00ed sami. Ob\u00e1vaj\u00ed se, \u017ee nebudou schopni p\u0159il\u00e1kat partnera, nebo \u017ee se nakonec usad\u00ed s n\u011bk\u00fdm m\u00e9n\u011b atraktivn\u00edm, ne\u017e jsou oni.<\/p>\n<h1>Na\u0161e rady pro v\u00e1s<\/h1>\n<p>Matchmaking weby jsou navr\u017eeny tak, aby v\u00e1m pomohly naj\u00edt kompatibiln\u00ed partnery na z\u00e1klad\u011b spole\u010dn\u00fdch z\u00e1jm\u016f a osobnostn\u00edch rys\u016f. Soci\u00e1ln\u00ed s\u00edt\u011b jsou ide\u00e1ln\u00ed pro setk\u00e1n\u00ed s p\u0159\u00e1teli a navazov\u00e1n\u00ed kontakt\u016f. Specializovan\u00e9 seznamovac\u00ed str\u00e1nky se staraj\u00ed o konkr\u00e9tn\u00ed skupiny, jako jsou ti, kte\u0159\u00ed maj\u00ed z\u00e1jem o nalezen\u00ed l\u00e1sky mezi rozveden\u00fdmi rodi\u010di, homosexu\u00e1ln\u00edmi mu\u017ei nebo svobodn\u00fdmi matkami.<\/p>\n<p>Existuj\u00ed v\u00fdhody a nev\u00fdhody pro ka\u017ed\u00fd typ webu. Matchmaking str\u00e1nky maj\u00ed tendenci b\u00fdt drah\u00e9, ale nab\u00edzej\u00ed lep\u0161\u00ed soukrom\u00ed ne\u017e v\u011bt\u0161ina ostatn\u00edch mo\u017enost\u00ed. Str\u00e1nky soci\u00e1ln\u00edch s\u00edt\u00ed jsou zdarma, ale postr\u00e1daj\u00ed osobn\u00ed dotek str\u00e1nek pro dohazov\u00e1n\u00ed. A specializovan\u00e9 seznamovac\u00ed str\u00e1nky jsou obvykle levn\u011bj\u0161\u00ed ne\u017e str\u00e1nky pro dohazov\u00e1n\u00ed, ale nemus\u00ed obsahovat funkce nalezen\u00e9 na jin\u00fdch str\u00e1nk\u00e1ch.<\/p>\n<p>Bez ohledu na to, kter\u00e1 mo\u017enost pro v\u00e1s funguje nejl\u00e9pe, nezapome\u0148te, \u017ee online seznamky nejsou dokonal\u00e9. Vyu\u017eijte je, ale p\u0159i hled\u00e1n\u00ed l\u00e1sky m\u011bjte otev\u0159enou mysl.<\/p>\n","protected":false},"excerpt":{"rendered":"<p>Online seznamovac\u00ed str\u00e1nky jsou skv\u011bl\u00e9, proto\u017ee jsou zdarma, anonymn\u00ed a pohodln\u00e9. Umo\u017e\u0148uj\u00ed v\u00e1m setkat se s nezadan\u00fdmi, kte\u0159\u00ed sd\u00edlej\u00ed podobn\u00e9 z\u00e1jmy, hodnoty a \u017eivotn\u00ed styl. Existuj\u00ed v\u0161ak i n\u011bkter\u00e9 nev\u00fdhody. Online seznamky nejsou dokonal\u00e9. N\u011bkter\u00e9 weby jsou pln\u00e9 fale\u0161n\u00fdch profil\u016f, spamov\u00fdch zpr\u00e1v a podvodn\u00edk\u016f. Jin\u00e9 vy\u017eaduj\u00ed, aby u\u017eivatel\u00e9 platili za upgrade \u010dlenstv\u00ed nebo pou\u017e\u00edv\u00e1n\u00ed pr\u00e9miov\u00fdch &#8230; <a title=\"Nejlep\u0161\u00ed seznamovac\u00ed aplikace pro nalezen\u00ed n\u011b\u010deho v\u00e1\u017en\u00e9ho\" class=\"read-more\" href=\"https:\/\/blowflyofficial.com\/cs\/nejlepsi-seznamovaci-aplikace-pro-nalezeni-neceho-vazneho\/\" aria-label=\"V\u00edce na Nejlep\u0161\u00ed seznamovac\u00ed aplikace pro nalezen\u00ed n\u011b\u010deho v\u00e1\u017en\u00e9ho\">\u010c\u00edst d\u00e1l<\/a><\/p>\n","protected":false},"author":1,"featured_media":0,"parent":0,"menu_order":0,"comment_status":"closed","ping_status":"closed","template":"","meta":[],"yoast_head":"<!-- This site is optimized with the Yoast SEO plugin v17.7.1 - https:\/\/yoast.com\/wordpress\/plugins\/seo\/ -->\n<title>Nejlep\u0161\u00ed seznamovac\u00ed aplikace pro nalezen\u00ed n\u011b\u010deho v\u00e1\u017en\u00e9ho - \u017deb\u0159\u00ed\u010dky p\u0159ipojen\u00ed<\/title>\n<meta name=\"robots\" content=\"index, follow, max-snippet:-1, max-image-preview:large, max-video-preview:-1\" \/>\n<link rel=\"canonical\" href=\"https:\/\/blowflyofficial.com\/cs\/nejlepsi-seznamovaci-aplikace-pro-nalezeni-neceho-vazneho\/\" \/>\n<meta property=\"og:locale\" content=\"cs_CZ\" \/>\n<meta property=\"og:type\" content=\"article\" \/>\n<meta property=\"og:title\" content=\"Nejlep\u0161\u00ed seznamovac\u00ed aplikace pro nalezen\u00ed n\u011b\u010deho v\u00e1\u017en\u00e9ho - \u017deb\u0159\u00ed\u010dky p\u0159ipojen\u00ed\" \/>\n<meta property=\"og:description\" content=\"Online seznamovac\u00ed str\u00e1nky jsou skv\u011bl\u00e9, proto\u017ee jsou zdarma, anonymn\u00ed a pohodln\u00e9. Umo\u017e\u0148uj\u00ed v\u00e1m setkat se s nezadan\u00fdmi, kte\u0159\u00ed sd\u00edlej\u00ed podobn\u00e9 z\u00e1jmy, hodnoty a \u017eivotn\u00ed styl. Existuj\u00ed v\u0161ak i n\u011bkter\u00e9 nev\u00fdhody. Online seznamky nejsou dokonal\u00e9. N\u011bkter\u00e9 weby jsou pln\u00e9 fale\u0161n\u00fdch profil\u016f, spamov\u00fdch zpr\u00e1v a podvodn\u00edk\u016f. Jin\u00e9 vy\u017eaduj\u00ed, aby u\u017eivatel\u00e9 platili za upgrade \u010dlenstv\u00ed nebo pou\u017e\u00edv\u00e1n\u00ed pr\u00e9miov\u00fdch ... \u010c\u00edst d\u00e1l\" \/>\n<meta property=\"og:url\" content=\"https:\/\/blowflyofficial.com\/cs\/nejlepsi-seznamovaci-aplikace-pro-nalezeni-neceho-vazneho\/\" \/>\n<meta property=\"og:site_name\" content=\"\u017deb\u0159\u00ed\u010dky p\u0159ipojen\u00ed\" \/>\n<meta name=\"twitter:card\" content=\"summary_large_image\" \/>\n<meta name=\"twitter:label1\" content=\"Odhadovan\u00e1 doba \u010dten\u00ed\" \/>\n\t<meta name=\"twitter:data1\" content=\"6 minut\" \/>\n<script type=\"application\/ld+json\" class=\"yoast-schema-graph\">{\"@context\":\"https:\/\/schema.org\",\"@graph\":[{\"@type\":\"WebSite\",\"@id\":\"http:\/\/blowflyofficial.com\/da\/#website\",\"url\":\"http:\/\/blowflyofficial.com\/da\/\",\"name\":\"\\u017deb\\u0159\\u00ed\\u010dky p\\u0159ipojen\\u00ed\",\"description\":\"P\\u0159\\u00edle\\u017eitostn\\u00e9 seznamovac\\u00ed rady\",\"potentialAction\":[{\"@type\":\"SearchAction\",\"target\":{\"@type\":\"EntryPoint\",\"urlTemplate\":\"http:\/\/blowflyofficial.com\/da\/?s={search_term_string}\"},\"query-input\":\"required name=search_term_string\"}],\"inLanguage\":\"cs\"},{\"@type\":\"WebPage\",\"@id\":\"https:\/\/blowflyofficial.com\/cs\/nejlepsi-seznamovaci-aplikace-pro-nalezeni-neceho-vazneho\/#webpage\",\"url\":\"https:\/\/blowflyofficial.com\/cs\/nejlepsi-seznamovaci-aplikace-pro-nalezeni-neceho-vazneho\/\",\"name\":\"Nejlep\\u0161\\u00ed seznamovac\\u00ed aplikace pro nalezen\\u00ed n\\u011b\\u010deho v\\u00e1\\u017en\\u00e9ho - \\u017deb\\u0159\\u00ed\\u010dky p\\u0159ipojen\\u00ed\",\"isPartOf\":{\"@id\":\"http:\/\/blowflyofficial.com\/da\/#website\"},\"datePublished\":\"2022-08-30T12:59:12+00:00\",\"dateModified\":\"2022-08-30T12:59:12+00:00\",\"breadcrumb\":{\"@id\":\"https:\/\/blowflyofficial.com\/cs\/nejlepsi-seznamovaci-aplikace-pro-nalezeni-neceho-vazneho\/#breadcrumb\"},\"inLanguage\":\"cs\",\"potentialAction\":[{\"@type\":\"ReadAction\",\"target\":[\"https:\/\/blowflyofficial.com\/cs\/nejlepsi-seznamovaci-aplikace-pro-nalezeni-neceho-vazneho\/\"]}]},{\"@type\":\"BreadcrumbList\",\"@id\":\"https:\/\/blowflyofficial.com\/cs\/nejlepsi-seznamovaci-aplikace-pro-nalezeni-neceho-vazneho\/#breadcrumb\",\"itemListElement\":[{\"@type\":\"ListItem\",\"position\":1,\"name\":\"Home\",\"item\":\"https:\/\/blowflyofficial.com\/cs\/\"},{\"@type\":\"ListItem\",\"position\":2,\"name\":\"Nejlep\\u0161\\u00ed seznamovac\\u00ed aplikace pro nalezen\\u00ed n\\u011b\\u010deho v\\u00e1\\u017en\\u00e9ho\"}]}]}<\/script>\n<!-- \/ Yoast SEO plugin. -->","yoast_head_json":{"title":"Nejlep\u0161\u00ed seznamovac\u00ed aplikace pro nalezen\u00ed n\u011b\u010deho v\u00e1\u017en\u00e9ho - \u017deb\u0159\u00ed\u010dky p\u0159ipojen\u00ed","robots":{"index":"index","follow":"follow","max-snippet":"max-snippet:-1","max-image-preview":"max-image-preview:large","max-video-preview":"max-video-preview:-1"},"canonical":"https:\/\/blowflyofficial.com\/cs\/nejlepsi-seznamovaci-aplikace-pro-nalezeni-neceho-vazneho\/","og_locale":"cs_CZ","og_type":"article","og_title":"Nejlep\u0161\u00ed seznamovac\u00ed aplikace pro nalezen\u00ed n\u011b\u010deho v\u00e1\u017en\u00e9ho - \u017deb\u0159\u00ed\u010dky p\u0159ipojen\u00ed","og_description":"Online seznamovac\u00ed str\u00e1nky jsou skv\u011bl\u00e9, proto\u017ee jsou zdarma, anonymn\u00ed a pohodln\u00e9. Umo\u017e\u0148uj\u00ed v\u00e1m setkat se s nezadan\u00fdmi, kte\u0159\u00ed sd\u00edlej\u00ed podobn\u00e9 z\u00e1jmy, hodnoty a \u017eivotn\u00ed styl. Existuj\u00ed v\u0161ak i n\u011bkter\u00e9 nev\u00fdhody. Online seznamky nejsou dokonal\u00e9. N\u011bkter\u00e9 weby jsou pln\u00e9 fale\u0161n\u00fdch profil\u016f, spamov\u00fdch zpr\u00e1v a podvodn\u00edk\u016f. Jin\u00e9 vy\u017eaduj\u00ed, aby u\u017eivatel\u00e9 platili za upgrade \u010dlenstv\u00ed nebo pou\u017e\u00edv\u00e1n\u00ed pr\u00e9miov\u00fdch ... \u010c\u00edst d\u00e1l","og_url":"https:\/\/blowflyofficial.com\/cs\/nejlepsi-seznamovaci-aplikace-pro-nalezeni-neceho-vazneho\/","og_site_name":"\u017deb\u0159\u00ed\u010dky p\u0159ipojen\u00ed","twitter_card":"summary_large_image","twitter_misc":{"Odhadovan\u00e1 doba \u010dten\u00ed":"6 minut"},"schema":{"@context":"https:\/\/schema.org","@graph":[{"@type":"WebSite","@id":"http:\/\/blowflyofficial.com\/da\/#website","url":"http:\/\/blowflyofficial.com\/da\/","name":"\u017deb\u0159\u00ed\u010dky p\u0159ipojen\u00ed","description":"P\u0159\u00edle\u017eitostn\u00e9 seznamovac\u00ed rady","potentialAction":[{"@type":"SearchAction","target":{"@type":"EntryPoint","urlTemplate":"http:\/\/blowflyofficial.com\/da\/?s={search_term_string}"},"query-input":"required name=search_term_string"}],"inLanguage":"cs"},{"@type":"WebPage","@id":"https:\/\/blowflyofficial.com\/cs\/nejlepsi-seznamovaci-aplikace-pro-nalezeni-neceho-vazneho\/#webpage","url":"https:\/\/blowflyofficial.com\/cs\/nejlepsi-seznamovaci-aplikace-pro-nalezeni-neceho-vazneho\/","name":"Nejlep\u0161\u00ed seznamovac\u00ed aplikace pro nalezen\u00ed n\u011b\u010deho v\u00e1\u017en\u00e9ho - \u017deb\u0159\u00ed\u010dky p\u0159ipojen\u00ed","isPartOf":{"@id":"http:\/\/blowflyofficial.com\/da\/#website"},"datePublished":"2022-08-30T12:59:12+00:00","dateModified":"2022-08-30T12:59:12+00:00","breadcrumb":{"@id":"https:\/\/blowflyofficial.com\/cs\/nejlepsi-seznamovaci-aplikace-pro-nalezeni-neceho-vazneho\/#breadcrumb"},"inLanguage":"cs","potentialAction":[{"@type":"ReadAction","target":["https:\/\/blowflyofficial.com\/cs\/nejlepsi-seznamovaci-aplikace-pro-nalezeni-neceho-vazneho\/"]}]},{"@type":"BreadcrumbList","@id":"https:\/\/blowflyofficial.com\/cs\/nejlepsi-seznamovaci-aplikace-pro-nalezeni-neceho-vazneho\/#breadcrumb","itemListElement":[{"@type":"ListItem","position":1,"name":"Home","item":"https:\/\/blowflyofficial.com\/cs\/"},{"@type":"ListItem","position":2,"name":"Nejlep\u0161\u00ed seznamovac\u00ed aplikace pro nalezen\u00ed n\u011b\u010deho v\u00e1\u017en\u00e9ho"}]}]}},"_links":{"self":[{"href":"https:\/\/blowflyofficial.com\/cs\/wp-json\/wp\/v2\/pages\/124"}],"collection":[{"href":"https:\/\/blowflyofficial.com\/cs\/wp-json\/wp\/v2\/pages"}],"about":[{"href":"https:\/\/blowflyofficial.com\/cs\/wp-json\/wp\/v2\/types\/page"}],"author":[{"embeddable":true,"href":"https:\/\/blowflyofficial.com\/cs\/wp-json\/wp\/v2\/users\/1"}],"replies":[{"embeddable":true,"href":"https:\/\/blowflyofficial.com\/cs\/wp-json\/wp\/v2\/comments?post=124"}],"version-history":[{"count":0,"href":"https:\/\/blowflyofficial.com\/cs\/wp-json\/wp\/v2\/pages\/124\/revisions"}],"wp:attachment":[{"href":"https:\/\/blowflyofficial.com\/cs\/wp-json\/wp\/v2\/media?parent=124"}],"curies":[{"name":"wp","href":"https:\/\/api.w.org\/{rel}","templated":true}]}}